{"id":2945,"date":"2026-04-01T04:35:38","date_gmt":"2026-04-01T04:35:38","guid":{"rendered":"https:\/\/thangmayitaly.com\/\/?post_type=product&#038;p=2945"},"modified":"2026-04-06T22:57:21","modified_gmt":"2026-04-06T15:57:21","slug":"thang-may-cho-khach-fuji-a004","status":"publish","type":"product","link":"https:\/\/thangmayitaly.com\/km\/thang-may-cho-khach-fuji-a004\/","title":{"rendered":"THANG M\u00c1Y CH\u1ede KH\u00c1CH FUJI \u2013 A004"},"content":{"rendered":"<h3 data-start=\"341\" data-end=\"405\"><strong data-start=\"345\" data-end=\"405\">S\u1ef0 K\u1ebeT H\u1ee2P GI\u1eeeA C\u00d4NG NGH\u1ec6 NH\u1eacT B\u1ea2N &amp; PHONG C\u00c1CH HI\u1ec6N \u0110\u1ea0I<\/strong><\/h3>\n<h3 data-start=\"412\" data-end=\"442\"><strong data-start=\"416\" data-end=\"442\">1. \u1791\u17b7\u178a\u17d2\u178b\u1797\u17b6\u1796\u1791\u17bc\u1791\u17c5\u1793\u17c3\u1795\u179b\u17b7\u178f\u1795\u179b<\/strong><\/h3>\n<p data-start=\"443\" data-end=\"662\"><strong data-start=\"443\" data-end=\"458\">FUJI \u2013 A004<\/strong>\u00a0l\u00e0 m\u1eabu\u00a0<strong data-start=\"466\" data-end=\"500\">thang m\u00e1y ch\u1edf kh\u00e1ch th\u1ebf h\u1ec7 m\u1edbi<\/strong>, \u0111\u01b0\u1ee3c ph\u00e1t tri\u1ec3n d\u00e0nh ri\u00eang cho\u00a0<strong data-start=\"533\" data-end=\"574\">c\u00e1c c\u00f4ng tr\u00ecnh d\u00e2n d\u1ee5ng v\u00e0 th\u01b0\u01a1ng m\u1ea1i<\/strong>\u00a0nh\u01b0:\u00a0<strong data-start=\"580\" data-end=\"659\">kh\u00e1ch s\u1ea1n, v\u0103n ph\u00f2ng, t\u00f2a nh\u00e0 mini, trung t\u00e2m d\u1ecbch v\u1ee5 v\u00e0 khu c\u0103n h\u1ed9 cao c\u1ea5p<\/strong>.<\/p>\n<p data-start=\"664\" data-end=\"877\">S\u1ea3n ph\u1ea9m mang tri\u1ebft l\u00fd thi\u1ebft k\u1ebf\u00a0<strong data-start=\"696\" data-end=\"749\">\u201cAn to\u00e0n \u2013 \u00cam \u00e1i \u2013 Th\u1ea9m m\u1ef9 \u2013 Hi\u1ec7u qu\u1ea3 n\u0103ng l\u01b0\u1ee3ng\u201d<\/strong>, k\u1ebf th\u1eeba c\u00f4ng ngh\u1ec7 ti\u00ean ti\u1ebfn c\u1ee7a\u00a0<strong data-start=\"783\" data-end=\"797\">FUJI Japan<\/strong>, \u0111\u1ea3m b\u1ea3o tr\u1ea3i nghi\u1ec7m di chuy\u1ec3n\u00a0<strong data-start=\"829\" data-end=\"859\">\u00eam m\u01b0\u1ee3t, tinh t\u1ebf v\u00e0 b\u1ec1n b\u1ec9<\/strong>\u00a0theo th\u1eddi gian.<\/p>\n<h3 data-start=\"1384\" data-end=\"1432\"><strong data-start=\"1388\" data-end=\"1432\">2. THI\u1ebeT K\u1ebe HI\u1ec6N \u0110\u1ea0I \u2013 N\u1ed8I TH\u1ea4T TINH T\u1ebe<\/strong><\/h3>\n<p data-start=\"1433\" data-end=\"1560\">Thang m\u00e1y FUJI \u2013 A004 n\u1ed5i b\u1eadt v\u1edbi thi\u1ebft k\u1ebf\u00a0<strong data-start=\"1476\" data-end=\"1514\">\u0111\u1ed3ng b\u1ed9, t\u1ed1i gi\u1ea3n nh\u01b0ng sang tr\u1ecdng<\/strong>, gi\u00fap n\u00e2ng t\u1ea7m kh\u00f4ng gian ki\u1ebfn tr\u00fac t\u1ed5ng th\u1ec3.<\/p>\n<p data-start=\"1562\" data-end=\"1585\"><strong data-start=\"1562\" data-end=\"1585\">C\u1ea5u t\u1ea1o &amp; v\u1eadt li\u1ec7u:<\/strong><\/p>\n<ul data-start=\"1586\" data-end=\"2031\">\n<li data-start=\"1586\" data-end=\"1672\">\n<p data-start=\"1588\" data-end=\"1672\"><strong data-start=\"1588\" data-end=\"1598\">\u1780\u17b6\u1794\u17ca\u17b8\u1793\u17d6<\/strong>\u00a0Inox s\u1ecdc nhuy\u1ec5n 304 k\u1ebft h\u1ee3p g\u01b0\u01a1ng soi v\u00e0 vi\u1ec1n Inox g\u01b0\u01a1ng t\u1ea1o chi\u1ec1u s\u00e2u.<\/p>\n<\/li>\n<li data-start=\"1673\" data-end=\"1780\">\n<p data-start=\"1675\" data-end=\"1780\"><strong data-start=\"1675\" data-end=\"1690\">\u1796\u17b7\u178a\u17b6\u1793\u1780\u17b6\u1794\u17ca\u17b8\u1793:<\/strong>\u00a0\u0110\u00e8n LED \u00e2m tr\u1ea7n, thi\u1ebft k\u1ebf \u00e1nh s\u00e1ng d\u1ecbu nh\u1eb9 \u2013 mang l\u1ea1i c\u1ea3m gi\u00e1c tho\u1ea3i m\u00e1i khi di chuy\u1ec3n.<\/p>\n<\/li>\n<li data-start=\"1781\" data-end=\"1854\">\n<p data-start=\"1783\" data-end=\"1854\"><strong data-start=\"1783\" data-end=\"1797\">\u17a5\u178a\u17d2\u178b\u1780\u17b6\u1794\u17ca\u17b8\u1793:<\/strong>\u00a0\u0110\u00e1 Granite t\u1ef1 nhi\u00ean \u2013 ch\u1ed1ng tr\u01b0\u1ee3t, b\u1ec1n b\u1ec9, d\u1ec5 v\u1ec7 sinh.<\/p>\n<\/li>\n<li data-start=\"1855\" data-end=\"1939\">\n<p data-start=\"1857\" data-end=\"1939\"><strong data-start=\"1857\" data-end=\"1870\">\u1791\u17d2\u179c\u17b6\u179a\u1787\u17b6\u1793\u17cb:<\/strong>\u00a0Inox g\u01b0\u01a1ng x\u01b0\u1edbc, v\u1eadn h\u00e0nh \u0111\u00f3ng m\u1edf t\u1ef1 \u0111\u1ed9ng b\u1eb1ng c\u1ea3m bi\u1ebfn quang h\u1ecdc.<\/p>\n<\/li>\n<li data-start=\"1940\" data-end=\"2031\">\n<p data-start=\"1942\" data-end=\"2031\"><strong data-start=\"1942\" data-end=\"1962\">\u1795\u17d2\u1791\u17b6\u17c6\u1784\u1794\u1789\u17d2\u1787\u17b6:<\/strong>\u00a0C\u1ea3m \u1ee9ng FUJI TouchPanel \u2013 hi\u1ec3n th\u1ecb s\u1ed1 t\u1ea7ng b\u1eb1ng LED tr\u1eafng tinh t\u1ebf.<\/p>\n<\/li>\n<\/ul>\n<p data-start=\"2033\" data-end=\"2131\"><strong data-start=\"2036\" data-end=\"2057\">T\u00f9y ch\u1ecdn th\u1ea9m m\u1ef9:<\/strong>\u00a0C\u00f3 th\u1ec3 thay \u0111\u1ed5i t\u00f4ng m\u00e0u, v\u1eadt li\u1ec7u n\u1ed9i th\u1ea5t theo phong c\u00e1ch c\u00f4ng tr\u00ecnh:<\/p>\n<ul data-start=\"2132\" data-end=\"2255\">\n<li data-start=\"2132\" data-end=\"2175\">\n<p data-start=\"2134\" data-end=\"2175\"><strong data-start=\"2134\" data-end=\"2152\">Modern Silver:<\/strong>\u00a0Sang tr\u1ecdng, hi\u1ec7n \u0111\u1ea1i<\/p>\n<\/li>\n<li data-start=\"2176\" data-end=\"2215\">\n<p data-start=\"2178\" data-end=\"2215\"><strong data-start=\"2178\" data-end=\"2197\">Champagne Gold:<\/strong>\u00a0\u1ea4m \u00e1p, \u0111\u1eb3ng c\u1ea5p<\/p>\n<\/li>\n<li data-start=\"2216\" data-end=\"2255\">\n<p data-start=\"2218\" data-end=\"2255\"><strong data-start=\"2218\" data-end=\"2235\">Mirror Black:<\/strong>\u00a0T\u1ed1i gi\u1ea3n, tinh t\u1ebf<\/p>\n<\/li>\n<\/ul>\n<h3 data-start=\"2262\" data-end=\"2303\"><strong data-start=\"2266\" data-end=\"2303\">3. C\u00d4NG NGH\u1ec6 &amp; T\u00cdNH N\u0102NG N\u1ed4I B\u1eacT<\/strong><\/h3>\n<ul data-start=\"2304\" data-end=\"2898\">\n<li data-start=\"2304\" data-end=\"2394\">\n<p data-start=\"2306\" data-end=\"2394\"><strong data-start=\"2309\" data-end=\"2335\">\u0110\u1ed9ng c\u01a1 FUJI Gearless:<\/strong>\u00a0Kh\u00f4ng h\u1ed9p s\u1ed1, ti\u1ebft ki\u1ec7m 30% n\u0103ng l\u01b0\u1ee3ng, v\u1eadn h\u00e0nh c\u1ef1c \u00eam.<\/p>\n<\/li>\n<li data-start=\"2395\" data-end=\"2499\">\n<p data-start=\"2397\" data-end=\"2499\"><strong data-start=\"2400\" data-end=\"2445\">H\u1ec7 th\u1ed1ng \u0111i\u1ec1u khi\u1ec3n VVVF FUJI SmartDrive:<\/strong>\u00a0Gi\u00fap thang t\u0103ng \u2013 gi\u1ea3m t\u1ed1c \u0111\u1ed9 m\u01b0\u1ee3t, kh\u00f4ng rung l\u1eafc.<\/p>\n<\/li>\n<li data-start=\"2500\" data-end=\"2598\">\n<p data-start=\"2502\" data-end=\"2598\"><strong data-start=\"2504\" data-end=\"2527\">T\u1ef1 \u0111\u1ed9ng c\u1ee9u h\u1ed9 ARD:<\/strong>\u00a0Khi m\u1ea5t \u0111i\u1ec7n, thang t\u1ef1 di chuy\u1ec3n v\u1ec1 t\u1ea7ng g\u1ea7n nh\u1ea5t v\u00e0 m\u1edf c\u1eeda an to\u00e0n.<\/p>\n<\/li>\n<li data-start=\"2599\" data-end=\"2687\">\n<p data-start=\"2601\" data-end=\"2687\"><strong data-start=\"2604\" data-end=\"2636\">C\u1ea3m bi\u1ebfn quang h\u1ecdc c\u1eeda t\u1ea7ng:<\/strong>\u00a0Ng\u0103n k\u1eb9t c\u1eeda, t\u0103ng \u0111\u1ed9 an to\u00e0n cho ng\u01b0\u1eddi s\u1eed d\u1ee5ng.<\/p>\n<\/li>\n<li data-start=\"2688\" data-end=\"2792\">\n<p data-start=\"2690\" data-end=\"2792\"><strong data-start=\"2693\" data-end=\"2718\">Ch\u1ea9n \u0111o\u00e1n th\u00f4ng minh:<\/strong>\u00a0H\u1ec7 th\u1ed1ng t\u1ef1 ki\u1ec3m tra t\u00ecnh tr\u1ea1ng ho\u1ea1t \u0111\u1ed9ng v\u00e0 c\u1ea3nh b\u00e1o s\u1edbm khi c\u00f3 s\u1ef1 c\u1ed1.<\/p>\n<\/li>\n<li data-start=\"2793\" data-end=\"2898\">\n<p data-start=\"2795\" data-end=\"2898\"><strong data-start=\"2798\" data-end=\"2820\">Gi\u1ea3m \u00e2m to\u00e0n ph\u1ea7n:<\/strong>\u00a0C\u00e1ch \u00e2m t\u1ed1t, \u0111\u1ed9 \u1ed3n khi v\u1eadn h\u00e0nh &lt; 55dB \u2013 g\u1ea7n nh\u01b0 kh\u00f4ng nghe th\u1ea5y ti\u1ebfng m\u00e1y.<\/p>\n<\/li>\n<\/ul>\n<h3 data-start=\"2905\" data-end=\"2925\"><strong data-start=\"2909\" data-end=\"2925\">4. \u1ee8NG D\u1ee4NG<\/strong><\/h3>\n<p data-start=\"2926\" data-end=\"3106\">Ph\u00f9 h\u1ee3p cho:<\/p>\n<ul>\n<li data-start=\"2926\" data-end=\"3106\"><strong data-start=\"2944\" data-end=\"2965\">Kh\u00e1ch s\u1ea1n 2\u20134 sao<\/strong><\/li>\n<li data-start=\"2926\" data-end=\"3106\"><strong data-start=\"2971\" data-end=\"3003\">T\u00f2a nh\u00e0 v\u0103n ph\u00f2ng nh\u1ecf v\u00e0 v\u1eeba<\/strong><\/li>\n<li data-start=\"2926\" data-end=\"3106\"><strong data-start=\"3009\" data-end=\"3054\">Khu c\u0103n h\u1ed9 cao c\u1ea5p, nh\u00e0 ph\u1ed1 c\u00f3 nhi\u1ec1u t\u1ea7ng<\/strong><\/li>\n<li data-start=\"2926\" data-end=\"3106\"><strong data-start=\"3060\" data-end=\"3104\">T<\/strong><strong data-start=\"3060\" data-end=\"3104\">rung t\u00e2m d\u1ecbch v\u1ee5 \u2013 c\u01a1 quan \u2013 tr\u01b0\u1eddng h\u1ecdc<\/strong><\/li>\n<\/ul>\n<h3 data-start=\"3113\" data-end=\"3140\"><strong data-start=\"3117\" data-end=\"3140\">5. \u1782\u17bb\u178e\u179f\u1798\u17d2\u1794\u178f\u17d2\u178f\u17b7\u179b\u17c1\u1785\u1792\u17d2\u179b\u17c4<\/strong><\/h3>\n<ul>\n<li data-start=\"3141\" data-end=\"3385\">Thi\u1ebft k\u1ebf sang tr\u1ecdng, hi\u1ec7n \u0111\u1ea1i \u2013 d\u1ec5 d\u00e0ng ph\u1ed1i h\u1ee3p v\u1edbi nhi\u1ec1u phong c\u00e1ch ki\u1ebfn tr\u00fac<\/li>\n<li data-start=\"3141\" data-end=\"3385\">Ti\u1ebft ki\u1ec7m \u0111i\u1ec7n n\u0103ng \u2013 v\u1eadn h\u00e0nh \u00eam \u00e1i, b\u1ec1n b\u1ec9<\/li>\n<li data-start=\"3141\" data-end=\"3385\">H\u1ec7 th\u1ed1ng an to\u00e0n tuy\u1ec7t \u0111\u1ed1i \u2013 \u0111\u1ea1t chu\u1ea9n qu\u1ed1c t\u1ebf<\/li>\n<li data-start=\"3141\" data-end=\"3385\">D\u1ecbch v\u1ee5 h\u1eadu m\u00e3i v\u00e0 b\u1ea3o tr\u00ec chuy\u00ean nghi\u1ec7p t\u1eeb FUJI Vietnam<\/li>\n<\/ul>\n<h3 data-start=\"3392\" data-end=\"3426\"><strong data-start=\"3399\" data-end=\"3424\">THANG M\u00c1Y FUJI \u2013 A004<\/strong><\/h3>\n<blockquote data-start=\"3427\" data-end=\"3526\">\n<p data-start=\"3429\" data-end=\"3526\">\u201cM\u1ed7i h\u00e0nh tr\u00ecnh di chuy\u1ec3n \u0111\u1ec1u \u0111\u00e1ng gi\u00e1 khi \u0111\u01b0\u1ee3c n\u00e2ng t\u1ea7m b\u1edfi c\u00f4ng ngh\u1ec7 v\u00e0 s\u1ef1 tinh t\u1ebf c\u1ee7a FUJI.\u201d<\/p>\n<\/blockquote>\n<blockquote data-start=\"3528\" data-end=\"3652\">\n<p data-start=\"3530\" data-end=\"3652\"><strong data-start=\"3530\" data-end=\"3545\">FUJI \u2013 A004<\/strong>\u00a0kh\u00f4ng ch\u1ec9 l\u00e0 thang m\u00e1y, m\u00e0 l\u00e0\u00a0<strong data-start=\"3576\" data-end=\"3652\">bi\u1ec3u t\u01b0\u1ee3ng c\u1ee7a \u0111\u1eb3ng c\u1ea5p, an to\u00e0n v\u00e0 s\u1ef1 tho\u1ea3i m\u00e1i trong t\u1eebng kho\u1ea3nh kh\u1eafc.<\/strong><\/p>\n<\/blockquote>","protected":false},"excerpt":{"rendered":"<ul>\r\n \t<li><strong>\u1798\u17c9\u17b6\u1780\u1799\u17b8\u17a0\u17c4:<\/strong> FUJI \u2013 Japan Technology<\/li>\r\n \t<li><strong>\u1798\u17c9\u17bc\u178a\u17c2\u179b (Model)\u17d6<\/strong> A004<\/li>\r\n \t<li><strong>\u1794\u17d2\u179a\u1797\u17c1\u1791\u1787\u178e\u17d2\u178f\u17be\u179a\u1799\u1793\u17d2\u178f:<\/strong> Thang ch\u1edf kh\u00e1ch \u2013 Kh\u00f4ng ph\u00f2ng m\u00e1y (MRL)<\/li>\r\n \t<li><strong>\u1791\u1798\u17d2\u1784\u1793\u17cb\u1795\u17d2\u1791\u17bb\u1780\u17d6<\/strong> 450 \u2013 1000 kg (6\u201313 ng\u01b0\u1eddi)<\/li>\r\n \t<li><strong>T\u1ed1c \u0111\u1ed9:<\/strong> 60 \u2013 90 m\u00e9t\/ph\u00fat<\/li>\r\n \t<li><strong>\u1785\u17c6\u1793\u17bd\u1793\u1787\u17b6\u1793\u17cb\u1794\u1798\u17d2\u179a\u17be\u1780\u17b6\u179a:<\/strong> 2 \u2013 10 t\u1ea7ng<\/li>\r\n \t<li><strong>Ngu\u1ed3n \u0111i\u1ec7n:<\/strong> 3 \u17a0\u17d2\u179c\u17b6 380V<\/li>\r\n \t<li><strong>C\u00f4ng ngh\u1ec7 \u0111i\u1ec1u khi\u1ec3n:<\/strong> Bi\u1ebfn t\u1ea7n VVVF FUJI SmartDrive<\/li>\r\n \t<li><strong>\u1798\u17c9\u17b6\u179f\u17ca\u17b8\u1793\u17d6<\/strong> FUJI Gearless (Kh\u00f4ng h\u1ed9p s\u1ed1 \u2013 ti\u1ebft ki\u1ec7m \u0111i\u1ec7n, v\u1eadn h\u00e0nh \u00eam)<\/li>\r\n \t<li><strong>\u179f\u17d2\u178f\u1784\u17cb\u178a\u17b6\u179a\u179f\u17bb\u179c\u178f\u17d2\u1790\u17b7\u1797\u17b6\u1796\u17d6<\/strong> EN81 \u2013 ISO 9001:2015<\/li>\r\n<\/ul>","protected":false},"featured_media":1448,"comment_status":"closed","ping_status":"closed","template":"","meta":{"_acf_changed":false},"product_brand":[],"product_cat":[209],"product_tag":[],"class_list":{"0":"post-2945","1":"product","2":"type-product","3":"status-publish","4":"has-post-thumbnail","6":"product_cat-thang-may-khach-san","8":"first","9":"instock","10":"shipping-taxable","11":"product-type-simple"},"acf":[],"rankmath_keywords":{"primary":"","secondary":[""]},"yoast_keywords":{"primary":"","secondary":[]},"yoast_focuskw":"","rankmath_focuskw":"","seo_keywords":{"primary":"","secondary":[""]},"_links":{"self":[{"href":"https:\/\/thangmayitaly.com\/km\/wp-json\/wp\/v2\/product\/2945","targetHints":{"allow":["GET"]}}],"collection":[{"href":"https:\/\/thangmayitaly.com\/km\/wp-json\/wp\/v2\/product"}],"about":[{"href":"https:\/\/thangmayitaly.com\/km\/wp-json\/wp\/v2\/types\/product"}],"replies":[{"embeddable":true,"href":"https:\/\/thangmayitaly.com\/km\/wp-json\/wp\/v2\/comments?post=2945"}],"wp:featuredmedia":[{"embeddable":true,"href":"https:\/\/thangmayitaly.com\/km\/wp-json\/wp\/v2\/media\/1448"}],"wp:attachment":[{"href":"https:\/\/thangmayitaly.com\/km\/wp-json\/wp\/v2\/media?parent=2945"}],"wp:term":[{"taxonomy":"product_brand","embeddable":true,"href":"https:\/\/thangmayitaly.com\/km\/wp-json\/wp\/v2\/product_brand?post=2945"},{"taxonomy":"product_cat","embeddable":true,"href":"https:\/\/thangmayitaly.com\/km\/wp-json\/wp\/v2\/product_cat?post=2945"},{"taxonomy":"product_tag","embeddable":true,"href":"https:\/\/thangmayitaly.com\/km\/wp-json\/wp\/v2\/product_tag?post=2945"}],"curies":[{"name":"wp","href":"https:\/\/api.w.org\/{rel}","templated":true}]}}