{"id":2944,"date":"2026-04-01T04:12:24","date_gmt":"2026-04-01T04:12:24","guid":{"rendered":"https:\/\/thangmayitaly.com\/\/?post_type=product&#038;p=2944"},"modified":"2026-04-06T22:58:22","modified_gmt":"2026-04-06T15:58:22","slug":"thang-may-toan-canh-03","status":"publish","type":"product","link":"https:\/\/thangmayitaly.com\/km\/thang-may-toan-canh-03\/","title":{"rendered":"THANG M\u00c1Y TO\u00c0N C\u1ea2NH 03"},"content":{"rendered":"<h3 data-start=\"435\" data-end=\"506\"><strong data-start=\"439\" data-end=\"506\">\u0110\u1ec8NH CAO C\u00d4NG NGH\u1ec6 &amp; TH\u1ea8M M\u1ef8 \u2013 M\u1ede R\u1ed8NG KH\u00d4NG GIAN S\u1ed0NG HI\u1ec6N \u0110\u1ea0I<\/strong><\/h3>\n<h3 data-start=\"513\" data-end=\"542\"><strong data-start=\"517\" data-end=\"542\">1. KH\u00c1I QU\u00c1T S\u1ea2N PH\u1ea8M<\/strong><\/h3>\n<p data-start=\"543\" data-end=\"800\">Phi\u00ean b\u1ea3n\u00a0<strong data-start=\"553\" data-end=\"573\">FUJI Panorama 03<\/strong>\u00a0l\u00e0 b\u01b0\u1edbc ti\u1ebfn v\u01b0\u1ee3t b\u1eadc trong d\u00f2ng thang m\u00e1y to\u00e0n c\u1ea3nh cao c\u1ea5p, k\u1ebft h\u1ee3p\u00a0<strong data-start=\"644\" data-end=\"677\">c\u00f4ng ngh\u1ec7 v\u1eadn h\u00e0nh th\u1ebf h\u1ec7 m\u1edbi<\/strong>\u00a0v\u1edbi\u00a0<strong data-start=\"682\" data-end=\"719\">thi\u1ebft k\u1ebf k\u00ednh cong tr\u00e0n vi\u1ec1n 360\u00b0<\/strong>, mang l\u1ea1i c\u1ea3m gi\u00e1c\u00a0<strong data-start=\"739\" data-end=\"774\">bay b\u1ed5ng \u2013 sang tr\u1ecdng \u2013 tinh t\u1ebf<\/strong>\u00a0trong t\u1eebng chuy\u1ec3n \u0111\u1ed9ng.<\/p>\n<p data-start=\"802\" data-end=\"999\">N\u1ebfu phi\u00ean b\u1ea3n 02 l\u00e0 l\u1ef1a ch\u1ecdn t\u1ed1i \u01b0u cho c\u00f4ng n\u0103ng v\u00e0 chi ph\u00ed, th\u00ec\u00a0<strong data-start=\"868\" data-end=\"884\">phi\u00ean b\u1ea3n 03<\/strong>\u00a0ch\u00ednh l\u00e0\u00a0<strong data-start=\"894\" data-end=\"922\">\u0111\u1ec9nh cao c\u1ee7a tr\u1ea3i nghi\u1ec7m<\/strong>, \u0111\u01b0\u1ee3c v\u00ed nh\u01b0 \u201cm\u1ed9t t\u00e1c ph\u1ea9m ngh\u1ec7 thu\u1eadt di chuy\u1ec3n\u201d gi\u1eefa kh\u00f4ng gian hi\u1ec7n \u0111\u1ea1i.<\/p>\n<h3 data-start=\"1503\" data-end=\"1554\"><strong data-start=\"1507\" data-end=\"1554\">2. THI\u1ebeT K\u1ebe \u0110\u1ec8NH CAO \u2013 T\u1ea0O D\u1ea4U \u1ea4N KI\u1ebeN TR\u00daC<\/strong><\/h3>\n<p data-start=\"1555\" data-end=\"1746\"><strong data-start=\"1555\" data-end=\"1575\">FUJI Panorama 03<\/strong>\u00a0l\u00e0 s\u1ef1 h\u00f2a quy\u1ec7n gi\u1eefa\u00a0<strong data-start=\"1597\" data-end=\"1631\">ngh\u1ec7 thu\u1eadt k\u00ednh cong to\u00e0n ph\u1ea7n<\/strong>\u00a0\u1793\u17b7\u1784\u00a0<strong data-start=\"1635\" data-end=\"1655\">v\u1eadt li\u1ec7u cao c\u1ea5p<\/strong>\u00a0\u2013 mang l\u1ea1i kh\u00f4ng gian di chuy\u1ec3n sang tr\u1ecdng nh\u01b0 khoang thang m\u00e1y c\u1ee7a c\u00e1c kh\u00e1ch s\u1ea1n 5 sao.<\/p>\n<ul data-start=\"1748\" data-end=\"2461\">\n<li data-start=\"1748\" data-end=\"1873\">\n<p data-start=\"1750\" data-end=\"1873\"><strong data-start=\"1750\" data-end=\"1765\">\u1787\u1789\u17d2\u1787\u17b6\u17c6\u1784\u1780\u17b6\u1794\u17ca\u17b8\u1793:<\/strong><br data-start=\"1765\" data-end=\"1768\" \/>K\u00ednh cong to\u00e0n ph\u1ea7n 360\u00b0, gh\u00e9p t\u1eeb c\u00e1c t\u1ea5m k\u00ednh c\u01b0\u1eddng l\u1ef1c u\u1ed1n cong 10\u201312mm, gh\u00e9p li\u1ec1n m\u1ea1ch kh\u00f4ng vi\u1ec1n.<\/p>\n<\/li>\n<li data-start=\"1874\" data-end=\"2005\">\n<p data-start=\"1876\" data-end=\"2005\"><strong data-start=\"1876\" data-end=\"1894\">Khung k\u1ebft c\u1ea5u:<\/strong><br data-start=\"1894\" data-end=\"1897\" \/>Inox 304 g\u01b0\u01a1ng b\u00f3ng ho\u1eb7c Titanium Gold \u2013 ch\u1ebf t\u00e1c t\u1ec9 m\u1ec9, li\u1ec1n kh\u1ed1i, ph\u1ea3n chi\u1ebfu \u00e1nh s\u00e1ng t\u1ef1 nhi\u00ean c\u1ef1c \u0111\u1eb9p.<\/p>\n<\/li>\n<li data-start=\"2006\" data-end=\"2125\">\n<p data-start=\"2008\" data-end=\"2125\"><strong data-start=\"2008\" data-end=\"2023\">\u1796\u17b7\u178a\u17b6\u1793\u1780\u17b6\u1794\u17ca\u17b8\u1793:<\/strong><br data-start=\"2023\" data-end=\"2026\" \/>Thi\u1ebft k\u1ebf n\u1ed5i kh\u1ed1i 3D, \u0111\u00e8n LED Ambient Light \u0111\u1ed5i m\u00e0u theo th\u1eddi gian trong ng\u00e0y (Day\u2013Night Mode).<\/p>\n<\/li>\n<li data-start=\"2126\" data-end=\"2215\">\n<p data-start=\"2128\" data-end=\"2215\"><strong data-start=\"2128\" data-end=\"2142\">\u17a5\u178a\u17d2\u178b\u1780\u17b6\u1794\u17ca\u17b8\u1793:<\/strong><br data-start=\"2142\" data-end=\"2145\" \/>\u0110\u00e1 t\u1ef1 nhi\u00ean ho\u1eb7c Onyx xuy\u00ean s\u00e1ng \u2013 ph\u1ed1i h\u1ecda ti\u1ebft v\u00e2n m\u00e2y tinh x\u1ea3o.<\/p>\n<\/li>\n<li data-start=\"2216\" data-end=\"2343\">\n<p data-start=\"2218\" data-end=\"2343\"><strong data-start=\"2218\" data-end=\"2238\">\u1795\u17d2\u1791\u17b6\u17c6\u1784\u1794\u1789\u17d2\u1787\u17b6:<\/strong><br data-start=\"2238\" data-end=\"2241\" \/>C\u1ea3m \u1ee9ng to\u00e0n ph\u1ea7n, m\u1eb7t k\u00ednh \u0111en sang tr\u1ecdng, hi\u1ec3n th\u1ecb s\u1ed1 t\u1ea7ng v\u00e0 t\u1ed1c \u0111\u1ed9 qua m\u00e0n h\u00ecnh OLED tinh th\u1ec3.<\/p>\n<\/li>\n<li data-start=\"2344\" data-end=\"2461\">\n<p data-start=\"2346\" data-end=\"2461\"><strong data-start=\"2346\" data-end=\"2359\">\u1791\u17d2\u179c\u17b6\u179a\u1787\u17b6\u1793\u17cb:<\/strong><br data-start=\"2359\" data-end=\"2362\" \/>K\u00ednh tr\u00e0n vi\u1ec1n t\u1ef1 \u0111\u1ed9ng, c\u1ea3m bi\u1ebfn quang h\u1ecdc th\u1ebf h\u1ec7 m\u1edbi, chuy\u1ec3n \u0111\u1ed9ng nh\u1eb9 \u2013 \u00eam \u2013 kh\u00f4ng ti\u1ebfng \u0111\u1ed9ng.<\/p>\n<\/li>\n<\/ul>\n<p data-start=\"2463\" data-end=\"2494\"><strong data-start=\"2465\" data-end=\"2492\">\u0110\u1eb7c tr\u01b0ng phi\u00ean b\u1ea3n 03:<\/strong><\/p>\n<blockquote data-start=\"2495\" data-end=\"2644\">\n<p data-start=\"2497\" data-end=\"2644\">Thi\u1ebft k\u1ebf\u00a0<strong data-start=\"2506\" data-end=\"2532\">\u201cGlass Infinity Curve\u201d<\/strong>\u00a0\u2013 m\u1eb7t k\u00ednh bo cong to\u00e0n c\u1ea3nh, t\u1ea1o c\u1ea3m gi\u00e1c kh\u00f4ng gian m\u1edf \u2013 \u00e1nh s\u00e1ng lan t\u1ecfa t\u1ef1 nhi\u00ean \u2013 t\u1ea7m nh\u00ecn 360\u00b0 ho\u00e0n m\u1ef9.<\/p>\n<\/blockquote>\n<h3 data-start=\"2651\" data-end=\"2689\"><strong data-start=\"2655\" data-end=\"2689\">3. C\u00d4NG NGH\u1ec6 V\u1eacN H\u00c0NH HI\u1ec6N \u0110\u1ea0I<\/strong><\/h3>\n<ul data-start=\"2690\" data-end=\"3288\">\n<li data-start=\"2690\" data-end=\"2797\">\n<p data-start=\"2692\" data-end=\"2797\"><strong data-start=\"2692\" data-end=\"2729\">\u0110\u1ed9ng c\u01a1 FUJI Gearless th\u1ebf h\u1ec7 m\u1edbi:<\/strong><br data-start=\"2729\" data-end=\"2732\" \/>M\u00f4-men xo\u1eafn cao, kh\u00f4ng h\u1ed9p s\u1ed1, gi\u1ea3m rung v\u00e0 ti\u1ebfng \u1ed3n \u0111\u1ebfn 40%.<\/p>\n<\/li>\n<li data-start=\"2798\" data-end=\"2950\">\n<p data-start=\"2800\" data-end=\"2950\"><strong data-start=\"2800\" data-end=\"2835\">H\u1ec7 th\u1ed1ng FUJI AI Smart Control:<\/strong><br data-start=\"2835\" data-end=\"2838\" \/>T\u1ef1 \u0111\u1ed9ng ghi nh\u1edb th\u00f3i quen di chuy\u1ec3n, \u0111i\u1ec1u ch\u1ec9nh gia t\u1ed1c \u2013 d\u1eebng t\u1ea7ng \u2013 \u00e1nh s\u00e1ng cabin theo th\u1eddi gian s\u1eed d\u1ee5ng.<\/p>\n<\/li>\n<li data-start=\"2951\" data-end=\"3052\">\n<p data-start=\"2953\" data-end=\"3052\"><strong data-start=\"2953\" data-end=\"2975\">Bi\u1ebfn t\u1ea7n VVVF Pro:<\/strong><br data-start=\"2975\" data-end=\"2978\" \/>Ki\u1ec3m so\u00e1t t\u1ed1c \u0111\u1ed9 si\u00eau m\u01b0\u1ee3t, ch\u1ed1ng gi\u1eadt tuy\u1ec7t \u0111\u1ed1i, ti\u1ebft ki\u1ec7m \u0111i\u1ec7n n\u0103ng.<\/p>\n<\/li>\n<li data-start=\"3053\" data-end=\"3150\">\n<p data-start=\"3055\" data-end=\"3150\"><strong data-start=\"3055\" data-end=\"3084\">C\u1ea3m bi\u1ebfn 360\u00b0 to\u00e0n cabin:<\/strong><br data-start=\"3084\" data-end=\"3087\" \/>Theo d\u00f5i an to\u00e0n v\u00e0 c\u00e2n b\u1eb1ng t\u1ea3i tr\u1ecdng theo th\u1eddi gian th\u1ef1c.<\/p>\n<\/li>\n<li data-start=\"3151\" data-end=\"3288\">\n<p data-start=\"3153\" data-end=\"3288\"><strong data-start=\"3153\" data-end=\"3180\">T\u1ef1 \u0111\u1ed9ng c\u1ee9u h\u1ed9 ARD Pro:<\/strong><br data-start=\"3180\" data-end=\"3183\" \/>T\u00edch h\u1ee3p ngu\u1ed3n d\u1ef1 ph\u00f2ng th\u00f4ng minh, t\u1ef1 \u0111\u01b0a thang v\u1ec1 t\u1ea7ng g\u1ea7n nh\u1ea5t v\u00e0 m\u1edf c\u1eeda nh\u1eb9 an to\u00e0n khi m\u1ea5t \u0111i\u1ec7n.<\/p>\n<\/li>\n<\/ul>\n<h3 data-start=\"3295\" data-end=\"3335\"><strong data-start=\"3299\" data-end=\"3335\">4. \u1ee8NG D\u1ee4NG &amp; PHONG C\u00c1CH L\u1eaeP \u0110\u1eb6T<\/strong><\/h3>\n<p data-start=\"3336\" data-end=\"3498\">Phi\u00ean b\u1ea3n\u00a0<strong data-start=\"3346\" data-end=\"3366\">FUJI Panorama 03<\/strong>\u00a0\u0111\u01b0\u1ee3c thi\u1ebft k\u1ebf d\u00e0nh ri\u00eang cho:<br data-start=\"3396\" data-end=\"3399\" \/>\ufe0f\u00a0<strong data-start=\"3403\" data-end=\"3498\">Bi\u1ec7t th\u1ef1 h\u1ea1ng sang \u2013 Kh\u00e1ch s\u1ea1n 4-5 sao \u2013 Trung t\u00e2m h\u1ed9i ngh\u1ecb \u2013 T\u00f2a nh\u00e0 bi\u1ec3u t\u01b0\u1ee3ng ki\u1ebfn tr\u00fac.<\/strong><\/p>\n<p data-start=\"3500\" data-end=\"3524\"><strong data-start=\"3500\" data-end=\"3522\">H\u00ecnh th\u1ee9c l\u1eafp \u0111\u1eb7t:<\/strong><\/p>\n<ul data-start=\"3525\" data-end=\"3795\">\n<li data-start=\"3525\" data-end=\"3589\">\n<p data-start=\"3527\" data-end=\"3589\">L\u1eafp \u0111\u1ed9c l\u1eadp trong\u00a0<strong data-start=\"3545\" data-end=\"3586\">khung th\u00e9p \u2013 v\u00e1ch k\u00ednh cong tr\u00e0n vi\u1ec1n<\/strong>.<\/p>\n<\/li>\n<li data-start=\"3590\" data-end=\"3682\">\n<p data-start=\"3592\" data-end=\"3682\">C\u00f3 th\u1ec3 l\u1eafp\u00a0<strong data-start=\"3603\" data-end=\"3621\">ngo\u00e0i m\u1eb7t ti\u1ec1n<\/strong>, t\u1ea1o hi\u1ec7u \u1ee9ng \u00e1nh s\u00e1ng ph\u1ea3n chi\u1ebfu \u1ea5n t\u01b0\u1ee3ng khi nh\u00ecn t\u1eeb xa.<\/p>\n<\/li>\n<li data-start=\"3683\" data-end=\"3795\">\n<p data-start=\"3685\" data-end=\"3795\">Ph\u00f9 h\u1ee3p v\u1edbi c\u00e1c c\u00f4ng tr\u00ecnh\u00a0<strong data-start=\"3712\" data-end=\"3732\">c\u00f3 gi\u1ebfng tr\u1eddi m\u1edf<\/strong>, ho\u1eb7c\u00a0<strong data-start=\"3739\" data-end=\"3792\">thi\u1ebft k\u1ebf n\u1ed9i th\u1ea5t cao c\u1ea5p c\u00f3 tr\u1ee5c thang trung t\u00e2m<\/strong>.<\/p>\n<\/li>\n<\/ul>\n<h3 data-start=\"3802\" data-end=\"3828\"><strong data-start=\"3806\" data-end=\"3828\">5. \u1782\u17bb\u178e\u179f\u1798\u17d2\u1794\u178f\u17d2\u178f\u17b7\u179b\u17c1\u1785\u1792\u17d2\u179b\u17c4<\/strong><\/h3>\n<div class=\"_tableContainer_1rjym_1\">\n<div class=\"group _tableWrapper_1rjym_13 flex w-fit flex-col-reverse\" tabindex=\"-1\">\n<table class=\"w-fit min-w-(--thread-content-width)\" data-start=\"3829\" data-end=\"4397\">\n<thead data-start=\"3829\" data-end=\"3883\">\n<tr data-start=\"3829\" data-end=\"3883\">\n<th data-start=\"3829\" data-end=\"3844\" data-col-size=\"sm\"><strong data-start=\"3831\" data-end=\"3843\">\u0110\u1eb7c t\u00ednh<\/strong><\/th>\n<th data-start=\"3844\" data-end=\"3863\" data-col-size=\"sm\"><strong data-start=\"3846\" data-end=\"3862\">Phi\u00ean b\u1ea3n 02<\/strong><\/th>\n<th data-start=\"3863\" data-end=\"3883\" data-col-size=\"md\"><strong data-start=\"3865\" data-end=\"3881\">Phi\u00ean b\u1ea3n 03<\/strong><\/th>\n<\/tr>\n<\/thead>\n<tbody data-start=\"3940\" data-end=\"4397\">\n<tr data-start=\"3940\" data-end=\"4021\">\n<td data-start=\"3940\" data-end=\"3951\" data-col-size=\"sm\">Thi\u1ebft k\u1ebf<\/td>\n<td data-col-size=\"sm\" data-start=\"3951\" data-end=\"3982\">K\u00ednh ph\u1eb3ng 3 m\u1eb7t, 1 m\u1eb7t inox<\/td>\n<td data-col-size=\"md\" data-start=\"3982\" data-end=\"4021\">K\u00ednh cong to\u00e0n ph\u1ea7n 360\u00b0, tr\u00e0n vi\u1ec1n<\/td>\n<\/tr>\n<tr data-start=\"4022\" data-end=\"4115\">\n<td data-start=\"4022\" data-end=\"4033\" data-col-size=\"sm\">V\u1eadt li\u1ec7u<\/td>\n<td data-col-size=\"sm\" data-start=\"4033\" data-end=\"4070\">Th\u00e9p s\u01a1n t\u0129nh \u0111i\u1ec7n, k\u00ednh c\u01b0\u1eddng l\u1ef1c<\/td>\n<td data-col-size=\"md\" data-start=\"4070\" data-end=\"4115\">Inox g\u01b0\u01a1ng \u2013 Titanium \u2013 K\u00ednh cong cao c\u1ea5p<\/td>\n<\/tr>\n<tr data-start=\"4116\" data-end=\"4202\">\n<td data-start=\"4116\" data-end=\"4128\" data-col-size=\"sm\">C\u00f4ng ngh\u1ec7<\/td>\n<td data-col-size=\"sm\" data-start=\"4128\" data-end=\"4163\">Bi\u1ebfn t\u1ea7n VVVF, \u0111i\u1ec1u khi\u1ec3n c\u01a1 b\u1ea3n<\/td>\n<td data-col-size=\"md\" data-start=\"4163\" data-end=\"4202\">AI Smart Controller, Gearless Motor<\/td>\n<\/tr>\n<tr data-start=\"4203\" data-end=\"4271\">\n<td data-start=\"4203\" data-end=\"4213\" data-col-size=\"sm\">Th\u1ea9m m\u1ef9<\/td>\n<td data-col-size=\"sm\" data-start=\"4213\" data-end=\"4235\">Hi\u1ec7n \u0111\u1ea1i, n\u0103ng \u0111\u1ed9ng<\/td>\n<td data-col-size=\"md\" data-start=\"4235\" data-end=\"4271\">Sang tr\u1ecdng, bi\u1ec3u t\u01b0\u1ee3ng ki\u1ebfn tr\u00fac<\/td>\n<\/tr>\n<tr data-start=\"4272\" data-end=\"4320\">\n<td data-start=\"4272\" data-end=\"4287\" data-col-size=\"sm\">M\u1ee9c \u0111\u1ed9 \u00eam \u00e1i<\/td>\n<td data-col-size=\"sm\" data-start=\"4287\" data-end=\"4293\">85%<\/td>\n<td data-col-size=\"md\" data-start=\"4293\" data-end=\"4320\">98% \u2013 g\u1ea7n nh\u01b0 tuy\u1ec7t \u0111\u1ed1i<\/td>\n<\/tr>\n<tr data-start=\"4321\" data-end=\"4397\">\n<td data-start=\"4321\" data-end=\"4332\" data-col-size=\"sm\">\u1ee8ng d\u1ee5ng<\/td>\n<td data-col-size=\"sm\" data-start=\"4332\" data-end=\"4357\">Nh\u00e0 ph\u1ed1, kh\u00e1ch s\u1ea1n nh\u1ecf<\/td>\n<td data-col-size=\"md\" data-start=\"4357\" data-end=\"4397\">Bi\u1ec7t th\u1ef1, kh\u00e1ch s\u1ea1n, t\u00f2a nh\u00e0 cao c\u1ea5p<\/td>\n<\/tr>\n<\/tbody>\n<\/table>\n<\/div>\n<\/div>\n<h3 data-start=\"4404\" data-end=\"4433\"><strong data-start=\"4408\" data-end=\"4433\">6. D\u1ecaCH V\u1ee4 &amp; B\u1ea2O H\u00c0NH<\/strong><\/h3>\n<ul data-start=\"4434\" data-end=\"4752\">\n<li data-start=\"4434\" data-end=\"4509\">\n<p data-start=\"4436\" data-end=\"4509\"><strong data-start=\"4436\" data-end=\"4460\">B\u1ea3o h\u00e0nh ch\u00ednh h\u00e3ng:<\/strong>\u00a024 th\u00e1ng (m\u1edf r\u1ed9ng 36 th\u00e1ng cho kh\u00e1ch h\u00e0ng VIP)<\/p>\n<\/li>\n<li data-start=\"4510\" data-end=\"4607\">\n<p data-start=\"4512\" data-end=\"4607\"><strong data-start=\"4512\" data-end=\"4532\">B\u1ea3o tr\u00ec \u0111\u1ecbnh k\u1ef3:<\/strong>\u00a0Ki\u1ec3m tra t\u1ef1 \u0111\u1ed9ng theo chu k\u1ef3 \u2013 c\u1ea3nh b\u00e1o l\u1ed7i qua \u1ee9ng d\u1ee5ng FUJI SmartCare.<\/p>\n<\/li>\n<li data-start=\"4608\" data-end=\"4682\">\n<p data-start=\"4610\" data-end=\"4682\"><strong data-start=\"4610\" data-end=\"4641\">Ph\u1ee5 t\u00f9ng \u0111\u1ed3ng b\u1ed9 FUJI Japan<\/strong>, \u0111\u1ed9 b\u1ec1n cao \u2013 s\u1eb5n s\u00e0ng thay th\u1ebf nhanh.<\/p>\n<\/li>\n<li data-start=\"4683\" data-end=\"4752\">\n<p data-start=\"4685\" data-end=\"4752\"><strong data-start=\"4685\" data-end=\"4709\">\u0110\u1ed9i k\u1ef9 thu\u1eadt cao c\u1ea5p<\/strong>\u00a0h\u1ed7 tr\u1ee3 24\/7 \u2013 cam k\u1ebft an to\u00e0n tuy\u1ec7t \u0111\u1ed1i.<\/p>\n<\/li>\n<\/ul>\n<h3 data-start=\"4759\" data-end=\"4826\"><strong data-start=\"4766\" data-end=\"4826\">FUJI PANORAMA 03 \u2013 NGH\u1ec6 THU\u1eacT C\u1ee6A \u00c1NH S\u00c1NG V\u00c0 KH\u00d4NG GIAN<\/strong><\/h3>\n<blockquote data-start=\"4827\" data-end=\"4960\">\n<p data-start=\"4829\" data-end=\"4960\">\u201cM\u1ed7i chuy\u1ebfn \u0111i kh\u00f4ng ch\u1ec9 l\u00e0 di chuy\u1ec3n gi\u1eefa c\u00e1c t\u1ea7ng,<br data-start=\"4881\" data-end=\"4884\" \/>m\u00e0 l\u00e0 h\u00e0nh tr\u00ecnh c\u1ea3m nh\u1eadn v\u1ebb \u0111\u1eb9p c\u1ee7a kh\u00f4ng gian, \u00e1nh s\u00e1ng v\u00e0 c\u00f4ng ngh\u1ec7.\u201d<\/p>\n<\/blockquote>\n<blockquote data-start=\"4962\" data-end=\"5022\">\n<p data-start=\"4964\" data-end=\"5022\"><strong data-start=\"4964\" data-end=\"5022\">FUJI Panorama 03 \u2013 \u0110\u1ec9nh cao c\u1ee7a tr\u1ea3i nghi\u1ec7m to\u00e0n c\u1ea3nh.<\/strong><\/p>\n<\/blockquote>","protected":false},"excerpt":{"rendered":"<ul>\r\n \t<li><strong>\u1798\u17c9\u17b6\u1780\u1799\u17b8\u17a0\u17c4<\/strong>: FUJI \u2013 Japan Premium Series<\/li>\r\n \t<li><strong>\u1798\u17c9\u17bc\u178a\u17c2\u179b (Model)\u17d6<\/strong> Panorama 03 (Full Curve Glass Edition)<\/li>\r\n \t<li><strong>\u1791\u1798\u17d2\u1784\u1793\u17cb\u1795\u17d2\u1791\u17bb\u1780\u17d6<\/strong> 300 \u2013 800 kg (3\u201310 ng\u01b0\u1eddi)<\/li>\r\n \t<li><strong>T\u1ed1c \u0111\u1ed9:<\/strong> 60 \u2013 75 m\u00e9t\/ph\u00fat<\/li>\r\n \t<li><strong>S\u1ed1 \u0111i\u1ec3m d\u1eebng:<\/strong> 2 \u2013 6 \u1787\u17b6\u1793\u17cb<\/li>\r\n \t<li><strong>\u1794\u17d2\u179a\u1797\u17c1\u1791\u1787\u178e\u17d2\u178f\u17be\u179a\u1799\u1793\u17d2\u178f:<\/strong> Kh\u00f4ng ph\u00f2ng m\u00e1y (MRL) \u2013 \u0111\u1ed9ng c\u01a1 kh\u00f4ng h\u1ed9p s\u1ed1 th\u1ebf h\u1ec7 m\u1edbi<\/li>\r\n \t<li><strong>Ngu\u1ed3n \u0111i\u1ec7n:<\/strong> \u17e1 \u17a0\u17d2\u179c\u17b6 220V \u17ac \u17e3 \u17a0\u17d2\u179c\u17b6 380V<\/li>\r\n \t<li><strong>H\u1ec7 th\u1ed1ng \u0111i\u1ec1u khi\u1ec3n:<\/strong> FUJI Smart Controller (AI-based) \u2013 t\u00edch h\u1ee3p x\u1eed l\u00fd th\u00f4ng minh v\u00e0 t\u1ef1 \u0111\u1ed9ng h\u1ecdc h\u00e0nh tr\u00ecnh<\/li>\r\n<\/ul>","protected":false},"featured_media":1453,"comment_status":"closed","ping_status":"closed","template":"","meta":{"_acf_changed":false},"product_brand":[],"product_cat":[211],"product_tag":[],"class_list":{"0":"post-2944","1":"product","2":"type-product","3":"status-publish","4":"has-post-thumbnail","6":"product_cat-thang-may-toan-canh","8":"first","9":"instock","10":"shipping-taxable","11":"product-type-simple"},"acf":[],"rankmath_keywords":{"primary":"","secondary":[""]},"yoast_keywords":{"primary":"","secondary":[]},"yoast_focuskw":"","rankmath_focuskw":"","seo_keywords":{"primary":"","secondary":[""]},"_links":{"self":[{"href":"https:\/\/thangmayitaly.com\/km\/wp-json\/wp\/v2\/product\/2944","targetHints":{"allow":["GET"]}}],"collection":[{"href":"https:\/\/thangmayitaly.com\/km\/wp-json\/wp\/v2\/product"}],"about":[{"href":"https:\/\/thangmayitaly.com\/km\/wp-json\/wp\/v2\/types\/product"}],"replies":[{"embeddable":true,"href":"https:\/\/thangmayitaly.com\/km\/wp-json\/wp\/v2\/comments?post=2944"}],"wp:featuredmedia":[{"embeddable":true,"href":"https:\/\/thangmayitaly.com\/km\/wp-json\/wp\/v2\/media\/1453"}],"wp:attachment":[{"href":"https:\/\/thangmayitaly.com\/km\/wp-json\/wp\/v2\/media?parent=2944"}],"wp:term":[{"taxonomy":"product_brand","embeddable":true,"href":"https:\/\/thangmayitaly.com\/km\/wp-json\/wp\/v2\/product_brand?post=2944"},{"taxonomy":"product_cat","embeddable":true,"href":"https:\/\/thangmayitaly.com\/km\/wp-json\/wp\/v2\/product_cat?post=2944"},{"taxonomy":"product_tag","embeddable":true,"href":"https:\/\/thangmayitaly.com\/km\/wp-json\/wp\/v2\/product_tag?post=2944"}],"curies":[{"name":"wp","href":"https:\/\/api.w.org\/{rel}","templated":true}]}}