{"id":2943,"date":"2026-04-01T04:09:19","date_gmt":"2026-04-01T04:09:19","guid":{"rendered":"https:\/\/thangmayitaly.com\/\/?post_type=product&#038;p=2943"},"modified":"2026-04-06T22:58:15","modified_gmt":"2026-04-06T15:58:15","slug":"thang-may-toan-canh-02","status":"publish","type":"product","link":"https:\/\/thangmayitaly.com\/km\/thang-may-toan-canh-02\/","title":{"rendered":"THANG M\u00c1Y TO\u00c0N C\u1ea2NH 02"},"content":{"rendered":"<h3 data-start=\"439\" data-end=\"504\"><strong data-start=\"443\" data-end=\"504\">\u0110\u1eb2NG C\u1ea4P C\u00d4NG NGH\u1ec6 \u2013 T\u1ed0I \u01afU KH\u00d4NG GIAN \u2013 M\u1ede R\u1ed8NG T\u1ea6M NH\u00ccN<\/strong><\/h3>\n<h3 data-start=\"511\" data-end=\"540\"><strong data-start=\"515\" data-end=\"540\">1. \u1791\u17b7\u178a\u17d2\u178b\u1797\u17b6\u1796\u1791\u17bc\u1791\u17c5\u1793\u17c3\u1795\u179b\u17b7\u178f\u1795\u179b<\/strong><\/h3>\n<p data-start=\"541\" data-end=\"866\">N\u1ebfu\u00a0<strong data-start=\"545\" data-end=\"561\">Phi\u00ean b\u1ea3n 01<\/strong>\u00a0h\u01b0\u1edbng \u0111\u1ebfn\u00a0<strong data-start=\"572\" data-end=\"623\">ki\u1ebfn tr\u00fac sang tr\u1ecdng, ngh\u1ec7 thu\u1eadt v\u00e0 th\u1ea9m m\u1ef9 cao<\/strong>, th\u00ec\u00a0<strong data-start=\"629\" data-end=\"645\">Phi\u00ean b\u1ea3n 02<\/strong>\u00a0c\u1ee7a\u00a0<strong data-start=\"650\" data-end=\"678\">Thang m\u00e1y to\u00e0n c\u1ea3nh FUJI<\/strong>\u00a0\u0111\u01b0\u1ee3c ph\u00e1t tri\u1ec3n theo ti\u00eau ch\u00ed\u00a0<strong data-start=\"709\" data-end=\"750\">\u201cC\u00f4ng n\u0103ng \u2013 Hi\u1ec7u su\u1ea5t \u2013 Tr\u1ea3i nghi\u1ec7m\u201d<\/strong>, ph\u00f9 h\u1ee3p cho\u00a0<strong data-start=\"764\" data-end=\"865\">nh\u00e0 ph\u1ed1 hi\u1ec7n \u0111\u1ea1i, kh\u00e1ch s\u1ea1n mini, khu ngh\u1ec9 d\u01b0\u1ee1ng, t\u00f2a nh\u00e0 th\u01b0\u01a1ng m\u1ea1i nh\u1ecf v\u00e0 khu du l\u1ecbch sinh th\u00e1i<\/strong>.<\/p>\n<p data-start=\"868\" data-end=\"1111\">Phi\u00ean b\u1ea3n n\u00e0y k\u1ebft h\u1ee3p gi\u1eefa\u00a0<strong data-start=\"895\" data-end=\"943\">thi\u1ebft k\u1ebf to\u00e0n k\u00ednh b\u00e1n ph\u1ea7n (Semi Panoramic)<\/strong>\u00a0\u1793\u17b7\u1784\u00a0<strong data-start=\"947\" data-end=\"985\">k\u1ebft c\u1ea5u th\u00e9p s\u01a1n t\u0129nh \u0111i\u1ec7n cao c\u1ea5p<\/strong>, mang l\u1ea1i v\u1ebb \u0111\u1eb9p v\u1eefng ch\u00e3i, n\u0103ng \u0111\u1ed9ng v\u00e0 tinh t\u1ebf \u2013 v\u1eeba \u0111\u1ea3m b\u1ea3o\u00a0<strong data-start=\"1049\" data-end=\"1110\">\u00e1nh s\u00e1ng, t\u1ea7m nh\u00ecn, v\u1eeba t\u1ed1i \u01b0u chi ph\u00ed l\u1eafp \u0111\u1eb7t v\u00e0 b\u1ea3o tr\u00ec<\/strong>.<\/p>\n<h3 data-start=\"1556\" data-end=\"1597\"><strong data-start=\"1560\" data-end=\"1597\">2. THI\u1ebeT K\u1ebe &amp; KI\u1ebeN TR\u00daC KH\u00c1C BI\u1ec6T<\/strong><\/h3>\n<p data-start=\"1598\" data-end=\"1687\"><strong data-start=\"1598\" data-end=\"1614\">Phi\u00ean b\u1ea3n 02<\/strong>\u00a0c\u00f3 thi\u1ebft k\u1ebf k\u1ebft h\u1ee3p\u00a0<strong data-start=\"1635\" data-end=\"1655\">k\u00ednh v\u00e0 kim lo\u1ea1i<\/strong>\u00a0m\u1ea1nh m\u1ebd h\u01a1n\u00a0<strong data-start=\"1668\" data-end=\"1684\">Phi\u00ean b\u1ea3n 01<\/strong>:<\/p>\n<ul data-start=\"1688\" data-end=\"2248\">\n<li data-start=\"1688\" data-end=\"1782\">\n<p data-start=\"1690\" data-end=\"1782\"><strong data-start=\"1690\" data-end=\"1705\">\u1787\u1789\u17d2\u1787\u17b6\u17c6\u1784\u1780\u17b6\u1794\u17ca\u17b8\u1793:<\/strong>\u00a03 m\u1eb7t k\u00ednh c\u01b0\u1eddng l\u1ef1c to\u00e0n ph\u1ea7n, 1 m\u1eb7t \u1ed1p inox \u0111en ho\u1eb7c th\u00e9p s\u01a1n t\u0129nh \u0111i\u1ec7n.<\/p>\n<\/li>\n<li data-start=\"1783\" data-end=\"1891\">\n<p data-start=\"1785\" data-end=\"1891\"><strong data-start=\"1785\" data-end=\"1801\">Khung thang:<\/strong>\u00a0Th\u00e9p k\u1ebft c\u1ea5u \u0111\u1ecbnh h\u00ecnh cao c\u1ea5p, s\u01a1n t\u0129nh \u0111i\u1ec7n m\u00e0u Titan \/ Graphite Gray \/ Silver Pearl.<\/p>\n<\/li>\n<li data-start=\"1892\" data-end=\"1973\">\n<p data-start=\"1894\" data-end=\"1973\"><strong data-start=\"1894\" data-end=\"1909\">\u1796\u17b7\u178a\u17b6\u1793\u1780\u17b6\u1794\u17ca\u17b8\u1793:<\/strong>\u00a0LED vi\u1ec1n n\u1ed5i kh\u1ed1i \u2013 \u00e1nh s\u00e1ng ph\u1ea3n chi\u1ebfu m\u1ec1m m\u1ea1i qua m\u1eb7t k\u00ednh.<\/p>\n<\/li>\n<li data-start=\"1974\" data-end=\"2051\">\n<p data-start=\"1976\" data-end=\"2051\"><strong data-start=\"1976\" data-end=\"1990\">\u17a5\u178a\u17d2\u178b\u1780\u17b6\u1794\u17ca\u17b8\u1793:<\/strong>\u00a0\u0110\u00e1 nh\u00e2n t\u1ea1o v\u00e2n m\u00e2y ch\u1ed1ng tr\u01b0\u1ee3t, t\u1ea1o \u0111i\u1ec3m nh\u1ea5n sang tr\u1ecdng.<\/p>\n<\/li>\n<li data-start=\"2052\" data-end=\"2142\">\n<p data-start=\"2054\" data-end=\"2142\"><strong data-start=\"2054\" data-end=\"2067\">\u1791\u17d2\u179c\u17b6\u179a\u1787\u17b6\u1793\u17cb:<\/strong>\u00a0K\u00ednh trong k\u1ebft h\u1ee3p khung inox hairline, ho\u1ea1t \u0111\u1ed9ng b\u1eb1ng c\u1ea3m bi\u1ebfn t\u1ef1 \u0111\u1ed9ng.<\/p>\n<\/li>\n<li data-start=\"2143\" data-end=\"2248\">\n<p data-start=\"2145\" data-end=\"2248\"><strong data-start=\"2145\" data-end=\"2165\">\u1795\u17d2\u1791\u17b6\u17c6\u1784\u1794\u1789\u17d2\u1787\u17b6:<\/strong>\u00a0K\u00ednh c\u01b0\u1eddng l\u1ef1c \u0111en \u2013 ph\u00edm c\u1ea3m \u1ee9ng LED \u2013 hi\u1ec3n th\u1ecb t\u1ea7ng v\u00e0 h\u01b0\u1edbng di chuy\u1ec3n r\u00f5 n\u00e9t.<\/p>\n<\/li>\n<\/ul>\n<p data-start=\"2250\" data-end=\"2269\"><strong data-start=\"2253\" data-end=\"2267\">\u0110i\u1ec3m nh\u1ea5n:<\/strong><\/p>\n<blockquote data-start=\"2270\" data-end=\"2448\">\n<p data-start=\"2272\" data-end=\"2448\">Thi\u1ebft k\u1ebf \u201cSemi Panoramic\u201d \u2013\u00a0<strong data-start=\"2300\" data-end=\"2330\">3 m\u1eb7t k\u00ednh, 1 m\u1eb7t k\u1ef9 thu\u1eadt<\/strong>, v\u1eeba \u0111\u1ea3m b\u1ea3o th\u1ea9m m\u1ef9 to\u00e0n c\u1ea3nh, v\u1eeba t\u1ed1i \u01b0u \u0111\u1ed9 b\u1ec1n, gi\u1ea3m chi ph\u00ed b\u1ea3o tr\u00ec so v\u1edbi phi\u00ean b\u1ea3n to\u00e0n k\u00ednh 360\u00b0 (Model 01).<\/p>\n<\/blockquote>\n<h3 data-start=\"2455\" data-end=\"2486\"><strong data-start=\"2459\" data-end=\"2486\">3. C\u00d4NG NGH\u1ec6 &amp; V\u1eacN H\u00c0NH<\/strong><\/h3>\n<ul data-start=\"2487\" data-end=\"3051\">\n<li data-start=\"2487\" data-end=\"2565\">\n<p data-start=\"2489\" data-end=\"2565\"><strong data-start=\"2489\" data-end=\"2521\">M\u00e1y k\u00e9o FUJI Gearless Motor:<\/strong>\u00a0V\u1eadn h\u00e0nh si\u00eau \u00eam, ti\u1ebft ki\u1ec7m \u0111i\u1ec7n \u0111\u1ebfn 30%.<\/p>\n<\/li>\n<li data-start=\"2566\" data-end=\"2670\">\n<p data-start=\"2568\" data-end=\"2670\"><strong data-start=\"2568\" data-end=\"2613\">B\u1ed9 \u0111i\u1ec1u khi\u1ec3n FUJI Integrated Controller:<\/strong>\u00a0\u1ed4n \u0111\u1ecbnh, ch\u00ednh x\u00e1c, t\u1ef1 \u0111\u1ed9ng c\u00e2n ch\u1ec9nh t\u1ed1c \u0111\u1ed9 theo t\u1ea3i.<\/p>\n<\/li>\n<li data-start=\"2671\" data-end=\"2769\">\n<p data-start=\"2673\" data-end=\"2769\"><strong data-start=\"2673\" data-end=\"2696\">Bi\u1ebfn t\u1ea7n VVVF FUJI:<\/strong>\u00a0\u0110i\u1ec1u ch\u1ec9nh gia t\u1ed1c kh\u1edfi \u0111\u1ed9ng \u2013 d\u1eebng t\u1ea7ng m\u01b0\u1ee3t m\u00e0, ch\u1ed1ng rung hi\u1ec7u qu\u1ea3.<\/p>\n<\/li>\n<li data-start=\"2770\" data-end=\"2873\">\n<p data-start=\"2772\" data-end=\"2873\"><strong data-start=\"2772\" data-end=\"2800\">C\u1ea3m bi\u1ebfn an to\u00e0n \u0111a l\u1edbp:<\/strong>\u00a0Bao g\u1ed3m c\u1ea3m bi\u1ebfn c\u1eeda, gi\u1edbi h\u1ea1n h\u00e0nh tr\u00ecnh, c\u1ea3m bi\u1ebfn t\u1ed1c \u0111\u1ed9 v\u00e0 qu\u00e1 t\u1ea3i.<\/p>\n<\/li>\n<li data-start=\"2874\" data-end=\"2967\">\n<p data-start=\"2876\" data-end=\"2967\"><strong data-start=\"2876\" data-end=\"2901\">T\u1ef1 \u0111\u1ed9ng c\u1ee9u h\u1ed9 (ARD):<\/strong>\u00a0Khi m\u1ea5t \u0111i\u1ec7n, cabin di chuy\u1ec3n v\u1ec1 t\u1ea7ng g\u1ea7n nh\u1ea5t, m\u1edf c\u1eeda an to\u00e0n.<\/p>\n<\/li>\n<li data-start=\"2968\" data-end=\"3051\">\n<p data-start=\"2970\" data-end=\"3051\"><strong data-start=\"2970\" data-end=\"3009\">C\u00f4ng ngh\u1ec7 ch\u1ed1ng rung, c\u00e1ch \u00e2m 3 l\u1edbp<\/strong>, ph\u00f9 h\u1ee3p v\u1edbi nh\u00e0 ph\u1ed1 v\u00e0 kh\u00f4ng gian nh\u1ecf.<\/p>\n<\/li>\n<\/ul>\n<h3 data-start=\"3058\" data-end=\"3098\"><strong data-start=\"3062\" data-end=\"3098\">4. \u1ee8NG D\u1ee4NG &amp; PHONG C\u00c1CH L\u1eaeP \u0110\u1eb6T<\/strong><\/h3>\n<p data-start=\"3099\" data-end=\"3156\"><strong data-start=\"3099\" data-end=\"3119\">FUJI Panorama 02<\/strong>\u00a0\u0111\u01b0\u1ee3c \u01b0a chu\u1ed9ng cho c\u00e1c c\u00f4ng tr\u00ecnh:<\/p>\n<ul data-start=\"3157\" data-end=\"3330\">\n<li data-start=\"3157\" data-end=\"3205\">\n<p data-start=\"3159\" data-end=\"3205\">Nh\u00e0 ph\u1ed1, bi\u1ec7t th\u1ef1 hi\u1ec7n \u0111\u1ea1i c\u00f3 gi\u1ebfng tr\u1eddi h\u1eb9p<\/p>\n<\/li>\n<li data-start=\"3206\" data-end=\"3245\">\n<p data-start=\"3208\" data-end=\"3245\">Kh\u00e1ch s\u1ea1n, nh\u00e0 ngh\u1ec9, resort cao c\u1ea5p<\/p>\n<\/li>\n<li data-start=\"3246\" data-end=\"3287\">\n<p data-start=\"3248\" data-end=\"3287\">V\u0103n ph\u00f2ng c\u00f4ng ty, showroom tr\u01b0ng b\u00e0y<\/p>\n<\/li>\n<li data-start=\"3288\" data-end=\"3330\">\n<p data-start=\"3290\" data-end=\"3330\">Trung t\u00e2m th\u01b0\u01a1ng m\u1ea1i mini, khu d\u1ecbch v\u1ee5<\/p>\n<\/li>\n<\/ul>\n<p data-start=\"3332\" data-end=\"3356\"><strong data-start=\"3332\" data-end=\"3354\">L\u1eafp \u0111\u1eb7t linh ho\u1ea1t:<\/strong><\/p>\n<ul data-start=\"3357\" data-end=\"3512\">\n<li data-start=\"3357\" data-end=\"3446\">\n<p data-start=\"3359\" data-end=\"3446\">C\u00f3 th\u1ec3 l\u1eafp trong nh\u00e0 ho\u1eb7c ngo\u00e0i tr\u1eddi (v\u1ecf khung th\u00e9p s\u01a1n t\u0129nh \u0111i\u1ec7n + k\u00ednh ch\u1ecbu nhi\u1ec7t).<\/p>\n<\/li>\n<li data-start=\"3447\" data-end=\"3512\">\n<p data-start=\"3449\" data-end=\"3512\">Thi c\u00f4ng \u0111\u1ed9c l\u1eadp, kh\u00f4ng y\u00eau c\u1ea7u k\u1ebft c\u1ea5u ch\u1ecbu t\u1ea3i c\u1ee7a t\u00f2a nh\u00e0.<\/p>\n<\/li>\n<\/ul>\n<h3 data-start=\"3519\" data-end=\"3560\"><strong data-start=\"3523\" data-end=\"3560\">5. \u01afU \u0110I\u1ec2M N\u1ed4I B\u1eacT \u2013 PHI\u00caN B\u1ea2N 02<\/strong><\/h3>\n<div class=\"_tableContainer_1rjym_1\">\n<div class=\"group _tableWrapper_1rjym_13 flex w-fit flex-col-reverse\" tabindex=\"-1\">\n<table class=\"w-fit min-w-(--thread-content-width)\" data-start=\"3561\" data-end=\"4160\">\n<thead data-start=\"3561\" data-end=\"3615\">\n<tr data-start=\"3561\" data-end=\"3615\">\n<th data-start=\"3561\" data-end=\"3576\" data-col-size=\"sm\"><strong data-start=\"3563\" data-end=\"3575\">\u179b\u1780\u17d2\u1781\u178e\u17c8\u179c\u17b7\u1793\u17b7\u1785\u17d2\u1786\u17d0\u1799<\/strong><\/th>\n<th data-start=\"3576\" data-end=\"3595\" data-col-size=\"sm\"><strong data-start=\"3578\" data-end=\"3594\">Phi\u00ean b\u1ea3n 01<\/strong><\/th>\n<th data-start=\"3595\" data-end=\"3615\" data-col-size=\"md\"><strong data-start=\"3597\" data-end=\"3613\">Phi\u00ean b\u1ea3n 02<\/strong><\/th>\n<\/tr>\n<\/thead>\n<tbody data-start=\"3672\" data-end=\"4160\">\n<tr data-start=\"3672\" data-end=\"3771\">\n<td data-start=\"3672\" data-end=\"3683\" data-col-size=\"sm\">Thi\u1ebft k\u1ebf<\/td>\n<td data-col-size=\"sm\" data-start=\"3683\" data-end=\"3723\">To\u00e0n k\u00ednh 360\u00b0, sang tr\u1ecdng ngh\u1ec7 thu\u1eadt<\/td>\n<td data-col-size=\"md\" data-start=\"3723\" data-end=\"3771\">B\u00e1n to\u00e0n c\u1ea3nh 3 m\u1eb7t k\u00ednh, m\u1ea1nh m\u1ebd, ti\u1ebft ki\u1ec7m<\/td>\n<\/tr>\n<tr data-start=\"3772\" data-end=\"3857\">\n<td data-start=\"3772\" data-end=\"3785\" data-col-size=\"sm\">Phong c\u00e1ch<\/td>\n<td data-col-size=\"sm\" data-start=\"3785\" data-end=\"3815\">Bi\u1ec7t th\u1ef1, kh\u00e1ch s\u1ea1n cao c\u1ea5p<\/td>\n<td data-col-size=\"md\" data-start=\"3815\" data-end=\"3857\">Nh\u00e0 ph\u1ed1, c\u00f4ng tr\u00ecnh th\u01b0\u01a1ng m\u1ea1i, resort<\/td>\n<\/tr>\n<tr data-start=\"3858\" data-end=\"3943\">\n<td data-start=\"3858\" data-end=\"3869\" data-col-size=\"sm\">C\u1ea5u tr\u00fac<\/td>\n<td data-col-size=\"sm\" data-start=\"3869\" data-end=\"3899\">K\u00ednh to\u00e0n ph\u1ea7n + khung inox<\/td>\n<td data-col-size=\"md\" data-start=\"3899\" data-end=\"3943\">K\u00ednh b\u00e1n ph\u1ea7n + khung th\u00e9p s\u01a1n t\u0129nh \u0111i\u1ec7n<\/td>\n<\/tr>\n<tr data-start=\"3944\" data-end=\"4004\">\n<td data-start=\"3944\" data-end=\"3962\" data-col-size=\"sm\">Chi ph\u00ed b\u1ea3o tr\u00ec<\/td>\n<td data-col-size=\"sm\" data-start=\"3962\" data-end=\"3972\">Cao h\u01a1n<\/td>\n<td data-col-size=\"md\" data-start=\"3972\" data-end=\"4004\">T\u1ed1i \u01b0u, d\u1ec5 thay th\u1ebf ph\u1ee5 ki\u1ec7n<\/td>\n<\/tr>\n<tr data-start=\"4005\" data-end=\"4065\">\n<td data-start=\"4005\" data-end=\"4019\" data-col-size=\"sm\">Tr\u1ecdng l\u01b0\u1ee3ng<\/td>\n<td data-col-size=\"sm\" data-start=\"4019\" data-end=\"4034\">Nh\u1eb9, tinh t\u1ebf<\/td>\n<td data-col-size=\"md\" data-start=\"4034\" data-end=\"4065\">C\u1ee9ng v\u1eefng, ch\u1ecbu t\u1ea3i t\u1ed1t h\u01a1n<\/td>\n<\/tr>\n<tr data-start=\"4066\" data-end=\"4160\">\n<td data-start=\"4066\" data-end=\"4082\" data-col-size=\"sm\">T\u00ednh \u1ee9ng d\u1ee5ng<\/td>\n<td data-col-size=\"sm\" data-start=\"4082\" data-end=\"4117\">Trang tr\u00ed \u2013 bi\u1ec3u t\u01b0\u1ee3ng ki\u1ebfn tr\u00fac<\/td>\n<td data-col-size=\"md\" data-start=\"4117\" data-end=\"4160\">V\u1eadn h\u00e0nh th\u1ef1c t\u1ebf \u2013 hi\u1ec7u qu\u1ea3 s\u1eed d\u1ee5ng cao<\/td>\n<\/tr>\n<\/tbody>\n<\/table>\n<\/div>\n<\/div>\n<h3 data-start=\"4167\" data-end=\"4196\"><strong data-start=\"4171\" data-end=\"4196\">6. D\u1ecaCH V\u1ee4 &amp; B\u1ea2O H\u00c0NH<\/strong><\/h3>\n<ul data-start=\"4197\" data-end=\"4428\">\n<li data-start=\"4197\" data-end=\"4239\">\n<p data-start=\"4199\" data-end=\"4239\"><strong data-start=\"4199\" data-end=\"4212\">B\u1ea3o h\u00e0nh:<\/strong>\u00a024 th\u00e1ng ch\u00ednh h\u00e3ng FUJI<\/p>\n<\/li>\n<li data-start=\"4240\" data-end=\"4294\">\n<p data-start=\"4242\" data-end=\"4294\"><strong data-start=\"4242\" data-end=\"4262\">B\u1ea3o tr\u00ec \u0111\u1ecbnh k\u1ef3:<\/strong>\u00a01 l\u1ea7n\/th\u00e1ng ho\u1eb7c theo y\u00eau c\u1ea7u<\/p>\n<\/li>\n<li data-start=\"4295\" data-end=\"4347\">\n<p data-start=\"4297\" data-end=\"4347\"><strong data-start=\"4297\" data-end=\"4331\">\u0110\u1ed9i k\u1ef9 thu\u1eadt chuy\u00ean tr\u00e1ch FUJI<\/strong>\u00a0\u2013 h\u1ed7 tr\u1ee3 24\/7<\/p>\n<\/li>\n<li data-start=\"4348\" data-end=\"4428\">\n<p data-start=\"4350\" data-end=\"4428\"><strong data-start=\"4350\" data-end=\"4393\">Ph\u1ee5 t\u00f9ng \u0111\u1ed3ng b\u1ed9 \u2013 linh ki\u1ec7n ch\u00ednh h\u00e3ng<\/strong>, \u0111\u1ea3m b\u1ea3o tu\u1ed5i th\u1ecd v\u00e0 \u0111\u1ed9 an to\u00e0n.<\/p>\n<\/li>\n<\/ul>\n<h3 data-start=\"4435\" data-end=\"4506\"><strong data-start=\"4442\" data-end=\"4506\">FUJI PANORAMA 02 \u2013 KH\u1eb2NG \u0110\u1ecaNH GI\u00c1 TR\u1eca TRONG T\u1eeaNG CHUY\u1ec2N \u0110\u1ed8NG<\/strong><\/h3>\n<blockquote data-start=\"4507\" data-end=\"4659\">\n<p data-start=\"4509\" data-end=\"4659\">\u201cT\u1ed1i \u01b0u chi ph\u00ed \u2013 N\u00e2ng t\u1ea7m th\u1ea9m m\u1ef9 \u2013 B\u1ec1n b\u1ec9 c\u00f9ng th\u1eddi gian.<br data-start=\"4568\" data-end=\"4571\" \/>FUJI Model 02 \u2013 Phi\u00ean b\u1ea3n to\u00e0n c\u1ea3nh hi\u1ec7n \u0111\u1ea1i, hi\u1ec7u qu\u1ea3 v\u00e0 tinh t\u1ebf cho m\u1ecdi c\u00f4ng tr\u00ecnh.<\/p>\n<\/blockquote>","protected":false},"excerpt":{"rendered":"<ul>\r\n \t<li><strong>\u1798\u17c9\u17b6\u1780\u1799\u17b8\u17a0\u17c4:<\/strong> FUJI \u2013 Japan Technology<\/li>\r\n \t<li><strong>\u1798\u17c9\u17bc\u178a\u17c2\u179b (Model)\u17d6<\/strong> Panorama 02 (Semi-Panoramic Series)<\/li>\r\n \t<li><strong>\u1791\u1798\u17d2\u1784\u1793\u17cb\u1795\u17d2\u1791\u17bb\u1780\u17d6<\/strong> 320 \u2013 800 kg (4\u201310 ng\u01b0\u1eddi)<\/li>\r\n \t<li><strong>T\u1ed1c \u0111\u1ed9:<\/strong> 45 \u2013 60 m\u00e9t\/ph\u00fat<\/li>\r\n \t<li><strong>S\u1ed1 \u0111i\u1ec3m d\u1eebng:<\/strong> 2 \u2013 6 \u1787\u17b6\u1793\u17cb<\/li>\r\n \t<li><strong>\u1794\u17d2\u179a\u1797\u17c1\u1791\u1787\u178e\u17d2\u178f\u17be\u179a\u1799\u1793\u17d2\u178f:<\/strong> Kh\u00f4ng ph\u00f2ng m\u00e1y (MRL) ho\u1eb7c c\u00f3 ph\u00f2ng m\u00e1y (t\u00f9y v\u1ecb tr\u00ed l\u1eafp)<\/li>\r\n \t<li><strong>Ngu\u1ed3n \u0111i\u1ec7n:<\/strong> 1 pha 220V \/ 3 pha 380V<\/li>\r\n \t<li><strong>C\u1eeda m\u1edf:<\/strong> 2 c\u00e1nh t\u1ef1 \u0111\u1ed9ng, c\u1ea3m bi\u1ebfn to\u00e0n ph\u1ea7n FUJI Door Sensor<\/li>\r\n<\/ul>","protected":false},"featured_media":1457,"comment_status":"closed","ping_status":"closed","template":"","meta":{"_acf_changed":false},"product_brand":[],"product_cat":[211],"product_tag":[],"class_list":{"0":"post-2943","1":"product","2":"type-product","3":"status-publish","4":"has-post-thumbnail","6":"product_cat-thang-may-toan-canh","8":"first","9":"instock","10":"shipping-taxable","11":"product-type-simple"},"acf":[],"rankmath_keywords":{"primary":"","secondary":[""]},"yoast_keywords":{"primary":"","secondary":[]},"yoast_focuskw":"","rankmath_focuskw":"","seo_keywords":{"primary":"","secondary":[""]},"_links":{"self":[{"href":"https:\/\/thangmayitaly.com\/km\/wp-json\/wp\/v2\/product\/2943","targetHints":{"allow":["GET"]}}],"collection":[{"href":"https:\/\/thangmayitaly.com\/km\/wp-json\/wp\/v2\/product"}],"about":[{"href":"https:\/\/thangmayitaly.com\/km\/wp-json\/wp\/v2\/types\/product"}],"replies":[{"embeddable":true,"href":"https:\/\/thangmayitaly.com\/km\/wp-json\/wp\/v2\/comments?post=2943"}],"wp:featuredmedia":[{"embeddable":true,"href":"https:\/\/thangmayitaly.com\/km\/wp-json\/wp\/v2\/media\/1457"}],"wp:attachment":[{"href":"https:\/\/thangmayitaly.com\/km\/wp-json\/wp\/v2\/media?parent=2943"}],"wp:term":[{"taxonomy":"product_brand","embeddable":true,"href":"https:\/\/thangmayitaly.com\/km\/wp-json\/wp\/v2\/product_brand?post=2943"},{"taxonomy":"product_cat","embeddable":true,"href":"https:\/\/thangmayitaly.com\/km\/wp-json\/wp\/v2\/product_cat?post=2943"},{"taxonomy":"product_tag","embeddable":true,"href":"https:\/\/thangmayitaly.com\/km\/wp-json\/wp\/v2\/product_tag?post=2943"}],"curies":[{"name":"wp","href":"https:\/\/api.w.org\/{rel}","templated":true}]}}