{"id":1986,"date":"2025-02-14T19:20:21","date_gmt":"2025-02-14T19:20:21","guid":{"rendered":"https:\/\/thangmayitaly.com\/\/index.php\/product\/ty-cap-thang-may-10-0mm\/"},"modified":"2026-03-26T10:07:08","modified_gmt":"2026-03-26T10:07:08","slug":"ty-cap-thang-may-10-0mm","status":"publish","type":"product","link":"https:\/\/thangmayitaly.com\/km\/ty-cap-thang-may-10-0mm\/","title":{"rendered":"\u1782\u17d2\u179a\u17b6\u1794\u17cb\u179a\u17c9\u1784\u1781\u17d2\u179f\u17c2\u1780\u17b6\u1794\u1787\u178e\u17d2\u178f\u17be\u179a\u1799\u1793\u17d2\u178f-10.0MM"},"content":{"rendered":"<p><img fetchpriority=\"high\" decoding=\"async\" class=\"alignnone size-medium wp-image-927 aligncenter\" src=\"https:\/\/thangmayitaly.com\/wp-content\/uploads\/2026\/03\/ty-cap-1-truonganelevator-300x270.jpg\" alt=\"\" width=\"300\" height=\"270\" title=\"\"><\/p>\n<h2 data-sourcepos=\"3:1-3:57\">Ty C\u00e1p Thang M\u00e1y: \u201c\u179f\u17d2\u1796\u17b6\u1793\u201d \u179f\u17bb\u179c\u178f\u17d2\u1790\u17b7\u1797\u17b6\u1796\u179f\u1798\u17d2\u179a\u17b6\u1794\u17cb\u179a\u17b6\u179b\u17cb\u1780\u17b6\u179a\u1792\u17d2\u179c\u17be\u178a\u17c6\u178e\u17be\u179a<\/h2>\n<p data-sourcepos=\"5:1-5:236\">\u1793\u17c5\u1780\u17d2\u1793\u17bb\u1784\u1794\u17d2\u179a\u1796\u17d0\u1793\u17d2\u1792\u1787\u178e\u17d2\u178f\u17be\u179a\u1799\u1793\u17d2\u178f,\u00a0<strong>ty c\u00e1p thang m\u00e1y<\/strong>\u00a0\u178a\u17be\u179a\u178f\u17bd\u1793\u17b6\u1791\u17b8\u1799\u17c9\u17b6\u1784\u179f\u17c6\u1781\u17b6\u1793\u17cb\u1794\u17c6\u1795\u17bb\u178f\u17d4 \u1787\u17b6 \u201c\u179f\u17d2\u1796\u17b6\u1793\u201d \u178f\u1797\u17d2\u1787\u17b6\u1794\u17cb\u179a\u179c\u17b6\u1784\u1780\u17b6\u1794\u17ca\u17b8\u1793 \u1793\u17b7\u1784\u1794\u17d2\u179a\u1796\u17d0\u1793\u17d2\u1792\u1798\u17c9\u17b6\u179f\u17ca\u17b8\u1793\u17a2\u17bc\u179f\u17d4 Ty c\u00e1p \u1798\u17b7\u1793\u178f\u17d2\u179a\u17b9\u1798\u178f\u17c2\u1791\u17d2\u179a\u1791\u1798\u17d2\u1784\u1793\u17cb\u1780\u17b6\u1794\u17ca\u17b8\u1793 \u1793\u17b7\u1784\u17a2\u17d2\u1793\u1780\u1794\u17d2\u179a\u17be\u1794\u17d2\u179a\u17b6\u179f\u17cb\u1794\u17c9\u17bb\u178e\u17d2\u178e\u17c4\u17c7\u1791\u17c1\u17d4 \u1794\u17c9\u17bb\u1793\u17d2\u178f\u17c2\u1790\u17c2\u1798\u1791\u17b6\u17c6\u1784\u1792\u17b6\u1793\u17b6\u1793\u17bc\u179c\u179f\u17bb\u179c\u178f\u17d2\u1790\u17b7\u1797\u17b6\u1796\u178a\u17b6\u1785\u17cb\u1781\u17b6\u178f\u179f\u1798\u17d2\u179a\u17b6\u1794\u17cb\u179a\u17b6\u179b\u17cb\u1780\u17b6\u179a\u1792\u17d2\u179c\u17be\u178a\u17c6\u178e\u17be\u179a\u17d4.<\/p>\n<h3 data-sourcepos=\"7:1-7:27\">\u178f\u17be Ty c\u00e1p thang m\u00e1y \u1782\u17ba\u1787\u17b6\u17a2\u17d2\u179c\u17b8?<\/h3>\n<p data-sourcepos=\"9:1-9:273\">\u1782\u17ba\u1787\u17b6\u1782\u17d2\u179a\u17bf\u1784\u1794\u1793\u17d2\u179b\u17b6\u179f\u17cb\u1798\u17c1\u1780\u17b6\u1793\u17b7\u1785\u1798\u17bd\u1799\u17d4 \u178f\u17d2\u179a\u17bc\u179c\u1794\u17b6\u1793\u179a\u1785\u1793\u17b6\u17a1\u17be\u1784\u178a\u17be\u1798\u17d2\u1794\u17b8\u178f\u1797\u17d2\u1787\u17b6\u1794\u17cb\u1780\u17b6\u1794\u17ca\u17b8\u1793\u1787\u178e\u17d2\u178f\u17be\u179a\u1799\u1793\u17d2\u178f\u1787\u17b6\u1798\u17bd\u1799\u1794\u17d2\u179a\u1796\u17d0\u1793\u17d2\u1792\u1798\u17c9\u17b6\u179f\u17ca\u17b8\u1793\u17a2\u17bc\u179f\u17d4 \u1796\u17bd\u1780\u179c\u17b6\u1798\u17b6\u1793\u1797\u17b6\u179a\u1780\u17b7\u1785\u17d2\u1785\u1791\u17d2\u179a\u1791\u1798\u17d2\u1784\u1793\u17cb\u1780\u17b6\u1794\u17ca\u17b8\u1793 \u1798\u1793\u17bb\u179f\u17d2\u179f \u1793\u17b7\u1784\u1791\u17c6\u1793\u17b7\u1789\u17d4 \u1791\u1793\u17d2\u1791\u17b9\u1798\u1793\u17b9\u1784\u1793\u17c1\u17c7 \u1794\u1789\u17d2\u1787\u17bc\u1793\u1780\u1798\u17d2\u179b\u17b6\u17c6\u1784\u17a2\u17bc\u179f\u1796\u17b8\u1798\u17c9\u17b6\u179f\u17ca\u17b8\u1793\u17a2\u17bc\u179f\u1791\u17c5\u1780\u17b6\u1793\u17cb\u1780\u17b6\u1794\u17ca\u17b8\u1793 \u1787\u17bd\u1799\u17b1\u17d2\u1799\u1787\u178e\u17d2\u178f\u17be\u179a\u1799\u1793\u17d2\u178f\u1795\u17d2\u179b\u17b6\u179f\u17cb\u1791\u17b8\u17a1\u17be\u1784\u1785\u17bb\u17c7\u178a\u17c4\u1799\u179f\u17bb\u179c\u178f\u17d2\u1790\u17b7\u1797\u17b6\u1796 \u1793\u17b7\u1784\u179a\u179b\u17bc\u1793\u17d4.<\/p>\n<h3 data-sourcepos=\"11:1-11:55\">\u179a\u1785\u1793\u17b6\u179f\u1798\u17d2\u1796\u17d0\u1793\u17d2\u1792 \u1793\u17b7\u1784\u1782\u17c4\u179b\u1780\u17b6\u179a\u178e\u17cd\u178a\u17c6\u178e\u17be\u179a\u1780\u17b6\u179a\u1793\u17c3 ty c\u00e1p thang m\u00e1y<\/h3>\n<p data-sourcepos=\"13:1-13:188\">Ty c\u00e1p \u1787\u17b6\u1792\u1798\u17d2\u1798\u178f\u17b6\u178f\u17d2\u179a\u17bc\u179c\u1794\u17b6\u1793\u1795\u179b\u17b7\u178f\u1785\u17c1\u1789\u1796\u17b8\u178a\u17c2\u1780\u1790\u17c2\u1794\u178a\u17c2\u179b\u1798\u17b6\u1793\u1780\u1798\u17d2\u179b\u17b6\u17c6\u1784\u1781\u17d2\u1796\u179f\u17cb \u1798\u17b6\u1793\u179a\u1785\u1793\u17b6\u179f\u1798\u17d2\u1796\u17d0\u1793\u17d2\u1792\u179a\u17bd\u1798\u1798\u17b6\u1793\u179f\u179a\u179f\u17c3\u178a\u17c2\u1780\u178f\u17bc\u1785\u17d7\u1787\u17b6\u1785\u17d2\u179a\u17be\u1793\u178a\u17c2\u179b\u1780\u17d2\u179a\u1784\u1794\u1789\u17d2\u1785\u17bc\u179b\u1782\u17d2\u1793\u17b6\u17d4 \u179a\u1785\u1793\u17b6\u179f\u1798\u17d2\u1796\u17d0\u1793\u17d2\u1792\u1793\u17c1\u17c7\u1787\u17bd\u1799\u17b1\u17d2\u1799 ty c\u00e1p \u1798\u17b6\u1793\u1797\u17b6\u1796\u1792\u1793\u17cb\u1781\u17d2\u1796\u179f\u17cb \u17a2\u17b6\u1785\u1791\u17d2\u179a\u1791\u17d2\u179a\u1784\u17cb\u1791\u1798\u17d2\u1784\u1793\u17cb\u1794\u17b6\u1793\u1785\u17d2\u179a\u17be\u1793 \u1793\u17b7\u1784\u1792\u1793\u17cb\u1793\u17b9\u1784\u1780\u17b6\u179a\u179f\u17b9\u1780\u17d4.<\/p>\n<p data-sourcepos=\"15:1-15:239\">\u1782\u17c4\u179b\u1780\u17b6\u179a\u178e\u17cd\u178a\u17c6\u178e\u17be\u179a\u1780\u17b6\u179a\u179a\u1794\u179f\u17cb ty c\u00e1p \u1782\u17ba\u179f\u17b6\u1798\u1789\u17d2\u1789\u178e\u17b6\u179f\u17cb\u17d4 \u1793\u17c5\u1796\u17c1\u179b\u1798\u17c9\u17b6\u179f\u17ca\u17b8\u1793\u17a2\u17bc\u179f\u178a\u17c6\u178e\u17be\u179a\u1780\u17b6\u179a \u1780\u1798\u17d2\u179b\u17b6\u17c6\u1784\u17a2\u17bc\u179f\u1793\u17b9\u1784\u178f\u17d2\u179a\u17bc\u179c\u1794\u1789\u17d2\u1787\u17bc\u1793\u1791\u17c5\u1780\u17b6\u1794\u17ca\u17b8\u1793\u178f\u17b6\u1798\u179a\u1799\u17c8 ty c\u00e1p\u17d4 Ty c\u00e1p \u1793\u17b9\u1784\u1791\u17d2\u179a\u1791\u1798\u17d2\u1784\u1793\u17cb\u1780\u17b6\u1794\u17ca\u17b8\u1793 \u1793\u17b7\u1784\u17a2\u17d2\u1793\u1780\u1794\u17d2\u179a\u17be\u1794\u17d2\u179a\u17b6\u179f\u17cb \u1796\u17d2\u179a\u1798\u1791\u17b6\u17c6\u1784\u1787\u17bd\u1799\u17b1\u17d2\u1799\u1780\u17b6\u1794\u17ca\u17b8\u1793\u1795\u17d2\u179b\u17b6\u179f\u17cb\u1791\u17b8\u178f\u17b6\u1798\u1791\u17b7\u179f\u178a\u17c5\u17a1\u17be\u1784\u179b\u17be \u17ac\u1785\u17bb\u17c7\u1780\u17d2\u179a\u17c4\u1798\u17d4.<\/p>\n<h3 data-sourcepos=\"17:1-17:43\">\u178f\u17bd\u1793\u17b6\u1791\u17b8\u179f\u17c6\u1781\u17b6\u1793\u17cb\u1793\u17c3 ty c\u00e1p thang m\u00e1y<\/h3>\n<ul data-sourcepos=\"19:1-23:0\">\n<li data-sourcepos=\"19:1-19:203\"><strong>\u1780\u17b6\u179a\u1792\u17b6\u1793\u17b6\u179f\u17bb\u179c\u178f\u17d2\u1790\u17b7\u1797\u17b6\u1796<\/strong>: Ty c\u00e1p \u1782\u17ba\u1787\u17b6\u1795\u17d2\u1793\u17c2\u1780\u1798\u17bd\u1799\u178a\u17cf\u179f\u17c6\u1781\u17b6\u1793\u17cb\u1794\u17c6\u1795\u17bb\u178f\u1793\u17c3\u1787\u178e\u17d2\u178f\u17be\u179a\u1799\u1793\u17d2\u178f \u1792\u17b6\u1793\u17b6\u179f\u17bb\u179c\u178f\u17d2\u1790\u17b7\u1797\u17b6\u1796\u179f\u1798\u17d2\u179a\u17b6\u1794\u17cb\u17a2\u17d2\u1793\u1780\u1794\u17d2\u179a\u17be\u1794\u17d2\u179a\u17b6\u179f\u17cb\u17d4 \u1794\u17d2\u179a\u179f\u17b7\u1793\u1794\u17be ty c\u00e1p \u1781\u17bc\u1785 \u17ac\u178a\u17b6\u1785\u17cb \u179c\u17b6\u17a2\u17b6\u1785\u1794\u1784\u17d2\u1780\u17b1\u17d2\u1799\u1798\u17b6\u1793\u1782\u17d2\u179a\u17c4\u17c7\u1790\u17d2\u1793\u17b6\u1780\u17cb\u1792\u17d2\u1784\u1793\u17cb\u1792\u17d2\u1784\u179a\u17d4.<\/li>\n<li data-sourcepos=\"20:1-20:189\"><strong>\u1780\u17b6\u179a\u1791\u17d2\u179a\u1791\u17d2\u179a\u1784\u17cb\u1791\u1798\u17d2\u1784\u1793\u17cb<\/strong>: Ty c\u00e1p \u178f\u17d2\u179a\u17bc\u179c\u178f\u17c2\u17a2\u17b6\u1785\u1791\u17d2\u179a\u1791\u17d2\u179a\u1784\u17cb\u1791\u1798\u17d2\u1784\u1793\u17cb\u178a\u17cf\u1792\u17c6\u179a\u1794\u179f\u17cb\u1780\u17b6\u1794\u17ca\u17b8\u1793 \u1798\u1793\u17bb\u179f\u17d2\u179f \u1793\u17b7\u1784\u1791\u17c6\u1793\u17b7\u1789\u17d4 \u178a\u17bc\u1785\u17d2\u1793\u17c1\u17c7 \u1780\u17b6\u179a\u1787\u17d2\u179a\u17be\u179f\u179a\u17be\u179f ty c\u00e1p \u178a\u17c2\u179b\u1798\u17b6\u1793\u1782\u17bb\u178e\u1797\u17b6\u1796\u1781\u17d2\u1796\u179f\u17cb \u1798\u17b6\u1793\u179f\u1798\u178f\u17d2\u1790\u1797\u17b6\u1796\u1791\u17d2\u179a\u1791\u1798\u17d2\u1784\u1793\u17cb\u1794\u17b6\u1793\u179b\u17d2\u17a2 \u1782\u17ba\u1798\u17b6\u1793\u179f\u17b6\u179a\u17c8\u179f\u17c6\u1781\u17b6\u1793\u17cb\u1781\u17d2\u179b\u17b6\u17c6\u1784\u178e\u17b6\u179f\u17cb\u17d4.<\/li>\n<li data-sourcepos=\"21:1-21:113\"><strong>\u1780\u17b6\u179a\u1794\u1789\u17d2\u1787\u17bc\u1793\u1780\u1798\u17d2\u179b\u17b6\u17c6\u1784\u17a2\u17bc\u179f<\/strong>: Ty c\u00e1p \u1798\u17b6\u1793\u1797\u17b6\u179a\u1780\u17b7\u1785\u17d2\u1785\u1794\u1789\u17d2\u1787\u17bc\u1793\u1780\u1798\u17d2\u179b\u17b6\u17c6\u1784\u17a2\u17bc\u179f\u1796\u17b8\u1798\u17c9\u17b6\u179f\u17ca\u17b8\u1793\u17a2\u17bc\u179f\u1791\u17c5\u1780\u17b6\u1794\u17ca\u17b8\u1793 \u1787\u17bd\u1799\u17b1\u17d2\u1799\u1787\u178e\u17d2\u178f\u17be\u179a\u1799\u1793\u17d2\u178f\u1795\u17d2\u179b\u17b6\u179f\u17cb\u1791\u17b8\u17d4.<\/li>\n<li data-sourcepos=\"22:1-23:0\"><strong>\u1780\u17b6\u179a\u1780\u17b6\u178f\u17cb\u1794\u1793\u17d2\u1790\u1799\u1780\u17b6\u179a\u1789\u17d0\u179a<\/strong>: Ty c\u00e1p \u1780\u17cf\u1798\u17b6\u1793\u178f\u17bd\u1793\u17b6\u1791\u17b8\u1780\u17b6\u178f\u17cb\u1794\u1793\u17d2\u1790\u1799\u1780\u17b6\u179a\u179a\u17c6\u1789\u17d0\u179a \u1787\u17bd\u1799\u17b1\u17d2\u1799\u1780\u17b6\u1794\u17ca\u17b8\u1793\u1795\u17d2\u179b\u17b6\u179f\u17cb\u1791\u17b8\u1794\u17b6\u1793\u179a\u179b\u17bc\u1793 \u1798\u17b7\u1793\u179a\u1784\u17d2\u1782\u17be\u17d4.<\/li>\n<\/ul>\n<h3 data-sourcepos=\"24:1-24:38\">\u179b\u1780\u17d2\u1781\u178e\u17c8\u179c\u17b7\u1793\u17b7\u1785\u17d2\u1786\u17d0\u1799\u179f\u1798\u17d2\u179a\u17b6\u1794\u17cb\u1780\u17b6\u179a\u1787\u17d2\u179a\u17be\u179f\u179a\u17be\u179f ty c\u00e1p thang m\u00e1y<\/h3>\n<ul data-sourcepos=\"26:1-30:0\">\n<li data-sourcepos=\"26:1-26:104\"><strong>\u179f\u1798\u17d2\u1797\u17b6\u179a\u17c8<\/strong>: \u1782\u17bd\u179a\u1787\u17d2\u179a\u17be\u179f\u179a\u17be\u179f ty c\u00e1p \u178a\u17c2\u179b\u1795\u179b\u17b7\u178f\u1796\u17b8\u178a\u17c2\u1780\u1790\u17c2\u1794\u1798\u17b6\u1793\u1780\u1798\u17d2\u179b\u17b6\u17c6\u1784\u1781\u17d2\u1796\u179f\u17cb \u1798\u17b6\u1793\u1797\u17b6\u1796\u1792\u1793\u17cb \u1793\u17b7\u1784\u179f\u1798\u178f\u17d2\u1790\u1797\u17b6\u1796\u1794\u17d2\u179a\u1786\u17b6\u17c6\u1784\u1793\u17b9\u1784\u1780\u17b6\u179a\u179f\u17b9\u1780\u1794\u17b6\u1793\u179b\u17d2\u17a2\u17d4.<\/li>\n<li data-sourcepos=\"27:1-27:81\"><strong>\u17a2\u1784\u17d2\u1780\u178f\u17cb\u1795\u17d2\u1785\u17b7\u178f<\/strong>: \u17a2\u1784\u17d2\u1780\u178f\u17cb\u1795\u17d2\u1785\u17b7\u178f\u179a\u1794\u179f\u17cb ty c\u00e1p \u178f\u17d2\u179a\u17bc\u179c\u178f\u17c2\u179f\u1798\u179f\u17d2\u179a\u1794\u1791\u17c5\u1793\u17b9\u1784\u1791\u1798\u17d2\u1784\u1793\u17cb\u1795\u17d2\u1791\u17bb\u1780\u179a\u1794\u179f\u17cb\u1787\u178e\u17d2\u178f\u17be\u179a\u1799\u1793\u17d2\u178f\u17d4.<\/li>\n<li data-sourcepos=\"28:1-28:87\"><strong>\u1785\u17c6\u1793\u17bd\u1793\u179f\u179a\u179f\u17c3\u178a\u17c2\u1780<\/strong>: \u1785\u17c6\u1793\u17bd\u1793\u179f\u179a\u179f\u17c3\u178a\u17c2\u1780\u1793\u17c5\u1780\u17d2\u1793\u17bb\u1784 ty c\u00e1p \u1780\u17b6\u1793\u17cb\u178f\u17c2\u1785\u17d2\u179a\u17be\u1793 \u1797\u17b6\u1796\u1792\u1793\u17cb\u1780\u17cf\u1780\u17b6\u1793\u17cb\u178f\u17c2\u1781\u17d2\u1796\u179f\u17cb\u17d4.<\/li>\n<li data-sourcepos=\"29:1-30:0\"><strong>\u1780\u17b6\u179a\u178f\u17d2\u179a\u17bd\u178f\u1796\u17b7\u1793\u17b7\u178f\u17d2\u1799<\/strong>: Ty c\u00e1p \u178f\u17d2\u179a\u17bc\u179c\u178f\u17c2\u178f\u17d2\u179a\u17bc\u179c\u1794\u17b6\u1793\u178f\u17d2\u179a\u17bd\u178f\u1796\u17b7\u1793\u17b7\u178f\u17d2\u1799 \u1793\u17b7\u1784\u1794\u1789\u17d2\u1787\u17b6\u1780\u17cb\u179f\u17bb\u179c\u178f\u17d2\u1790\u17b7\u1797\u17b6\u1796\u178a\u17c4\u1799\u179f\u17d2\u1790\u17b6\u1794\u17d0\u1793\u1798\u17b6\u1793\u179f\u1798\u178f\u17d2\u1790\u1780\u17b7\u1785\u17d2\u1785\u17d4.<\/li>\n<\/ul>\n<h3 data-sourcepos=\"31:1-31:81\">\u1780\u17d2\u179a\u17bb\u1798\u17a0\u17ca\u17bb\u1793 TNHH DVTM Nh\u1eadp Kh\u1ea9u Thang M\u00e1y Italy: \u1785\u17d2\u1794\u17b6\u179f\u17cb\u179b\u17b6\u179f\u17cb \u2013 \u179f\u17bb\u179c\u178f\u17d2\u1790\u17b7\u1797\u17b6\u1796 \u2013 \u1782\u17bb\u178e\u1797\u17b6\u1796<\/h3>\n<p data-sourcepos=\"33:1-33:255\">\u1780\u17d2\u179a\u17bb\u1798\u17a0\u17ca\u17bb\u1793 TNHH DVTM Nh\u1eadp Kh\u1ea9u Thang M\u00e1y Italy\u17d4 \u1782\u17ba\u1787\u17b6\u17a2\u1784\u17d2\u1782\u1797\u17b6\u1796\u1788\u17b6\u1793\u1798\u17bb\u1781\u1782\u17c1\u1780\u17d2\u1793\u17bb\u1784\u179c\u17b7\u179f\u17d0\u1799\u1795\u17d2\u1782\u178f\u17cb\u1795\u17d2\u1782\u1784\u17cb \u1793\u17b7\u1784\u178a\u17c6\u17a1\u17be\u1784\u1787\u178e\u17d2\u178f\u17be\u179a\u1799\u1793\u17d2\u178f\u1793\u17c5\u179c\u17c0\u178f\u178e\u17b6\u1798\u17d4 \u1799\u17be\u1784\u1781\u17d2\u1789\u17bb\u17c6\u1794\u17d2\u178f\u17c1\u1787\u17d2\u1789\u17b6\u1793\u17b6\u17c6\u1798\u1780\u1787\u17bc\u1793\u179b\u17c4\u1780\u17a2\u17d2\u1793\u1780\u1793\u17bc\u179c\u1795\u179b\u17b7\u178f\u1795\u179b ty c\u00e1p thang m\u00e1y \u178a\u17c2\u179b\u1798\u17b6\u1793\u1782\u17bb\u178e\u1797\u17b6\u1796\u1781\u17d2\u1796\u179f\u17cb\u17d4 \u1792\u17b6\u1793\u17b6\u179f\u17bb\u179c\u178f\u17d2\u1790\u17b7\u1797\u17b6\u1796\u178a\u17b6\u1785\u17cb\u1781\u17b6\u178f\u179f\u1798\u17d2\u179a\u17b6\u1794\u17cb\u17a2\u17d2\u1793\u1780\u1794\u17d2\u179a\u17be\u1794\u17d2\u179a\u17b6\u179f\u17cb\u17d4.<\/p>\n<p data-sourcepos=\"35:1-35:246\"><strong>\u201c\u1785\u17d2\u1794\u17b6\u179f\u17cb\u179b\u17b6\u179f\u17cb \u2013 \u179f\u17bb\u179c\u178f\u17d2\u1790\u17b7\u1797\u17b6\u1796 \u2013 \u1782\u17bb\u178e\u1797\u17b6\u1796 \u2013 \u1782\u17ba\u1787\u17b6\u179f\u17bb\u1797\u1798\u1784\u17d2\u1782\u179b\u179a\u1794\u179f\u17cb\u1782\u17d2\u179a\u17bd\u179f\u17b6\u179a\u1793\u17b8\u1798\u17bd\u1799\u17d7 \u2013 \u1787\u17b6\u1780\u17b7\u178f\u17d2\u178f\u17b7\u1799\u179f\u178a\u17c2\u179b\u178f\u17d2\u179a\u17bc\u179c\u1794\u17b6\u1793\u17a2\u178f\u17b7\u1790\u17b7\u1787\u1793\u1787\u17d2\u179a\u17be\u179f\u179a\u17be\u179f\u201d\u17d4.<\/strong>\u00a0\u1782\u17ba\u1787\u17b6\u179b\u1780\u17d2\u1781\u178e\u17c8\u179c\u17b7\u1793\u17b7\u1785\u17d2\u1786\u17d0\u1799\u1793\u17c3\u1794\u17d2\u179a\u178f\u17b7\u1794\u178f\u17d2\u178f\u17b7\u1780\u17b6\u179a\u179a\u1794\u179f\u17cb\u1780\u17d2\u179a\u17bb\u1798\u17a0\u17ca\u17bb\u1793\u1799\u17be\u1784\u1781\u17d2\u1789\u17bb\u17c6\u17d4 \u1799\u17be\u1784\u1781\u17d2\u1789\u17bb\u17c6\u178f\u17c2\u1784\u178f\u17c2\u1781\u17b7\u178f\u1781\u17c6\u1794\u17d2\u179a\u17b9\u1784\u1794\u17d2\u179a\u17c2\u1784\u17a5\u178f\u1788\u1794\u17cb\u1788\u179a\u178a\u17be\u1798\u17d2\u1794\u17b8\u1793\u17b6\u17c6\u1798\u1780\u1787\u17bc\u1793\u179b\u17c4\u1780\u17a2\u17d2\u1793\u1780 \u1793\u17bc\u179c\u1795\u179b\u17b7\u178f\u1795\u179b \u1793\u17b7\u1784\u179f\u17c1\u179c\u17b6\u1780\u1798\u17d2\u1798\u179b\u17d2\u17a2\u1794\u17c6\u1795\u17bb\u178f\u17d4.<\/p>\n<h3 data-sourcepos=\"37:1-37:65\">\u17a0\u17c1\u178f\u17bb\u17a2\u17d2\u179c\u17b8\u1794\u17b6\u1793\u1787\u17b6\u1782\u17bd\u179a\u1787\u17d2\u179a\u17be\u179f\u179a\u17be\u179f\u1780\u17d2\u179a\u17bb\u1798\u17a0\u17ca\u17bb\u1793 TNHH DVTM Nh\u1eadp Kh\u1ea9u Thang M\u00e1y Italy?<\/h3>\n<ul data-sourcepos=\"39:1-44:0\">\n<li data-sourcepos=\"39:1-39:99\"><strong>\u1794\u1791\u1796\u17b7\u179f\u17c4\u1792\u1793\u17cd<\/strong>: \u1799\u17be\u1784\u1781\u17d2\u1789\u17bb\u17c6\u1798\u17b6\u1793\u1794\u1791\u1796\u17b7\u179f\u17c4\u1792\u1793\u17cd\u1787\u17b6\u1785\u17d2\u179a\u17be\u1793\u1786\u17d2\u1793\u17b6\u17c6\u1780\u17d2\u1793\u17bb\u1784\u179c\u17b7\u179f\u17d0\u1799\u1795\u17d2\u1782\u178f\u17cb\u1795\u17d2\u1782\u1784\u17cb \u1793\u17b7\u1784\u178a\u17c6\u17a1\u17be\u1784\u1787\u178e\u17d2\u178f\u17be\u179a\u1799\u1793\u17d2\u178f\u17d4.<\/li>\n<li data-sourcepos=\"40:1-40:120\"><strong>\u1782\u17bb\u178e\u1797\u17b6\u1796<\/strong>: \u1795\u179b\u17b7\u178f\u1795\u179b\u179a\u1794\u179f\u17cb\u1799\u17be\u1784\u1781\u17d2\u1789\u17bb\u17c6\u178f\u17d2\u179a\u17bc\u179c\u1794\u17b6\u1793\u1795\u179b\u17b7\u178f\u17a1\u17be\u1784\u178f\u17b6\u1798\u1781\u17d2\u179f\u17c2\u179f\u1784\u17d2\u179c\u17b6\u1780\u17cb\u1794\u1785\u17d2\u1785\u17c1\u1780\u179c\u17b7\u1791\u17d2\u1799\u17b6\u1791\u17c6\u1793\u17be\u1794 \u1792\u17b6\u1793\u17b6\u1794\u17b6\u1793\u1793\u17bc\u179c\u1782\u17bb\u178e\u1797\u17b6\u1796 \u1793\u17b7\u1784\u1797\u17b6\u1796\u1792\u1793\u17cb\u17d4.<\/li>\n<li data-sourcepos=\"41:1-41:89\"><strong>\u1780\u17d2\u179a\u17bb\u1798\u1780\u17b6\u179a\u1784\u17b6\u179a<\/strong>: \u1780\u17d2\u179a\u17bb\u1798\u1794\u17bb\u1782\u17d2\u1782\u179b\u17b7\u1780\u1787\u17c6\u1793\u17b6\u1789 \u1799\u1780\u1785\u17b7\u178f\u17d2\u178f\u1791\u17bb\u1780\u178a\u17b6\u1780\u17cb \u178f\u17c2\u1784\u178f\u17c2\u178f\u17d2\u179a\u17c0\u1798\u1781\u17d2\u179b\u17bd\u1793\u1787\u17b6\u179f\u17d2\u179a\u17c1\u1785\u178a\u17be\u1798\u17d2\u1794\u17b8\u1794\u1798\u17d2\u179a\u17be\u179b\u17c4\u1780\u17a2\u17d2\u1793\u1780\u17d4.<\/li>\n<li data-sourcepos=\"42:1-42:96\"><strong>\u178f\u1798\u17d2\u179b\u17c3<\/strong>: \u1799\u17be\u1784\u1781\u17d2\u1789\u17bb\u17c6\u1794\u17d2\u178f\u17c1\u1787\u17d2\u1789\u17b6\u1793\u17b6\u17c6\u1798\u1780\u1787\u17bc\u1793\u179b\u17c4\u1780\u17a2\u17d2\u1793\u1780\u1793\u17bc\u179c\u1795\u179b\u17b7\u178f\u1795\u179b\u178a\u17c2\u179b\u1798\u17b6\u1793\u178f\u1798\u17d2\u179b\u17c3\u1794\u17d2\u179a\u1780\u17bd\u178f\u1794\u17d2\u179a\u1787\u17c2\u1784\u1794\u17c6\u1795\u17bb\u178f\u17d4.<\/li>\n<li data-sourcepos=\"43:1-44:0\"><strong>\u179f\u17c1\u179c\u17b6\u1780\u1798\u17d2\u1798<\/strong>: \u1799\u17be\u1784\u1781\u17d2\u1789\u17bb\u17c6\u1795\u17d2\u178f\u179b\u17cb\u179f\u17c1\u179c\u17b6\u1780\u1798\u17d2\u1798\u1792\u17b6\u1793\u17b6 \u1793\u17b7\u1784\u1790\u17c2\u1791\u17b6\u17c6\u1794\u17d2\u179a\u1780\u1794\u178a\u17c4\u1799\u179c\u17b7\u1787\u17d2\u1787\u17b6\u1787\u17b8\u179c\u17c8 \u1792\u17b6\u1793\u17b6\u1790\u17b6\u1787\u178e\u17d2\u178f\u17be\u179a\u1799\u1793\u17d2\u178f\u178f\u17c2\u1784\u178f\u17c2\u178a\u17c6\u178e\u17be\u179a\u1780\u17b6\u179a\u179b\u17d2\u17a2\u17d4.<\/li>\n<\/ul>\n<h3 data-sourcepos=\"45:1-45:11\">\u1791\u17c6\u1793\u17b6\u1780\u17cb\u1791\u17c6\u1793\u1784<\/h3>\n<p>\u179f\u17bc\u1798\u17a2\u179a\u1782\u17bb\u178e\u178a\u179b\u17cb\u179b\u17c4\u1780\u17a2\u17d2\u1793\u1780 \u178a\u17c2\u179b\u1794\u17b6\u1793\u1785\u17c6\u178e\u17b6\u1799\u1796\u17c1\u179b\u179c\u17c1\u179b\u17b6\u178a\u17cf\u1798\u17b6\u1793\u178f\u1798\u17d2\u179b\u17c3\u179a\u1794\u179f\u17cb\u1781\u17d2\u179b\u17bd\u1793\u17a2\u17b6\u1793\u17a2\u178f\u17d2\u1790\u1794\u1791\u179a\u1794\u179f\u17cb\u1799\u17be\u1784\u1781\u17d2\u1789\u17bb\u17c6\u17d4.<\/p>\n<p>\u1791\u17b6\u1780\u17cb\u1791\u1784\u1798\u1780\u1799\u17be\u1784\u1781\u17d2\u1789\u17bb\u17c6\u1797\u17d2\u179b\u17b6\u1798\u17d7 \u178a\u17be\u1798\u17d2\u1794\u17b8\u1791\u1791\u17bd\u179b\u1794\u17b6\u1793\u1780\u17b6\u179a\u1794\u1780\u179f\u17d2\u179a\u17b6\u1799\u1785\u17c6\u1796\u17c4\u17c7\u179f\u17c6\u178e\u17bd\u179a\u1795\u17d2\u179f\u17c1\u1784\u17d7\u179a\u1794\u179f\u17cb\u179b\u17c4\u1780\u17a2\u17d2\u1793\u1780\u17d4.<\/p>\n<p>\u1799\u17be\u1784\u1781\u17d2\u1789\u17bb\u17c6\u178f\u17d2\u179a\u17c0\u1798\u1781\u17d2\u179b\u17bd\u1793\u1787\u17b6\u1793\u17b7\u1785\u17d2\u1785\u178a\u17be\u1798\u17d2\u1794\u17b8\u179a\u17bd\u1798\u178a\u17c6\u178e\u17be\u179a\u1787\u17b6\u1798\u17bd\u1799\u179b\u17c4\u1780\u17a2\u17d2\u1793\u1780\u17d4 \u1793\u17b6\u17c6\u1798\u1780\u1793\u17bc\u179c\u178a\u17c6\u178e\u17c4\u17c7\u179f\u17d2\u179a\u17b6\u1799\u1787\u178e\u17d2\u178f\u17be\u179a\u1799\u1793\u17d2\u178f\u178a\u17cf\u179b\u17d2\u17a2\u1794\u17c6\u1795\u17bb\u178f!<\/p>\n<p><strong>\u1796\u17d0\u178f\u17cc\u1798\u17b6\u1793\u1791\u17c6\u1793\u17b6\u1780\u17cb\u1791\u17c6\u1793\u1784<\/strong>\u00a0\u2013\u00a0<strong>C\u00f4ng ty TNHH DVTM Nh\u1eadp kh\u1ea9u Thang m\u00e1y Italy<\/strong><\/p>\n<p><strong>\u17a2\u17b6\u179f\u1799\u178a\u17d2\u178b\u17b6\u1793\u17d6<\/strong>\u00a0104\/17 \u0110\u01b0\u1eddng 10, P.B\u00ecnh H\u01b0ng H\u00f2a B, Q.B\u00ecnh T\u00e2n, TP.H\u1ed3 Ch\u00ed Minh.<\/p>\n<p><strong>\u1781\u17d2\u179f\u17c2\u1791\u17bc\u179a\u179f\u17d0\u1796\u17d2\u1791\u1794\u1793\u17d2\u1791\u17b6\u1793\u17cb\u17d6<\/strong>\u00a00984.20.23.29 \u2013 0982.88.11.19<\/p>\n<p><strong>\u17a2\u17ca\u17b8\u1798\u17c2\u179b:<\/strong>\u00a0thangmayitalyvn@gmail.com<\/p>\n<p><strong>\u1782\u17c1\u17a0\u1791\u17c6\u1796\u17d0\u179a\u17d6<\/strong>\u00a0italyelevator.com \u2013 thangmayitaly.com \u2013 thangmayy.com \u2013 elevatoritaly.com<\/p>","protected":false},"excerpt":{"rendered":"<h3 data-sourcepos=\"24:1-24:38\">\u179b\u1780\u17d2\u1781\u178e\u17c8\u179c\u17b7\u1793\u17b7\u1785\u17d2\u1786\u17d0\u1799\u179f\u1798\u17d2\u179a\u17b6\u1794\u17cb\u1780\u17b6\u179a\u1787\u17d2\u179a\u17be\u179f\u179a\u17be\u179f ty c\u00e1p thang m\u00e1y<\/h3>\n<ul data-sourcepos=\"26:1-30:0\">\n \t<li data-sourcepos=\"26:1-26:104\"><strong>\u179f\u1798\u17d2\u1797\u17b6\u179a\u17c8<\/strong>: \u1782\u17bd\u179a\u1787\u17d2\u179a\u17be\u179f\u179a\u17be\u179f ty c\u00e1p \u178a\u17c2\u179b\u1795\u179b\u17b7\u178f\u1796\u17b8\u178a\u17c2\u1780\u1790\u17c2\u1794\u1798\u17b6\u1793\u1780\u1798\u17d2\u179b\u17b6\u17c6\u1784\u1781\u17d2\u1796\u179f\u17cb \u1798\u17b6\u1793\u1797\u17b6\u1796\u1792\u1793\u17cb \u1793\u17b7\u1784\u179f\u1798\u178f\u17d2\u1790\u1797\u17b6\u1796\u1794\u17d2\u179a\u1786\u17b6\u17c6\u1784\u1793\u17b9\u1784\u1780\u17b6\u179a\u179f\u17b9\u1780\u1794\u17b6\u1793\u179b\u17d2\u17a2\u17d4.<\/li>\n \t<li data-sourcepos=\"27:1-27:81\"><strong>\u17a2\u1784\u17d2\u1780\u178f\u17cb\u1795\u17d2\u1785\u17b7\u178f<\/strong>: \u17a2\u1784\u17d2\u1780\u178f\u17cb\u1795\u17d2\u1785\u17b7\u178f\u179a\u1794\u179f\u17cb ty c\u00e1p \u178f\u17d2\u179a\u17bc\u179c\u178f\u17c2\u179f\u1798\u179f\u17d2\u179a\u1794\u1791\u17c5\u1793\u17b9\u1784\u1791\u1798\u17d2\u1784\u1793\u17cb\u1795\u17d2\u1791\u17bb\u1780\u179a\u1794\u179f\u17cb\u1787\u178e\u17d2\u178f\u17be\u179a\u1799\u1793\u17d2\u178f\u17d4.<\/li>\n \t<li data-sourcepos=\"28:1-28:87\"><strong>\u1785\u17c6\u1793\u17bd\u1793\u179f\u179a\u179f\u17c3\u178a\u17c2\u1780<\/strong>: \u1785\u17c6\u1793\u17bd\u1793\u179f\u179a\u179f\u17c3\u178a\u17c2\u1780\u1793\u17c5\u1780\u17d2\u1793\u17bb\u1784 ty c\u00e1p \u1780\u17b6\u1793\u17cb\u178f\u17c2\u1785\u17d2\u179a\u17be\u1793 \u1797\u17b6\u1796\u1792\u1793\u17cb\u1780\u17cf\u1780\u17b6\u1793\u17cb\u178f\u17c2\u1781\u17d2\u1796\u179f\u17cb\u17d4.<\/li>\n \t<li data-sourcepos=\"29:1-30:0\"><strong>\u1780\u17b6\u179a\u178f\u17d2\u179a\u17bd\u178f\u1796\u17b7\u1793\u17b7\u178f\u17d2\u1799<\/strong>: Ty c\u00e1p \u178f\u17d2\u179a\u17bc\u179c\u178f\u17c2\u178f\u17d2\u179a\u17bc\u179c\u1794\u17b6\u1793\u178f\u17d2\u179a\u17bd\u178f\u1796\u17b7\u1793\u17b7\u178f\u17d2\u1799 \u1793\u17b7\u1784\u1794\u1789\u17d2\u1787\u17b6\u1780\u17cb\u179f\u17bb\u179c\u178f\u17d2\u1790\u17b7\u1797\u17b6\u1796\u178a\u17c4\u1799\u179f\u17d2\u1790\u17b6\u1794\u17d0\u1793\u1798\u17b6\u1793\u179f\u1798\u178f\u17d2\u1790\u1780\u17b7\u1785\u17d2\u1785\u17d4.<\/li>\n<\/ul>","protected":false},"featured_media":1982,"comment_status":"open","ping_status":"open","template":"","meta":{"_acf_changed":false},"product_brand":[],"product_cat":[149],"product_tag":[150,151,152,153],"class_list":{"0":"post-1986","1":"product","2":"type-product","3":"status-publish","4":"has-post-thumbnail","6":"product_cat-ty-thang-may","7":"product_tag-ty","8":"product_tag-ty-cap","9":"product_tag-ty-cap-thang","10":"product_tag-ty-cap-thang-may","12":"first","13":"instock","14":"shipping-taxable","15":"purchasable","16":"product-type-simple"},"acf":[],"rankmath_keywords":{"primary":"","secondary":[""]},"yoast_keywords":{"primary":"","secondary":[]},"yoast_focuskw":"","rankmath_focuskw":"","seo_keywords":{"primary":"","secondary":[""]},"_links":{"self":[{"href":"https:\/\/thangmayitaly.com\/km\/wp-json\/wp\/v2\/product\/1986","targetHints":{"allow":["GET"]}}],"collection":[{"href":"https:\/\/thangmayitaly.com\/km\/wp-json\/wp\/v2\/product"}],"about":[{"href":"https:\/\/thangmayitaly.com\/km\/wp-json\/wp\/v2\/types\/product"}],"replies":[{"embeddable":true,"href":"https:\/\/thangmayitaly.com\/km\/wp-json\/wp\/v2\/comments?post=1986"}],"wp:featuredmedia":[{"embeddable":true,"href":"https:\/\/thangmayitaly.com\/km\/wp-json\/wp\/v2\/media\/1982"}],"wp:attachment":[{"href":"https:\/\/thangmayitaly.com\/km\/wp-json\/wp\/v2\/media?parent=1986"}],"wp:term":[{"taxonomy":"product_brand","embeddable":true,"href":"https:\/\/thangmayitaly.com\/km\/wp-json\/wp\/v2\/product_brand?post=1986"},{"taxonomy":"product_cat","embeddable":true,"href":"https:\/\/thangmayitaly.com\/km\/wp-json\/wp\/v2\/product_cat?post=1986"},{"taxonomy":"product_tag","embeddable":true,"href":"https:\/\/thangmayitaly.com\/km\/wp-json\/wp\/v2\/product_tag?post=1986"}],"curies":[{"name":"wp","href":"https:\/\/api.w.org\/{rel}","templated":true}]}}