{"id":1978,"date":"2025-02-14T18:42:17","date_gmt":"2025-02-14T18:42:17","guid":{"rendered":"https:\/\/thangmayitaly.com\/\/index.php\/product\/governor-duoi-cabin-thang-may-0-5m-s\/"},"modified":"2026-03-26T10:07:03","modified_gmt":"2026-03-26T10:07:03","slug":"governor-duoi-cabin-thang-may-0-5m-s","status":"publish","type":"product","link":"https:\/\/thangmayitaly.com\/km\/governor-duoi-cabin-thang-may-0-5m-s\/","title":{"rendered":"GOVERNOR \u1780\u17d2\u179a\u17c4\u1798 CABIN \u1787\u178e\u17d2\u178a\u17be\u179a\u1799\u1793\u17d2\u178f 0.5M\/S"},"content":{"rendered":"<p><img fetchpriority=\"high\" decoding=\"async\" class=\"alignnone size-medium wp-image-925 aligncenter\" src=\"https:\/\/thangmayitaly.com\/wp-content\/uploads\/2026\/03\/Gov-DUOI-300x300.jpg\" alt=\"\" width=\"300\" height=\"300\" title=\"\"><\/p>\n<h2><strong>Governor \u1780\u17d2\u179a\u17c4\u1798 Cabin \u1787\u178e\u17d2\u178a\u17be\u179a\u1799\u1793\u17d2\u178f\u17d6 \u1782\u17d2\u179a\u17bf\u1784\u1794\u1793\u17d2\u179b\u17b6\u179f\u17cb\u179f\u17bb\u179c\u178f\u17d2\u1790\u17b7\u1797\u17b6\u1796\u178a\u17c2\u179b\u1798\u17b7\u1793\u17a2\u17b6\u1785\u1781\u17d2\u179c\u17c7\u1794\u17b6\u1793<\/strong><\/h2>\n<p>\u1793\u17c5\u1780\u17d2\u1793\u17bb\u1784\u1794\u17d2\u179a\u1796\u17d0\u1793\u17d2\u1792\u1787\u178e\u17d2\u178f\u17be\u179a\u1799\u1793\u17d2\u178f,\u00a0<strong>governor-\u1780\u17d2\u179a\u17c4\u1798-cabin-\u1787\u178e\u17d2\u178a\u17be\u179a\u1799\u1793\u17d2\u178f<\/strong>\u00a0\u178a\u17be\u179a\u178f\u17bd\u1793\u17b6\u1791\u17b8\u1799\u17c9\u17b6\u1784\u179f\u17c6\u1781\u17b6\u1793\u17cb\u1794\u17c6\u1795\u17bb\u178f \u1792\u17b6\u1793\u17b6\u179f\u17bb\u179c\u178f\u17d2\u1790\u17b7\u1797\u17b6\u1796\u178a\u17b6\u1785\u17cb\u1781\u17b6\u178f\u179f\u1798\u17d2\u179a\u17b6\u1794\u17cb\u17a2\u17d2\u1793\u1780\u1794\u17d2\u179a\u17be\u1794\u17d2\u179a\u17b6\u179f\u17cb\u17d4 \u1793\u17c1\u17c7\u1782\u17ba\u1787\u17b6\u1795\u17d2\u1793\u17c2\u1780\u1798\u17c1\u1780\u17b6\u1793\u17b7\u1785\u178a\u17cf\u179f\u17d2\u1798\u17bb\u1782\u179f\u17d2\u1798\u17b6\u1789\u1798\u17bd\u1799 \u178a\u17c2\u179b\u1798\u17b6\u1793\u1798\u17bb\u1781\u1784\u17b6\u179a\u1782\u17d2\u179a\u1794\u17cb\u1782\u17d2\u179a\u1784\u179b\u17d2\u1794\u17bf\u1793 \u1793\u17b7\u1784\u1792\u17d2\u179c\u17be\u17b1\u17d2\u1799\u1794\u17d2\u179a\u1796\u17d0\u1793\u17d2\u1792\u17a0\u17d2\u179c\u17d2\u179a\u17b6\u17c6\u1784\u1794\u1793\u17d2\u1791\u17b6\u1793\u17cb\u178a\u17c6\u178e\u17be\u179a\u1780\u17b6\u179a \u1793\u17c5\u1796\u17c1\u179b\u1787\u178e\u17d2\u178a\u17be\u179a\u1799\u1793\u17d2\u178f\u179b\u17be\u179f\u179b\u17d2\u1794\u17bf\u1793\u178a\u17c2\u179b\u1794\u17b6\u1793\u1780\u17c6\u178e\u178f\u17cb\u17d4.<\/p>\n<h3><strong>\u178f\u17be Governor \u1780\u17d2\u179a\u17c4\u1798 cabin \u1787\u178e\u17d2\u178a\u17be\u179a\u1799\u1793\u17d2\u178f\u1782\u17ba\u1787\u17b6\u17a2\u17d2\u179c\u17b8?<\/strong><\/h3>\n<p>Governor \u1780\u17d2\u179a\u17c4\u1798 cabin \u1787\u178e\u17d2\u178a\u17be\u179a\u1799\u1793\u17d2\u178f \u17ac\u17a0\u17c5\u1798\u17d2\u1799\u17c9\u17b6\u1784\u1791\u17c0\u178f\u1790\u17b6 \u17a7\u1794\u1780\u179a\u178e\u17cd\u1794\u1789\u17d2\u1787\u17b6\u179b\u17d2\u1794\u17bf\u1793 \u1782\u17ba\u1787\u17b6\u17a7\u1794\u1780\u179a\u178e\u17cd\u179f\u17bb\u179c\u178f\u17d2\u1790\u17b7\u1797\u17b6\u1796\u178a\u17c2\u179b\u178f\u17d2\u179a\u17bc\u179c\u1794\u17b6\u1793\u179a\u1785\u1793\u17b6\u17a1\u17be\u1784\u178a\u17be\u1798\u17d2\u1794\u17b8\u178f\u17d2\u179a\u17bd\u178f\u1796\u17b7\u1793\u17b7\u178f\u17d2\u1799\u179b\u17d2\u1794\u17bf\u1793\u179a\u1794\u179f\u17cb cabin \u1787\u178e\u17d2\u178a\u17be\u179a\u1799\u1793\u17d2\u178f\u17d4 \u1793\u17c5\u1796\u17c1\u179b\u179b\u17d2\u1794\u17bf\u1793\u179b\u17be\u179f\u1796\u17b8\u178a\u17c2\u1793\u1780\u17c6\u178e\u178f\u17cb\u179f\u17bb\u179c\u178f\u17d2\u1790\u17b7\u1797\u17b6\u1796 governor \u1793\u17b9\u1784\u1792\u17d2\u179c\u17be\u17b1\u17d2\u1799\u1794\u17d2\u179a\u1796\u17d0\u1793\u17d2\u1792\u17a0\u17d2\u179c\u17d2\u179a\u17b6\u17c6\u1784\u1798\u17c1\u1780\u17b6\u1793\u17b7\u1785\u178a\u17c6\u178e\u17be\u179a\u1780\u17b6\u179a \u1787\u17bd\u1799\u17b1\u17d2\u1799\u1787\u178e\u17d2\u178a\u17be\u179a\u1799\u1793\u17d2\u178f\u1788\u1794\u17cb\u178a\u17c4\u1799\u179f\u17bb\u179c\u178f\u17d2\u1790\u17b7\u1797\u17b6\u1796 \u1793\u17b7\u1784\u179a\u179b\u17bc\u1793\u17d4.<\/p>\n<h3><strong>\u179a\u1785\u1793\u17b6\u179f\u1798\u17d2\u1796\u17d0\u1793\u17d2\u1792 \u1793\u17b7\u1784\u1782\u17c4\u179b\u1780\u17b6\u179a\u178e\u17cd\u178a\u17c6\u178e\u17be\u179a\u1780\u17b6\u179a\u179a\u1794\u179f\u17cb governor \u1780\u17d2\u179a\u17c4\u1798 cabin \u1787\u178e\u17d2\u178a\u17be\u179a\u1799\u1793\u17d2\u178f<\/strong><\/h3>\n<p>Governor \u1780\u17d2\u179a\u17c4\u1798 cabin \u1787\u178e\u17d2\u178a\u17be\u179a\u1799\u1793\u17d2\u178f\u179a\u17bd\u1798\u1798\u17b6\u1793\u1795\u17d2\u1793\u17c2\u1780\u1787\u17b6\u1785\u17d2\u179a\u17be\u1793 \u178a\u17bc\u1785\u1787\u17b6\u17d6<\/p>\n<ul>\n<li><strong>\u1780\u1784\u17cb\u179c\u17b7\u179b\u1780\u1798\u17d2\u179b\u17b6\u17c6\u1784\u1785\u17b6\u1780\u1795\u17d2\u1785\u17b7\u178f<\/strong>\u17d6 \u1795\u17d2\u1793\u17c2\u1780\u1793\u17c1\u17c7\u179c\u17b7\u179b\u1793\u17c5\u1796\u17c1\u179b cabin \u1795\u17d2\u179b\u17b6\u179f\u17cb\u1791\u17b8\u17d4.<\/li>\n<li><strong>\u179a\u17c9\u17ba\u179f\u17d0\u179a (L\u00f2 xo)<\/strong>\u17d6 \u179a\u17c9\u17ba\u179f\u17d0\u179a\u1798\u17b6\u1793\u1797\u17b6\u179a\u1780\u17b7\u1785\u17d2\u1785\u179a\u1780\u17d2\u179f\u17b6\u1780\u1784\u17cb\u179c\u17b7\u179b\u1780\u1798\u17d2\u179b\u17b6\u17c6\u1784\u1785\u17b6\u1780\u1795\u17d2\u1785\u17b7\u178f\u17b1\u17d2\u1799\u179f\u17d2\u1790\u17b7\u178f\u1780\u17d2\u1793\u17bb\u1784\u179f\u17d2\u1790\u17b6\u1793\u1797\u17b6\u1796\u178f\u17bb\u179b\u17d2\u1799\u1797\u17b6\u1796 \u1793\u17c5\u1796\u17c1\u179b\u179b\u17d2\u1794\u17bf\u1793\u1787\u178e\u17d2\u178a\u17be\u179a\u1799\u1793\u17d2\u178f\u1792\u1798\u17d2\u1798\u178f\u17b6\u17d4.<\/li>\n<li><strong>\u1799\u1793\u17d2\u178f\u1780\u17b6\u179a\u1792\u17d2\u179c\u17be\u17b1\u17d2\u1799\u17a0\u17d2\u179c\u17d2\u179a\u17b6\u17c6\u1784\u178a\u17c6\u178e\u17be\u179a\u1780\u17b6\u179a<\/strong>\u17d6 \u1793\u17c5\u1796\u17c1\u179b\u179b\u17d2\u1794\u17bf\u1793\u1787\u178e\u17d2\u178a\u17be\u179a\u1799\u1793\u17d2\u178f\u179b\u17be\u179f\u1796\u17b8\u178a\u17c2\u1793\u1780\u17c6\u178e\u178f\u17cb \u1780\u1798\u17d2\u179b\u17b6\u17c6\u1784\u1785\u17b6\u1780\u1795\u17d2\u1785\u17b7\u178f\u1793\u17b9\u1784\u1788\u17d2\u1793\u17c7\u1780\u1798\u17d2\u179b\u17b6\u17c6\u1784\u179a\u17c9\u17ba\u179f\u17d0\u179a \u178a\u17c4\u1799\u1792\u17d2\u179c\u17be\u17b1\u17d2\u1799\u1799\u1793\u17d2\u178f\u1780\u17b6\u179a\u1793\u17c1\u17c7\u178a\u17c6\u178e\u17be\u179a\u1780\u17b6\u179a\u17d4.<\/li>\n<li><strong>\u1781\u17d2\u179f\u17c2\u179a\u1780\u17b6\u1794 governor<\/strong>\u17d6 \u1781\u17d2\u179f\u17c2\u179a\u1780\u17b6\u1794\u1793\u17c1\u17c7\u1797\u17d2\u1787\u17b6\u1794\u17cb governor \u1791\u17c5\u1793\u17b9\u1784\u1794\u17d2\u179a\u1796\u17d0\u1793\u17d2\u1792\u17a0\u17d2\u179c\u17d2\u179a\u17b6\u17c6\u1784\u1798\u17c1\u1780\u17b6\u1793\u17b7\u1785\u179a\u1794\u179f\u17cb\u1787\u178e\u17d2\u178a\u17be\u179a\u1799\u1793\u17d2\u178f\u17d4.<\/li>\n<\/ul>\n<p>\u1793\u17c5\u1796\u17c1\u179b\u1787\u178e\u17d2\u178a\u17be\u179a\u1799\u1793\u17d2\u178f\u1795\u17d2\u179b\u17b6\u179f\u17cb\u1791\u17b8\u1780\u17d2\u1793\u17bb\u1784\u179b\u17d2\u1794\u17bf\u1793\u1792\u1798\u17d2\u1798\u178f\u17b6 \u1780\u1784\u17cb\u179c\u17b7\u179b\u1780\u1798\u17d2\u179b\u17b6\u17c6\u1784\u1785\u17b6\u1780\u1795\u17d2\u1785\u17b7\u178f\u179c\u17b7\u179b\u179f\u17d2\u1798\u17be\u1782\u17d2\u1793\u17b6 \u1780\u1798\u17d2\u179b\u17b6\u17c6\u1784\u1785\u17b6\u1780\u1795\u17d2\u1785\u17b7\u178f\u1798\u17b6\u1793\u178f\u17bb\u179b\u17d2\u1799\u1797\u17b6\u1796\u1787\u17b6\u1798\u17bd\u1799\u1780\u1798\u17d2\u179b\u17b6\u17c6\u1784\u179a\u17c9\u17ba\u179f\u17d0\u179a\u17d4 \u1794\u17d2\u179a\u179f\u17b7\u1793\u1794\u17be\u179b\u17d2\u1794\u17bf\u1793\u1787\u178e\u17d2\u178a\u17be\u179a\u1799\u1793\u17d2\u178f\u1780\u17be\u1793\u17a1\u17be\u1784\u179b\u17bf\u1793\u1796\u17c1\u1780 \u1780\u1798\u17d2\u179b\u17b6\u17c6\u1784\u1785\u17b6\u1780\u1795\u17d2\u1785\u17b7\u178f\u1793\u17b9\u1784\u1792\u17c6\u1787\u17b6\u1784\u1780\u1798\u17d2\u179b\u17b6\u17c6\u1784\u179a\u17c9\u17ba\u179f\u17d0\u179a \u1792\u17d2\u179c\u17be\u17b1\u17d2\u1799\u1780\u1784\u17cb\u179c\u17b7\u179b\u1780\u1798\u17d2\u179b\u17b6\u17c6\u1784\u1785\u17b6\u1780\u1795\u17d2\u1785\u17b7\u178f\u179a\u17c6\u1780\u17b7\u179b \u1791\u17b6\u1789\u1781\u17d2\u179f\u17c2\u179a\u1780\u17b6\u1794 governor \u1793\u17b7\u1784\u1792\u17d2\u179c\u17be\u17b1\u17d2\u1799\u1794\u17d2\u179a\u1796\u17d0\u1793\u17d2\u1792\u17a0\u17d2\u179c\u17d2\u179a\u17b6\u17c6\u1784\u1798\u17c1\u1780\u17b6\u1793\u17b7\u1785\u178a\u17c6\u178e\u17be\u179a\u1780\u17b6\u179a\u17d4.<\/p>\n<h3><strong>\u178f\u17bd\u1793\u17b6\u1791\u17b8\u179f\u17c6\u1781\u17b6\u1793\u17cb\u179a\u1794\u179f\u17cb governor \u1780\u17d2\u179a\u17c4\u1798 cabin \u1787\u178e\u17d2\u178a\u17be\u179a\u1799\u1793\u17d2\u178f<\/strong><\/h3>\n<ul>\n<li><strong>\u1780\u17b6\u179a\u1792\u17b6\u1793\u17b6\u179f\u17bb\u179c\u178f\u17d2\u1790\u17b7\u1797\u17b6\u1796<\/strong>\u17d6 Governor \u1780\u17d2\u179a\u17c4\u1798 cabin \u1787\u178e\u17d2\u178a\u17be\u179a\u1799\u1793\u17d2\u178f \u1782\u17ba\u1787\u17b6\u17a7\u1794\u1780\u179a\u178e\u17cd\u179f\u17bb\u179c\u178f\u17d2\u1790\u17b7\u1797\u17b6\u1796\u178a\u17cf\u179f\u17c6\u1781\u17b6\u1793\u17cb\u1794\u17c6\u1795\u17bb\u178f\u1798\u17bd\u1799\u179a\u1794\u179f\u17cb\u1787\u178e\u17d2\u178a\u17be\u179a\u1799\u1793\u17d2\u178f\u17d4 \u1787\u17bd\u1799\u1794\u1784\u17d2\u1780\u17b6\u179a\u1782\u17d2\u179a\u17c4\u17c7\u1790\u17d2\u1793\u17b6\u1780\u17cb\u178a\u17c2\u179b\u1794\u178e\u17d2\u178a\u17b6\u179b\u1798\u1780\u1796\u17b8\u1787\u178e\u17d2\u178a\u17be\u179a\u1799\u1793\u17d2\u178f\u179a\u178f\u17cb\u179b\u17be\u179f\u179b\u17d2\u1794\u17bf\u1793\u1780\u17c6\u178e\u178f\u17cb\u17d4.<\/li>\n<li><strong>\u1780\u17b6\u179a\u1796\u17b6\u179a\u17a2\u17d2\u1793\u1780\u1794\u17d2\u179a\u17be\u1794\u17d2\u179a\u17b6\u179f\u17cb<\/strong>\u17d6 \u1793\u17c5\u1796\u17c1\u179b governor \u178a\u17c6\u178e\u17be\u179a\u1780\u17b6\u179a \u1787\u178e\u17d2\u178a\u17be\u179a\u1799\u1793\u17d2\u178f\u1793\u17b9\u1784\u1788\u1794\u17cb\u178a\u17c4\u1799\u179f\u17bb\u179c\u178f\u17d2\u1790\u17b7\u1797\u17b6\u1796\u17d4 \u1780\u17b6\u179a\u1796\u17b6\u179a\u17a2\u17b6\u1799\u17bb\u1787\u17b8\u179c\u17b7\u178f \u1793\u17b7\u1784\u1791\u17d2\u179a\u1796\u17d2\u1799\u179f\u1798\u17d2\u1794\u178f\u17d2\u178f\u17b7\u179a\u1794\u179f\u17cb\u17a2\u17d2\u1793\u1780\u1794\u17d2\u179a\u17be\u1794\u17d2\u179a\u17b6\u179f\u17cb\u17d4.<\/li>\n<li><strong>\u1780\u17b6\u179a\u17a2\u1793\u17bb\u179b\u17c4\u1798\u178f\u17b6\u1798\u1794\u1791\u1794\u17d2\u1794\u1789\u17d2\u1789\u178f\u17d2\u178f\u17b7<\/strong>\u17d6 Governor \u1780\u17d2\u179a\u17c4\u1798 cabin \u1787\u178e\u17d2\u178a\u17be\u179a\u1799\u1793\u17d2\u178f \u1782\u17ba\u1787\u17b6\u178f\u1798\u17d2\u179a\u17bc\u179c\u1780\u17b6\u179a\u1785\u17b6\u17c6\u1794\u17b6\u1785\u17cb\u17d4 \u1799\u17c4\u1784\u178f\u17b6\u1798\u1794\u1791\u1794\u17d2\u1794\u1789\u17d2\u1789\u178f\u17d2\u178f\u17b7\u179f\u17bb\u179c\u178f\u17d2\u1790\u17b7\u1797\u17b6\u1796\u179a\u1794\u179f\u17cb\u179a\u178a\u17d2\u178b\u179f\u1798\u17d2\u179a\u17b6\u1794\u17cb\u1787\u178e\u17d2\u178a\u17be\u179a\u1799\u1793\u17d2\u178f\u17d4.<\/li>\n<\/ul>\n<h3><strong>\u179b\u1780\u17d2\u1781\u178e\u17c8\u179c\u17b7\u1793\u17b7\u1785\u17d2\u1786\u17d0\u1799\u1780\u17d2\u1793\u17bb\u1784\u1780\u17b6\u179a\u1787\u17d2\u179a\u17be\u179f\u179a\u17be\u179f governor \u1787\u178e\u17d2\u178a\u17be\u179a\u1799\u1793\u17d2\u178f<\/strong><\/h3>\n<ul>\n<li><strong>\u1782\u17bb\u178e\u1797\u17b6\u1796<\/strong>\u17d6 \u1782\u17bd\u179a\u1787\u17d2\u179a\u17be\u179f\u179a\u17be\u179f governor \u1796\u17b8\u1780\u17d2\u179a\u17bb\u1798\u17a0\u17ca\u17bb\u1793\u1795\u179b\u17b7\u178f\u178a\u17c2\u179b\u1798\u17b6\u1793\u1780\u17c1\u179a\u17d2\u178f\u17b7\u17cd\u1788\u17d2\u1798\u17c4\u17c7 \u1793\u17b7\u1784\u1798\u17b6\u1793\u1798\u17c9\u17b6\u1780\u1799\u17b8\u17a0\u17c4\u1793\u17c5\u179b\u17be\u1791\u17b8\u1795\u17d2\u179f\u17b6\u179a\u17d4.<\/li>\n<li><strong>\u1794\u17c9\u17b6\u179a\u17c9\u17b6\u1798\u17c9\u17c2\u178f\u17d2\u179a\u1794\u1785\u17d2\u1785\u17c1\u1780\u1791\u17c1\u179f<\/strong>\u17d6 Governor \u178f\u17d2\u179a\u17bc\u179c\u178f\u17c2\u179f\u1798\u179f\u17d2\u179a\u1794\u1793\u17b9\u1784\u1791\u1798\u17d2\u1784\u1793\u17cb\u1795\u17d2\u1791\u17bb\u1780 \u179b\u17d2\u1794\u17bf\u1793 \u1793\u17b7\u1784\u1794\u17d2\u179a\u1797\u17c1\u1791\u1787\u178e\u17d2\u178a\u17be\u179a\u1799\u1793\u17d2\u178f\u17d4.<\/li>\n<li><strong>\u1780\u17b6\u179a\u178f\u17d2\u179a\u17bd\u178f\u1796\u17b7\u1793\u17b7\u178f\u17d2\u1799<\/strong>\u17d6 Governor \u178f\u17d2\u179a\u17bc\u179c\u178f\u17c2\u178f\u17d2\u179a\u17bc\u179c\u1794\u17b6\u1793\u178f\u17d2\u179a\u17bd\u178f\u1796\u17b7\u1793\u17b7\u178f\u17d2\u1799 \u1793\u17b7\u1784\u1794\u1789\u17d2\u1787\u17b6\u1780\u17cb\u179f\u17bb\u179c\u178f\u17d2\u1790\u17b7\u1797\u17b6\u1796\u178a\u17c4\u1799\u179f\u17d2\u1790\u17b6\u1794\u17d0\u1793\u1798\u17b6\u1793\u179f\u1798\u178f\u17d2\u1790\u1780\u17b7\u1785\u17d2\u1785\u17d4.<\/li>\n<\/ul>\n<h3><strong>C\u00f4ng ty TNHH Nh\u1eadp kh\u1ea9u Thang m\u00e1y Italy: Ch\u00ednh x\u00e1c \u2013 An to\u00e0n \u2013 Ch\u1ea5t l\u01b0\u1ee3ng<\/strong><\/h3>\n<p>C\u00f4ng ty TNHH Nh\u1eadp kh\u1ea9u Thang m\u00e1y Italy. L\u00e0 \u0111\u01a1n v\u1ecb h\u00e0ng \u0111\u1ea7u trong l\u0129nh v\u1ef1c cung c\u1ea5p v\u00e0 l\u1eafp \u0111\u1eb7t thang m\u00e1y t\u1ea1i Vi\u1ec7t Nam. Ch\u00fang t\u00f4i cam k\u1ebft mang \u0111\u1ebfn cho qu\u00fd kh\u00e1ch. Nh\u1eefng s\u1ea3n ph\u1ea9m governor thang m\u00e1y ch\u1ea5t l\u01b0\u1ee3ng cao. \u0110\u1ea3m b\u1ea3o an to\u00e0n tuy\u1ec7t \u0111\u1ed1i cho ng\u01b0\u1eddi s\u1eed d\u1ee5ng.<\/p>\n<p><strong>\u201c\u1785\u17d2\u1794\u17b6\u179f\u17cb\u179b\u17b6\u179f\u17cb \u2013 \u179f\u17bb\u179c\u178f\u17d2\u1790\u17b7\u1797\u17b6\u1796 \u2013 \u1782\u17bb\u178e\u1797\u17b6\u1796 \u2013 \u1782\u17ba\u1787\u17b6\u179f\u17bb\u1797\u1798\u1784\u17d2\u1782\u179b\u179a\u1794\u179f\u17cb\u1782\u17d2\u179a\u17bd\u179f\u17b6\u179a\u1793\u17b8\u1798\u17bd\u1799\u17d7 \u2013 \u1787\u17b6\u1780\u17b7\u178f\u17d2\u178f\u17b7\u1799\u179f\u178a\u17c2\u179b\u178f\u17d2\u179a\u17bc\u179c\u1794\u17b6\u1793\u17a2\u178f\u17b7\u1790\u17b7\u1787\u1793\u1787\u17d2\u179a\u17be\u179f\u179a\u17be\u179f\u201d\u17d4.<\/strong>\u00a0\u1782\u17ba\u1787\u17b6\u179b\u1780\u17d2\u1781\u178e\u17c8\u179c\u17b7\u1793\u17b7\u1785\u17d2\u1786\u17d0\u1799\u1793\u17c3\u179f\u1780\u1798\u17d2\u1798\u1797\u17b6\u1796\u179a\u1794\u179f\u17cb\u1780\u17d2\u179a\u17bb\u1798\u17a0\u17ca\u17bb\u1793\u1799\u17be\u1784\u1781\u17d2\u1789\u17bb\u17c6\u17d4 \u1799\u17be\u1784\u1781\u17d2\u1789\u17bb\u17c6\u178f\u17c2\u1784\u178f\u17c2\u1781\u17b7\u178f\u1781\u17c6\u1794\u17d2\u179a\u17b9\u1784\u1794\u17d2\u179a\u17c2\u1784\u17a5\u178f\u1788\u1794\u17cb\u1788\u179a \u178a\u17be\u1798\u17d2\u1794\u17b8\u1793\u17b6\u17c6\u1798\u1780\u1787\u17bc\u1793\u179b\u17c4\u1780\u17a2\u17d2\u1793\u1780\u1793\u17bc\u179c\u1795\u179b\u17b7\u178f\u1795\u179b \u1793\u17b7\u1784\u179f\u17c1\u179c\u17b6\u1780\u1798\u17d2\u1798\u179b\u17d2\u17a2\u1794\u17c6\u1795\u17bb\u178f\u17d4.<\/p>\n<h3><strong>T\u1ea1i sao n\u00ean ch\u1ecdn C\u00f4ng ty TNHH Nh\u1eadp kh\u1ea9u Thang m\u00e1y Italy?<\/strong><\/h3>\n<ul>\n<li><strong>\u1794\u1791\u1796\u17b7\u179f\u17c4\u1792\u1793\u17cd<\/strong>: \u1799\u17be\u1784\u1781\u17d2\u1789\u17bb\u17c6\u1798\u17b6\u1793\u1794\u1791\u1796\u17b7\u179f\u17c4\u1792\u1793\u17cd\u1787\u17b6\u1785\u17d2\u179a\u17be\u1793\u1786\u17d2\u1793\u17b6\u17c6\u1780\u17d2\u1793\u17bb\u1784\u179c\u17b7\u179f\u17d0\u1799\u1795\u17d2\u1782\u178f\u17cb\u1795\u17d2\u1782\u1784\u17cb \u1793\u17b7\u1784\u178a\u17c6\u17a1\u17be\u1784\u1787\u178e\u17d2\u178f\u17be\u179a\u1799\u1793\u17d2\u178f\u17d4.<\/li>\n<li><strong>\u1782\u17bb\u178e\u1797\u17b6\u1796<\/strong>: \u1795\u179b\u17b7\u178f\u1795\u179b\u179a\u1794\u179f\u17cb\u1799\u17be\u1784\u1781\u17d2\u1789\u17bb\u17c6\u178f\u17d2\u179a\u17bc\u179c\u1794\u17b6\u1793\u1795\u179b\u17b7\u178f\u17a1\u17be\u1784\u178f\u17b6\u1798\u1781\u17d2\u179f\u17c2\u179f\u1784\u17d2\u179c\u17b6\u1780\u17cb\u1794\u1785\u17d2\u1785\u17c1\u1780\u179c\u17b7\u1791\u17d2\u1799\u17b6\u1791\u17c6\u1793\u17be\u1794 \u1792\u17b6\u1793\u17b6\u1794\u17b6\u1793\u1793\u17bc\u179c\u1782\u17bb\u178e\u1797\u17b6\u1796 \u1793\u17b7\u1784\u1797\u17b6\u1796\u1792\u1793\u17cb\u17d4.<\/li>\n<li><strong>\u1780\u17d2\u179a\u17bb\u1798\u1780\u17b6\u179a\u1784\u17b6\u179a<\/strong>: \u1780\u17d2\u179a\u17bb\u1798\u1794\u17bb\u1782\u17d2\u1782\u179b\u17b7\u1780\u1787\u17c6\u1793\u17b6\u1789 \u1799\u1780\u1785\u17b7\u178f\u17d2\u178f\u1791\u17bb\u1780\u178a\u17b6\u1780\u17cb \u178f\u17c2\u1784\u178f\u17c2\u178f\u17d2\u179a\u17c0\u1798\u1781\u17d2\u179b\u17bd\u1793\u1787\u17b6\u179f\u17d2\u179a\u17c1\u1785\u178a\u17be\u1798\u17d2\u1794\u17b8\u1794\u1798\u17d2\u179a\u17be\u179b\u17c4\u1780\u17a2\u17d2\u1793\u1780\u17d4.<\/li>\n<li><strong>\u178f\u1798\u17d2\u179b\u17c3<\/strong>: \u1799\u17be\u1784\u1781\u17d2\u1789\u17bb\u17c6\u1794\u17d2\u178f\u17c1\u1787\u17d2\u1789\u17b6\u1793\u17b6\u17c6\u1798\u1780\u1787\u17bc\u1793\u179b\u17c4\u1780\u17a2\u17d2\u1793\u1780\u1793\u17bc\u179c\u1795\u179b\u17b7\u178f\u1795\u179b\u178a\u17c2\u179b\u1798\u17b6\u1793\u178f\u1798\u17d2\u179b\u17c3\u1794\u17d2\u179a\u1780\u17bd\u178f\u1794\u17d2\u179a\u1787\u17c2\u1784\u1794\u17c6\u1795\u17bb\u178f\u17d4.<\/li>\n<li><strong>\u179f\u17c1\u179c\u17b6\u1780\u1798\u17d2\u1798<\/strong>: \u1799\u17be\u1784\u1781\u17d2\u1789\u17bb\u17c6\u1795\u17d2\u178f\u179b\u17cb\u179f\u17c1\u179c\u17b6\u1780\u1798\u17d2\u1798\u1792\u17b6\u1793\u17b6 \u1793\u17b7\u1784\u1790\u17c2\u1791\u17b6\u17c6\u1794\u17d2\u179a\u1780\u1794\u178a\u17c4\u1799\u179c\u17b7\u1787\u17d2\u1787\u17b6\u1787\u17b8\u179c\u17c8 \u1792\u17b6\u1793\u17b6\u1790\u17b6\u1787\u178e\u17d2\u178f\u17be\u179a\u1799\u1793\u17d2\u178f\u178f\u17c2\u1784\u178f\u17c2\u178a\u17c6\u178e\u17be\u179a\u1780\u17b6\u179a\u179b\u17d2\u17a2\u17d4.<\/li>\n<\/ul>\n<h3><strong>\u1791\u17c6\u1793\u17b6\u1780\u17cb\u1791\u17c6\u1793\u1784<\/strong><\/h3>\n<p>\u179f\u17bc\u1798\u17a2\u179a\u1782\u17bb\u178e\u178a\u179b\u17cb\u179b\u17c4\u1780\u17a2\u17d2\u1793\u1780 \u178a\u17c2\u179b\u1794\u17b6\u1793\u1785\u17c6\u178e\u17b6\u1799\u1796\u17c1\u179b\u179c\u17c1\u179b\u17b6\u178a\u17cf\u1798\u17b6\u1793\u178f\u1798\u17d2\u179b\u17c3\u179a\u1794\u179f\u17cb\u1781\u17d2\u179b\u17bd\u1793\u17a2\u17b6\u1793\u17a2\u178f\u17d2\u1790\u1794\u1791\u179a\u1794\u179f\u17cb\u1799\u17be\u1784\u1781\u17d2\u1789\u17bb\u17c6\u17d4.<\/p>\n<p>\u1791\u17b6\u1780\u17cb\u1791\u1784\u1798\u1780\u1799\u17be\u1784\u1781\u17d2\u1789\u17bb\u17c6\u1797\u17d2\u179b\u17b6\u1798\u17d7 \u178a\u17be\u1798\u17d2\u1794\u17b8\u1791\u1791\u17bd\u179b\u1794\u17b6\u1793\u1780\u17b6\u179a\u1794\u1780\u179f\u17d2\u179a\u17b6\u1799\u1785\u17c6\u1796\u17c4\u17c7\u179f\u17c6\u178e\u17bd\u179a\u1795\u17d2\u179f\u17c1\u1784\u17d7\u179a\u1794\u179f\u17cb\u179b\u17c4\u1780\u17a2\u17d2\u1793\u1780\u17d4.<\/p>\n<p>\u1799\u17be\u1784\u1781\u17d2\u1789\u17bb\u17c6\u178f\u17d2\u179a\u17c0\u1798\u1781\u17d2\u179b\u17bd\u1793\u1787\u17b6\u1793\u17b7\u1785\u17d2\u1785\u178a\u17be\u1798\u17d2\u1794\u17b8\u179a\u17bd\u1798\u178a\u17c6\u178e\u17be\u179a\u1787\u17b6\u1798\u17bd\u1799\u179b\u17c4\u1780\u17a2\u17d2\u1793\u1780\u17d4 \u1793\u17b6\u17c6\u1798\u1780\u1793\u17bc\u179c\u178a\u17c6\u178e\u17c4\u17c7\u179f\u17d2\u179a\u17b6\u1799\u1787\u178e\u17d2\u178f\u17be\u179a\u1799\u1793\u17d2\u178f\u178a\u17cf\u179b\u17d2\u17a2\u1794\u17c6\u1795\u17bb\u178f!<\/p>\n<p><strong> <\/p>","protected":false},"excerpt":{"rendered":"<h3><strong>\u179b\u1780\u17d2\u1781\u178e\u17c8\u179c\u17b7\u1793\u17b7\u1785\u17d2\u1786\u17d0\u1799\u1780\u17d2\u1793\u17bb\u1784\u1780\u17b6\u179a\u1787\u17d2\u179a\u17be\u179f\u179a\u17be\u179f governor \u1787\u178e\u17d2\u178a\u17be\u179a\u1799\u1793\u17d2\u178f<\/strong><\/h3>\n<ul>\n \t<li><strong>\u1782\u17bb\u178e\u1797\u17b6\u1796<\/strong>\u17d6 \u1782\u17bd\u179a\u1787\u17d2\u179a\u17be\u179f\u179a\u17be\u179f governor \u1796\u17b8\u1780\u17d2\u179a\u17bb\u1798\u17a0\u17ca\u17bb\u1793\u1795\u179b\u17b7\u178f\u178a\u17c2\u179b\u1798\u17b6\u1793\u1780\u17c1\u179a\u17d2\u178f\u17b7\u17cd\u1788\u17d2\u1798\u17c4\u17c7 \u1793\u17b7\u1784\u1798\u17b6\u1793\u1798\u17c9\u17b6\u1780\u1799\u17b8\u17a0\u17c4\u1793\u17c5\u179b\u17be\u1791\u17b8\u1795\u17d2\u179f\u17b6\u179a\u17d4.<\/li>\n \t<li><strong>\u1794\u17c9\u17b6\u179a\u17c9\u17b6\u1798\u17c9\u17c2\u178f\u17d2\u179a\u1794\u1785\u17d2\u1785\u17c1\u1780\u1791\u17c1\u179f<\/strong>\u17d6 Governor \u178f\u17d2\u179a\u17bc\u179c\u178f\u17c2\u179f\u1798\u179f\u17d2\u179a\u1794\u1793\u17b9\u1784\u1791\u1798\u17d2\u1784\u1793\u17cb\u1795\u17d2\u1791\u17bb\u1780 \u179b\u17d2\u1794\u17bf\u1793 \u1793\u17b7\u1784\u1794\u17d2\u179a\u1797\u17c1\u1791\u1787\u178e\u17d2\u178a\u17be\u179a\u1799\u1793\u17d2\u178f\u17d4.<\/li>\n \t<li><strong>\u1780\u17b6\u179a\u178f\u17d2\u179a\u17bd\u178f\u1796\u17b7\u1793\u17b7\u178f\u17d2\u1799<\/strong>\u17d6 Governor \u178f\u17d2\u179a\u17bc\u179c\u178f\u17c2\u178f\u17d2\u179a\u17bc\u179c\u1794\u17b6\u1793\u178f\u17d2\u179a\u17bd\u178f\u1796\u17b7\u1793\u17b7\u178f\u17d2\u1799 \u1793\u17b7\u1784\u1794\u1789\u17d2\u1787\u17b6\u1780\u17cb\u179f\u17bb\u179c\u178f\u17d2\u1790\u17b7\u1797\u17b6\u1796\u178a\u17c4\u1799\u179f\u17d2\u1790\u17b6\u1794\u17d0\u1793\u1798\u17b6\u1793\u179f\u1798\u178f\u17d2\u1790\u1780\u17b7\u1785\u17d2\u1785\u17d4.<\/li>\n<\/ul>","protected":false},"featured_media":1979,"comment_status":"open","ping_status":"open","template":"","meta":{"_acf_changed":false},"product_brand":[],"product_cat":[139],"product_tag":[140,145,146,147,148],"class_list":{"0":"post-1978","1":"product","2":"type-product","3":"status-publish","4":"has-post-thumbnail","6":"product_cat-governor-thang-may","7":"product_tag-governor","8":"product_tag-governor-duoi","9":"product_tag-governor-duoi-cabin","10":"product_tag-governor-duoi-cabin-thang","11":"product_tag-governor-duoi-cabin-thang-may","13":"first","14":"instock","15":"shipping-taxable","16":"purchasable","17":"product-type-simple"},"acf":[],"rankmath_keywords":{"primary":"","secondary":[""]},"yoast_keywords":{"primary":"","secondary":[]},"yoast_focuskw":"","rankmath_focuskw":"","seo_keywords":{"primary":"","secondary":[""]},"_links":{"self":[{"href":"https:\/\/thangmayitaly.com\/km\/wp-json\/wp\/v2\/product\/1978","targetHints":{"allow":["GET"]}}],"collection":[{"href":"https:\/\/thangmayitaly.com\/km\/wp-json\/wp\/v2\/product"}],"about":[{"href":"https:\/\/thangmayitaly.com\/km\/wp-json\/wp\/v2\/types\/product"}],"replies":[{"embeddable":true,"href":"https:\/\/thangmayitaly.com\/km\/wp-json\/wp\/v2\/comments?post=1978"}],"wp:featuredmedia":[{"embeddable":true,"href":"https:\/\/thangmayitaly.com\/km\/wp-json\/wp\/v2\/media\/1979"}],"wp:attachment":[{"href":"https:\/\/thangmayitaly.com\/km\/wp-json\/wp\/v2\/media?parent=1978"}],"wp:term":[{"taxonomy":"product_brand","embeddable":true,"href":"https:\/\/thangmayitaly.com\/km\/wp-json\/wp\/v2\/product_brand?post=1978"},{"taxonomy":"product_cat","embeddable":true,"href":"https:\/\/thangmayitaly.com\/km\/wp-json\/wp\/v2\/product_cat?post=1978"},{"taxonomy":"product_tag","embeddable":true,"href":"https:\/\/thangmayitaly.com\/km\/wp-json\/wp\/v2\/product_tag?post=1978"}],"curies":[{"name":"wp","href":"https:\/\/api.w.org\/{rel}","templated":true}]}}