{"id":1965,"date":"2025-02-14T11:05:44","date_gmt":"2025-02-14T11:05:44","guid":{"rendered":"https:\/\/thangmayitaly.com\/\/index.php\/product\/cabin-thang-may-inox-mau-hoa-van-6\/"},"modified":"2026-03-26T10:06:52","modified_gmt":"2026-03-26T10:06:52","slug":"cabin-thang-may-inox-mau-hoa-van-6","status":"publish","type":"product","link":"https:\/\/thangmayitaly.com\/km\/san-pham\/cabin-thang-may-inox-mau-hoa-van-6\/","title":{"rendered":"CABIN-THANG-MAY-INOX-MAU-HOA-VAN-6"},"content":{"rendered":"<p><img fetchpriority=\"high\" decoding=\"async\" class=\"alignnone size-medium wp-image-910 aligncenter\" src=\"https:\/\/thangmayitaly.com\/wp-content\/uploads\/2026\/03\/CABIN-INOX-MAU-6-214x300.jpg\" alt=\"\" width=\"214\" height=\"300\" \/><\/p>\n<h2><strong>\u1780\u17b6\u1794\u17ca\u17b8\u1793\u1787\u178e\u17d2\u178f\u17be\u179a\u1799\u1793\u17d2\u178f\u17a2\u17ca\u17b8\u178e\u17bb\u1780\u1796\u178e\u17cc\u1798\u17b6\u1793\u1780\u17d2\u1794\u17bc\u179a\u1780\u17d2\u1794\u17b6\u1785\u17cb\u17d6 \u1785\u17c6\u178e\u17bb\u1785\u179b\u17c1\u1785\u1792\u17d2\u179b\u17c4\u178a\u17cf\u1794\u17d2\u179a\u178e\u17b8\u178f\u1793\u17c3\u179b\u17c6\u17a0\u179a\u179f\u17cb\u1793\u17c5<\/strong><\/h2>\n<p>\u1793\u17c5\u1780\u17d2\u1793\u17bb\u1784\u1780\u17b6\u179a\u179a\u1785\u1793\u17b6\u1795\u17d2\u1791\u17c3\u1780\u17d2\u1793\u17bb\u1784\u1794\u17c2\u1794\u1791\u17c6\u1793\u17be\u1794 \u1787\u178e\u17d2\u178f\u17be\u179a\u1799\u1793\u17d2\u178f\u1798\u17b7\u1793\u178f\u17d2\u179a\u17b9\u1798\u178f\u17c2\u1787\u17b6\u1798\u1792\u17d2\u1799\u17c4\u1794\u17b6\u1799\u1792\u17d2\u179c\u17be\u178a\u17c6\u178e\u17be\u179a\u1793\u17c4\u17c7\u1791\u17c1\u17d4 \u1794\u17c9\u17bb\u1793\u17d2\u178f\u17c2\u1780\u17cf\u1787\u17b6\u1780\u178f\u17d2\u178f\u17b6\u179f\u17c6\u1781\u17b6\u1793\u17cb\u178a\u17c2\u179b\u1794\u1784\u17d2\u17a0\u17b6\u1789\u1796\u17b8\u179f\u17d2\u1791\u17b8\u179b \u1793\u17b7\u1784\u1780\u1798\u17d2\u179a\u17b7\u178f\u1793\u17c3\u1795\u17d2\u1791\u17c7\u1795\u1784\u178a\u17c2\u179a\u17d4.\u00a0<strong>\u1780\u17b6\u1794\u17ca\u17b8\u1793\u1787\u178e\u17d2\u178f\u17be\u179a\u1799\u1793\u17d2\u178f\u17a2\u17ca\u17b8\u178e\u17bb\u1780\u1796\u178e\u17cc\u1798\u17b6\u1793\u1780\u17d2\u1794\u17bc\u179a\u1780\u17d2\u1794\u17b6\u1785\u17cb<\/strong>\u00a0\u1780\u17c6\u1796\u17bb\u1784\u178f\u17d2\u179a\u17bc\u179c\u1794\u17b6\u1793\u1782\u17c1\u1796\u17c1\u1789\u1793\u17b7\u1799\u1798\u1780\u17b6\u1793\u17cb\u178f\u17c2\u1781\u17d2\u179b\u17b6\u17c6\u1784\u17a1\u17be\u1784\u17d4 \u178a\u17c4\u1799\u179f\u17b6\u179a\u178f\u17c2\u179f\u1798\u17d2\u179a\u179f\u17cb\u1794\u17d2\u179b\u17c2\u1780 \u1797\u17b6\u1796\u179f\u17ca\u17b8\u179c\u17b7\u179b\u17d0\u1799 \u1793\u17b7\u1784\u179f\u1798\u178f\u17d2\u1790\u1797\u17b6\u1796\u1794\u178f\u17cb\u1794\u17c2\u1793\u178f\u17b6\u1798\u178f\u1798\u17d2\u179a\u17bc\u179c\u1780\u17b6\u179a\u17d4.<\/p>\n<h3><strong>\u1782\u17bb\u178e\u179f\u1798\u17d2\u1794\u178f\u17d2\u178f\u17b7\u179b\u17c1\u1785\u1792\u17d2\u179b\u17c4\u1793\u17c3\u1780\u17b6\u1794\u17ca\u17b8\u1793\u1787\u178e\u17d2\u178f\u17be\u179a\u1799\u1793\u17d2\u178f\u17a2\u17ca\u17b8\u178e\u17bb\u1780\u1796\u178e\u17cc\u1798\u17b6\u1793\u1780\u17d2\u1794\u17bc\u179a\u1780\u17d2\u1794\u17b6\u1785\u17cb<\/strong><\/h3>\n<ul>\n<li><strong>\u179f\u17c4\u1797\u17d0\u178e\u1797\u17b6\u1796\u1781\u17d2\u1796\u179f\u17cb<\/strong>: \u17a2\u17ca\u17b8\u178e\u17bb\u1780\u1798\u17b6\u1793\u1796\u178e\u17cc\u1785\u1798\u17d2\u179a\u17bb\u17c7 \u179a\u17bd\u1798\u1795\u17d2\u179f\u17c6\u1787\u17b6\u1798\u17bd\u1799\u1780\u17d2\u1794\u17bc\u179a\u1780\u17d2\u1794\u17b6\u1785\u17cb\u178a\u17cf\u1795\u17d2\u1785\u17b7\u178f\u1795\u17d2\u1785\u1784\u17cb\u17d4 \u1794\u1784\u17d2\u1780\u17be\u178f\u1794\u17b6\u1793\u1787\u17b6\u179f\u1798\u17d2\u179a\u179f\u17cb\u1794\u17d2\u179a\u178e\u17b8\u178f \u1793\u17b7\u1784\u1782\u17bd\u179a\u17b1\u17d2\u1799\u1785\u17b6\u1794\u17cb\u17a2\u17b6\u179a\u1798\u17d2\u1798\u178e\u17cd\u179f\u1798\u17d2\u179a\u17b6\u1794\u17cb\u1780\u17b6\u1794\u17ca\u17b8\u1793\u1787\u178e\u17d2\u178f\u17be\u179a\u1799\u1793\u17d2\u178f\u17d4.<\/li>\n<li><strong>\u1797\u17b6\u1796\u1792\u1793\u17cb\u178a\u17cf\u17a2\u179f\u17d2\u1785\u17b6\u179a\u17d2\u1799<\/strong>: \u17a2\u17ca\u17b8\u178e\u17bb\u1780\u1782\u17ba\u1787\u17b6\u179f\u1798\u17d2\u1797\u17b6\u179a\u17c8\u178a\u17c2\u179b\u1798\u17b6\u1793\u1797\u17b6\u1796\u1792\u1793\u17cb\u1781\u17d2\u1796\u179f\u17cb \u1794\u17d2\u179a\u1786\u17b6\u17c6\u1784\u1793\u17b9\u1784\u1780\u17b6\u179a\u179f\u17ca\u17b8\u1785\u17d2\u179a\u17c1\u17c7 \u1793\u17b7\u1784\u1785\u17d2\u179a\u17c2\u17c7\u17d4 \u1787\u17bd\u1799\u17b1\u17d2\u1799\u1780\u17b6\u1794\u17ca\u17b8\u1793\u1787\u178e\u17d2\u178f\u17be\u179a\u1799\u1793\u17d2\u178f\u1793\u17c5\u178f\u17c2\u179f\u17d2\u17a2\u17b6\u178f \u1793\u17b7\u1784\u1787\u17b6\u1794\u17cb\u1794\u17b6\u1793\u1799\u17bc\u179a\u178f\u17b6\u1798\u1796\u17c1\u179b\u179c\u17c1\u179b\u17b6\u17d4.<\/li>\n<li><strong>\u1784\u17b6\u1799\u179f\u17d2\u179a\u17bd\u179b\u179f\u1798\u17d2\u17a2\u17b6\u178f<\/strong>: \u1795\u17d2\u1791\u17c3\u17a2\u17ca\u17b8\u178e\u17bb\u1780\u179a\u179b\u17c4\u1784 \u1784\u17b6\u1799\u179f\u17d2\u179a\u17bd\u179b\u1787\u17bc\u178f\u179f\u1798\u17d2\u17a2\u17b6\u178f\u17d4 \u1787\u17bd\u1799\u17b1\u17d2\u1799\u1780\u17b6\u1794\u17ca\u17b8\u1793\u1787\u178e\u17d2\u178f\u17be\u179a\u1799\u1793\u17d2\u178f\u178f\u17c2\u1784\u178f\u17c2\u179f\u17d2\u17a2\u17b6\u178f \u1793\u17b7\u1784\u1797\u17d2\u179b\u17ba\u179a\u179b\u17c4\u1784\u17d4.<\/li>\n<li><strong>\u179f\u17bb\u179c\u178f\u17d2\u1790\u17b7\u1797\u17b6\u1796<\/strong>: \u17a2\u17ca\u17b8\u178e\u17bb\u1780\u1782\u17ba\u1787\u17b6\u179f\u1798\u17d2\u1797\u17b6\u179a\u17c8\u178a\u17c2\u179b\u1798\u17b7\u1793\u1798\u17b6\u1793\u1787\u17b6\u178f\u17b7\u1796\u17bb\u179b \u1793\u17b7\u1784\u1798\u17b6\u1793\u179f\u17bb\u179c\u178f\u17d2\u1790\u17b7\u1797\u17b6\u1796\u179f\u1798\u17d2\u179a\u17b6\u1794\u17cb\u17a2\u17d2\u1793\u1780\u1794\u17d2\u179a\u17be\u1794\u17d2\u179a\u17b6\u179f\u17cb\u17d4.<\/li>\n<li><strong>\u179b\u1780\u17d2\u1781\u178e\u17c8\u1794\u17bb\u1782\u17d2\u1782\u179b<\/strong>: \u17a2\u178f\u17b7\u1790\u17b7\u1787\u1793\u17a2\u17b6\u1785\u1787\u17d2\u179a\u17be\u179f\u179a\u17be\u179f\u1796\u178e\u17cc \u1780\u17d2\u1794\u17bc\u179a\u1780\u17d2\u1794\u17b6\u1785\u17cb \u1793\u17b7\u1784\u179f\u1798\u17d2\u1797\u17b6\u179a\u17c8\u17d4 \u1791\u17c5\u178f\u17b6\u1798\u1785\u17c6\u178e\u1784\u17cb\u1785\u17c6\u178e\u17bc\u179b\u1785\u17b7\u178f\u17d2\u178f \u1793\u17b7\u1784\u179f\u17d2\u1791\u17b8\u179b\u1795\u17d2\u1791\u17b6\u179b\u17cb\u1781\u17d2\u179b\u17bd\u1793\u17d4.<\/li>\n<\/ul>\n<h3><strong>\u1794\u17d2\u179a\u1797\u17c1\u1791\u1780\u17b6\u1794\u17ca\u17b8\u1793\u1787\u178e\u17d2\u178f\u17be\u179a\u1799\u1793\u17d2\u178f\u17a2\u17ca\u17b8\u178e\u17bb\u1780\u1796\u178e\u17cc\u1798\u17b6\u1793\u1780\u17d2\u1794\u17bc\u179a\u1780\u17d2\u1794\u17b6\u1785\u17cb\u178a\u17c2\u179b\u1796\u17c1\u1789\u1793\u17b7\u1799\u1798<\/strong><\/h3>\n<ul>\n<li><strong>\u1780\u17b6\u1794\u17ca\u17b8\u1793\u1787\u178e\u17d2\u178f\u17be\u179a\u1799\u1793\u17d2\u178f\u1794\u17c2\u1794\u1794\u17bb\u179a\u17b6\u178e<\/strong>: \u1780\u17d2\u1794\u17bc\u179a\u1780\u17d2\u1794\u17b6\u1785\u17cb\u1785\u17d2\u179a\u17be\u1793\u178f\u17c2\u1787\u17b6\u179b\u17c6\u1793\u17b6\u17c6\u1795\u17d2\u1785\u17b7\u178f\u1795\u17d2\u1785\u1784\u17cb \u1793\u17b7\u1784\u179b\u17d2\u17a2\u17b7\u178f\u179b\u17d2\u17a2\u1793\u17cb\u17d4 \u1793\u17b6\u17c6\u1798\u1780\u1793\u17bc\u179c\u179f\u17d2\u1791\u17b8\u179b\u1794\u17c2\u1794\u1794\u17bb\u179a\u17b6\u178e \u1793\u17b7\u1784\u1790\u17d2\u179b\u17c3\u1790\u17d2\u1793\u17bc\u179a\u17d4 \u1796\u178e\u17cc\u178a\u17c2\u179b\u1794\u17d2\u179a\u17be\u1789\u17b9\u1780\u1789\u17b6\u1794\u17cb\u1782\u17ba\u1796\u178e\u17cc\u1798\u17b6\u179f\u1791\u1784\u17cb\u178a\u17c2\u1784 \u1793\u17b7\u1784\u1796\u178e\u17cc\u179f\u1794\u17d2\u179a\u17b6\u1780\u17cb\u17d4.<\/li>\n<li><strong>\u1780\u17b6\u1794\u17ca\u17b8\u1793\u1787\u178e\u17d2\u178f\u17be\u179a\u1799\u1793\u17d2\u178f\u1794\u17c2\u1794\u1791\u17c6\u1793\u17be\u1794<\/strong>: \u1780\u17d2\u1794\u17bc\u179a\u1780\u17d2\u1794\u17b6\u1785\u17cb\u1785\u17d2\u179a\u17be\u1793\u178f\u17c2\u1787\u17b6\u1794\u1793\u17d2\u1791\u17b6\u178f\u17cb\u179f\u17b6\u1798\u1789\u17d2\u1789 \u1793\u17b7\u1784\u179f\u17ca\u17b8\u179c\u17b7\u179b\u17d0\u1799\u17d4 \u1793\u17b6\u17c6\u1798\u1780\u1793\u17bc\u179c\u179f\u17d2\u1791\u17b8\u179b\u1794\u17c2\u1794\u1791\u17c6\u1793\u17be\u1794 \u1793\u17b7\u1784\u1799\u17bb\u179c\u179c\u17d0\u1799\u17d4 \u1796\u178e\u17cc\u178a\u17c2\u179b\u1794\u17d2\u179a\u17be\u1789\u17b9\u1780\u1789\u17b6\u1794\u17cb\u1782\u17ba\u1796\u178e\u17cc\u1794\u17d2\u179a\u1795\u17c1\u17c7 \u1781\u17d2\u1798\u17c5 \u1793\u17b7\u1784\u179f\u17d4.<\/li>\n<li><strong>\u1780\u17b6\u1794\u17ca\u17b8\u1793\u1787\u178e\u17d2\u178f\u17be\u179a\u1799\u1793\u17d2\u178f\u178f\u17b6\u1798\u1780\u17b6\u179a\u1780\u1798\u17d2\u1798\u17c9\u1784\u17cb<\/strong>: \u17a2\u178f\u17b7\u1790\u17b7\u1787\u1793\u17a2\u17b6\u1785\u1787\u17d2\u179a\u17be\u179f\u179a\u17be\u179f\u1796\u178e\u17cc \u1780\u17d2\u1794\u17bc\u179a\u1780\u17d2\u1794\u17b6\u1785\u17cb \u1793\u17b7\u1784\u179f\u1798\u17d2\u1797\u17b6\u179a\u17c8\u178a\u17c4\u1799\u179f\u17c1\u179a\u17b8\u17d4 \u1791\u17c5\u178f\u17b6\u1798\u1785\u17c6\u178e\u1784\u17cb\u1785\u17c6\u178e\u17bc\u179b\u1785\u17b7\u178f\u17d2\u178f \u1793\u17b7\u1784\u179f\u17d2\u1791\u17b8\u179b\u1795\u17d2\u1791\u17b6\u179b\u17cb\u1781\u17d2\u179b\u17bd\u1793\u17d4.<\/li>\n<\/ul>\n<h3><strong>\u179b\u1780\u17d2\u1781\u178e\u17c8\u179c\u17b7\u1793\u17b7\u1785\u17d2\u1786\u17d0\u1799\u1780\u17d2\u1793\u17bb\u1784\u1780\u17b6\u179a\u1787\u17d2\u179a\u17be\u179f\u179a\u17be\u179f\u1780\u17b6\u1794\u17ca\u17b8\u1793\u1787\u178e\u17d2\u178f\u17be\u179a\u1799\u1793\u17d2\u178f\u17a2\u17ca\u17b8\u178e\u17bb\u1780\u1796\u178e\u17cc\u1798\u17b6\u1793\u1780\u17d2\u1794\u17bc\u179a\u1780\u17d2\u1794\u17b6\u1785\u17cb<\/strong><\/h3>\n<ul>\n<li><strong>\u179f\u1798\u17d2\u1797\u17b6\u179a\u17c8\u17a2\u17ca\u17b8\u178e\u17bb\u1780<\/strong>: \u1782\u17bd\u179a\u1787\u17d2\u179a\u17be\u179f\u179a\u17be\u179f\u17a2\u17ca\u17b8\u178e\u17bb\u1780 \u17e3\u17e0\u17e4 \u17ac \u17e3\u17e1\u17e6 \u178a\u17be\u1798\u17d2\u1794\u17b8\u1792\u17b6\u1793\u17b6\u1794\u17b6\u1793\u1793\u17bc\u179c\u1797\u17b6\u1796\u1792\u1793\u17cb \u1793\u17b7\u1784\u179f\u17c4\u1797\u17d0\u178e\u1797\u17b6\u1796\u1793\u17c3\u1780\u17b6\u1794\u17ca\u17b8\u1793\u17d4.<\/li>\n<li><strong>\u1796\u178e\u17cc<\/strong>: \u1787\u17d2\u179a\u17be\u179f\u179a\u17be\u179f\u1796\u178e\u17cc\u178a\u17c2\u179b\u179f\u1798\u179f\u17d2\u179a\u1794\u1793\u17b9\u1784\u179f\u17d2\u1791\u17b8\u179b\u179f\u17d2\u1790\u17b6\u1794\u178f\u17d2\u1799\u1780\u1798\u17d2\u1798\u1793\u17c3\u1795\u17d2\u1791\u17c7 \u1793\u17b7\u1784\u1785\u17c6\u178e\u1784\u17cb\u1785\u17c6\u178e\u17bc\u179b\u1785\u17b7\u178f\u17d2\u178f\u179a\u1794\u179f\u17cb\u1798\u17d2\u1785\u17b6\u179f\u17cb\u1795\u17d2\u1791\u17c7\u17d4.<\/li>\n<li><strong>\u1780\u17d2\u1794\u17bc\u179a\u1780\u17d2\u1794\u17b6\u1785\u17cb<\/strong>: \u1787\u17d2\u179a\u17be\u179f\u179a\u17be\u179f\u1780\u17d2\u1794\u17bc\u179a\u1780\u17d2\u1794\u17b6\u1785\u17cb\u178a\u17c2\u179b\u179f\u1798\u179f\u17d2\u179a\u1794\u1793\u17b9\u1784\u179f\u17d2\u1791\u17b8\u179b\u179a\u17bd\u1798\u1793\u17c3\u179b\u17c6\u17a0\u179a\u1785\u1793\u17b6\u1795\u17d2\u1791\u17c3\u1780\u17d2\u1793\u17bb\u1784\u17d4.<\/li>\n<li><strong>\u1791\u17c6\u17a0\u17c6<\/strong>: \u1787\u17d2\u179a\u17be\u179f\u179a\u17be\u179f\u1791\u17c6\u17a0\u17c6\u1780\u17b6\u1794\u17ca\u17b8\u1793\u17b1\u17d2\u1799\u179f\u1798\u179f\u17d2\u179a\u1794\u1793\u17b9\u1784\u1795\u17d2\u1791\u17c3\u1780\u17d2\u179a\u17a1\u17b6 \u1793\u17b7\u1784\u1785\u17c6\u1793\u17bd\u1793\u17a2\u17d2\u1793\u1780\u1794\u17d2\u179a\u17be\u1794\u17d2\u179a\u17b6\u179f\u17cb\u17d4.<\/li>\n<li><strong>\u17a2\u1784\u17d2\u1782\u1797\u17b6\u1796\u1795\u17d2\u1782\u178f\u17cb\u1795\u17d2\u1782\u1784\u17cb<\/strong>: \u1787\u17d2\u179a\u17be\u179f\u179a\u17be\u179f\u17a2\u1784\u17d2\u1782\u1797\u17b6\u1796\u178a\u17c2\u179b\u1798\u17b6\u1793\u1780\u17c1\u179a\u17d2\u178f\u17b7\u17cd\u1788\u17d2\u1798\u17c4\u17c7 \u1793\u17b7\u1784\u1794\u1791\u1796\u17b7\u179f\u17c4\u1792\u1793\u17cd \u178a\u17be\u1798\u17d2\u1794\u17b8\u1792\u17b6\u1793\u17b6\u1794\u17b6\u1793\u1793\u17bc\u179c\u1782\u17bb\u178e\u1797\u17b6\u1796\u1795\u179b\u17b7\u178f\u1795\u179b \u1793\u17b7\u1784\u179f\u17c1\u179c\u17b6\u1780\u1798\u17d2\u1798\u17d4.<\/li>\n<\/ul>\n<h3><strong>\u1780\u17d2\u179a\u17bb\u1798\u17a0\u17ca\u17bb\u1793 TNHH DVTM Nh\u1eadp Kh\u1ea9u Thang M\u00e1y Italy: \u1785\u17d2\u1794\u17b6\u179f\u17cb\u179b\u17b6\u179f\u17cb \u2013 \u179f\u17bb\u179c\u178f\u17d2\u1790\u17b7\u1797\u17b6\u1796 \u2013 \u1782\u17bb\u178e\u1797\u17b6\u1796<\/strong><\/h3>\n<p>\u1780\u17d2\u179a\u17bb\u1798\u17a0\u17ca\u17bb\u1793 TNHH DVTM Nh\u1eadp Kh\u1ea9u Thang M\u00e1y Italy\u17d4 \u1782\u17ba\u1787\u17b6\u17a2\u1784\u17d2\u1782\u1797\u17b6\u1796\u1788\u17b6\u1793\u1798\u17bb\u1781\u1782\u17c1\u1780\u17d2\u1793\u17bb\u1784\u179c\u17b7\u179f\u17d0\u1799\u1795\u17d2\u1782\u178f\u17cb\u1795\u17d2\u1782\u1784\u17cb \u1793\u17b7\u1784\u178a\u17c6\u17a1\u17be\u1784\u1787\u178e\u17d2\u178f\u17be\u179a\u1799\u1793\u17d2\u178f\u1793\u17c5\u1794\u17d2\u179a\u1791\u17c1\u179f\u179c\u17c0\u178f\u178e\u17b6\u1798\u17d4 \u1799\u17be\u1784\u1781\u17d2\u1789\u17bb\u17c6\u1794\u17d2\u178f\u17c1\u1787\u17d2\u1789\u17b6\u1793\u17b6\u17c6\u1798\u1780\u1787\u17bc\u1793\u179b\u17c4\u1780\u17a2\u17d2\u1793\u1780\u1793\u17bc\u179c \u1795\u179b\u17b7\u178f\u1795\u179b\u1780\u17b6\u1794\u17ca\u17b8\u1793\u1787\u178e\u17d2\u178f\u17be\u179a\u1799\u1793\u17d2\u178f\u17a2\u17ca\u17b8\u178e\u17bb\u1780\u1796\u178e\u17cc\u1798\u17b6\u1793\u1780\u17d2\u1794\u17bc\u179a\u1780\u17d2\u1794\u17b6\u1785\u17cb\u1782\u17bb\u178e\u1797\u17b6\u1796\u1781\u17d2\u1796\u179f\u17cb\u17d4 \u1780\u17b6\u179a\u179a\u1785\u1793\u17b6\u178a\u17cf\u179f\u17ca\u17b8\u179c\u17b7\u179b\u17d0\u1799 \u1786\u17d2\u179b\u17be\u1799\u178f\u1794\u178f\u17b6\u1798\u178f\u1798\u17d2\u179a\u17bc\u179c\u1780\u17b6\u179a\u179a\u1794\u179f\u17cb\u179b\u17c4\u1780\u17a2\u17d2\u1793\u1780\u17d4.<\/p>\n<p><strong>\u201c\u178f\u17d2\u179a\u17b9\u1798\u178f\u17d2\u179a\u17bc\u179c \u2013 \u179f\u17bb\u179c\u178f\u17d2\u1790\u17b7\u1797\u17b6\u1796 \u2013 \u1782\u17bb\u178e\u1797\u17b6\u1796 \u2013 \u1782\u17ba\u1787\u17b6\u179f\u17bb\u1797\u1798\u1784\u17d2\u1782\u179b\u179a\u1794\u179f\u17cb\u1782\u17d2\u179a\u17bd\u179f\u17b6\u179a\u1793\u17b8\u1798\u17bd\u1799\u17d7 \u2013 \u1787\u17b6\u1780\u17b7\u178f\u17d2\u178f\u17b7\u1799\u179f\u178a\u17c2\u179b\u178f\u17d2\u179a\u17bc\u179c\u1794\u17b6\u1793\u17a2\u178f\u17b7\u1790\u17b7\u1787\u1793\u1787\u17d2\u179a\u17be\u179f\u179a\u17be\u179f\u201d<\/strong>\u00a0\u1782\u17ba\u1787\u17b6\u1782\u17c4\u179b\u1780\u17b6\u179a\u178e\u17cd\u1794\u17d2\u179a\u178f\u17b7\u1794\u178f\u17d2\u178f\u17b7\u1780\u17b6\u179a\u179a\u1794\u179f\u17cb\u1780\u17d2\u179a\u17bb\u1798\u17a0\u17ca\u17bb\u1793\u1799\u17be\u1784\u1781\u17d2\u1789\u17bb\u17c6\u17d4 \u1799\u17be\u1784\u1781\u17d2\u1789\u17bb\u17c6\u178f\u17c2\u1784\u178f\u17c2\u1781\u17b7\u178f\u1781\u17c6\u1794\u17d2\u179a\u17b9\u1784\u1794\u17d2\u179a\u17c2\u1784\u17a5\u178f\u1788\u1794\u17cb\u1788\u179a \u178a\u17be\u1798\u17d2\u1794\u17b8\u1793\u17b6\u17c6\u1798\u1780\u1787\u17bc\u1793\u179b\u17c4\u1780\u17a2\u17d2\u1793\u1780\u1793\u17bc\u179c\u1795\u179b\u17b7\u178f\u1795\u179b \u1793\u17b7\u1784\u179f\u17c1\u179c\u17b6\u1780\u1798\u17d2\u1798\u179b\u17d2\u17a2\u1794\u17c6\u1795\u17bb\u178f\u17d4.<\/p>\n<h3><strong>\u17a0\u17c1\u178f\u17bb\u17a2\u17d2\u179c\u17b8\u1794\u17b6\u1793\u1787\u17b6\u1782\u17bd\u179a\u1787\u17d2\u179a\u17be\u179f\u179a\u17be\u179f\u1780\u17d2\u179a\u17bb\u1798\u17a0\u17ca\u17bb\u1793 TNHH DVTM Nh\u1eadp Kh\u1ea9u Thang M\u00e1y Italy?<\/strong><\/h3>\n<ul>\n<li><strong>\u1794\u1791\u1796\u17b7\u179f\u17c4\u1792\u1793\u17cd<\/strong>: \u1799\u17be\u1784\u1781\u17d2\u1789\u17bb\u17c6\u1798\u17b6\u1793\u1794\u1791\u1796\u17b7\u179f\u17c4\u1792\u1793\u17cd\u1787\u17b6\u1785\u17d2\u179a\u17be\u1793\u1786\u17d2\u1793\u17b6\u17c6\u1780\u17d2\u1793\u17bb\u1784\u179c\u17b7\u179f\u17d0\u1799\u1795\u17d2\u1782\u178f\u17cb\u1795\u17d2\u1782\u1784\u17cb \u1793\u17b7\u1784\u178a\u17c6\u17a1\u17be\u1784\u1787\u178e\u17d2\u178f\u17be\u179a\u1799\u1793\u17d2\u178f\u17d4.<\/li>\n<li><strong>\u1782\u17bb\u178e\u1797\u17b6\u1796<\/strong>: \u1795\u179b\u17b7\u178f\u1795\u179b\u179a\u1794\u179f\u17cb\u1799\u17be\u1784\u1781\u17d2\u1789\u17bb\u17c6\u178f\u17d2\u179a\u17bc\u179c\u1794\u17b6\u1793\u1795\u179b\u17b7\u178f\u17a1\u17be\u1784\u178f\u17b6\u1798\u1781\u17d2\u179f\u17c2\u179f\u1784\u17d2\u179c\u17b6\u1780\u17cb\u1794\u1785\u17d2\u1785\u17c1\u1780\u179c\u17b7\u1791\u17d2\u1799\u17b6\u1791\u17c6\u1793\u17be\u1794 \u1792\u17b6\u1793\u17b6\u1794\u17b6\u1793\u1793\u17bc\u179c\u1782\u17bb\u178e\u1797\u17b6\u1796 \u1793\u17b7\u1784\u1797\u17b6\u1796\u1792\u1793\u17cb\u17d4.<\/li>\n<li><strong>\u1780\u17d2\u179a\u17bb\u1798\u1780\u17b6\u179a\u1784\u17b6\u179a<\/strong>: \u1780\u17d2\u179a\u17bb\u1798\u1794\u17bb\u1782\u17d2\u1782\u179b\u17b7\u1780\u1787\u17c6\u1793\u17b6\u1789 \u1799\u1780\u1785\u17b7\u178f\u17d2\u178f\u1791\u17bb\u1780\u178a\u17b6\u1780\u17cb \u178f\u17c2\u1784\u178f\u17c2\u178f\u17d2\u179a\u17c0\u1798\u1781\u17d2\u179b\u17bd\u1793\u1787\u17b6\u179f\u17d2\u179a\u17c1\u1785\u178a\u17be\u1798\u17d2\u1794\u17b8\u1794\u1798\u17d2\u179a\u17be\u179b\u17c4\u1780\u17a2\u17d2\u1793\u1780\u17d4.<\/li>\n<li><strong>\u178f\u1798\u17d2\u179b\u17c3<\/strong>: \u1799\u17be\u1784\u1781\u17d2\u1789\u17bb\u17c6\u1794\u17d2\u178f\u17c1\u1787\u17d2\u1789\u17b6\u1793\u17b6\u17c6\u1798\u1780\u1787\u17bc\u1793\u179b\u17c4\u1780\u17a2\u17d2\u1793\u1780\u1793\u17bc\u179c\u1795\u179b\u17b7\u178f\u1795\u179b\u178a\u17c2\u179b\u1798\u17b6\u1793\u178f\u1798\u17d2\u179b\u17c3\u1794\u17d2\u179a\u1780\u17bd\u178f\u1794\u17d2\u179a\u1787\u17c2\u1784\u1794\u17c6\u1795\u17bb\u178f\u17d4.<\/li>\n<li><strong>\u179f\u17c1\u179c\u17b6\u1780\u1798\u17d2\u1798<\/strong>: \u1799\u17be\u1784\u1781\u17d2\u1789\u17bb\u17c6\u1795\u17d2\u178f\u179b\u17cb\u179f\u17c1\u179c\u17b6\u1780\u1798\u17d2\u1798\u1792\u17b6\u1793\u17b6 \u1793\u17b7\u1784\u1790\u17c2\u1791\u17b6\u17c6\u1794\u17d2\u179a\u1780\u1794\u178a\u17c4\u1799\u179c\u17b7\u1787\u17d2\u1787\u17b6\u1787\u17b8\u179c\u17c8 \u1792\u17b6\u1793\u17b6\u1790\u17b6\u1787\u178e\u17d2\u178f\u17be\u179a\u1799\u1793\u17d2\u178f\u178f\u17c2\u1784\u178f\u17c2\u178a\u17c6\u178e\u17be\u179a\u1780\u17b6\u179a\u179b\u17d2\u17a2\u17d4.<\/li>\n<\/ul>\n<h3><strong>\u1791\u17c6\u1793\u17b6\u1780\u17cb\u1791\u17c6\u1793\u1784<\/strong><\/h3>\n<p>\u179f\u17bc\u1798\u17a2\u179a\u1782\u17bb\u178e\u178a\u179b\u17cb\u179b\u17c4\u1780\u17a2\u17d2\u1793\u1780 \u178a\u17c2\u179b\u1794\u17b6\u1793\u1785\u17c6\u178e\u17b6\u1799\u1796\u17c1\u179b\u179c\u17c1\u179b\u17b6\u178a\u17cf\u1798\u17b6\u1793\u178f\u1798\u17d2\u179b\u17c3\u178a\u17be\u1798\u17d2\u1794\u17b8\u17a2\u17b6\u1793\u17a2\u178f\u17d2\u1790\u1794\u1791\u179a\u1794\u179f\u17cb\u1799\u17be\u1784\u1781\u17d2\u1789\u17bb\u17c6\u17d4.<\/p>\n<p>\u1791\u17b6\u1780\u17cb\u1791\u1784\u1798\u1780\u1799\u17be\u1784\u1781\u17d2\u1789\u17bb\u17c6\u1797\u17d2\u179b\u17b6\u1798 \u178a\u17be\u1798\u17d2\u1794\u17b8\u1791\u1791\u17bd\u179b\u1794\u17b6\u1793\u1780\u17b6\u179a\u1794\u1780\u179f\u17d2\u179a\u17b6\u1799\u1785\u17c6\u1796\u17c4\u17c7\u179f\u17c6\u178e\u17bd\u179a\u1793\u17b6\u1793\u17b6\u179a\u1794\u179f\u17cb\u179b\u17c4\u1780\u17a2\u17d2\u1793\u1780\u17d4.<\/p>\n<p>\u1799\u17be\u1784\u1781\u17d2\u1789\u17bb\u17c6\u178f\u17c2\u1784\u178f\u17c2\u178f\u17d2\u179a\u17c0\u1798\u1781\u17d2\u179b\u17bd\u1793\u1787\u17b6\u179f\u17d2\u179a\u17c1\u1785\u178a\u17be\u1798\u17d2\u1794\u17b8\u179a\u17bd\u1798\u178a\u17c6\u178e\u17be\u179a\u1787\u17b6\u1798\u17bd\u1799\u179b\u17c4\u1780\u17a2\u17d2\u1793\u1780\u17d4 \u1793\u17b6\u17c6\u1798\u1780\u1787\u17bc\u1793\u1793\u17bc\u179c\u178a\u17c6\u178e\u17c4\u17c7\u179f\u17d2\u179a\u17b6\u1799\u1787\u178e\u17d2\u178f\u17be\u179a\u1799\u1793\u17d2\u178f\u178a\u17cf\u179b\u17d2\u17a2\u1794\u17d2\u179a\u179f\u17be\u179a\u1794\u17c6\u1795\u17bb\u178f!<\/p>\n<p><strong>\u1796\u17d0\u178f\u17cc\u1798\u17b6\u1793\u1791\u17c6\u1793\u17b6\u1780\u17cb\u1791\u17c6\u1793\u1784<\/strong>\u00a0\u2013\u00a0<strong>C\u00f4ng ty TNHH DVTM Nh\u1eadp kh\u1ea9u Thang m\u00e1y Italy<\/strong><\/p>\n<p><strong>\u17a2\u17b6\u179f\u1799\u178a\u17d2\u178b\u17b6\u1793\u17d6<\/strong>\u00a0104\/17 \u0110\u01b0\u1eddng 10, P.B\u00ecnh H\u01b0ng H\u00f2a B, Q.B\u00ecnh T\u00e2n, TP.H\u1ed3 Ch\u00ed Minh.<\/p>\n<p><strong>\u1781\u17d2\u179f\u17c2\u1791\u17bc\u179a\u179f\u17d0\u1796\u17d2\u1791\u1794\u1793\u17d2\u1791\u17b6\u1793\u17cb\u17d6<\/strong>\u00a00984.20.23.29 \u2013 0982.88.11.19<\/p>\n<p><strong>\u17a2\u17ca\u17b8\u1798\u17c2\u179b:<\/strong>\u00a0thangmayitalyvn@gmail.com<\/p>\n<p><strong>\u1782\u17c1\u17a0\u1791\u17c6\u1796\u17d0\u179a\u17d6<\/strong>\u00a0italyelevator.com \u2013 thangmayitaly.com \u2013 thangmayy.com \u2013 elevatoritaly.com<\/p>","protected":false},"excerpt":{"rendered":"<h3><strong>\u179b\u1780\u17d2\u1781\u178e\u17c8\u179c\u17b7\u1793\u17b7\u1785\u17d2\u1786\u17d0\u1799\u1780\u17d2\u1793\u17bb\u1784\u1780\u17b6\u179a\u1787\u17d2\u179a\u17be\u179f\u179a\u17be\u179f\u1780\u17b6\u1794\u17ca\u17b8\u1793\u1787\u178e\u17d2\u178f\u17be\u179a\u1799\u1793\u17d2\u178f\u17a2\u17ca\u17b8\u178e\u17bb\u1780\u1796\u178e\u17cc\u1798\u17b6\u1793\u1780\u17d2\u1794\u17bc\u179a\u1780\u17d2\u1794\u17b6\u1785\u17cb<\/strong><\/h3>\n<ul>\n \t<li><strong>\u179f\u1798\u17d2\u1797\u17b6\u179a\u17c8\u17a2\u17ca\u17b8\u178e\u17bb\u1780<\/strong>: \u1782\u17bd\u179a\u1787\u17d2\u179a\u17be\u179f\u179a\u17be\u179f\u17a2\u17ca\u17b8\u178e\u17bb\u1780 \u17e3\u17e0\u17e4 \u17ac \u17e3\u17e1\u17e6 \u178a\u17be\u1798\u17d2\u1794\u17b8\u1792\u17b6\u1793\u17b6\u1794\u17b6\u1793\u1793\u17bc\u179c\u1797\u17b6\u1796\u1792\u1793\u17cb \u1793\u17b7\u1784\u179f\u17c4\u1797\u17d0\u178e\u1797\u17b6\u1796\u1793\u17c3\u1780\u17b6\u1794\u17ca\u17b8\u1793\u17d4.<\/li>\n \t<li><strong>\u1796\u178e\u17cc<\/strong>: \u1787\u17d2\u179a\u17be\u179f\u179a\u17be\u179f\u1796\u178e\u17cc\u178a\u17c2\u179b\u179f\u1798\u179f\u17d2\u179a\u1794\u1793\u17b9\u1784\u179f\u17d2\u1791\u17b8\u179b\u179f\u17d2\u1790\u17b6\u1794\u178f\u17d2\u1799\u1780\u1798\u17d2\u1798\u1793\u17c3\u1795\u17d2\u1791\u17c7 \u1793\u17b7\u1784\u1785\u17c6\u178e\u1784\u17cb\u1785\u17c6\u178e\u17bc\u179b\u1785\u17b7\u178f\u17d2\u178f\u179a\u1794\u179f\u17cb\u1798\u17d2\u1785\u17b6\u179f\u17cb\u1795\u17d2\u1791\u17c7\u17d4.<\/li>\n \t<li><strong>\u1780\u17d2\u1794\u17bc\u179a\u1780\u17d2\u1794\u17b6\u1785\u17cb<\/strong>: \u1787\u17d2\u179a\u17be\u179f\u179a\u17be\u179f\u1780\u17d2\u1794\u17bc\u179a\u1780\u17d2\u1794\u17b6\u1785\u17cb\u178a\u17c2\u179b\u179f\u1798\u179f\u17d2\u179a\u1794\u1793\u17b9\u1784\u179f\u17d2\u1791\u17b8\u179b\u179a\u17bd\u1798\u1793\u17c3\u179b\u17c6\u17a0\u179a\u1785\u1793\u17b6\u1795\u17d2\u1791\u17c3\u1780\u17d2\u1793\u17bb\u1784\u17d4.<\/li>\n \t<li><strong>\u1791\u17c6\u17a0\u17c6<\/strong>: \u1787\u17d2\u179a\u17be\u179f\u179a\u17be\u179f\u1791\u17c6\u17a0\u17c6\u1780\u17b6\u1794\u17ca\u17b8\u1793\u17b1\u17d2\u1799\u179f\u1798\u179f\u17d2\u179a\u1794\u1793\u17b9\u1784\u1795\u17d2\u1791\u17c3\u1780\u17d2\u179a\u17a1\u17b6 \u1793\u17b7\u1784\u1785\u17c6\u1793\u17bd\u1793\u17a2\u17d2\u1793\u1780\u1794\u17d2\u179a\u17be\u1794\u17d2\u179a\u17b6\u179f\u17cb\u17d4.<\/li>\n \t<li><strong>\u17a2\u1784\u17d2\u1782\u1797\u17b6\u1796\u1795\u17d2\u1782\u178f\u17cb\u1795\u17d2\u1782\u1784\u17cb<\/strong>: \u1787\u17d2\u179a\u17be\u179f\u179a\u17be\u179f\u17a2\u1784\u17d2\u1782\u1797\u17b6\u1796\u178a\u17c2\u179b\u1798\u17b6\u1793\u1780\u17c1\u179a\u17d2\u178f\u17b7\u17cd\u1788\u17d2\u1798\u17c4\u17c7 \u1793\u17b7\u1784\u1794\u1791\u1796\u17b7\u179f\u17c4\u1792\u1793\u17cd \u178a\u17be\u1798\u17d2\u1794\u17b8\u1792\u17b6\u1793\u17b6\u1794\u17b6\u1793\u1793\u17bc\u179c\u1782\u17bb\u178e\u1797\u17b6\u1796\u1795\u179b\u17b7\u178f\u1795\u179b \u1793\u17b7\u1784\u179f\u17c1\u179c\u17b6\u1780\u1798\u17d2\u1798\u17d4.<\/li>\n<\/ul>","protected":false},"featured_media":1946,"comment_status":"open","ping_status":"open","template":"","meta":{"_acf_changed":false},"product_brand":[],"product_cat":[128],"product_tag":[129,130,131,132,136,137,138],"class_list":{"0":"post-1965","1":"product","2":"type-product","3":"status-publish","4":"has-post-thumbnail","6":"product_cat-cabin-thang-may","7":"product_tag-cabin","8":"product_tag-cabin-thang","9":"product_tag-cabin-thang-may","10":"product_tag-cabin-thang-may-inox","11":"product_tag-cabin-thang-may-inox-mau","12":"product_tag-cabin-thang-may-inox-mau-hoa","13":"product_tag-cabin-thang-may-inox-mau-hoa-van","15":"first","16":"instock","17":"shipping-taxable","18":"purchasable","19":"product-type-simple"},"acf":[],"_links":{"self":[{"href":"https:\/\/thangmayitaly.com\/km\/wp-json\/wp\/v2\/product\/1965","targetHints":{"allow":["GET"]}}],"collection":[{"href":"https:\/\/thangmayitaly.com\/km\/wp-json\/wp\/v2\/product"}],"about":[{"href":"https:\/\/thangmayitaly.com\/km\/wp-json\/wp\/v2\/types\/product"}],"replies":[{"embeddable":true,"href":"https:\/\/thangmayitaly.com\/km\/wp-json\/wp\/v2\/comments?post=1965"}],"wp:featuredmedia":[{"embeddable":true,"href":"https:\/\/thangmayitaly.com\/km\/wp-json\/wp\/v2\/media\/1946"}],"wp:attachment":[{"href":"https:\/\/thangmayitaly.com\/km\/wp-json\/wp\/v2\/media?parent=1965"}],"wp:term":[{"taxonomy":"product_brand","embeddable":true,"href":"https:\/\/thangmayitaly.com\/km\/wp-json\/wp\/v2\/product_brand?post=1965"},{"taxonomy":"product_cat","embeddable":true,"href":"https:\/\/thangmayitaly.com\/km\/wp-json\/wp\/v2\/product_cat?post=1965"},{"taxonomy":"product_tag","embeddable":true,"href":"https:\/\/thangmayitaly.com\/km\/wp-json\/wp\/v2\/product_tag?post=1965"}],"curies":[{"name":"wp","href":"https:\/\/api.w.org\/{rel}","templated":true}]}}