{"id":1904,"date":"2025-02-13T05:28:52","date_gmt":"2025-02-13T05:28:52","guid":{"rendered":"https:\/\/thangmayitaly.com\/\/index.php\/product\/may-keo-thang-may-co-hop-so-montanari-mk-m95\/"},"modified":"2026-03-26T10:06:18","modified_gmt":"2026-03-26T10:06:18","slug":"may-keo-thang-may-co-hop-so-montanari-mk-m95","status":"publish","type":"product","link":"https:\/\/thangmayitaly.com\/km\/may-keo-thang-may-co-hop-so-montanari-mk-m95\/","title":{"rendered":"M\u00e1y k\u00e9o thang m\u00e1y c\u00f3 h\u1ed9p s\u1ed1 Montanari MK-M95"},"content":{"rendered":"<div style=\"width: 770px;\" class=\"wp-video\"><video class=\"wp-video-shortcode\" id=\"video-1904-1\" width=\"770\" height=\"564\" preload=\"metadata\" controls=\"controls\"><source type=\"video\/mp4\" src=\"https:\/\/nktech.h2791.dpsmedia.vn\/wp-content\/uploads\/2025\/02\/Argani-lift-video-M93.mp4?_=1\" \/><a href=\"https:\/\/nktech.h2791.dpsmedia.vn\/wp-content\/uploads\/2025\/02\/Argani-lift-video-M93.mp4\" target=\"_blank\" rel=\"noopener\">https:\/\/nktech.h2791.dpsmedia.vn\/wp-content\/uploads\/2025\/02\/Argani-lift-video-M93.mp4<\/a><\/video><\/div>","protected":false},"excerpt":{"rendered":"","protected":false},"featured_media":0,"comment_status":"open","ping_status":"open","template":"","meta":{"_acf_changed":false},"product_brand":[],"product_cat":[100],"product_tag":[],"class_list":{"0":"post-1904","1":"product","2":"type-product","3":"status-publish","5":"product_cat-dong-co-may-keo-thang","7":"first","8":"instock","9":"shipping-taxable","10":"product-type-simple"},"acf":[],"rankmath_keywords":{"primary":"","secondary":[""]},"yoast_keywords":{"primary":"","secondary":[]},"yoast_focuskw":"","rankmath_focuskw":"","seo_keywords":{"primary":"","secondary":[""]},"_links":{"self":[{"href":"https:\/\/thangmayitaly.com\/km\/wp-json\/wp\/v2\/product\/1904","targetHints":{"allow":["GET"]}}],"collection":[{"href":"https:\/\/thangmayitaly.com\/km\/wp-json\/wp\/v2\/product"}],"about":[{"href":"https:\/\/thangmayitaly.com\/km\/wp-json\/wp\/v2\/types\/product"}],"replies":[{"embeddable":true,"href":"https:\/\/thangmayitaly.com\/km\/wp-json\/wp\/v2\/comments?post=1904"}],"wp:attachment":[{"href":"https:\/\/thangmayitaly.com\/km\/wp-json\/wp\/v2\/media?parent=1904"}],"wp:term":[{"taxonomy":"product_brand","embeddable":true,"href":"https:\/\/thangmayitaly.com\/km\/wp-json\/wp\/v2\/product_brand?post=1904"},{"taxonomy":"product_cat","embeddable":true,"href":"https:\/\/thangmayitaly.com\/km\/wp-json\/wp\/v2\/product_cat?post=1904"},{"taxonomy":"product_tag","embeddable":true,"href":"https:\/\/thangmayitaly.com\/km\/wp-json\/wp\/v2\/product_tag?post=1904"}],"curies":[{"name":"wp","href":"https:\/\/api.w.org\/{rel}","templated":true}]}}