{"id":1862,"date":"2025-01-10T22:24:53","date_gmt":"2025-01-10T22:24:53","guid":{"rendered":"https:\/\/thangmayitaly.com\/\/index.php\/product\/cap-thep-tai-thang-may-cong-nghe-italy-san-xuat-tai-italy-cttm-8-0mm-loi-bo\/"},"modified":"2026-03-26T10:05:33","modified_gmt":"2026-03-26T10:05:33","slug":"cap-thep-tai-thang-may-cong-nghe-italy-san-xuat-tai-italy-cttm-8-0mm-loi-bo","status":"publish","type":"product","link":"https:\/\/thangmayitaly.com\/km\/san-pham\/cap-thep-tai-thang-may-cong-nghe-italy-san-xuat-tai-italy-cttm-8-0mm-loi-bo\/","title":{"rendered":"\u1781\u17d2\u179f\u17c2\u179a\u1780\u17b6\u1794\u179f\u17d2\u1796\u17b6\u1793\u17cb\u1787\u178e\u17d2\u178f\u17be\u179a\u1799\u1793\u17d2\u178f\u1794\u1785\u17d2\u1785\u17c1\u1780\u179c\u17b7\u1791\u17d2\u1799\u17b6\u17a2\u17ca\u17b8\u178f\u17b6\u179b\u17b8\u1795\u179b\u17b7\u178f\u1793\u17c5\u17a2\u17ca\u17b8\u178f\u17b6\u179b\u17b8 CTTM-8.0MM-\u179f\u17d2\u1793\u17bc\u179b\u17a2\u17c6\u1794\u17c4\u17c7"},"content":{"rendered":"<h3><strong>\u1781\u17d2\u179f\u17c2\u179a\u1780\u17b6\u1794\u179f\u17d2\u1796\u17b6\u1793\u17cb\u1787\u178e\u17d2\u178f\u17be\u179a\u1799\u1793\u17d2\u178f\u1794\u1785\u17d2\u1785\u17c1\u1780\u179c\u17b7\u1791\u17d2\u1799\u17b6\u17a2\u17ca\u17b8\u178f\u17b6\u179b\u17b8\u1795\u179b\u17b7\u178f\u1793\u17c5\u17a2\u17ca\u17b8\u178f\u17b6\u179b\u17b8-cttm-8.0mm-\u179f\u17d2\u1793\u17bc\u179b\u17a2\u17c6\u1794\u17c4\u17c7-\u1787\u1798\u17d2\u179a\u17be\u179f\u178a\u17cf\u179b\u17d2\u17a2\u1794\u17c6\u1795\u17bb\u178f\u179f\u1798\u17d2\u179a\u17b6\u1794\u17cb\u1782\u1798\u17d2\u179a\u17c4\u1784\u179a\u1794\u179f\u17cb\u179b\u17c4\u1780\u17a2\u17d2\u1793\u1780<\/strong><\/h3>\n<p><strong>\u1780\u17d2\u179a\u17bb\u1798\u17a0\u17ca\u17bb\u1793 Italy Elevator Import Trade Service Co., Ltd \u1798\u17b6\u1793\u1798\u17c4\u1791\u1793\u1797\u17b6\u1796\u1787\u17b6\u17a2\u17d2\u1793\u1780\u1785\u17c2\u1780\u1785\u17b6\u1799\u1781\u17d2\u179f\u17c2\u179a\u1780\u17b6\u1794\u179f\u17d2\u1796\u17b6\u1793\u17cb\u1787\u178e\u17d2\u178f\u17be\u179a\u1799\u1793\u17d2\u178f CTTM-8.0MM-\u179f\u17d2\u1793\u17bc\u179b\u17a2\u17c6\u1794\u17c4\u17c7 \u178a\u17c2\u179b\u1787\u17b6\u1795\u179b\u17b7\u178f\u1795\u179b\u179a\u17bd\u1798\u1794\u1789\u17d2\u1785\u17bc\u179b\u1782\u17d2\u1793\u17b6\u1799\u17c9\u17b6\u1784\u179b\u17d2\u17a2\u17a5\u178f\u1781\u17d2\u1785\u17c4\u17c7\u179a\u179c\u17b6\u1784\u1794\u1785\u17d2\u1785\u17c1\u1780\u179c\u17b7\u1791\u17d2\u1799\u17b6\u17a2\u17ca\u17b8\u178f\u17b6\u179b\u17b8 \u1793\u17b7\u1784\u1782\u17bb\u178e\u1797\u17b6\u1796\u1795\u179b\u17b7\u178f\u1780\u1798\u17d2\u1798\u17a2\u17ca\u17b8\u178f\u17b6\u179b\u17b8\u17d4.<\/strong> \u1787\u17b6\u1798\u17bd\u1799\u1793\u17b9\u1784\u179b\u1780\u17d2\u1781\u178e\u17c8\u179c\u17b7\u1793\u17b7\u1785\u17d2\u1786\u17d0\u1799 \u201c\u179f\u17c1\u179c\u17b6\u1780\u1798\u17d2\u1798\u1794\u17d2\u179a\u1780\u1794\u178a\u17c4\u1799\u179f\u17bb\u179c\u178f\u17d2\u1790\u17b7\u1797\u17b6\u1796 \u2013 \u1795\u179b\u17b7\u178f\u1795\u179b\u1798\u17b6\u1793\u1782\u17bb\u178e\u1797\u17b6\u1796 \u2013 \u1782\u1798\u17d2\u179a\u17c4\u1784\u179b\u17c6\u178a\u17b6\u1794\u17cb\u1781\u17d2\u1796\u179f\u17cb\u201d \u1799\u17be\u1784\u1781\u17d2\u1789\u17bb\u17c6\u1794\u17d2\u178a\u17c1\u1787\u17d2\u1789\u17b6\u1793\u17b6\u17c6\u1798\u1780\u1787\u17bc\u1793\u17a2\u178f\u17b7\u1790\u17b7\u1787\u1793\u1793\u17bc\u179c\u178a\u17c6\u178e\u17c4\u17c7\u179f\u17d2\u179a\u17b6\u1799\u178a\u17cf\u179b\u17d2\u17a2\u1794\u17c6\u1795\u17bb\u178f\u179f\u1798\u17d2\u179a\u17b6\u1794\u17cb\u1794\u17d2\u179a\u1796\u17d0\u1793\u17d2\u1792\u1787\u178e\u17d2\u178f\u17be\u179a\u1799\u1793\u17d2\u178f\u17d4.<\/p>\n<h3><strong>\u1781\u17d2\u179f\u17c2\u179b\u17bd\u179f\u178a\u17c2\u1780\u1787\u178e\u17d2\u178f\u17be\u179a\u1799\u1793\u17d2\u178f CTTM-8.0MM-\u179f\u17d2\u1793\u17bc\u179b\u1781\u17d2\u179f\u17c2\u1796\u17bd\u179a: \u179b\u1780\u17d2\u1781\u178e\u17c8\u1796\u17b7\u179f\u17c1\u179f\u179b\u17c1\u1785\u1792\u17d2\u179b\u17c4<\/strong><\/h3>\n<ul>\n<li><strong>\u1794\u1785\u17d2\u1785\u17c1\u1780\u179c\u17b7\u1791\u17d2\u1799\u17b6\u17a2\u17ca\u17b8\u178f\u17b6\u179b\u17b8 \u1795\u179b\u17b7\u178f\u1793\u17c5\u17a2\u17ca\u17b8\u178f\u17b6\u179b\u17b8:<\/strong> \u1780\u17b6\u179a\u179a\u17bd\u1798\u1794\u1789\u17d2\u1785\u17bc\u179b\u1782\u17d2\u1793\u17b6\u179a\u179c\u17b6\u1784\u1794\u1785\u17d2\u1785\u17c1\u1780\u179c\u17b7\u1791\u17d2\u1799\u17b6\u1791\u17c6\u1793\u17be\u1794 \u1793\u17b7\u1784\u178a\u17c6\u178e\u17be\u179a\u1780\u17b6\u179a\u1795\u179b\u17b7\u178f\u1780\u1798\u17d2\u1798\u1791\u17b6\u1793\u17cb\u179f\u1798\u17d0\u1799\u17d4.<\/li>\n<li><strong>\u17a2\u1784\u17d2\u1780\u178f\u17cb\u1795\u17d2\u1785\u17b7\u178f 8.0mm, \u179f\u17d2\u1793\u17bc\u179b\u1781\u17d2\u179f\u17c2\u1796\u17bd\u179a:<\/strong> \u1792\u17b6\u1793\u17b6\u1793\u17bc\u179c\u179f\u1798\u178f\u17d2\u1790\u1797\u17b6\u1796\u1791\u17d2\u179a\u1791\u17d2\u179a\u1784\u17cb\u1794\u1793\u17d2\u1791\u17bb\u1780\u1792\u17c6 \u1793\u17b7\u1784\u1797\u17b6\u1796\u1792\u1793\u17cb\u1781\u17d2\u1796\u179f\u17cb\u1794\u17c6\u1795\u17bb\u178f\u17d4.<\/li>\n<li><strong>\u179f\u1798\u17d2\u1797\u17b6\u179a\u17c8\u178a\u17c2\u1780\u1780\u17b6\u1794\u17bc\u1793\u1780\u1798\u17d2\u179a\u17b7\u178f\u1781\u17d2\u1796\u179f\u17cb:<\/strong> \u1792\u1793\u17cb\u1793\u17b9\u1784\u1780\u17b6\u179a\u179f\u17b9\u1780\u1780\u1780\u17b7\u178f \u1794\u17d2\u179a\u1786\u17b6\u17c6\u1784\u1793\u17b9\u1784\u17a2\u17bb\u1780\u179f\u17ca\u17b8\u178f\u1780\u1798\u17d2\u1798 \u1796\u1793\u17d2\u1799\u17b6\u179a\u17a2\u17b6\u1799\u17bb\u1780\u17b6\u179b\u1794\u17d2\u179a\u17be\u1794\u17d2\u179a\u17b6\u179f\u17cb\u17d4.<\/li>\n<li><strong>\u1795\u17d2\u1791\u17c3\u1797\u17d2\u179b\u17ba\u179a\u179b\u17c4\u1784 \u1780\u17b6\u178f\u17cb\u1794\u1793\u17d2\u1790\u1799\u1780\u17b6\u179a\u178f\u17c4\u1784\u1792\u17bc\u179b\u17b8:<\/strong> \u1780\u17b6\u178f\u17cb\u1794\u1793\u17d2\u1790\u1799\u1780\u17b6\u179a\u1780\u1780\u17b7\u178f \u178a\u17c6\u178e\u17be\u179a\u1780\u17b6\u179a\u178a\u17c4\u1799\u179a\u179b\u17bc\u1793\u17d4.<\/li>\n<li><strong>\u1791\u1791\u17bd\u179b\u1794\u17b6\u1793\u179f\u17d2\u178f\u1784\u17cb\u178a\u17b6\u179a\u179f\u17bb\u179c\u178f\u17d2\u1790\u17b7\u1797\u17b6\u1796\u17a2\u1793\u17d2\u178f\u179a\u1787\u17b6\u178f\u17b7:<\/strong> \u1792\u17b6\u1793\u17b6\u179f\u17bb\u179c\u178f\u17d2\u1790\u17b7\u1797\u17b6\u1796\u178a\u17b6\u1785\u17cb\u1781\u17b6\u178f\u179f\u1798\u17d2\u179a\u17b6\u1794\u17cb\u17a2\u17d2\u1793\u1780\u1794\u17d2\u179a\u17be\u1794\u17d2\u179a\u17b6\u179f\u17cb\u17d4.<\/li>\n<\/ul>\n<h3><strong>\u1780\u17b6\u179a\u1794\u17d2\u179a\u17be\u1794\u17d2\u179a\u17b6\u179f\u17cb\u1781\u17d2\u179f\u17c2\u179b\u17bd\u179f\u178a\u17c2\u1780\u1787\u178e\u17d2\u178f\u17be\u179a\u1799\u1793\u17d2\u178f CTTM-8.0MM-\u179f\u17d2\u1793\u17bc\u179b\u1781\u17d2\u179f\u17c2\u1796\u17bd\u179a<\/strong><\/h3>\n<p>\u1795\u179b\u17b7\u178f\u1795\u179b\u178f\u17d2\u179a\u17bc\u179c\u1794\u17b6\u1793\u1794\u17d2\u179a\u17be\u1794\u17d2\u179a\u17b6\u179f\u17cb\u1799\u17c9\u17b6\u1784\u1791\u17bc\u179b\u17c6\u1791\u17bc\u179b\u17b6\u1799\u1793\u17c5\u1780\u17d2\u1793\u17bb\u1784\u1782\u1798\u17d2\u179a\u17c4\u1784\u1793\u17b6\u1793\u17b6:<\/p>\n<ul>\n<li><strong>\u1787\u178e\u17d2\u178f\u17be\u179a\u1799\u1793\u17d2\u178f\u179f\u1798\u17d2\u179a\u17b6\u1794\u17cb\u1782\u17c1\u17a0\u178a\u17d2\u178b\u17b6\u1793:<\/strong> \u1793\u17b6\u17c6\u1798\u1780\u1793\u17bc\u179c\u179f\u17bb\u179c\u178f\u17d2\u1790\u17b7\u1797\u17b6\u1796 \u1793\u17b7\u1784\u1797\u17b6\u1796\u179f\u17d2\u1784\u1794\u17cb\u179f\u17d2\u1784\u17b6\u178f\u17cb\u179f\u1798\u17d2\u179a\u17b6\u1794\u17cb\u1780\u1793\u17d2\u179b\u17c2\u1784\u179a\u179f\u17cb\u1793\u17c5\u17d4.<\/li>\n<li><strong>\u1787\u178e\u17d2\u178f\u17be\u179a\u1799\u1793\u17d2\u178f\u178a\u17b9\u1780\u17a2\u17d2\u1793\u1780\u178a\u17c6\u178e\u17be\u179a:<\/strong> \u1786\u17d2\u179b\u17be\u1799\u178f\u1794\u1791\u17c5\u1793\u17b9\u1784\u178f\u1798\u17d2\u179a\u17bc\u179c\u1780\u17b6\u179a\u178a\u17b9\u1780\u1787\u1789\u17d2\u1787\u17bc\u1793\u178a\u17c2\u179b\u1798\u17b6\u1793\u1794\u17d2\u179a\u17c1\u1780\u1784\u17cb\u1781\u17d2\u1796\u179f\u17cb\u17d4.<\/li>\n<li><strong>\u1787\u178e\u17d2\u178f\u17be\u179a\u1799\u1793\u17d2\u178f\u178a\u17b9\u1780\u1791\u17c6\u1793\u17b7\u1789:<\/strong> \u178a\u17b9\u1780\u1787\u1789\u17d2\u1787\u17bc\u1793\u1791\u17c6\u1793\u17b7\u1789\u1792\u17d2\u1784\u1793\u17cb\u17d7\u1794\u17d2\u179a\u1780\u1794\u178a\u17c4\u1799\u179f\u17bb\u179c\u178f\u17d2\u1790\u17b7\u1797\u17b6\u1796 \u1793\u17b7\u1784\u1794\u17d2\u179a\u179f\u17b7\u1791\u17d2\u1792\u1797\u17b6\u1796\u17d4.<\/li>\n<li><strong>\u1787\u178e\u17d2\u178f\u17be\u179a\u1799\u1793\u17d2\u178f\u1798\u1793\u17d2\u1791\u17b8\u179a\u1796\u17c1\u1791\u17d2\u1799:<\/strong> \u1792\u17b6\u1793\u17b6\u1793\u17bc\u179c\u179f\u17d2\u1790\u17c1\u179a\u1797\u17b6\u1796 \u1793\u17b7\u1784\u179f\u17bb\u179c\u178f\u17d2\u1790\u17b7\u1797\u17b6\u1796\u179f\u1798\u17d2\u179a\u17b6\u1794\u17cb\u17a2\u17d2\u1793\u1780\u1787\u17c6\u1784\u17ba\u17d4.<\/li>\n<\/ul>\n<h3><strong>\u17a2\u178f\u17d2\u1790\u1794\u17d2\u179a\u1799\u17c4\u1787\u1793\u17cd\u1793\u17c5\u1796\u17c1\u179b\u1787\u17d2\u179a\u17be\u179f\u179a\u17be\u179f\u1781\u17d2\u179f\u17c2\u179b\u17bd\u179f\u178a\u17c2\u1780\u1787\u178e\u17d2\u178f\u17be\u179a\u1799\u1793\u17d2\u178f CTTM-8.0MM-\u179f\u17d2\u1793\u17bc\u179b\u1781\u17d2\u179f\u17c2\u1796\u17bd\u179a<\/strong><\/h3>\n<ul>\n<li><strong>\u179f\u17bb\u179c\u178f\u17d2\u1790\u17b7\u1797\u17b6\u1796\u178a\u17b6\u1785\u17cb\u1781\u17b6\u178f\u17d6<\/strong> \u179a\u1785\u1793\u17b6\u179f\u1798\u17d2\u1796\u17d0\u1793\u17d2\u1792\u179a\u17b9\u1784\u1798\u17b6\u17c6 \u179f\u1798\u178f\u17d2\u1790\u1797\u17b6\u1796\u1791\u17d2\u179a\u1791\u17d2\u179a\u1784\u17cb\u1780\u1798\u17d2\u179b\u17b6\u17c6\u1784\u1781\u17d2\u1796\u179f\u17cb \u1780\u17b6\u178f\u17cb\u1794\u1793\u17d2\u1790\u1799\u17a0\u17b6\u1793\u17b7\u1797\u17d0\u1799\u17d4.<\/li>\n<li><strong>\u178a\u17c6\u178e\u17be\u179a\u1780\u17b6\u179a\u179a\u179b\u17bc\u1793\u17d6<\/strong> \u1780\u17b6\u178f\u17cb\u1794\u1793\u17d2\u1790\u1799\u1780\u17b6\u179a\u1789\u17d0\u179a \u1780\u17b6\u178f\u17cb\u1794\u1793\u17d2\u1790\u1799\u179f\u17c6\u17a1\u17c1\u1784\u179a\u17c6\u1781\u17b6\u1793 \u1795\u17d2\u178f\u179b\u17cb\u1793\u17bc\u179c\u1794\u1791\u1796\u17b7\u179f\u17c4\u1792\u1793\u17cd\u1795\u17b6\u179f\u17bb\u1780\u1797\u17b6\u1796\u17d4.<\/li>\n<li><strong>\u17a2\u17b6\u1799\u17bb\u1780\u17b6\u179b\u1794\u17d2\u179a\u17be\u1794\u17d2\u179a\u17b6\u179f\u17cb\u179c\u17c2\u1784\u17d6<\/strong> \u1792\u1793\u17cb\u1793\u17b9\u1784\u1780\u17b6\u179a\u179f\u17b9\u1780\u1780\u1780\u17b7\u178f \u1794\u17d2\u179a\u1786\u17b6\u17c6\u1784\u1793\u17b9\u1784\u17a2\u17bb\u1780\u179f\u17ca\u17b8\u178f\u1780\u1798\u17d2\u1798 \u179f\u1793\u17d2\u179f\u17c6\u179f\u17c6\u1785\u17c3\u1790\u17d2\u179b\u17c3\u178a\u17be\u1798\u1790\u17c2\u1791\u17b6\u17c6\u17d4.<\/li>\n<li><strong>\u1794\u17d2\u179a\u179f\u17b7\u1791\u17d2\u1792\u1797\u17b6\u1796\u1781\u17d2\u1796\u179f\u17cb\u1794\u17c6\u1795\u17bb\u178f:<\/strong> \u1792\u17b6\u1793\u17b6\u1793\u17bc\u179c\u179f\u1780\u1798\u17d2\u1798\u1797\u17b6\u1796\u1798\u17b6\u1793\u179f\u17d2\u1790\u17c1\u179a\u1797\u17b6\u1796\u1793\u17c3\u1794\u17d2\u179a\u1796\u17d0\u1793\u17d2\u1792\u1787\u178e\u17d2\u178f\u17be\u179a\u1799\u1793\u17d2\u178f\u17d4.<\/li>\n<\/ul>\n<p><strong>\u1780\u17d2\u179a\u17bb\u1798\u17a0\u17ca\u17bb\u1793 Italy Elevator Import Trading Service Co., Ltd: \u1780\u17b6\u179a\u1794\u17d2\u178f\u17c1\u1787\u17d2\u1789\u17b6\u1785\u17b7\u178f\u17d2\u178f\u179b\u17be\u1782\u17bb\u178e\u1797\u17b6\u1796 \u1793\u17b7\u1784\u179f\u17c1\u179c\u17b6\u1780\u1798\u17d2\u1798<\/strong><\/p>\n<p>\u1799\u17be\u1784\u1781\u17d2\u1789\u17bb\u17c6\u1794\u17d2\u178f\u17c1\u1787\u17d2\u1789\u17b6\u1793\u17b6\u17c6\u1798\u1780\u1787\u17bc\u1793\u179b\u17c4\u1780\u17a2\u17d2\u1793\u1780\u1793\u17bc\u179c\u17d6<\/p>\n<ul>\n<li><strong>\u1795\u179b\u17b7\u178f\u1795\u179b\u1795\u17d2\u179b\u17bc\u179c\u1780\u17b6\u179a:<\/strong> \u1780\u17b6\u179a\u1793\u17b6\u17c6\u1785\u17bc\u179b\u178a\u17c4\u1799\u1795\u17d2\u1791\u17b6\u179b\u17cb \u1796\u17c1\u1789\u179b\u17c1\u1789\u178a\u17c4\u1799\u179c\u17b7\u1789\u17d2\u1789\u17b6\u1794\u1793\u1794\u178f\u17d2\u179a CO \u1793\u17b7\u1784 CQ\u17d4.<\/li>\n<li><strong>\u178f\u1798\u17d2\u179b\u17c3\u1794\u17d2\u179a\u1780\u17bd\u178f\u1794\u17d2\u179a\u1787\u17c2\u1784\u17d6<\/strong> \u1795\u17d2\u178f\u179b\u17cb\u178a\u17c6\u178e\u17c4\u17c7\u179f\u17d2\u179a\u17b6\u1799\u179b\u17d2\u17a2\u1794\u17c6\u1795\u17bb\u178f\u1787\u17b6\u1798\u17bd\u1799\u178f\u1798\u17d2\u179b\u17c3\u179f\u1798\u179a\u1798\u17d2\u1799\u17d4.<\/li>\n<li><strong>\u1780\u17b6\u179a\u1796\u17b7\u1782\u17d2\u179a\u17c4\u17c7\u1799\u17c4\u1794\u179b\u17cb\u1794\u17d2\u179a\u1780\u1794\u178a\u17c4\u1799\u179c\u17b7\u1787\u17d2\u1787\u17b6\u1787\u17b8\u179c\u17c8\u17d6<\/strong> \u1782\u17b6\u17c6\u1791\u17d2\u179a\u1780\u17b6\u179a\u1787\u17d2\u179a\u17be\u179f\u179a\u17be\u179f\u1795\u179b\u17b7\u178f\u1795\u179b\u178a\u17c2\u179b\u179f\u1798\u179f\u17d2\u179a\u1794\u178f\u17b6\u1798\u178f\u1798\u17d2\u179a\u17bc\u179c\u1780\u17b6\u179a\u17d4.<\/li>\n<li><strong>\u1780\u17b6\u179a\u178a\u17c6\u17a1\u17be\u1784\u179a\u17a0\u17d0\u179f\u17d6<\/strong> \u1780\u17d2\u179a\u17bb\u1798\u17a2\u17d2\u1793\u1780\u1794\u1785\u17d2\u1785\u17c1\u1780\u1791\u17c1\u179f\u178a\u17c2\u179b\u1798\u17b6\u1793\u1794\u1791\u1796\u17b7\u179f\u17c4\u1792\u1793\u17cd\u1781\u17d2\u1796\u179f\u17cb \u1780\u17b6\u179a\u179f\u17b6\u1784\u179f\u1784\u17cb\u1794\u17d2\u179a\u1780\u1794\u178a\u17c4\u1799\u179c\u17b7\u1787\u17d2\u1787\u17b6\u1787\u17b8\u179c\u17c8\u17d4.<\/li>\n<li><strong>\u1780\u17b6\u179a\u1792\u17b6\u1793\u17b6\u179a\u1799\u17c8\u1796\u17c1\u179b\u179c\u17c2\u1784\u17d6<\/strong> \u1782\u17c4\u179b\u1780\u17b6\u179a\u178e\u17cd\u1792\u17b6\u1793\u17b6\u1799\u1780\u1785\u17b7\u178f\u17d2\u178f\u1791\u17bb\u1780\u178a\u17b6\u1780\u17cb \u1793\u17b7\u1784\u17a2\u179f\u17cb\u1796\u17b8\u1785\u17b7\u178f\u17d2\u178f\u17d4.<\/li>\n<\/ul>\n<p><strong>\u201c\u179f\u17c1\u179c\u17b6\u1780\u1798\u17d2\u1798\u179f\u17bb\u179c\u178f\u17d2\u1790\u17b7\u1797\u17b6\u1796 \u2013 \u1795\u179b\u17b7\u178f\u1795\u179b\u1782\u17bb\u178e\u1797\u17b6\u1796 \u2013 \u179f\u17c6\u178e\u1784\u17cb\u1780\u1798\u17d2\u179a\u17b7\u178f\u1781\u17d2\u1796\u179f\u17cb\u201d<\/strong><\/p>\n<p>\u179b\u1780\u17d2\u1781\u178e\u17c8\u179c\u17b7\u1793\u17b7\u1785\u17d2\u1786\u17d0\u1799\u1793\u17c1\u17c7\u178f\u17d2\u179a\u17bc\u179c\u1794\u17b6\u1793\u1794\u1784\u17d2\u17a0\u17b6\u1789\u1799\u17c9\u17b6\u1784\u1785\u17d2\u1794\u17b6\u179f\u17cb\u1793\u17c5\u1780\u17d2\u1793\u17bb\u1784\u179a\u17b6\u179b\u17cb\u1795\u179b\u17b7\u178f\u1795\u179b \u1793\u17b7\u1784\u179f\u17c1\u179c\u17b6\u1780\u1798\u17d2\u1798\u179a\u1794\u179f\u17cb\u1799\u17be\u1784\u1781\u17d2\u1789\u17bb\u17c6\u17d6<\/p>\n<ul>\n<li><strong>\u179f\u17c1\u179c\u17b6\u1780\u1798\u17d2\u1798\u179f\u17bb\u179c\u178f\u17d2\u1790\u17b7\u1797\u17b6\u1796\u17d6<\/strong> \u1792\u17b6\u1793\u17b6\u179f\u17bb\u179c\u178f\u17d2\u1790\u17b7\u1797\u17b6\u1796\u1780\u17d2\u1793\u17bb\u1784\u178a\u17c6\u178e\u17be\u179a\u1780\u17b6\u179a\u178a\u17c6\u17a1\u17be\u1784 \u1793\u17b7\u1784\u1794\u17d2\u179a\u178f\u17b7\u1794\u178f\u17d2\u178f\u17b7\u1780\u17b6\u179a\u17d4.<\/li>\n<li><strong>\u1795\u179b\u17b7\u178f\u1795\u179b\u1782\u17bb\u178e\u1797\u17b6\u1796\u17d6<\/strong> \u1781\u17d2\u179f\u17c2\u179a\u1780\u17b6\u1794\u178a\u17c2\u1780\u1787\u178e\u17d2\u178f\u17be\u179a\u1799\u1793\u17d2\u178f\u179f\u1798\u17d2\u179a\u17c1\u1785\u1794\u17b6\u1793\u178f\u17b6\u1798\u179f\u17d2\u178f\u1784\u17cb\u178a\u17b6\u179a\u1782\u17bb\u178e\u1797\u17b6\u1796\u17a2\u1793\u17d2\u178f\u179a\u1787\u17b6\u178f\u17b7\u17d4.<\/li>\n<li><strong>\u179f\u17c6\u178e\u1784\u17cb\u1780\u1798\u17d2\u179a\u17b7\u178f\u1781\u17d2\u1796\u179f\u17cb\u17d6<\/strong> \u1793\u17b6\u17c6\u1798\u1780\u1793\u17bc\u179c\u1797\u17b6\u1796\u179b\u17d2\u17a2\u17a5\u178f\u1781\u17d2\u1785\u17c4\u17c7\u179f\u1798\u17d2\u179a\u17b6\u1794\u17cb\u1782\u17d2\u179a\u1794\u17cb\u179f\u17c6\u178e\u1784\u17cb\u1791\u17b6\u17c6\u1784\u17a2\u179f\u17cb\u17d4.<\/li>\n<\/ul>\n<p>\u179f\u17bc\u1798\u17a2\u179a\u1782\u17bb\u178e\u178a\u179b\u17cb\u179b\u17c4\u1780\u17a2\u17d2\u1793\u1780 \u178a\u17c2\u179b\u1794\u17b6\u1793\u1785\u17c6\u178e\u17b6\u1799\u1796\u17c1\u179b\u179c\u17c1\u179b\u17b6\u178a\u17cf\u1798\u17b6\u1793\u178f\u1798\u17d2\u179b\u17c3\u179a\u1794\u179f\u17cb\u1781\u17d2\u179b\u17bd\u1793\u17a2\u17b6\u1793\u17a2\u178f\u17d2\u1790\u1794\u1791\u179a\u1794\u179f\u17cb\u1799\u17be\u1784\u1781\u17d2\u1789\u17bb\u17c6\u17d4.<\/p>\n<p>\u1791\u17b6\u1780\u17cb\u1791\u1784\u1798\u1780\u1799\u17be\u1784\u1781\u17d2\u1789\u17bb\u17c6\u1797\u17d2\u179b\u17b6\u1798\u17d7 \u178a\u17be\u1798\u17d2\u1794\u17b8\u1791\u1791\u17bd\u179b\u1794\u17b6\u1793\u1780\u17b6\u179a\u1794\u1780\u179f\u17d2\u179a\u17b6\u1799\u1785\u17c6\u1796\u17c4\u17c7\u179f\u17c6\u178e\u17bd\u179a\u1795\u17d2\u179f\u17c1\u1784\u17d7\u179a\u1794\u179f\u17cb\u179b\u17c4\u1780\u17a2\u17d2\u1793\u1780\u17d4.<\/p>\n<p>\u1799\u17be\u1784\u1781\u17d2\u1789\u17bb\u17c6\u178f\u17d2\u179a\u17c0\u1798\u1781\u17d2\u179b\u17bd\u1793\u1787\u17b6\u1793\u17b7\u1785\u17d2\u1785\u178a\u17be\u1798\u17d2\u1794\u17b8\u179a\u17bd\u1798\u178a\u17c6\u178e\u17be\u179a\u1787\u17b6\u1798\u17bd\u1799\u179b\u17c4\u1780\u17a2\u17d2\u1793\u1780\u17d4 \u1793\u17b6\u17c6\u1798\u1780\u1793\u17bc\u179c\u178a\u17c6\u178e\u17c4\u17c7\u179f\u17d2\u179a\u17b6\u1799\u1787\u178e\u17d2\u178f\u17be\u179a\u1799\u1793\u17d2\u178f\u178a\u17cf\u179b\u17d2\u17a2\u1794\u17c6\u1795\u17bb\u178f!<\/p>\n<p><strong>\u1796\u17d0\u178f\u17cc\u1798\u17b6\u1793\u1791\u17c6\u1793\u17b6\u1780\u17cb\u1791\u17c6\u1793\u1784<\/strong> \u2013 <strong>C\u00f4ng ty TNHH DVTM Nh\u1eadp kh\u1ea9u Thang m\u00e1y Italy<\/strong><\/p>\n<p><strong>\u17a2\u17b6\u179f\u1799\u178a\u17d2\u178b\u17b6\u1793\u17d6<\/strong> 104\/17 \u0110\u01b0\u1eddng 10, P.B\u00ecnh H\u01b0ng H\u00f2a B, Q.B\u00ecnh T\u00e2n, TP.H\u1ed3 Ch\u00ed Minh.<\/p>\n<p><strong>\u1781\u17d2\u179f\u17c2\u1791\u17bc\u179a\u179f\u17d0\u1796\u17d2\u1791\u1794\u1793\u17d2\u1791\u17b6\u1793\u17cb\u17d6<\/strong> 0984.20.23.29 \u2013 0982.88.11.19<\/p>\n<p><strong>\u17a2\u17ca\u17b8\u1798\u17c2\u179b:<\/strong> thangmayitalyvn@gmail.com<\/p>\n<p><strong>\u1782\u17c1\u17a0\u1791\u17c6\u1796\u17d0\u179a\u17d6<\/strong> italyelevator.com \u2013 thangmayitaly.com \u2013 thangmayy.com \u2013 elevatoritaly.com<\/p>\n<p><img fetchpriority=\"high\" decoding=\"async\" class=\"alignnone size-medium wp-image-833\" src=\"https:\/\/thangmayitaly.com\/wp-content\/uploads\/2026\/03\/CAP-LOI-BO-300x300.jpg\" alt=\"\" width=\"300\" height=\"300\" \/><\/p>","protected":false},"excerpt":{"rendered":"\u1781\u17d2\u179f\u17c2\u179a\u1780\u17b6\u1794\u179f\u17d2\u1796\u17b6\u1793\u17cb\u1787\u178e\u17d2\u178f\u17be\u179a\u1799\u1793\u17d2\u178f\u1794\u1785\u17d2\u1785\u17c1\u1780\u179c\u17b7\u1791\u17d2\u1799\u17b6\u17a2\u17ca\u17b8\u178f\u17b6\u179b\u17b8\u1795\u179b\u17b7\u178f\u1793\u17c5\u17a2\u17ca\u17b8\u178f\u17b6\u179b\u17b8 CTTM-8.0MM-\u179f\u17d2\u1793\u17bc\u179b\u17a2\u17c6\u1794\u17c4\u17c7\n<ol>\n \t<li>Gi\u00e1 t\u00ednh 1m c\u00e1p;<\/li>\n \t<li>C\u00f4ng ngh\u1ec7 Italy ti\u00ean ti\u1ebfn;<\/li>\n \t<li>S\u1ea3n xu\u1ea5t t\u1ea1i Italy;<\/li>\n \t<li>\u0110\u01b0\u1eddng k\u00ednh 8.0mm;<\/li>\n \t<li>L\u00f5i b\u1ed1;<\/li>\n \t<li>\u0110\u1ed9 b\u1ec1n cao;<\/li>\n \t<li>Hi\u1ec7u su\u1ea5t v\u1eadn h\u00e0nh \u1ed5n \u0111\u1ecbnh;<\/li>\n \t<li>L\u1eafp \u0111\u1eb7t d\u1ec5 d\u00e0ng;<\/li>\n<\/ol>","protected":false},"featured_media":1848,"comment_status":"open","ping_status":"open","template":"","meta":{"_acf_changed":false},"product_brand":[],"product_cat":[115],"product_tag":[121,117],"class_list":{"0":"post-1862","1":"product","2":"type-product","3":"status-publish","4":"has-post-thumbnail","6":"product_cat-cap-treo-thang-may","7":"product_tag-cap-thep-tai","8":"product_tag-cap-thep-tai-thang-may","10":"first","11":"instock","12":"shipping-taxable","13":"purchasable","14":"product-type-simple"},"acf":[],"_links":{"self":[{"href":"https:\/\/thangmayitaly.com\/km\/wp-json\/wp\/v2\/product\/1862","targetHints":{"allow":["GET"]}}],"collection":[{"href":"https:\/\/thangmayitaly.com\/km\/wp-json\/wp\/v2\/product"}],"about":[{"href":"https:\/\/thangmayitaly.com\/km\/wp-json\/wp\/v2\/types\/product"}],"replies":[{"embeddable":true,"href":"https:\/\/thangmayitaly.com\/km\/wp-json\/wp\/v2\/comments?post=1862"}],"wp:featuredmedia":[{"embeddable":true,"href":"https:\/\/thangmayitaly.com\/km\/wp-json\/wp\/v2\/media\/1848"}],"wp:attachment":[{"href":"https:\/\/thangmayitaly.com\/km\/wp-json\/wp\/v2\/media?parent=1862"}],"wp:term":[{"taxonomy":"product_brand","embeddable":true,"href":"https:\/\/thangmayitaly.com\/km\/wp-json\/wp\/v2\/product_brand?post=1862"},{"taxonomy":"product_cat","embeddable":true,"href":"https:\/\/thangmayitaly.com\/km\/wp-json\/wp\/v2\/product_cat?post=1862"},{"taxonomy":"product_tag","embeddable":true,"href":"https:\/\/thangmayitaly.com\/km\/wp-json\/wp\/v2\/product_tag?post=1862"}],"curies":[{"name":"wp","href":"https:\/\/api.w.org\/{rel}","templated":true}]}}