{"id":1829,"date":"2025-01-08T20:08:25","date_gmt":"2025-01-08T20:08:25","guid":{"rendered":"https:\/\/thangmayitaly.com\/\/index.php\/product\/cap-thep-tai-thang-may-cong-nghe-italy-san-xuat-tai-trung-quoc-cttm-6-5mm-loi-thep\/"},"modified":"2026-03-26T10:05:03","modified_gmt":"2026-03-26T10:05:03","slug":"cap-thep-tai-thang-may-cong-nghe-italy-san-xuat-tai-trung-quoc-cttm-6-5mm-loi-thep","status":"publish","type":"product","link":"https:\/\/thangmayitaly.com\/km\/san-pham\/cap-thep-tai-thang-may-cong-nghe-italy-san-xuat-tai-trung-quoc-cttm-6-5mm-loi-thep\/","title":{"rendered":"C\u00c1P TH\u00c9P T\u1ea2I THANG M\u00c1Y C\u00d4NG NGH\u1ec6 ITALY S\u1ea2N XU\u1ea4T T\u1ea0I TRUNG QU\u1ed0C CTTM-6.5MM-L\u00d5I TH\u00c9P"},"content":{"rendered":"<h3><strong>C\u00e1p th\u00e9p t\u1ea3i thang m\u00e1y c\u00f4ng ngh\u1ec7 Italy s\u1ea3n xu\u1ea5t t\u1ea1i Trung Qu\u1ed1c CTTM-6.5mm-l\u00f5i th\u00e9p \u2013 Gi\u1ea3i ph\u00e1p t\u1ed1i \u01b0u cho c\u00f4ng tr\u00ecnh c\u1ee7a b\u1ea1n<\/strong><\/h3>\n<p><strong>C\u00f4ng ty TNHH DVTM Nh\u1eadp kh\u1ea9u Thang m\u00e1y Italy. G<\/strong>i\u1edbi thi\u1ec7u <strong>c\u00e1p th\u00e9p t\u1ea3i thang m\u00e1y c\u00f4ng ngh\u1ec7 Italy s\u1ea3n xu\u1ea5t t\u1ea1i Trung Qu\u1ed1c CTTM-6.5mm-l\u00f5i th\u00e9p<\/strong>. Gi\u1ea3i ph\u00e1p ho\u00e0n h\u1ea3o cho c\u00e1c c\u00f4ng tr\u00ecnh \u0111\u00f2i h\u1ecfi t\u00ednh an to\u00e0n, \u0111\u1ed9 b\u1ec1n cao v\u00e0 hi\u1ec7u qu\u1ea3 kinh t\u1ebf.<\/p>\n<h3><strong>\u01afu \u0111i\u1ec3m v\u01b0\u1ee3t tr\u1ed9i c\u1ee7a c\u00e1p th\u00e9p t\u1ea3i thang m\u00e1y CTTM-6.5mm:<\/strong><\/h3>\n<ul>\n<li><strong>\u1794\u1785\u17d2\u1785\u17c1\u1780\u179c\u17b7\u1791\u17d2\u1799\u17b6\u17a2\u17ca\u17b8\u178f\u17b6\u179b\u17b8\u1780\u1798\u17d2\u179a\u17b7\u178f\u1781\u17d2\u1796\u179f\u17cb\u17d6<\/strong> \u0111\u1ea3m b\u1ea3o ch\u1ea5t l\u01b0\u1ee3ng v\u01b0\u1ee3t tr\u1ed9i v\u00e0 \u0111\u00e1p \u1ee9ng c\u00e1c ti\u00eau chu\u1ea9n qu\u1ed1c t\u1ebf kh\u1eaft khe nh\u1ea5t.<\/li>\n<li><strong>S\u1ea3n xu\u1ea5t t\u1ea1i Trung Qu\u1ed1c:<\/strong> Gi\u00fap t\u1ed1i \u01b0u h\u00f3a chi ph\u00ed, mang \u0111\u1ebfn s\u1ea3n ph\u1ea9m ch\u1ea5t l\u01b0\u1ee3ng cao v\u1edbi gi\u00e1 th\u00e0nh c\u1ea1nh tranh.<\/li>\n<li><strong>\u0110\u01b0\u1eddng k\u00ednh 6.5mm<\/strong>: K\u00edch th\u01b0\u1edbc ph\u00f9 h\u1ee3p v\u1edbi nhi\u1ec1u lo\u1ea1i thang m\u00e1y t\u1ea3i tr\u1ecdng trung b\u00ecnh.<\/li>\n<li><strong>L\u00f5i th\u00e9p:<\/strong> C\u1ea5u tr\u00fac l\u00f5i th\u00e9p t\u0103ng c\u01b0\u1eddng \u0111\u1ed9 b\u1ec1n k\u00e9o, kh\u1ea3 n\u0103ng ch\u1ecbu t\u1ea3i tr\u1ecdng l\u1edbn v\u00e0 tu\u1ed5i th\u1ecd c\u1ee7a c\u00e1p th\u00e9p.<\/li>\n<li><strong>\u1797\u17b6\u1796\u1792\u1793\u17cb\u1781\u17d2\u1796\u179f\u17cb\u17d6<\/strong> C\u00f3 kh\u1ea3 n\u0103ng ch\u1ed1ng m\u00e0i m\u00f2n, ch\u1ed1ng xo\u1eafn v\u00e0 ch\u1ecbu \u0111\u01b0\u1ee3c l\u1ef1c t\u00e1c \u0111\u1ed9ng m\u1ea1nh. \u0110\u1ea3m b\u1ea3o an to\u00e0n tuy\u1ec7t \u0111\u1ed1i cho ng\u01b0\u1eddi s\u1eed d\u1ee5ng.<\/li>\n<li><strong>Hi\u1ec7u su\u1ea5t v\u1eadn h\u00e0nh \u1ed5n \u0111\u1ecbnh:<\/strong> C\u00e1p th\u00e9p ho\u1ea1t \u0111\u1ed9ng \u00eam \u00e1i, gi\u1ea3m thi\u1ec3u ti\u1ebfng \u1ed3n v\u00e0 rung l\u1eafc.<\/li>\n<li><strong>L\u1eafp \u0111\u1eb7t d\u1ec5 d\u00e0ng:<\/strong> S\u1ea3n ph\u1ea9m \u0111\u01b0\u1ee3c thi\u1ebft k\u1ebf \u0111\u1ec3 d\u1ec5 d\u00e0ng l\u1eafp \u0111\u1eb7t v\u00e0 b\u1ea3o tr\u00ec, ti\u1ebft ki\u1ec7m th\u1eddi gian v\u00e0 chi ph\u00ed cho kh\u00e1ch h\u00e0ng.<\/li>\n<\/ul>\n<h3><strong>\u1ee8ng d\u1ee5ng \u0111a d\u1ea1ng:<\/strong><\/h3>\n<p>C\u00e1p th\u00e9p t\u1ea3i thang m\u00e1y CTTM-6.5mm ph\u00f9 h\u1ee3p v\u1edbi nhi\u1ec1u lo\u1ea1i thang m\u00e1y nh\u01b0:<\/p>\n<ul>\n<li>Thang m\u00e1y t\u1ea3i kh\u00e1ch trong c\u00e1c t\u00f2a nh\u00e0 chung c\u01b0, v\u0103n ph\u00f2ng, kh\u00e1ch s\u1ea1n.<\/li>\n<li>\u1787\u178e\u17d2\u178a\u17be\u179a\u1799\u1793\u17d2\u178f\u178a\u17b9\u1780\u1791\u17c6\u1793\u17b7\u1789\u1780\u17d2\u1793\u17bb\u1784\u179a\u17c4\u1784\u1785\u1780\u17d2\u179a \u179f\u17a0\u1782\u17d2\u179a\u17b6\u179f \u1793\u17b7\u1784\u1783\u17d2\u179b\u17b6\u17c6\u1784\u1791\u17c6\u1793\u17b7\u1789\u17d4.<\/li>\n<li>\u1787\u178e\u17d2\u178a\u17be\u179a\u1799\u1793\u17d2\u178f\u1798\u1793\u17d2\u1791\u17b8\u179a\u1796\u17c1\u1791\u17d2\u1799 \u1787\u178e\u17d2\u178a\u17be\u179a\u1799\u1793\u17d2\u178f\u1782\u17d2\u179a\u17bd\u179f\u17b6\u179a\u17d4.<\/li>\n<\/ul>\n<h3><strong>Cam k\u1ebft ch\u1ea5t l\u01b0\u1ee3ng:<\/strong><\/h3>\n<p>C\u00f4ng ty TNHH DVTM Nh\u1eadp kh\u1ea9u Thang m\u00e1y Italy. Cam k\u1ebft cung c\u1ea5p s\u1ea3n ph\u1ea9m <strong>c\u00e1p th\u00e9p t\u1ea3i thang m\u00e1y c\u00f4ng ngh\u1ec7 Italy s\u1ea3n xu\u1ea5t t\u1ea1i Trung Qu\u1ed1c CTTM-6.5mm-l\u00f5i th\u00e9p<\/strong> ch\u00ednh h\u00e3ng, ch\u1ea5t l\u01b0\u1ee3ng cao v\u1edbi gi\u00e1 th\u00e0nh h\u1ee3p l\u00fd.<\/p>\n<p>\u179f\u17bc\u1798\u17a2\u179a\u1782\u17bb\u178e\u178a\u17c2\u179b\u1794\u17b6\u1793\u1785\u17c6\u178e\u17b6\u1799\u1796\u17c1\u179b\u178a\u17cf\u1798\u17b6\u1793\u178f\u1798\u17d2\u179b\u17c3\u179a\u1794\u179f\u17cb\u17a2\u17d2\u1793\u1780\u17a2\u17b6\u1793\u17a2\u178f\u17d2\u1790\u1794\u1791\u179a\u1794\u179f\u17cb\u1799\u17be\u1784<strong>.<\/strong><\/p>\n<p><strong>Li\u00ean h\u1ec7 ngay v\u1edbi ch\u00fang t\u00f4i \u0111\u1ec3 nh\u1eadn \u0111\u01b0\u1ee3c gi\u1ea3i \u0111\u00e1p cho nh\u1eefng c\u00e2u h\u1ecfi c\u1ee7a qu\u00fd kh\u00e1ch<\/strong>!<\/p>\n<p><strong>C\u00f4ng ty TNHH DVTM Nh\u1eadp kh\u1ea9u Thang m\u00e1y Italy<\/strong><\/p>\n<p><strong>\u17a2\u17b6\u179f\u1799\u178a\u17d2\u178b\u17b6\u1793\u17d6<\/strong> 104\/17 \u0110\u01b0\u1eddng 10, P.B\u00ecnh H\u01b0ng H\u00f2a B, Q.B\u00ecnh T\u00e2n, TP.H\u1ed3 Ch\u00ed Minh.<\/p>\n<p><strong>\u1781\u17d2\u179f\u17c2\u1791\u17bc\u179a\u179f\u17d0\u1796\u17d2\u1791\u1794\u1793\u17d2\u1791\u17b6\u1793\u17cb\u17d6<\/strong> 0984.20.23.29 \u2013 0982.88.11.19<\/p>\n<p><strong>\u17a2\u17ca\u17b8\u1798\u17c2\u179b:<\/strong> thangmayitalyvn@gmail.com<\/p>\n<p><strong>\u1782\u17c1\u17a0\u1791\u17c6\u1796\u17d0\u179a\u17d6<\/strong> italyelevator.com \u2013 thangmayitaly.com \u2013 thangmayy.com \u2013 elevatoritaly.com<\/p>\n<p><img decoding=\"async\" class=\"alignnone size-medium wp-image-610\" src=\"https:\/\/thangmayitaly.com\/wp-content\/uploads\/2026\/03\/Cap-loi-thep-1.jpg\" alt=\"\" width=\"205\" height=\"176\" \/> <img decoding=\"async\" class=\"alignnone size-medium wp-image-612\" src=\"https:\/\/thangmayitaly.com\/wp-content\/uploads\/2026\/03\/cap-tai-thang-may-loi-thepLG-300x161.jpg\" alt=\"\" width=\"300\" height=\"161\" \/><\/p>","protected":false},"excerpt":{"rendered":"C\u00c1P TH\u00c9P T\u1ea2I THANG M\u00c1Y C\u00d4NG NGH\u1ec6 ITALY S\u1ea2N XU\u1ea4T T\u1ea0I TRUNG QU\u1ed0C CTTM-6.5MM-L\u00d5I TH\u00c9P\n<ol>\n \t<li>Gi\u00e1 t\u00ednh 1m c\u00e1p;<\/li>\n \t<li>C\u00f4ng ngh\u1ec7 Italy ti\u00ean ti\u1ebfn;<\/li>\n \t<li>S\u1ea3n xu\u1ea5t t\u1ea1i Trung Qu\u1ed1c;<\/li>\n \t<li>\u0110\u01b0\u1eddng k\u00ednh 6.5mm;<\/li>\n \t<li>L\u00f5i th\u00e9p;<\/li>\n \t<li>\u0110\u1ed9 b\u1ec1n cao;<\/li>\n \t<li>Hi\u1ec7u su\u1ea5t v\u1eadn h\u00e0nh \u1ed5n \u0111\u1ecbnh;<\/li>\n \t<li>L\u1eafp \u0111\u1eb7t d\u1ec5 d\u00e0ng;<\/li>\n<\/ol>","protected":false},"featured_media":1830,"comment_status":"open","ping_status":"open","template":"","meta":{"_acf_changed":false},"product_brand":[],"product_cat":[115],"product_tag":[116],"class_list":{"0":"post-1829","1":"product","2":"type-product","3":"status-publish","4":"has-post-thumbnail","6":"product_cat-cap-treo-thang-may","7":"product_tag-cap-tai-thang-may","9":"first","10":"instock","11":"shipping-taxable","12":"purchasable","13":"product-type-simple"},"acf":[],"_links":{"self":[{"href":"https:\/\/thangmayitaly.com\/km\/wp-json\/wp\/v2\/product\/1829","targetHints":{"allow":["GET"]}}],"collection":[{"href":"https:\/\/thangmayitaly.com\/km\/wp-json\/wp\/v2\/product"}],"about":[{"href":"https:\/\/thangmayitaly.com\/km\/wp-json\/wp\/v2\/types\/product"}],"replies":[{"embeddable":true,"href":"https:\/\/thangmayitaly.com\/km\/wp-json\/wp\/v2\/comments?post=1829"}],"wp:featuredmedia":[{"embeddable":true,"href":"https:\/\/thangmayitaly.com\/km\/wp-json\/wp\/v2\/media\/1830"}],"wp:attachment":[{"href":"https:\/\/thangmayitaly.com\/km\/wp-json\/wp\/v2\/media?parent=1829"}],"wp:term":[{"taxonomy":"product_brand","embeddable":true,"href":"https:\/\/thangmayitaly.com\/km\/wp-json\/wp\/v2\/product_brand?post=1829"},{"taxonomy":"product_cat","embeddable":true,"href":"https:\/\/thangmayitaly.com\/km\/wp-json\/wp\/v2\/product_cat?post=1829"},{"taxonomy":"product_tag","embeddable":true,"href":"https:\/\/thangmayitaly.com\/km\/wp-json\/wp\/v2\/product_tag?post=1829"}],"curies":[{"name":"wp","href":"https:\/\/api.w.org\/{rel}","templated":true}]}}