{"id":1825,"date":"2025-01-08T18:58:40","date_gmt":"2025-01-08T18:58:40","guid":{"rendered":"https:\/\/thangmayitaly.com\/\/index.php\/product\/ray-dan-huong-cabin-thang-may-cong-nghe-italy-san-xuat-tai-china-rtm-t89-5m-1raybass\/"},"modified":"2026-03-26T10:04:56","modified_gmt":"2026-03-26T10:04:56","slug":"ray-dan-huong-cabin-thang-may-cong-nghe-italy-san-xuat-tai-china-rtm-t89-5m-1raybass","status":"publish","type":"product","link":"https:\/\/thangmayitaly.com\/km\/san-pham\/ray-dan-huong-cabin-thang-may-cong-nghe-italy-san-xuat-tai-china-rtm-t89-5m-1raybass\/","title":{"rendered":"RAY D\u1eaaN H\u01af\u1edaNG CABIN THANG M\u00c1Y \u1794\u1785\u17d2\u1785\u17c1\u1780\u179c\u17b7\u1791\u17d2\u1799\u17b6\u17a2\u17ca\u17b8\u178f\u17b6\u179b\u17b8 \u1795\u179b\u17b7\u178f\u1793\u17c5\u1785\u17b7\u1793 RTM-T89-5M\/1RAY+BASS;"},"content":{"rendered":"<h3><strong>Ray d\u1eabn h\u01b0\u1edbng Cabin thang m\u00e1y \u1794\u1785\u17d2\u1785\u17c1\u1780\u179c\u17b7\u1791\u17d2\u1799\u17b6\u17a2\u17ca\u17b8\u178f\u17b6\u179b\u17b8 \u1795\u179b\u17b7\u178f\u1793\u17c5\u1785\u17b7\u1793 RTM-T89-5M\/1Ray+Bass \u2013 \u1787\u1798\u17d2\u179a\u17be\u179f\u178a\u17cf\u179b\u17d2\u17a2\u17a5\u178f\u1781\u17d2\u1785\u17c4\u17c7\u179f\u1798\u17d2\u179a\u17b6\u1794\u17cb\u1782\u17d2\u179a\u1794\u17cb\u179f\u17c6\u178e\u1784\u17cb<\/strong><\/h3>\n<p><strong>C\u00f4ng ty TNHH DVTM Nh\u1eadp kh\u1ea9u Thang m\u00e1y Italy<\/strong> \u178e\u17c2\u1793\u17b6\u17c6\u1787\u17bc\u1793\u17a2\u178f\u17b7\u1790\u17b7\u1787\u1793\u1793\u17bc\u179c\u1795\u179b\u17b7\u178f\u1795\u179b\u17d4. <strong>Ray d\u1eabn h\u01b0\u1edbng cabin thang m\u00e1y RTM-T89-5M\/1Ray+Bass<\/strong>. \u17d4 \u1793\u17c1\u17c7\u1782\u17ba\u1787\u17b6\u1781\u17d2\u179f\u17c2\u179f\u17d2\u179a\u17a1\u17b6\u1799\u1795\u179b\u17b7\u178f\u1795\u179b\u178a\u17c2\u179b\u1795\u179b\u17b7\u178f\u1793\u17c5\u1785\u17b7\u1793\u17d4 \u1795\u17d2\u17a2\u17c2\u1780\u179b\u17be\u1794\u1785\u17d2\u1785\u17c1\u1780\u179c\u17b7\u1791\u17d2\u1799\u17b6\u1788\u17b6\u1793\u1798\u17bb\u1781\u1782\u17c1\u1796\u17b8\u17a2\u17ca\u17b8\u178f\u17b6\u179b\u17b8\u17d4 \u1793\u17b6\u17c6\u1798\u1780\u1793\u17bc\u179c\u178a\u17c6\u178e\u17c4\u17c7\u179f\u17d2\u179a\u17b6\u1799\u178a\u17cf\u179b\u17d2\u17a2\u1794\u17c6\u1795\u17bb\u178f\u17a2\u17c6\u1796\u17b8\u1782\u17bb\u178e\u1797\u17b6\u1796 \u1793\u17b7\u1784\u1794\u17d2\u179a\u179f\u17b7\u1791\u17d2\u1792\u1797\u17b6\u1796\u1794\u17d2\u179a\u178f\u17b7\u1794\u178f\u17d2\u178f\u17b7\u1780\u17b6\u179a\u179f\u1798\u17d2\u179a\u17b6\u1794\u17cb\u1794\u17d2\u179a\u1796\u17d0\u1793\u17d2\u1792\u1787\u178e\u17d2\u178f\u17be\u179a\u1799\u1793\u17d2\u178f\u17d4.<\/p>\n<p><strong>Ray d\u1eabn h\u01b0\u1edbng cabin RTM-T89-5M\/1Ray+Bass\u17d4.<\/strong> \u178f\u17d2\u179a\u17bc\u179c\u1794\u17b6\u1793\u1795\u179b\u17b7\u178f\u1785\u17c1\u1789\u1796\u17b8\u178a\u17c2\u1780\u1790\u17c2\u1794 c\u00e1n ngu\u1ed9i \u1782\u17bb\u178e\u1797\u17b6\u1796\u1781\u17d2\u1796\u179f\u17cb\u17d4 \u1786\u17d2\u179b\u1784\u1780\u17b6\u178f\u17cb\u178a\u17c6\u178e\u17be\u179a\u1780\u17b6\u179a\u1780\u17c2\u1785\u17d2\u1793\u17c3\u1780\u1798\u17d2\u178a\u17c5 \u1793\u17b7\u1784\u1780\u17b6\u179a\u1798\u17c9\u17b6\u179f\u17ca\u17b8\u1793\u1799\u17c9\u17b6\u1784\u1787\u17b6\u1780\u17cb\u179b\u17b6\u1780\u17cb\u17d4 \u1792\u17b6\u1793\u17b6\u1794\u17b6\u1793\u1793\u17bc\u179c\u1797\u17b6\u1796\u1792\u1793\u17cb \u1797\u17b6\u1796\u179a\u17b9\u1784 \u1793\u17b7\u1784\u179f\u1798\u178f\u17d2\u1790\u1797\u17b6\u1796\u1791\u17d2\u179a\u1791\u17d2\u179a\u1784\u17cb\u1780\u1798\u17d2\u179b\u17b6\u17c6\u1784\u178a\u17cf\u17a2\u179f\u17d2\u1785\u17b6\u179a\u17d2\u1799\u17d4 \u1795\u17d2\u1791\u17c3 Ray \u178f\u17d2\u179a\u17bc\u179c\u1794\u17b6\u1793\u1780\u17c2\u1785\u17d2\u1793\u17c3\u1787\u17b6\u1796\u17b7\u179f\u17c1\u179f\u178a\u17be\u1798\u17d2\u1794\u17b8\u1794\u17d2\u179a\u1786\u17b6\u17c6\u1784\u1793\u17b9\u1784\u1780\u17b6\u179a\u179f\u17b9\u1780\u17d4 \u1787\u17bd\u1799\u17b1\u17d2\u1799 Cabin \u1787\u178e\u17d2\u178f\u17be\u179a\u1799\u1793\u17d2\u178f\u1795\u17d2\u179b\u17b6\u179f\u17cb\u1791\u17b8\u178a\u17c4\u1799\u179a\u179b\u17bc\u1793 \u179f\u17d2\u1790\u17b7\u179a\u1797\u17b6\u1796 \u1793\u17b7\u1784\u179f\u17bb\u179c\u178f\u17d2\u1790\u17b7\u1797\u17b6\u1796\u178a\u17b6\u1785\u17cb\u1781\u17b6\u178f\u17d4.<\/p>\n<h3><strong>\u179b\u1780\u17d2\u1781\u178e\u17c8\u1794\u1785\u17d2\u1785\u17c1\u1780\u1791\u17c1\u179f:<\/strong><\/h3>\n<ul>\n<li>Model: RTM-T89-5M\/1Ray+Bass<\/li>\n<li>Xu\u1ea5t x\u1ee9: China (C\u00f4ng ngh\u1ec7 Italy)<\/li>\n<li>Chi\u1ec1u d\u00e0i: 5 m\u00e9t<\/li>\n<li>Ti\u00eau chu\u1ea9n: EN 81-20:2014<\/li>\n<li>Bao g\u1ed3m Bass n\u1ed1i ray<\/li>\n<\/ul>\n<p><strong>\u1782\u17bb\u178e\u179f\u1798\u17d2\u1794\u178f\u17d2\u178f\u17b7\u179b\u17c1\u1785\u1792\u17d2\u179b\u17c4\u17d6<\/strong><\/p>\n<ul>\n<li><strong>\u1797\u17b6\u1796\u1787\u17b6\u1780\u17cb\u179b\u17b6\u1780\u17cb\u1781\u17d2\u1796\u179f\u17cb:<\/strong> \u1792\u17b6\u1793\u17b6\u17b1\u17d2\u1799 Cabin \u1794\u17d2\u179a\u178f\u17b7\u1794\u178f\u17d2\u178f\u17b7\u1780\u17b6\u179a\u1794\u17d2\u179a\u1780\u1794\u178a\u17c4\u1799\u179f\u17d2\u1790\u17b7\u179a\u1797\u17b6\u1796 \u1798\u17b7\u1793\u179a\u1789\u17d2\u1787\u17bd\u1799 \u1793\u17b6\u17c6\u1798\u1780\u1793\u17bc\u179c\u17a2\u17b6\u179a\u1798\u17d2\u1798\u178e\u17cd\u179f\u17bb\u1781\u179f\u17d2\u179a\u17bd\u179b\u179f\u1798\u17d2\u179a\u17b6\u1794\u17cb\u17a2\u17d2\u1793\u1780\u1794\u17d2\u179a\u17be\u1794\u17d2\u179a\u17b6\u179f\u17cb\u17d4.<\/li>\n<li><strong>\u179f\u1798\u178f\u17d2\u1790\u1797\u17b6\u1796\u1791\u17d2\u179a\u1791\u17d2\u179a\u1784\u17cb\u1794\u1793\u17d2\u1791\u17bb\u1780\u1792\u17c6:<\/strong> \u179f\u1798\u179f\u17d2\u179a\u1794\u1787\u17b6\u1798\u17bd\u1799\u1794\u17d2\u179a\u1797\u17c1\u1791\u1787\u178e\u17d2\u178f\u17be\u179a\u1799\u1793\u17d2\u178f\u178a\u17c2\u179b\u1798\u17b6\u1793\u1794\u1793\u17d2\u1791\u17bb\u1780\u1792\u17c6 \u1786\u17d2\u179b\u17be\u1799\u178f\u1794\u1793\u17b9\u1784\u178f\u1798\u17d2\u179a\u17bc\u179c\u1780\u17b6\u179a\u1785\u1798\u17d2\u179a\u17bb\u17c7\u1793\u17c3\u179f\u17c6\u178e\u1784\u17cb\u1793\u17b6\u1793\u17b6\u17d4.<\/li>\n<li><strong>\u1797\u17b6\u1796\u1792\u1793\u17cb\u178a\u17cf\u17a2\u179f\u17d2\u1785\u17b6\u179a\u17d2\u1799:<\/strong> Ch\u1ed1ng cong v\u00eanh, bi\u1ebfn d\u1ea1ng, \u0111\u1ea3m b\u1ea3o tu\u1ed5i th\u1ecd l\u00e2u d\u00e0i cho s\u1ea3n ph\u1ea9m.<\/li>\n<li><strong>\u1784\u17b6\u1799\u179f\u17d2\u179a\u17bd\u179b\u178a\u17c6\u17a1\u17be\u1784 \u1793\u17b7\u1784\u1790\u17c2\u1791\u17b6\u17c6:<\/strong> \u179f\u1793\u17d2\u179f\u17c6\u179f\u17c6\u1785\u17c3\u1796\u17c1\u179b\u179c\u17c1\u179b\u17b6 \u1793\u17b7\u1784\u1780\u17b6\u179a\u1785\u17c6\u178e\u17b6\u1799\u179f\u1798\u17d2\u179a\u17b6\u1794\u17cb\u178a\u17c6\u178e\u17be\u179a\u1780\u17b6\u179a\u178a\u17c6\u17a1\u17be\u1784 \u1793\u17b7\u1784\u1790\u17c2\u1791\u17b6\u17c6\u17d4.<\/li>\n<li><strong>\u178f\u1798\u17d2\u179b\u17c3\u1794\u17d2\u179a\u1780\u17bd\u178f\u1794\u17d2\u179a\u1787\u17c2\u1784:<\/strong> \u1793\u17b6\u17c6\u1798\u1780\u1793\u17bc\u179c\u178a\u17c6\u178e\u17c4\u17c7\u179f\u17d2\u179a\u17b6\u1799\u179f\u1793\u17d2\u179f\u17c6\u179f\u17c6\u1785\u17c3\u1780\u17b6\u179a\u1785\u17c6\u178e\u17b6\u1799\u179f\u1798\u17d2\u179a\u17b6\u1794\u17cb\u1782\u1798\u17d2\u179a\u17c4\u1784\u1793\u17b6\u1793\u17b6\u17d4.<\/li>\n<\/ul>\n<p><strong>\u1787\u17d2\u179a\u17be\u179f\u179a\u17be\u179f Ray d\u1eabn h\u01b0\u1edbng cabin RTM-T89-5M\/1Ray+Bass \u17a2\u178f\u17b7\u1790\u17b7\u1787\u1793\u1793\u17b9\u1784\u1791\u1791\u17bd\u179b\u1794\u17b6\u1793:<\/strong><\/p>\n<ul>\n<li>\u1780\u17b6\u179a\u1794\u17d2\u178f\u17c1\u1787\u17d2\u1789\u17b6\u1785\u17b7\u178f\u17d2\u178f\u179b\u17be\u1791\u17c6\u1793\u17b7\u1789\u179f\u17bb\u1791\u17d2\u1792 \u1782\u17bb\u178e\u1797\u17b6\u1796\u179f\u17d2\u178f\u1784\u17cb\u178a\u17b6\u179a\u17a2\u17ba\u179a\u17c9\u17bb\u1794\u17d4.<\/li>\n<li>Ch\u1ebf \u0111\u1ed9 b\u1ea3o h\u00e0nh d\u00e0i h\u1ea1n, uy t\u00edn.<\/li>\n<li>H\u1ed7 tr\u1ee3 k\u1ef9 thu\u1eadt chuy\u00ean nghi\u1ec7p, t\u1eadn t\u00e2m.<\/li>\n<li>Gi\u00e1 c\u1ea3 c\u1ea1nh tranh nh\u1ea5t th\u1ecb tr\u01b0\u1eddng.<\/li>\n<li>\u0110\u1ed9i ng\u0169 k\u1ef9 thu\u1eadt vi\u00ean gi\u00e0u kinh nghi\u1ec7m, s\u1eb5n s\u00e0ng h\u1ed7 tr\u1ee3 l\u1eafp \u0111\u1eb7t v\u00e0 b\u1ea3o tr\u00ec.<\/li>\n<\/ul>\n<p><strong>\u1780\u17b6\u179a\u1794\u17d2\u179a\u17be\u1794\u17d2\u179a\u17b6\u179f\u17cb:<\/strong><\/p>\n<p>Ray d\u1eabn h\u01b0\u1edbng cabin thang m\u00e1y RTM-T89-5M\/1Ray+Bass \u1787\u17b6\u1787\u1798\u17d2\u179a\u17be\u179f\u178a\u17cf\u179b\u17d2\u17a2\u17d4 \u179f\u1798\u17d2\u179a\u17b6\u1794\u17cb\u1794\u17d2\u179a\u1797\u17c1\u1791\u1787\u178e\u17d2\u178f\u17be\u179a\u1799\u1793\u17d2\u178f\u178a\u17b9\u1780\u1797\u17d2\u1789\u17c0\u179c \u1787\u178e\u17d2\u178f\u17be\u179a\u1799\u1793\u17d2\u178f\u178a\u17b9\u1780\u1791\u17c6\u1793\u17b7\u1789\u1780\u17d2\u1793\u17bb\u1784\u17a2\u1782\u17b6\u179a\u1781\u17d2\u1796\u179f\u17cb\u17d7 \u1798\u1787\u17d2\u1788\u1798\u178e\u17d2\u178c\u179b\u1796\u17b6\u178e\u17b7\u1787\u17d2\u1787\u1780\u1798\u17d2\u1798 \u179f\u178e\u17d2\u178b\u17b6\u1782\u17b6\u179a \u1798\u1793\u17d2\u1791\u17b8\u179a\u1796\u17c1\u1791\u17d2\u1799 \u179f\u17b6\u179b\u17b6\u179a\u17c0\u1793...<\/p>\n<p><strong>Ngo\u00e0i ra, ch\u00fang t\u00f4i c\u00f2n cung c\u1ea5p \u0111a d\u1ea1ng c\u00e1c s\u1ea3n ph\u1ea9m thang m\u00e1y v\u00e0 linh ki\u1ec7n thang m\u00e1y ch\u00ednh h\u00e3ng kh\u00e1c:<\/strong><\/p>\n<ul>\n<li>\u1780\u17b6\u1794\u17ca\u17b8\u1793\u1787\u178e\u17d2\u178a\u17be\u179a\u1799\u1793\u17d2\u178f<\/li>\n<li>M\u00e1y k\u00e9o thang m\u00e1y<\/li>\n<li>\u1791\u17d2\u179c\u17b6\u179a\u1787\u178e\u17d2\u178f\u17be\u179a\u1799\u1793\u17d2\u178f<\/li>\n<li>\u1791\u17bc\u1794\u1789\u17d2\u1787\u17b6\u1787\u178e\u17d2\u178f\u17be\u179a\u1799\u1793\u17d2\u178f<\/li>\n<li>\u2026<\/li>\n<\/ul>\n<p>\u179f\u17bc\u1798\u17a2\u179a\u1782\u17bb\u178e\u178a\u17c2\u179b\u1794\u17b6\u1793\u1785\u17c6\u178e\u17b6\u1799\u1796\u17c1\u179b\u178a\u17cf\u1798\u17b6\u1793\u178f\u1798\u17d2\u179b\u17c3\u179a\u1794\u179f\u17cb\u17a2\u17d2\u1793\u1780\u17a2\u17b6\u1793\u17a2\u178f\u17d2\u1790\u1794\u1791\u179a\u1794\u179f\u17cb\u1799\u17be\u1784<strong>.<\/strong><\/p>\n<p><strong>Li\u00ean h\u1ec7 ngay v\u1edbi ch\u00fang t\u00f4i \u0111\u1ec3 nh\u1eadn \u0111\u01b0\u1ee3c gi\u1ea3i \u0111\u00e1p cho nh\u1eefng c\u00e2u h\u1ecfi c\u1ee7a qu\u00fd kh\u00e1ch<\/strong><strong>!<\/strong><\/p>\n<p><strong>C\u00f4ng ty TNHH DVTM Nh\u1eadp kh\u1ea9u Thang m\u00e1y Italy<\/strong><\/p>\n<p><strong>\u17a2\u17b6\u179f\u1799\u178a\u17d2\u178b\u17b6\u1793\u17d6<\/strong> 104\/17 \u0110\u01b0\u1eddng 10, P.B\u00ecnh H\u01b0ng H\u00f2a B, Q.B\u00ecnh T\u00e2n, TP.H\u1ed3 Ch\u00ed Minh.<\/p>\n<p><strong>\u1781\u17d2\u179f\u17c2\u1791\u17bc\u179a\u179f\u17d0\u1796\u17d2\u1791\u1794\u1793\u17d2\u1791\u17b6\u1793\u17cb\u17d6<\/strong> 0984.20.23.29 \u2013 0982.88.11.19<\/p>\n<p><strong>\u17a2\u17ca\u17b8\u1798\u17c2\u179b:<\/strong> thangmayitalyvn@gmail.com<\/p>\n<p><strong>\u1782\u17c1\u17a0\u1791\u17c6\u1796\u17d0\u179a\u17d6<\/strong> italyelevator.com \u2013 thangmayitaly.com \u2013 thangmayy.com \u2013 elevatoritaly.com<\/p>\n<p><img fetchpriority=\"high\" decoding=\"async\" class=\"alignnone size-medium wp-image-558\" src=\"https:\/\/thangmayitaly.com\/wp-content\/uploads\/2026\/03\/Ray-dan-huong-CABIN-mat-lung-255x300.jpg\" alt=\"\" width=\"255\" height=\"300\" \/> <img decoding=\"async\" class=\"alignnone size-medium wp-image-559\" src=\"https:\/\/thangmayitaly.com\/wp-content\/uploads\/2026\/03\/rAY-DAN-HUONG-CABIN-MAT-SONG1-300x250.jpg\" alt=\"\" width=\"300\" height=\"250\" \/><\/p>","protected":false},"excerpt":{"rendered":"<strong>\u179b\u1780\u17d2\u1781\u178e\u17c8\u1794\u1785\u17d2\u1785\u17c1\u1780\u1791\u17c1\u179f:<\/strong>\n<ul>\n \t<li>Model: RTM-T89-5M\/1Ray+Bass<\/li>\n \t<li>Xu\u1ea5t x\u1ee9: China (C\u00f4ng ngh\u1ec7 Italy)<\/li>\n \t<li>Chi\u1ec1u d\u00e0i: 5 m\u00e9t<\/li>\n \t<li>Ti\u00eau chu\u1ea9n: EN 81-20:2014<\/li>\n<\/ul>\nBao g\u1ed3m Bass n\u1ed1i ray","protected":false},"featured_media":1381,"comment_status":"open","ping_status":"open","template":"","meta":{"_acf_changed":false},"product_brand":[],"product_cat":[107],"product_tag":[108],"class_list":{"0":"post-1825","1":"product","2":"type-product","3":"status-publish","4":"has-post-thumbnail","6":"product_cat-ray-dan-huong-thang-may","7":"product_tag-ray-dan-huong","9":"first","10":"instock","11":"shipping-taxable","12":"purchasable","13":"product-type-simple"},"acf":[],"_links":{"self":[{"href":"https:\/\/thangmayitaly.com\/km\/wp-json\/wp\/v2\/product\/1825","targetHints":{"allow":["GET"]}}],"collection":[{"href":"https:\/\/thangmayitaly.com\/km\/wp-json\/wp\/v2\/product"}],"about":[{"href":"https:\/\/thangmayitaly.com\/km\/wp-json\/wp\/v2\/types\/product"}],"replies":[{"embeddable":true,"href":"https:\/\/thangmayitaly.com\/km\/wp-json\/wp\/v2\/comments?post=1825"}],"wp:featuredmedia":[{"embeddable":true,"href":"https:\/\/thangmayitaly.com\/km\/wp-json\/wp\/v2\/media\/1381"}],"wp:attachment":[{"href":"https:\/\/thangmayitaly.com\/km\/wp-json\/wp\/v2\/media?parent=1825"}],"wp:term":[{"taxonomy":"product_brand","embeddable":true,"href":"https:\/\/thangmayitaly.com\/km\/wp-json\/wp\/v2\/product_brand?post=1825"},{"taxonomy":"product_cat","embeddable":true,"href":"https:\/\/thangmayitaly.com\/km\/wp-json\/wp\/v2\/product_cat?post=1825"},{"taxonomy":"product_tag","embeddable":true,"href":"https:\/\/thangmayitaly.com\/km\/wp-json\/wp\/v2\/product_tag?post=1825"}],"curies":[{"name":"wp","href":"https:\/\/api.w.org\/{rel}","templated":true}]}}