{"id":1817,"date":"2025-01-08T18:39:05","date_gmt":"2025-01-08T18:39:05","guid":{"rendered":"https:\/\/thangmayitaly.com\/\/index.php\/product\/ray-dan-huong-cabin-thang-may-monteferro-italy-rtm-t89-5m-1raybass\/"},"modified":"2026-03-26T10:04:48","modified_gmt":"2026-03-26T10:04:48","slug":"ray-dan-huong-cabin-thang-may-monteferro-italy-rtm-t89-5m-1raybass","status":"publish","type":"product","link":"https:\/\/thangmayitaly.com\/km\/san-pham\/ray-dan-huong-cabin-thang-may-monteferro-italy-rtm-t89-5m-1raybass\/","title":{"rendered":"\u179a\u17c9\u17c3\u1793\u17b6\u17c6\u1795\u17d2\u179b\u17bc\u179c\u1780\u17b6\u1794\u17ca\u17b8\u1793\u1787\u178e\u17d2\u178a\u17be\u179a\u1799\u1793\u17d2\u178f MONTEFERRO ITALY RTM-T89-5M\/1RAY+BASS;"},"content":{"rendered":"<h3><strong>\u179a\u17c9\u17c3\u1793\u17b6\u17c6\u1795\u17d2\u179b\u17bc\u179c\u1780\u17b6\u1794\u17ca\u17b8\u1793\u1787\u178e\u17d2\u178a\u17be\u179a\u1799\u1793\u17d2\u178f Monteferro Italy RTM-T89-5M\/1Ray+Bass \u2013 \u1782\u17bb\u178e\u1797\u17b6\u1796\u1781\u17d2\u1796\u179f\u17cb\u179b\u17be\u179f\u1782\u17c1<\/strong><\/h3>\n<p><strong>C\u00f4ng ty TNHH DVTM Nh\u1eadp kh\u1ea9u Thang m\u00e1y Italy<\/strong> \u1798\u17b6\u1793\u1798\u17c4\u1791\u1793\u1797\u17b6\u1796\u1787\u17b6\u17a2\u17d2\u1793\u1780\u1785\u17c2\u1780\u1785\u17b6\u1799\u1795\u17d2\u179b\u17bc\u179c\u1780\u17b6\u179a\u1793\u17bc\u179c\u179a\u17c9\u17c3\u1793\u17b6\u17c6\u1795\u17d2\u179b\u17bc\u179c\u1780\u17b6\u1794\u17ca\u17b8\u1793\u1787\u178e\u17d2\u178a\u17be\u179a\u1799\u1793\u17d2\u178f Monteferro Italy RTM-T89-5M\/1Ray+Bass \u178a\u17c2\u179b\u1787\u17b6\u1795\u179b\u17b7\u178f\u1795\u179b\u1782\u17bb\u178e\u1797\u17b6\u1796\u1781\u17d2\u1796\u179f\u17cb\u1795\u179b\u17b7\u178f\u178f\u17b6\u1798\u179f\u17d2\u178f\u1784\u17cb\u178a\u17b6\u179a\u17a2\u17ba\u179a\u17c9\u17bb\u1794 \u1792\u17b6\u1793\u17b6\u179f\u17bb\u179c\u178f\u17d2\u1790\u17b7\u1797\u17b6\u1796 \u1793\u17b7\u1784\u1794\u17d2\u179a\u179f\u17b7\u1791\u17d2\u1792\u1797\u17b6\u1796\u1794\u17d2\u179a\u178f\u17b7\u1794\u178f\u17d2\u178f\u17b7\u1780\u17b6\u179a\u179f\u1798\u17d2\u179a\u17b6\u1794\u17cb\u1794\u17d2\u179a\u1796\u17d0\u1793\u17d2\u1792\u1787\u178e\u17d2\u178a\u17be\u179a\u1799\u1793\u17d2\u178f\u179a\u1794\u179f\u17cb\u17a2\u17d2\u1793\u1780\u17d4.<\/p>\n<p><strong>\u179a\u17c9\u17c3\u1793\u17b6\u17c6\u1795\u17d2\u179b\u17bc\u179c\u1780\u17b6\u1794\u17ca\u17b8\u1793\u1787\u178e\u17d2\u178a\u17be\u179a\u1799\u1793\u17d2\u178f Monteferro Italy RTM-T89-5M\/1Ray+Bass<\/strong> \u178f\u17d2\u179a\u17bc\u179c\u1794\u17b6\u1793\u1795\u179b\u17b7\u178f\u1785\u17c1\u1789\u1796\u17b8\u178a\u17c2\u1780\u1790\u17c2\u1794\u1782\u17bb\u178e\u1797\u17b6\u1796\u1781\u17d2\u1796\u179f\u17cb \u1786\u17d2\u179b\u1784\u1780\u17b6\u178f\u17cb\u178a\u17c6\u178e\u17be\u179a\u1780\u17b6\u179a\u1780\u17c2\u1785\u17d2\u1793\u17c3\u1799\u17c9\u17b6\u1784\u1798\u17c9\u178f\u17cb\u1785\u178f\u17cb \u1792\u17b6\u1793\u17b6\u1793\u17bc\u179c\u1797\u17b6\u1796\u1792\u1793\u17cb \u1797\u17b6\u1796\u179a\u17b9\u1784\u1798\u17b6\u17c6 \u1793\u17b7\u1784\u179f\u1798\u178f\u17d2\u1790\u1797\u17b6\u1796\u1791\u17d2\u179a\u1791\u17d2\u179a\u1784\u17cb\u1780\u1798\u17d2\u179b\u17b6\u17c6\u1784\u1794\u17b6\u1793\u1799\u17c9\u17b6\u1784\u179b\u17d2\u17a2\u17d4 \u1795\u179b\u17b7\u178f\u1795\u179b\u1798\u17b6\u1793\u179f\u1798\u178f\u17d2\u1790\u1797\u17b6\u1796\u1794\u17d2\u179a\u1786\u17b6\u17c6\u1784\u1793\u17b9\u1784\u1780\u17b6\u179a\u179f\u17b9\u1780 \u179a\u17b7\u1785\u179a\u17b9\u179b \u1793\u17b7\u1784\u1780\u17b6\u179a\u1796\u17b6\u179a\u1780\u17b6\u179a\u1780\u17c4\u1784\u179c\u17c0\u1785 \u1787\u17bd\u1799\u17b1\u17d2\u1799\u1780\u17b6\u1794\u17ca\u17b8\u1793\u1787\u178e\u17d2\u178a\u17be\u179a\u1799\u1793\u17d2\u178f\u178a\u17c6\u178e\u17be\u179a\u1780\u17b6\u179a\u1794\u17b6\u1793\u179a\u179b\u17bc\u1793 \u179f\u17d2\u1790\u17b7\u179a\u1797\u17b6\u1796 \u1793\u17b7\u1784\u179f\u17bb\u179c\u178f\u17d2\u1790\u17b7\u1797\u17b6\u1796\u17d4.<\/p>\n<h3><strong>\u179b\u1780\u17d2\u1781\u178e\u17c8\u1794\u1785\u17d2\u1785\u17c1\u1780\u1791\u17c1\u179f:<\/strong><\/h3>\n<ul>\n<li>Model: RTM-T89-5M\/1Ray+Bass<\/li>\n<li>\u1794\u17d2\u179a\u1797\u1796\u178a\u17be\u1798\u17d6 \u17a2\u17ca\u17b8\u178f\u17b6\u179b\u17b8<\/li>\n<li>\u1798\u17c9\u17b6\u1780\u179f\u1789\u17d2\u1789\u17b6\u17d6 Monteferro<\/li>\n<li>Chi\u1ec1u d\u00e0i: 5 m\u00e9t<\/li>\n<li>\u1791\u1798\u17d2\u1784\u1793\u17cb\u17d6 60kg\/\u178a\u17be\u1798<\/li>\n<li>Ti\u00eau chu\u1ea9n: EN 81-20:2014<\/li>\n<li>Bao g\u1ed3m Bass n\u1ed1i ray<\/li>\n<\/ul>\n<h3><strong>\u1782\u17bb\u178e\u179f\u1798\u17d2\u1794\u178f\u17d2\u178f\u17b7\u179b\u17c1\u1785\u1792\u17d2\u179b\u17c4\u17d6<\/strong><\/h3>\n<ul>\n<li>\u1797\u17b6\u1796\u1787\u17b6\u1780\u17cb\u179b\u17b6\u1780\u17cb\u1781\u17d2\u1796\u179f\u17cb \u1792\u17b6\u1793\u17b6\u1780\u17b6\u1794\u17ca\u17b8\u1793\u178a\u17c6\u178e\u17be\u179a\u1780\u17b6\u179a\u1798\u17b6\u1793\u179f\u17d2\u1790\u17b7\u179a\u1797\u17b6\u1796 \u1798\u17b7\u1793\u179a\u17c6\u1789\u17d0\u179a\u17d4.<\/li>\n<li>\u179f\u1798\u178f\u17d2\u1790\u1797\u17b6\u1796\u1791\u17d2\u179a\u1791\u1798\u17d2\u1784\u1793\u17cb\u1794\u17b6\u1793\u1785\u17d2\u179a\u17be\u1793 \u1786\u17d2\u179b\u17be\u1799\u178f\u1794\u1793\u17b9\u1784\u178f\u1798\u17d2\u179a\u17bc\u179c\u1780\u17b6\u179a\u1794\u17d2\u179a\u17be\u1794\u17d2\u179a\u17b6\u179f\u17cb\u179f\u1798\u17d2\u179a\u17b6\u1794\u17cb\u1794\u17d2\u179a\u1797\u17c1\u1791\u1787\u178e\u17d2\u178a\u17be\u179a\u1799\u1793\u17d2\u178f\u178a\u17c2\u179b\u1798\u17b6\u1793\u1791\u1798\u17d2\u1784\u1793\u17cb\u1795\u17d2\u1791\u17bb\u1780\u1781\u17d2\u1796\u179f\u17cb\u17d4.<\/li>\n<li>\u1795\u17d2\u1791\u17c3\u179a\u17c9\u17c3\u178f\u17d2\u179a\u17bc\u179c\u1794\u17b6\u1793\u1780\u17c2\u1785\u17d2\u1793\u17c3\u1799\u17c9\u17b6\u1784\u1796\u17b7\u179f\u17c1\u179f \u1794\u17d2\u179a\u1786\u17b6\u17c6\u1784\u1793\u17b9\u1784\u1780\u17b6\u179a\u179f\u17b9\u1780 \u179a\u17b7\u1785\u179a\u17b9\u179b \u1794\u1784\u17d2\u1780\u17be\u1793\u17a2\u17b6\u1799\u17bb\u1780\u17b6\u179b\u1794\u17d2\u179a\u17be\u1794\u17d2\u179a\u17b6\u179f\u17cb\u1795\u179b\u17b7\u178f\u1795\u179b\u17d4.<\/li>\n<li>\u1784\u17b6\u1799\u179f\u17d2\u179a\u17bd\u179b\u1780\u17d2\u1793\u17bb\u1784\u1780\u17b6\u179a\u178a\u17c6\u17a1\u17be\u1784 \u1793\u17b7\u1784\u1790\u17c2\u1791\u17b6\u17c6\u17d4.<\/li>\n<li>\u178f\u1798\u17d2\u179b\u17c3\u1794\u17d2\u179a\u1780\u17bd\u178f\u1794\u17d2\u179a\u1787\u17c2\u1784 \u179f\u1798\u179f\u17d2\u179a\u1794\u1793\u17b9\u1784\u1782\u1798\u17d2\u179a\u17c4\u1784\u1787\u17b6\u1785\u17d2\u179a\u17be\u1793\u17d4.<\/li>\n<\/ul>\n<p><strong>\u1787\u17d2\u179a\u17be\u179f\u179a\u17be\u179f\u179a\u17c9\u17c3\u1793\u17b6\u17c6\u1795\u17d2\u179b\u17bc\u179c\u1780\u17b6\u1794\u17ca\u17b8\u1793\u1787\u178e\u17d2\u178a\u17be\u179a\u1799\u1793\u17d2\u178f Monteferro Italy RTM-T89-5M\/1Ray+Bass \u17a2\u178f\u17b7\u1790\u17b7\u1787\u1793\u1793\u17b9\u1784\u1791\u1791\u17bd\u179b\u1794\u17b6\u1793\u17d6<\/strong><\/p>\n<ul>\n<li>Cam k\u1ebft h\u00e0ng ch\u00ednh h\u00e3ng, ch\u1ea5t l\u01b0\u1ee3ng cao.<\/li>\n<li>\u179a\u1794\u1794\u1792\u17b6\u1793\u17b6\u179a\u1799\u17c8\u1796\u17c1\u179b\u179c\u17c2\u1784\u17d4.<\/li>\n<li>\u1780\u17b6\u179a\u1782\u17b6\u17c6\u1791\u17d2\u179a\u1795\u17d2\u1793\u17c2\u1780\u1794\u1785\u17d2\u1785\u17c1\u1780\u1791\u17c1\u179f\u1794\u17d2\u179a\u1780\u1794\u178a\u17c4\u1799\u179c\u17b7\u1787\u17d2\u1787\u17b6\u1787\u17b8\u179c\u17c8\u17d4.<\/li>\n<li>Gi\u00e1 c\u1ea3 c\u1ea1nh tranh nh\u1ea5t th\u1ecb tr\u01b0\u1eddng.<\/li>\n<\/ul>\n<p><strong>\u1780\u17b6\u179a\u1794\u17d2\u179a\u17be\u1794\u17d2\u179a\u17b6\u179f\u17cb:<\/strong><\/p>\n<p>\u179a\u17c9\u17c3\u1793\u17b6\u17c6\u1795\u17d2\u179b\u17bc\u179c\u1780\u17b6\u1794\u17ca\u17b8\u1793\u1787\u178e\u17d2\u178a\u17be\u179a\u1799\u1793\u17d2\u178f Monteferro Italy RTM-T89-5M\/1Ray+Bass \u179f\u1798\u179f\u17d2\u179a\u1794\u179f\u1798\u17d2\u179a\u17b6\u1794\u17cb\u1794\u17d2\u179a\u17be\u1794\u17d2\u179a\u17b6\u179f\u17cb\u1787\u17b6\u1798\u17bd\u1799\u1794\u17d2\u179a\u1797\u17c1\u1791\u1787\u178e\u17d2\u178a\u17be\u179a\u1799\u1793\u17d2\u178f\u178a\u17b9\u1780\u17a2\u17d2\u1793\u1780\u178a\u17c6\u178e\u17be\u179a \u1787\u178e\u17d2\u178a\u17be\u179a\u1799\u1793\u17d2\u178f\u178a\u17b9\u1780\u1791\u17c6\u1793\u17b7\u1789 \u1787\u178e\u17d2\u178a\u17be\u179a\u1799\u1793\u17d2\u178f\u1798\u1793\u17d2\u1791\u17b8\u179a\u1796\u17c1\u1791\u17d2\u1799 \u1787\u178e\u17d2\u178a\u17be\u179a\u1799\u1793\u17d2\u178f\u1780\u17d2\u1793\u17bb\u1784\u1795\u17d2\u1791\u17c7... \u1787\u17b6\u1798\u17bd\u1799\u1793\u17b9\u1784\u1791\u1798\u17d2\u1784\u1793\u17cb\u1795\u17d2\u1791\u17bb\u1780\u1785\u17b6\u1794\u17cb\u1796\u17b8 600kg \u178a\u179b\u17cb 1000kg\u17d4.<\/p>\n<p>\u179b\u17be\u179f\u1796\u17b8\u1793\u17c1\u17c7 \u1799\u17be\u1784\u1781\u17d2\u1789\u17bb\u17c6\u1780\u17cf\u1798\u17b6\u1793\u1795\u17d2\u178a\u179b\u17cb\u1787\u17bc\u1793\u1793\u17bc\u179c\u1795\u179b\u17b7\u178f\u1795\u179b\u1787\u178e\u17d2\u178a\u17be\u179a\u1799\u1793\u17d2\u178f \u1793\u17b7\u1784\u1782\u17d2\u179a\u17bf\u1784\u1794\u1793\u17d2\u179b\u17b6\u179f\u17cb\u1787\u178e\u17d2\u178a\u17be\u179a\u1799\u1793\u17d2\u178f\u1795\u17d2\u179b\u17bc\u179c\u1780\u17b6\u179a\u1787\u17b6\u1785\u17d2\u179a\u17be\u1793\u1796\u17b8\u1794\u17d2\u179a\u1791\u17c1\u179f\u17a2\u17ca\u17b8\u178f\u17b6\u179b\u17b8\u178a\u17bc\u1785\u1787\u17b6\u17d6<\/p>\n<ul>\n<li>\u1780\u17b6\u1794\u17ca\u17b8\u1793\u1787\u178e\u17d2\u178a\u17be\u179a\u1799\u1793\u17d2\u178f<\/li>\n<li>M\u00e1y k\u00e9o thang m\u00e1y<\/li>\n<li>\u1791\u17d2\u179c\u17b6\u179a\u1787\u178e\u17d2\u178f\u17be\u179a\u1799\u1793\u17d2\u178f<\/li>\n<li>\u1791\u17bc\u1794\u1789\u17d2\u1787\u17b6\u1787\u178e\u17d2\u178f\u17be\u179a\u1799\u1793\u17d2\u178f<\/li>\n<li>\u2026<\/li>\n<\/ul>\n<p>\u1787\u17b6\u1798\u17bd\u1799\u1793\u17b9\u1784\u1780\u17d2\u179a\u17bb\u1798\u1794\u1785\u17d2\u1785\u17c1\u1780\u1791\u17c1\u179f\u178a\u17c2\u179b\u1798\u17b6\u1793\u1794\u1791\u1796\u17b7\u179f\u17c4\u1792\u1793\u17cd\u1781\u17d2\u1796\u179f\u17cb \u1799\u17be\u1784\u1781\u17d2\u1789\u17bb\u17c6\u1794\u17d2\u178f\u17c1\u1787\u17d2\u1789\u17b6\u1793\u17b6\u17c6\u1798\u1780\u1787\u17bc\u1793\u17a2\u178f\u17b7\u1790\u17b7\u1787\u1793\u1793\u17bc\u179c\u1795\u179b\u17b7\u178f\u1795\u179b \u1793\u17b7\u1784\u179f\u17c1\u179c\u17b6\u1780\u1798\u17d2\u1798\u178a\u17c2\u179b\u1798\u17b6\u1793\u1782\u17bb\u178e\u1797\u17b6\u1796\u179b\u17d2\u17a2\u1794\u17c6\u1795\u17bb\u178f\u17d4.<\/p>\n<p>\u179f\u17bc\u1798\u17a2\u179a\u1782\u17bb\u178e\u178a\u17c2\u179b\u1794\u17b6\u1793\u1785\u17c6\u178e\u17b6\u1799\u1796\u17c1\u179b\u178a\u17cf\u1798\u17b6\u1793\u178f\u1798\u17d2\u179b\u17c3\u179a\u1794\u179f\u17cb\u17a2\u17d2\u1793\u1780\u17a2\u17b6\u1793\u17a2\u178f\u17d2\u1790\u1794\u1791\u179a\u1794\u179f\u17cb\u1799\u17be\u1784<strong>.<\/strong><\/p>\n<p><strong>\u1791\u17b6\u1780\u17cb\u1791\u1784\u1798\u1780\u1799\u17be\u1784\u1781\u17d2\u1789\u17bb\u17c6\u1797\u17d2\u179b\u17b6\u1798\u17d7 \u178a\u17be\u1798\u17d2\u1794\u17b8\u1791\u1791\u17bd\u179b\u1794\u17b6\u1793\u1780\u17b6\u179a\u1794\u1780\u179f\u17d2\u179a\u17b6\u1799\u179f\u1798\u17d2\u179a\u17b6\u1794\u17cb\u179f\u17c6\u178e\u17bd\u179a\u179a\u1794\u179f\u17cb\u179b\u17c4\u1780\u17a2\u17d2\u1793\u1780\u17d4.<\/strong><strong> \u1799\u17be\u1784\u1781\u17d2\u1789\u17bb\u17c6\u178f\u17c2\u1784\u178f\u17c2\u178f\u17d2\u179a\u17c0\u1798\u1781\u17d2\u179b\u17bd\u1793\u1787\u17b6\u179f\u17d2\u179a\u17c1\u1785\u178a\u17be\u1798\u17d2\u1794\u17b8\u179a\u17bd\u1798\u178a\u17c6\u178e\u17be\u179a\u1787\u17b6\u1798\u17bd\u1799\u17a2\u178f\u17b7\u1790\u17b7\u1787\u1793 \u1793\u17b6\u17c6\u1798\u1780\u1793\u17bc\u179c\u178a\u17c6\u178e\u17c4\u17c7\u179f\u17d2\u179a\u17b6\u1799\u1787\u178e\u17d2\u178f\u17be\u179a\u1799\u1793\u17d2\u178f\u178a\u17cf\u1794\u17d2\u179a\u179f\u17be\u179a\u1794\u17c6\u1795\u17bb\u178f!<\/strong><\/p>\n<p><strong>C\u00f4ng ty TNHH DVTM Nh\u1eadp kh\u1ea9u Thang m\u00e1y Italy<\/strong><\/p>\n<p><strong>\u17a2\u17b6\u179f\u1799\u178a\u17d2\u178b\u17b6\u1793\u17d6<\/strong> 104\/17 \u0110\u01b0\u1eddng 10, P.B\u00ecnh H\u01b0ng H\u00f2a B, Q.B\u00ecnh T\u00e2n, TP.H\u1ed3 Ch\u00ed Minh.<\/p>\n<p><strong>\u1781\u17d2\u179f\u17c2\u1791\u17bc\u179a\u179f\u17d0\u1796\u17d2\u1791\u1794\u1793\u17d2\u1791\u17b6\u1793\u17cb\u17d6<\/strong> 0984.20.23.29 \u2013 0982.88.11.19<\/p>\n<p><strong>\u17a2\u17ca\u17b8\u1798\u17c2\u179b:<\/strong> thangmayitalyvn@gmail.com<\/p>\n<p><strong>\u1782\u17c1\u17a0\u1791\u17c6\u1796\u17d0\u179a\u17d6<\/strong> italyelevator.com \u2013 thangmayitaly.com \u2013 thangmayy.com \u2013 elevatoritaly.com<\/p>\n<p><img fetchpriority=\"high\" decoding=\"async\" class=\"alignnone size-medium wp-image-598\" src=\"https:\/\/thangmayitaly.com\/wp-content\/uploads\/2026\/03\/ray-thep-duc-768x576-dhcabin-300x225-1.jpg\" alt=\"\" width=\"300\" height=\"225\" \/>\u00a0<img decoding=\"async\" class=\"alignnone size-medium wp-image-538\" src=\"https:\/\/thangmayitaly.com\/wp-content\/uploads\/2026\/03\/Ray-dan-huong-CABIN-300x298.jpg\" alt=\"\" width=\"300\" height=\"298\" \/><img fetchpriority=\"high\" decoding=\"async\" class=\"alignnone size-medium wp-image-598\" src=\"https:\/\/thangmayitaly.com\/wp-content\/uploads\/2026\/03\/ray-thep-duc-768x576-dhcabin-300x225-1.jpg\" alt=\"\" width=\"300\" height=\"225\" \/><\/p>","protected":false},"excerpt":{"rendered":"<p data-sourcepos=\"7:1-7:22\"><strong>\u179b\u1780\u17d2\u1781\u178e\u17c8\u1794\u1785\u17d2\u1785\u17c1\u1780\u1791\u17c1\u179f:<\/strong><\/p>\n\n<ul data-sourcepos=\"9:1-16:0\">\n \t<li data-sourcepos=\"9:1-9:29\">Model: RTM-T89-5M\/1Ray+Bass<\/li>\n \t<li data-sourcepos=\"10:1-10:16\">\u1794\u17d2\u179a\u1797\u1796\u178a\u17be\u1798\u17d6 \u17a2\u17ca\u17b8\u178f\u17b6\u179b\u17b8<\/li>\n \t<li data-sourcepos=\"11:1-11:25\">\u1798\u17c9\u17b6\u1780\u179f\u1789\u17d2\u1789\u17b6\u17d6 Monteferro<\/li>\n \t<li data-sourcepos=\"12:1-12:18\">Chi\u1ec1u d\u00e0i: 5 m\u00e9t<\/li>\n \t<li data-sourcepos=\"13:1-13:23\">\u1791\u1798\u17d2\u1784\u1793\u17cb\u17d6 60kg\/\u178a\u17be\u1798<\/li>\n \t<li data-sourcepos=\"14:1-14:27\">Ti\u00eau chu\u1ea9n: EN 81-20:2014<\/li>\n \t<li data-sourcepos=\"15:1-16:0\">Bao g\u1ed3m Bass n\u1ed1i ray<\/li>\n<\/ul>","protected":false},"featured_media":1804,"comment_status":"open","ping_status":"open","template":"","meta":{"_acf_changed":false},"product_brand":[],"product_cat":[107],"product_tag":[111],"class_list":{"0":"post-1817","1":"product","2":"type-product","3":"status-publish","4":"has-post-thumbnail","6":"product_cat-ray-dan-huong-thang-may","7":"product_tag-ray-dan-huong-cabin-thang-may-monteferro-italy","9":"first","10":"instock","11":"shipping-taxable","12":"purchasable","13":"product-type-simple"},"acf":[],"_links":{"self":[{"href":"https:\/\/thangmayitaly.com\/km\/wp-json\/wp\/v2\/product\/1817","targetHints":{"allow":["GET"]}}],"collection":[{"href":"https:\/\/thangmayitaly.com\/km\/wp-json\/wp\/v2\/product"}],"about":[{"href":"https:\/\/thangmayitaly.com\/km\/wp-json\/wp\/v2\/types\/product"}],"replies":[{"embeddable":true,"href":"https:\/\/thangmayitaly.com\/km\/wp-json\/wp\/v2\/comments?post=1817"}],"wp:featuredmedia":[{"embeddable":true,"href":"https:\/\/thangmayitaly.com\/km\/wp-json\/wp\/v2\/media\/1804"}],"wp:attachment":[{"href":"https:\/\/thangmayitaly.com\/km\/wp-json\/wp\/v2\/media?parent=1817"}],"wp:term":[{"taxonomy":"product_brand","embeddable":true,"href":"https:\/\/thangmayitaly.com\/km\/wp-json\/wp\/v2\/product_brand?post=1817"},{"taxonomy":"product_cat","embeddable":true,"href":"https:\/\/thangmayitaly.com\/km\/wp-json\/wp\/v2\/product_cat?post=1817"},{"taxonomy":"product_tag","embeddable":true,"href":"https:\/\/thangmayitaly.com\/km\/wp-json\/wp\/v2\/product_tag?post=1817"}],"curies":[{"name":"wp","href":"https:\/\/api.w.org\/{rel}","templated":true}]}}