{"id":1815,"date":"2025-01-08T18:32:58","date_gmt":"2025-01-08T18:32:58","guid":{"rendered":"https:\/\/thangmayitaly.com\/\/index.php\/product\/ray-dan-huong-cabin-thang-may-monteferro-italy-rtm-t82-5m-1raybass\/"},"modified":"2026-03-26T10:04:46","modified_gmt":"2026-03-26T10:04:46","slug":"ray-dan-huong-cabin-thang-may-monteferro-italy-rtm-t82-5m-1raybass","status":"publish","type":"product","link":"https:\/\/thangmayitaly.com\/km\/san-pham\/ray-dan-huong-cabin-thang-may-monteferro-italy-rtm-t82-5m-1raybass\/","title":{"rendered":"\u1795\u17d2\u179b\u17bc\u179c\u179a\u17c9\u17c3\u1793\u17b6\u17c6\u1795\u17d2\u179b\u17bc\u179c\u1780\u17b6\u1794\u17ca\u17b8\u1793\u1787\u178e\u17d2\u178a\u17be\u179a\u1799\u1793\u17d2\u178f MONTEFERRO ITALY RTM-T82-5m\/1RAY+BASS;"},"content":{"rendered":"<h3><strong>Ray d\u1eabn h\u01b0\u1edbng cabin thang m\u00e1y Monteferro Italy RTM-T82-5m\/1RAY+BASS &#8211; N\u00e2ng t\u1ea7m tr\u1ea3i nghi\u1ec7m thang m\u00e1y<\/strong><\/h3>\n<p><strong>C\u00f4ng ty TNHH DVTM Nh\u1eadp kh\u1ea9u Thang m\u00e1y Italy tr\u00e2n tr\u1ecdng gi\u1edbi thi\u1ec7u ray d\u1eabn h\u01b0\u1edbng cabin thang m\u00e1y Monteferro Italy RTM-T82-5m\/1RAY+BASS, gi\u1ea3i ph\u00e1p ho\u00e0n h\u1ea3o cho s\u1ef1 v\u1eadn h\u00e0nh \u00eam \u00e1i v\u00e0 an to\u00e0n c\u1ee7a h\u1ec7 th\u1ed1ng thang m\u00e1y.<\/strong><\/p>\n<p>Ray d\u1eabn h\u01b0\u1edbng cabin \u0111\u00f3ng vai tr\u00f2 ch\u1ee7 ch\u1ed1t trong vi\u1ec7c \u0111\u1ecbnh h\u01b0\u1edbng v\u00e0 \u1ed5n \u0111\u1ecbnh cabin thang m\u00e1y trong su\u1ed1t qu\u00e1 tr\u00ecnh di chuy\u1ec3n. <strong>Ray d\u1eabn h\u01b0\u1edbng cabin Monteferro Italy RTM-T82-5m\/1RAY+BASS<\/strong> \u0111\u01b0\u1ee3c s\u1ea3n xu\u1ea5t t\u1ea1i Italy, \u1ee9ng d\u1ee5ng c\u00f4ng ngh\u1ec7 ti\u00ean ti\u1ebfn, \u0111\u1ea3m b\u1ea3o ch\u1ea5t l\u01b0\u1ee3ng v\u01b0\u1ee3t tr\u1ed9i v\u00e0 \u0111\u00e1p \u1ee9ng m\u1ecdi ti\u00eau chu\u1ea9n an to\u00e0n kh\u1eaft khe.<\/p>\n<h3><strong>\u01afu \u0111i\u1ec3m n\u1ed5i b\u1eadt c\u1ee7a ray d\u1eabn h\u01b0\u1edbng cabin thang m\u00e1y Monteferro Italy RTM-T82-5m\/1RAY+BASS:<\/strong><\/h3>\n<ul>\n<li><strong>\u0110\u1ed9 b\u1ec1n v\u01b0\u1ee3t tr\u1ed9i:<\/strong> Ch\u1ea5t li\u1ec7u th\u00e9p cao c\u1ea5p, ch\u1ed1ng m\u00e0i m\u00f2n, ch\u1ecbu l\u1ef1c t\u1ed1t, k\u00e9o d\u00e0i tu\u1ed5i th\u1ecd s\u1ea3n ph\u1ea9m.<\/li>\n<li><strong>V\u1eadn h\u00e0nh \u00eam \u00e1i:<\/strong> Thi\u1ebft k\u1ebf ch\u00ednh x\u00e1c, gi\u1ea3m thi\u1ec3u ma s\u00e1t, mang \u0111\u1ebfn s\u1ef1 \u00eam \u00e1i, tho\u1ea3i m\u00e1i cho h\u00e0nh kh\u00e1ch.<\/li>\n<li><strong>An to\u00e0n tuy\u1ec7t \u0111\u1ed1i:<\/strong> \u0110\u1ea1t c\u00e1c ti\u00eau chu\u1ea9n an to\u00e0n qu\u1ed1c t\u1ebf, \u0111\u1ea3m b\u1ea3o an to\u00e0n cho ng\u01b0\u1eddi s\u1eed d\u1ee5ng v\u00e0 thi\u1ebft b\u1ecb.<\/li>\n<li><strong>L\u1eafp \u0111\u1eb7t d\u1ec5 d\u00e0ng:<\/strong> Thi\u1ebft k\u1ebf th\u00f4ng minh, ti\u1ec7n l\u1ee3i cho vi\u1ec7c l\u1eafp \u0111\u1eb7t v\u00e0 b\u1ea3o tr\u00ec.<\/li>\n<li><strong>T\u01b0\u01a1ng th\u00edch cao:<\/strong> Ph\u00f9 h\u1ee3p v\u1edbi nhi\u1ec1u lo\u1ea1i thang m\u00e1y v\u00e0 t\u1ea3i tr\u1ecdng kh\u00e1c nhau.<\/li>\n<\/ul>\n<h3><strong>Th\u00f4ng s\u1ed1 k\u1ef9 thu\u1eadt:<\/strong><\/h3>\n<ul>\n<li>Model: RTM-T82-5m\/1RAY+BASS<\/li>\n<li>Xu\u1ea5t x\u1ee9: Italy<\/li>\n<li>Chi\u1ec1u d\u00e0i: 5 m\u00e9t<\/li>\n<li>Tr\u1ecdng l\u01b0\u1ee3ng: [C\u1ea7n b\u1ed5 sung th\u00f4ng tin tr\u1ecdng l\u01b0\u1ee3ng]<\/li>\n<li>Ch\u1ea5t li\u1ec7u: Th\u00e9p cao c\u1ea5p<\/li>\n<li>Ti\u00eau chu\u1ea9n: [C\u1ea7n b\u1ed5 sung th\u00f4ng tin ti\u00eau chu\u1ea9n]<\/li>\n<li>\u1ee8ng d\u1ee5ng: D\u00f9ng cho cabin thang m\u00e1y<\/li>\n<\/ul>\n<p><strong>L\u1ef1a ch\u1ecdn ray d\u1eabn h\u01b0\u1edbng cabin thang m\u00e1y Monteferro Italy RTM-T82-5m\/1RAY+BASS, qu\u00fd kh\u00e1ch h\u00e0ng s\u1ebd \u0111\u01b0\u1ee3c:<\/strong><\/p>\n<ul>\n<li><strong>N\u00e2ng cao hi\u1ec7u su\u1ea5t ho\u1ea1t \u0111\u1ed9ng c\u1ee7a thang m\u00e1y.<\/strong><\/li>\n<li><strong>Gi\u1ea3m thi\u1ec3u ti\u1ebfng \u1ed3n v\u00e0 rung l\u1eafc.<\/strong><\/li>\n<li><strong>K\u00e9o d\u00e0i tu\u1ed5i th\u1ecd cho h\u1ec7 th\u1ed1ng thang m\u00e1y.<\/strong><\/li>\n<li><strong>Ti\u1ebft ki\u1ec7m chi ph\u00ed b\u1ea3o tr\u00ec, s\u1eeda ch\u1eefa.<\/strong><\/li>\n<li><strong>Mang \u0111\u1ebfn s\u1ef1 an t\u00e2m v\u00e0 h\u00e0i l\u00f2ng cho ng\u01b0\u1eddi s\u1eed d\u1ee5ng.<\/strong><\/li>\n<\/ul>\n<p><strong>C\u00f4ng ty TNHH DVTM Nh\u1eadp kh\u1ea9u Thang m\u00e1y Italy cam k\u1ebft:<\/strong><\/p>\n<ul>\n<li>Cung c\u1ea5p s\u1ea3n ph\u1ea9m ch\u00ednh h\u00e3ng Monteferro Italy 100%.<\/li>\n<li>Gi\u00e1 c\u1ea3 c\u1ea1nh tranh, ch\u00ednh s\u00e1ch b\u00e1n h\u00e0ng linh ho\u1ea1t.<\/li>\n<li>D\u1ecbch v\u1ee5 t\u01b0 v\u1ea5n v\u00e0 h\u1ed7 tr\u1ee3 k\u1ef9 thu\u1eadt chuy\u00ean nghi\u1ec7p.<\/li>\n<li>B\u1ea3o h\u00e0nh s\u1ea3n ph\u1ea9m theo ti\u00eau chu\u1ea9n nh\u00e0 s\u1ea3n xu\u1ea5t.<\/li>\n<\/ul>\n<p>C\u1ea3m \u01a1n \u0111\u00e3 d\u00e0nh th\u1eddi gian qu\u00fd b\u00e1u c\u1ee7a m\u00ecnh \u0111\u1ecdc b\u00e0i vi\u1ebft c\u1ee7a ch\u00fang t\u00f4i<strong>.<\/strong><\/p>\n<p><strong>Qu\u00fd kh\u00e1ch h\u00e0ng c\u00f3 nhu c\u1ea7u v\u1ec1 ray d\u1eabn h\u01b0\u1edbng cabin thang m\u00e1y Monteferro Italy RTM-T82-5m\/1RAY+BASS <\/strong><strong>Li\u00ean h\u1ec7 ngay v\u1edbi ch\u00fang t\u00f4i \u0111\u1ec3 nh\u1eadn \u0111\u01b0\u1ee3c gi\u1ea3i \u0111\u00e1p cho nh\u1eefng c\u00e2u h\u1ecfi c\u1ee7a qu\u00fd kh\u00e1ch.<\/strong><strong> Ch\u00fang t\u00f4i lu\u00f4n s\u1eb5n s\u00e0ng \u0111\u1ed3ng h\u00e0nh c\u00f9ng qu\u00fd kh\u00e1ch h\u00e0ng, mang \u0111\u1ebfn nh\u1eefng gi\u1ea3i ph\u00e1p thang m\u00e1y t\u1ed1i \u01b0u nh\u1ea5t!<\/strong><\/p>\n<p><strong>C\u00f4ng ty TNHH DVTM Nh\u1eadp kh\u1ea9u Thang m\u00e1y Italy<\/strong><\/p>\n<p><strong>\u0110\u1ecba ch\u1ec9:<\/strong> 104\/17 \u0110\u01b0\u1eddng 10, P.B\u00ecnh H\u01b0ng H\u00f2a B, Q.B\u00ecnh T\u00e2n, TP.H\u1ed3 Ch\u00ed Minh.<\/p>\n<p><strong>Hotline:<\/strong> 0984.20.23.29 \u2013 0982.88.11.19<\/p>\n<p><strong>Email:<\/strong> thangmayitalyvn@gmail.com<\/p>\n<p><strong>Website:<\/strong> italyelevator.com &#8211; thangmayitaly.com &#8211; thangmayy.com &#8211; elevatoritaly.com<\/p>\n<p><img fetchpriority=\"high\" decoding=\"async\" class=\"alignnone size-medium wp-image-598\" src=\"https:\/\/thangmayitaly.com\/wp-content\/uploads\/2026\/03\/ray-thep-duc-768x576-dhcabin-300x225-1.jpg\" alt=\"\" width=\"300\" height=\"225\" \/> \u00a0<img decoding=\"async\" class=\"alignnone size-medium wp-image-538\" src=\"https:\/\/thangmayitaly.com\/wp-content\/uploads\/2026\/03\/Ray-dan-huong-CABIN-300x298.jpg\" alt=\"\" width=\"300\" height=\"298\" \/><img fetchpriority=\"high\" decoding=\"async\" class=\"alignnone size-medium wp-image-598\" src=\"https:\/\/thangmayitaly.com\/wp-content\/uploads\/2026\/03\/ray-thep-duc-768x576-dhcabin-300x225-1.jpg\" alt=\"\" width=\"300\" height=\"225\" \/><\/p>\n","protected":false},"excerpt":{"rendered":"<ul>\n \t<li>Model: RTM-T82-5M\/1RAY+BASS;<\/li>\n \t<li>\u1794\u17d2\u179a\u1797\u1796\u178a\u17be\u1798: Italy;<\/li>\n \t<li>\u1794\u17d2\u179a\u179c\u17c2\u1784: 5 \u1798\u17c9\u17c2\u178f\u17d2\u179a;<\/li>\n \t<li>\u179f\u1798\u17d2\u1797\u17b6\u179a\u17c8: \u178a\u17c2\u1780\u1790\u17c2\u1794\u179b\u17c6\u178a\u17b6\u1794\u17cb\u1781\u17d2\u1796\u179f\u17cb;<\/li>\n \t<li>\u179f\u17d2\u178a\u1784\u17cb\u178a\u17b6\u179a: \u1780\u1798\u17d2\u179a\u17b7\u178f\u1781\u17d2\u1796\u179f\u17cb\u178a\u17c2\u179b\u178f\u17d2\u179a\u17bc\u179c\u1794\u17b6\u1793\u1791\u1791\u17bd\u179b\u179f\u17d2\u1782\u17b6\u179b\u17cb\u178a\u17c4\u1799\u17a2\u17ba\u179a\u17c9\u17bb\u1794 \u1793\u17b7\u1784\u17a2\u17b6\u1798\u17c1\u179a\u17b7\u1780;<\/li>\n \t<li>\u1780\u1798\u17d2\u1798\u179c\u17b7\u1792\u17b8\u1794\u17d2\u179a\u17be\u1794\u17d2\u179a\u17b6\u179f\u17cb: \u1794\u17d2\u179a\u17be\u179f\u1798\u17d2\u179a\u17b6\u1794\u17cb\u1780\u17b6\u1794\u17ca\u17b8\u1793\u1787\u178e\u17d2\u178a\u17be\u179a\u1799\u1793\u17d2\u178f;<\/li>\n<\/ul>","protected":false},"featured_media":1805,"comment_status":"open","ping_status":"open","template":"","meta":{"_acf_changed":false},"product_brand":[],"product_cat":[107],"product_tag":[110],"class_list":{"0":"post-1815","1":"product","2":"type-product","3":"status-publish","4":"has-post-thumbnail","6":"product_cat-ray-dan-huong-thang-may","7":"product_tag-ray-dan-huong-cabin-thang-may-monteferro-italy-rtm-t82","9":"first","10":"instock","11":"shipping-taxable","12":"purchasable","13":"product-type-simple"},"acf":[],"_links":{"self":[{"href":"https:\/\/thangmayitaly.com\/km\/wp-json\/wp\/v2\/product\/1815","targetHints":{"allow":["GET"]}}],"collection":[{"href":"https:\/\/thangmayitaly.com\/km\/wp-json\/wp\/v2\/product"}],"about":[{"href":"https:\/\/thangmayitaly.com\/km\/wp-json\/wp\/v2\/types\/product"}],"replies":[{"embeddable":true,"href":"https:\/\/thangmayitaly.com\/km\/wp-json\/wp\/v2\/comments?post=1815"}],"wp:featuredmedia":[{"embeddable":true,"href":"https:\/\/thangmayitaly.com\/km\/wp-json\/wp\/v2\/media\/1805"}],"wp:attachment":[{"href":"https:\/\/thangmayitaly.com\/km\/wp-json\/wp\/v2\/media?parent=1815"}],"wp:term":[{"taxonomy":"product_brand","embeddable":true,"href":"https:\/\/thangmayitaly.com\/km\/wp-json\/wp\/v2\/product_brand?post=1815"},{"taxonomy":"product_cat","embeddable":true,"href":"https:\/\/thangmayitaly.com\/km\/wp-json\/wp\/v2\/product_cat?post=1815"},{"taxonomy":"product_tag","embeddable":true,"href":"https:\/\/thangmayitaly.com\/km\/wp-json\/wp\/v2\/product_tag?post=1815"}],"curies":[{"name":"wp","href":"https:\/\/api.w.org\/{rel}","templated":true}]}}