{"id":1800,"date":"2025-01-08T17:33:49","date_gmt":"2025-01-08T17:33:49","guid":{"rendered":"https:\/\/thangmayitaly.com\/\/index.php\/product\/ray-dan-huong-doi-trong-thang-may-monteferro-italy-rtm-t50a-5m-1raybass\/"},"modified":"2026-03-26T10:04:37","modified_gmt":"2026-03-26T10:04:37","slug":"ray-dan-huong-doi-trong-thang-may-monteferro-italy-rtm-t50a-5m-1raybass","status":"publish","type":"product","link":"https:\/\/thangmayitaly.com\/km\/san-pham\/ray-dan-huong-doi-trong-thang-may-monteferro-italy-rtm-t50a-5m-1raybass\/","title":{"rendered":"\u179a\u17c9\u17c3\u1793\u17b6\u17c6\u1795\u17d2\u179b\u17bc\u179c\u1791\u1798\u17d2\u1784\u1793\u17cb\u1791\u1794\u17cb\u1787\u178e\u17d2\u178f\u17be\u179a\u1799\u1793\u17d2\u178f Monteferro Italy RTM-T50A-5M\/1RAY+BASS"},"content":{"rendered":"<h3><strong>Ray d\u1eabn h\u01b0\u1edbng \u0111\u1ed1i tr\u1ecdng thang m\u00e1y Monteferro Italy RTM-T50A-5M\/1RAY+BASS &#8211; Ch\u1ea5t l\u01b0\u1ee3ng h\u00e0ng \u0111\u1ea7u t\u1eeb Italy<\/strong><\/h3>\n<p><strong>C\u00f4ng ty TNHH DVTM Nh\u1eadp kh\u1ea9u Thang m\u00e1y Italy t\u1ef1 h\u00e0o l\u00e0 nh\u00e0 ph\u00e2n ph\u1ed1i ch\u00ednh h\u00e3ng ray d\u1eabn h\u01b0\u1edbng \u0111\u1ed1i tr\u1ecdng thang m\u00e1y Monteferro Italy RTM-T50A-5M\/1RAY+BASS, \u0111\u1ea3m b\u1ea3o ch\u1ea5t l\u01b0\u1ee3ng v\u00e0 an to\u00e0n tuy\u1ec7t \u0111\u1ed1i cho h\u1ec7 th\u1ed1ng thang m\u00e1y c\u1ee7a b\u1ea1n.<\/strong><\/p>\n<p><strong>Ray d\u1eabn h\u01b0\u1edbng \u0111\u1ed1i tr\u1ecdng thang m\u00e1y<\/strong> l\u00e0 m\u1ed9t b\u1ed9 ph\u1eadn quan tr\u1ecdng, \u0111\u1ea3m b\u1ea3o cho \u0111\u1ed1i tr\u1ecdng di chuy\u1ec3n \u1ed5n \u0111\u1ecbnh v\u00e0 \u00eam \u00e1i trong h\u1ed1 thang. <strong>Ray d\u1eabn h\u01b0\u1edbng \u0111\u1ed1i tr\u1ecdng Monteferro Italy RTM-T50A-5M\/1RAY+BASS<\/strong> \u0111\u01b0\u1ee3c s\u1ea3n xu\u1ea5t theo ti\u00eau chu\u1ea9n ch\u00e2u \u00c2u, v\u1edbi ch\u1ea5t li\u1ec7u th\u00e9p cao c\u1ea5p, \u0111\u1ed9 b\u1ec1n cao, kh\u1ea3 n\u0103ng ch\u1ecbu l\u1ef1c t\u1ed1t, gi\u00fap t\u0103ng tu\u1ed5i th\u1ecd v\u00e0 hi\u1ec7u su\u1ea5t ho\u1ea1t \u0111\u1ed9ng c\u1ee7a thang m\u00e1y.<\/p>\n<h3><strong>\u01afu \u0111i\u1ec3m v\u01b0\u1ee3t tr\u1ed9i c\u1ee7a ray d\u1eabn h\u01b0\u1edbng \u0111\u1ed1i tr\u1ecdng thang m\u00e1y Monteferro Italy RTM-T50A-5M\/1RAY+BASS:<\/strong><\/h3>\n<ul>\n<li><strong>Ch\u1ea5t l\u01b0\u1ee3ng h\u00e0ng \u0111\u1ea7u:<\/strong> S\u1ea3n xu\u1ea5t t\u1ea1i Italy v\u1edbi c\u00f4ng ngh\u1ec7 ti\u00ean ti\u1ebfn, \u0111\u1ea3m b\u1ea3o \u0111\u1ed9 ch\u00ednh x\u00e1c v\u00e0 \u0111\u1ed9 b\u1ec1n v\u01b0\u1ee3t tr\u1ed9i.<\/li>\n<li><strong>Ti\u00eau chu\u1ea9n an to\u00e0n:<\/strong> \u0110\u1ea1t c\u00e1c ti\u00eau chu\u1ea9n an to\u00e0n kh\u1eaft khe c\u1ee7a ch\u00e2u \u00c2u, mang \u0111\u1ebfn s\u1ef1 an t\u00e2m cho ng\u01b0\u1eddi s\u1eed d\u1ee5ng.<\/li>\n<li><strong>Hi\u1ec7u su\u1ea5t ho\u1ea1t \u0111\u1ed9ng cao:<\/strong> Gi\u00fap \u0111\u1ed1i tr\u1ecdng di chuy\u1ec3n \u00eam \u00e1i, gi\u1ea3m thi\u1ec3u ti\u1ebfng \u1ed3n v\u00e0 rung l\u1eafc.<\/li>\n<li><strong>Tu\u1ed5i th\u1ecd l\u00e2u d\u00e0i:<\/strong> Ch\u1ea5t li\u1ec7u th\u00e9p cao c\u1ea5p ch\u1ed1ng m\u00e0i m\u00f2n, k\u00e9o d\u00e0i tu\u1ed5i th\u1ecd cho h\u1ec7 th\u1ed1ng thang m\u00e1y.<\/li>\n<li><strong>D\u1ec5 d\u00e0ng l\u1eafp \u0111\u1eb7t:<\/strong> Thi\u1ebft k\u1ebf th\u00f4ng minh, ti\u1ec7n l\u1ee3i cho vi\u1ec7c l\u1eafp \u0111\u1eb7t v\u00e0 b\u1ea3o tr\u00ec.<\/li>\n<\/ul>\n<p><strong>Th\u00f4ng s\u1ed1 k\u1ef9 thu\u1eadt:<\/strong><\/p>\n<ul>\n<li>Model: RTM-T50A-5M\/1RAY+BASS<\/li>\n<li>Xu\u1ea5t x\u1ee9: Italy<\/li>\n<li>Chi\u1ec1u d\u00e0i: 5 m\u00e9t<\/li>\n<li>Tr\u1ecdng l\u01b0\u1ee3ng: [C\u1ea7n b\u1ed5 sung th\u00f4ng tin tr\u1ecdng l\u01b0\u1ee3ng]<\/li>\n<li>Ch\u1ea5t li\u1ec7u: Th\u00e9p cao c\u1ea5p<\/li>\n<li>Ti\u00eau chu\u1ea9n: [C\u1ea7n b\u1ed5 sung th\u00f4ng tin ti\u00eau chu\u1ea9n]<\/li>\n<li>\u1ee8ng d\u1ee5ng: D\u00f9ng cho \u0111\u1ed1i tr\u1ecdng thang m\u00e1y<\/li>\n<\/ul>\n<p><strong>L\u1ef1a ch\u1ecdn ray d\u1eabn h\u01b0\u1edbng \u0111\u1ed1i tr\u1ecdng thang m\u00e1y Monteferro Italy RTM-T50A-5M\/1RAY+BASS l\u00e0 l\u1ef1a ch\u1ecdn th\u00f4ng minh, \u0111\u1ea3m b\u1ea3o an to\u00e0n v\u00e0 hi\u1ec7u qu\u1ea3 cho h\u1ec7 th\u1ed1ng thang m\u00e1y c\u1ee7a b\u1ea1n.<\/strong><\/p>\n<p><strong>C\u00f4ng ty TNHH DVTM Nh\u1eadp kh\u1ea9u Thang m\u00e1y Italy cam k\u1ebft:<\/strong><\/p>\n<ul>\n<li>Cung c\u1ea5p s\u1ea3n ph\u1ea9m ch\u00ednh h\u00e3ng, ch\u1ea5t l\u01b0\u1ee3ng cao.<\/li>\n<li>Gi\u00e1 c\u1ea3 c\u1ea1nh tranh, nhi\u1ec1u \u01b0u \u0111\u00e3i h\u1ea5p d\u1eabn.<\/li>\n<li>D\u1ecbch v\u1ee5 t\u01b0 v\u1ea5n v\u00e0 h\u1ed7 tr\u1ee3 k\u1ef9 thu\u1eadt chuy\u00ean nghi\u1ec7p.<\/li>\n<li>Giao h\u00e0ng nhanh ch\u00f3ng, to\u00e0n qu\u1ed1c.<\/li>\n<\/ul>\n<p>C\u1ea3m \u01a1n \u0111\u00e3 d\u00e0nh th\u1eddi gian qu\u00fd b\u00e1u c\u1ee7a m\u00ecnh \u0111\u1ecdc b\u00e0i vi\u1ebft c\u1ee7a ch\u00fang t\u00f4i<strong>.<\/strong><\/p>\n<p><strong>Qu\u00fd kh\u00e1ch h\u00e0ng c\u00f3 nhu c\u1ea7u t\u00ecm hi\u1ec3u th\u00eam v\u1ec1 s\u1ea3n ph\u1ea9m ray d\u1eabn h\u01b0\u1edbng \u0111\u1ed1i tr\u1ecdng thang m\u00e1y Monteferro Italy RTM-T50A-5M\/1RAY+BASS. <\/strong><strong>Li\u00ean h\u1ec7 ngay v\u1edbi ch\u00fang t\u00f4i \u0111\u1ec3 nh\u1eadn \u0111\u01b0\u1ee3c gi\u1ea3i \u0111\u00e1p cho nh\u1eefng c\u00e2u h\u1ecfi c\u1ee7a qu\u00fd kh\u00e1ch!<\/strong><\/p>\n<p><strong>C\u00f4ng ty TNHH DVTM Nh\u1eadp kh\u1ea9u Thang m\u00e1y Italy<\/strong><\/p>\n<p><strong>\u0110\u1ecba ch\u1ec9:<\/strong> 104\/17 \u0110\u01b0\u1eddng 10, P.B\u00ecnh H\u01b0ng H\u00f2a B, Q.B\u00ecnh T\u00e2n, TP.H\u1ed3 Ch\u00ed Minh.<\/p>\n<p><strong>Hotline:<\/strong> 0984.20.23.29 \u2013 0982.88.11.19<\/p>\n<p><strong>Email:<\/strong> thangmayitalyvn@gmail.com<\/p>\n<p><strong>Website:<\/strong> italyelevator.com &#8211; thangmayitaly.com &#8211; thangmayy.com &#8211; elevatoritaly.com<\/p>\n<p><img decoding=\"async\" class=\"alignnone size-medium wp-image-596\" src=\"https:\/\/thangmayitaly.com\/wp-content\/uploads\/2026\/03\/ray_thang_may_abc-300x165.jpg\" alt=\"\" width=\"300\" height=\"165\" \/><img fetchpriority=\"high\" decoding=\"async\" class=\"alignnone size-medium wp-image-595\" src=\"https:\/\/thangmayitaly.com\/wp-content\/uploads\/2026\/03\/ray-dan-huong-doi-trong-1-300x213.jpg\" alt=\"\" width=\"300\" height=\"213\" \/> <img decoding=\"async\" class=\"alignnone size-medium wp-image-596\" src=\"https:\/\/thangmayitaly.com\/wp-content\/uploads\/2026\/03\/ray_thang_may_abc-300x165.jpg\" alt=\"\" width=\"300\" height=\"165\" \/><\/p>\n","protected":false},"excerpt":{"rendered":"Ray d\u1eabn h\u01b0\u1edbng \u0111\u1ed1i tr\u1ecdng thang m\u00e1y Monteferro Italy RTM-T50A\n\nD\u00e0i 5M\/1RAY+BASS","protected":false},"featured_media":1802,"comment_status":"open","ping_status":"open","template":"","meta":{"_acf_changed":false},"product_brand":[],"product_cat":[107],"product_tag":[108],"class_list":{"0":"post-1800","1":"product","2":"type-product","3":"status-publish","4":"has-post-thumbnail","6":"product_cat-ray-dan-huong-thang-may","7":"product_tag-ray-dan-huong","9":"first","10":"instock","11":"shipping-taxable","12":"purchasable","13":"product-type-simple"},"acf":[],"_links":{"self":[{"href":"https:\/\/thangmayitaly.com\/km\/wp-json\/wp\/v2\/product\/1800","targetHints":{"allow":["GET"]}}],"collection":[{"href":"https:\/\/thangmayitaly.com\/km\/wp-json\/wp\/v2\/product"}],"about":[{"href":"https:\/\/thangmayitaly.com\/km\/wp-json\/wp\/v2\/types\/product"}],"replies":[{"embeddable":true,"href":"https:\/\/thangmayitaly.com\/km\/wp-json\/wp\/v2\/comments?post=1800"}],"wp:featuredmedia":[{"embeddable":true,"href":"https:\/\/thangmayitaly.com\/km\/wp-json\/wp\/v2\/media\/1802"}],"wp:attachment":[{"href":"https:\/\/thangmayitaly.com\/km\/wp-json\/wp\/v2\/media?parent=1800"}],"wp:term":[{"taxonomy":"product_brand","embeddable":true,"href":"https:\/\/thangmayitaly.com\/km\/wp-json\/wp\/v2\/product_brand?post=1800"},{"taxonomy":"product_cat","embeddable":true,"href":"https:\/\/thangmayitaly.com\/km\/wp-json\/wp\/v2\/product_cat?post=1800"},{"taxonomy":"product_tag","embeddable":true,"href":"https:\/\/thangmayitaly.com\/km\/wp-json\/wp\/v2\/product_tag?post=1800"}],"curies":[{"name":"wp","href":"https:\/\/api.w.org\/{rel}","templated":true}]}}