{"id":1722,"date":"2025-01-08T05:11:40","date_gmt":"2025-01-08T05:11:40","guid":{"rendered":"https:\/\/thangmayitaly.com\/\/index.php\/product\/may-keo-thang-may-sicor-mk-sgs7c-400-0-5\/"},"modified":"2026-03-26T10:03:21","modified_gmt":"2026-03-26T10:03:21","slug":"may-keo-thang-may-sicor-mk-sgs7c-400-0-5","status":"publish","type":"product","link":"https:\/\/thangmayitaly.com\/km\/may-keo-thang-may-sicor-mk-sgs7c-400-0-5\/","title":{"rendered":"\u1798\u17c9\u17bc\u1791\u17d0\u179a\u1798\u17c9\u17b6\u179f\u17ca\u17b8\u1793\u17a2\u17bc\u179f\u1787\u178e\u17d2\u178f\u17be\u179a\u1799\u1793\u17d2\u178f SICOR MK-SGS7C-400-0.5"},"content":{"rendered":"<p><img fetchpriority=\"high\" decoding=\"async\" class=\"alignnone size-medium wp-image-252 aligncenter\" src=\"https:\/\/thangmayitaly.com\/wp-content\/uploads\/2026\/03\/12345-SGS6C-7c-300x300.jpg\" alt=\"\" width=\"300\" height=\"300\" title=\"\"><\/p>\n<p><strong>\u1798\u17c9\u17bc\u1791\u17d0\u179a\u1798\u17c9\u17b6\u179f\u17ca\u17b8\u1793\u17a2\u17bc\u179f\u1787\u178e\u17d2\u178f\u17be\u179a\u1799\u1793\u17d2\u178f SICOR MK-SGS7C-400-0.5 \u2013 \u178a\u17c6\u178e\u17c4\u17c7\u179f\u17d2\u179a\u17b6\u1799\u178a\u17cf\u179b\u17d2\u17a2\u17a5\u178f\u1781\u17d2\u1785\u17c4\u17c7\u179f\u1798\u17d2\u179a\u17b6\u1794\u17cb\u1782\u17d2\u179a\u1794\u17cb\u179f\u17c6\u178e\u1784\u17cb<\/strong><\/p>\n<p>\u178f\u17be\u17a2\u17d2\u1793\u1780\u1780\u17c6\u1796\u17bb\u1784\u179f\u17d2\u179c\u17c2\u1784\u179a\u1780\u1798\u17c9\u17b6\u179f\u17ca\u17b8\u1793\u17a2\u17bc\u179f\u1787\u178e\u17d2\u178f\u17be\u179a\u1799\u1793\u17d2\u178f\u178a\u17c2\u179b\u1798\u17b6\u1793\u1782\u17bb\u178e\u1797\u17b6\u1796\u1781\u17d2\u1796\u179f\u17cb \u178a\u17c6\u178e\u17be\u179a\u1780\u17b6\u179a\u179a\u179b\u17bc\u1793 \u1793\u17b7\u1784\u179f\u1793\u17d2\u179f\u17c6\u179f\u17c6\u1785\u17c3\u1790\u17b6\u1798\u1796\u179b\u1798\u17c2\u1793\u1791\u17c1? <strong>\u1798\u17c9\u17bc\u1791\u17d0\u179a\u1798\u17c9\u17b6\u179f\u17ca\u17b8\u1793\u17a2\u17bc\u179f\u1787\u178e\u17d2\u178f\u17be\u179a\u1799\u1793\u17d2\u178f SICOR MK-SGS7C-400-0.5<\/strong> \u1793\u17c3\u1798\u17c9\u17b6\u1780\u179f\u1789\u17d2\u1789\u17b6 <strong>SICOR<\/strong> \u1793\u17b6\u17c6\u1785\u17bc\u179b\u1796\u17b8\u1794\u17d2\u179a\u1791\u17c1\u179f\u17a2\u17ca\u17b8\u178f\u17b6\u179b\u17b8 \u1782\u17ba\u1787\u17b6\u1787\u1798\u17d2\u179a\u17be\u179f\u178a\u17cf\u179b\u17d2\u17a2\u1794\u17c6\u1795\u17bb\u178f\u17d4.<\/p>\n<p><strong>SICOR<\/strong> \u1782\u17ba\u1787\u17b6\u1798\u17c9\u17b6\u1780\u1799\u17b8\u17a0\u17c4\u179b\u17d2\u1794\u17b8\u179b\u17d2\u1794\u17b6\u1789\u1791\u17bc\u1791\u17b6\u17c6\u1784\u1796\u17b7\u1797\u1796\u179b\u17c4\u1780\u178a\u17c2\u179b\u1798\u17b6\u1793\u1794\u1791\u1796\u17b7\u179f\u17c4\u1792\u1793\u17cd\u1787\u17b6\u1784 40 \u1786\u17d2\u1793\u17b6\u17c6\u1780\u17d2\u1793\u17bb\u1784\u179c\u17b7\u179f\u17d0\u1799\u1795\u179b\u17b7\u178f\u17a7\u1794\u1780\u179a\u178e\u17cd\u1787\u178e\u17d2\u178f\u17be\u179a\u1799\u1793\u17d2\u178f\u17d4. <strong>SICOR<\/strong> <strong>MK-SGS7C-400-0.5<\/strong> \u178f\u17d2\u179a\u17bc\u179c\u1794\u17b6\u1793\u179a\u1785\u1793\u17b6\u17a1\u17be\u1784\u1787\u17b6\u1798\u17bd\u1799\u1793\u17b9\u1784\u1794\u1785\u17d2\u1785\u17c1\u1780\u179c\u17b7\u1791\u17d2\u1799\u17b6\u1791\u17c6\u1793\u17be\u1794 \u1793\u17b6\u17c6\u1798\u1780\u1793\u17bc\u179c\u1782\u17bb\u178e\u179f\u1798\u17d2\u1794\u178f\u17d2\u178f\u17b7\u179b\u17c1\u1785\u1792\u17d2\u179b\u17c4\u17d6<\/p>\n<ul>\n<li><strong>\u179f\u1793\u17d2\u179f\u17c6\u179f\u17c6\u1785\u17c3\u1790\u17b6\u1798\u1796\u179b:<\/strong> \u1798\u17c9\u17bc\u1791\u17d0\u179a\u1782\u17d2\u1798\u17b6\u1793\u1794\u17d2\u179a\u17a2\u1794\u17cb\u179b\u17c1\u1781\u178a\u17c2\u179b\u1798\u17b6\u1793\u1794\u17d2\u179a\u179f\u17b7\u1791\u17d2\u1792\u1797\u17b6\u1796\u1781\u17d2\u1796\u179f\u17cb\u1787\u17bd\u1799\u1780\u17b6\u178f\u17cb\u1794\u1793\u17d2\u1790\u1799\u1780\u17b6\u179a\u1794\u17d2\u179a\u17be\u1794\u17d2\u179a\u17b6\u179f\u17cb\u17a2\u1782\u17d2\u1782\u17b7\u179f\u1793\u17b8\u17d4.<\/li>\n<li><strong>\u178a\u17c6\u178e\u17be\u179a\u1780\u17b6\u179a\u179a\u179b\u17bc\u1793\u17d6<\/strong> \u1780\u17b6\u178f\u17cb\u1794\u1793\u17d2\u1790\u1799\u179f\u17c6\u179b\u17c1\u1784\u179a\u17c6\u1781\u17b6\u1793 \u1793\u17b7\u1784\u1780\u17b6\u179a\u179a\u17c6\u1789\u17d0\u179a \u1795\u17d2\u178f\u179b\u17cb\u1793\u17bc\u179c\u1794\u1791\u1796\u17b7\u179f\u17c4\u1792\u1793\u17cd\u178a\u17cf\u1798\u17b6\u1793\u1795\u17b6\u179f\u17bb\u1780\u1797\u17b6\u1796\u179f\u1798\u17d2\u179a\u17b6\u1794\u17cb\u17a2\u17d2\u1793\u1780\u1794\u17d2\u179a\u17be\u1794\u17d2\u179a\u17b6\u179f\u17cb\u17d4.<\/li>\n<li><strong>\u1780\u17b6\u179a\u179a\u1785\u1793\u17b6\u1794\u1784\u17d2\u179a\u17bd\u1798\u178f\u17bc\u1785\u17d6<\/strong> \u179f\u1793\u17d2\u179f\u17c6\u179f\u17c6\u1785\u17c3\u1780\u1793\u17d2\u179b\u17c2\u1784\u178a\u17c6\u17a1\u17be\u1784 \u179f\u1798\u179f\u17d2\u179a\u1794\u1793\u17b9\u1784\u1794\u17d2\u179a\u1797\u17c1\u1791\u179f\u17c6\u178e\u1784\u17cb\u1787\u17b6\u1785\u17d2\u179a\u17be\u1793\u17d4.<\/li>\n<li><strong>\u1797\u17b6\u1796\u1792\u1793\u17cb\u178a\u17cf\u17a2\u179f\u17d2\u1785\u17b6\u179a\u17d2\u1799:<\/strong> \u179f\u1798\u17d2\u1797\u17b6\u179a\u17c8\u1780\u1798\u17d2\u179a\u17b7\u178f\u1781\u17d2\u1796\u179f\u17cb \u1793\u17b7\u1784\u178a\u17c6\u178e\u17be\u179a\u1780\u17b6\u179a\u1795\u179b\u17b7\u178f\u178a\u17cf\u178f\u17b9\u1784\u179a\u17c9\u17b9\u1784\u1792\u17b6\u1793\u17b6\u1793\u17bc\u179c\u17a2\u17b6\u1799\u17bb\u1780\u17b6\u179b\u1794\u17d2\u179a\u17be\u1794\u17d2\u179a\u17b6\u179f\u17cb\u1794\u17b6\u1793\u1799\u17bc\u179a\u17a2\u1784\u17d2\u179c\u17c2\u1784\u17d4.<\/li>\n<li><strong>\u179f\u17bb\u179c\u178f\u17d2\u1790\u17b7\u1797\u17b6\u1796\u178a\u17b6\u1785\u17cb\u1781\u17b6\u178f\u17d6<\/strong> \u1791\u1791\u17bd\u179b\u1794\u17b6\u1793\u179f\u17d2\u178f\u1784\u17cb\u178a\u17b6\u179a\u179f\u17bb\u179c\u178f\u17d2\u1790\u17b7\u1797\u17b6\u1796\u17a2\u17ba\u179a\u17c9\u17bb\u1794 EN 81 \u1792\u17b6\u1793\u17b6\u179f\u17bb\u179c\u178f\u17d2\u1790\u17b7\u1797\u17b6\u1796\u179f\u1798\u17d2\u179a\u17b6\u1794\u17cb\u17a2\u17d2\u1793\u1780\u1794\u17d2\u179a\u17be\u1794\u17d2\u179a\u17b6\u179f\u17cb\u17d4.<\/li>\n<\/ul>\n<p>\u1787\u17b6\u1798\u17bd\u1799\u1793\u17b9\u1784\u1791\u1798\u17d2\u1784\u1793\u17cb\u1795\u17d2\u1791\u17bb\u1780 400kg \u1793\u17b7\u1784\u179b\u17d2\u1794\u17bf\u1793 0.5m\/s, <strong>\u1798\u17c9\u17bc\u1791\u17d0\u179a\u1798\u17c9\u17b6\u179f\u17ca\u17b8\u1793\u17a2\u17bc\u179f\u1787\u178e\u17d2\u178f\u17be\u179a\u1799\u1793\u17d2\u178f SICOR MK-SGS7C-400-0.5 <\/strong>\u00a0\u1786\u17d2\u179b\u17be\u1799\u178f\u1794\u1791\u17c5\u1793\u17b9\u1784\u178f\u1798\u17d2\u179a\u17bc\u179c\u1780\u17b6\u179a\u1785\u1798\u17d2\u179a\u17bb\u17c7\u1793\u17c3\u179f\u17c6\u178e\u1784\u17cb\u179b\u17c6\u1793\u17c5\u178a\u17d2\u178b\u17b6\u1793 \u1793\u17b7\u1784\u1796\u17b6\u178e\u17b7\u1787\u17d2\u1787\u1780\u1798\u17d2\u1798\u17d4.<\/p>\n<p>\u179f\u17bc\u1798\u17a2\u179a\u1782\u17bb\u178e\u179f\u1798\u17d2\u179a\u17b6\u1794\u17cb\u1780\u17b6\u179a\u1785\u17c6\u178e\u17b6\u1799\u1796\u17c1\u179b\u179c\u17c1\u179b\u17b6\u178a\u17cf\u1798\u17b6\u1793\u178f\u1798\u17d2\u179b\u17c3\u179a\u1794\u179f\u17cb\u17a2\u17d2\u1793\u1780\u1780\u17d2\u1793\u17bb\u1784\u1780\u17b6\u179a\u17a2\u17b6\u1793\u17a2\u178f\u17d2\u1790\u1794\u1791\u179a\u1794\u179f\u17cb\u1799\u17be\u1784\u1781\u17d2\u1789\u17bb\u17c6\u17d4.<\/p>\n<p><strong>\u1791\u17b6\u1780\u17cb\u1791\u1784\u1798\u1780\u1799\u17be\u1784\u1781\u17d2\u1789\u17bb\u17c6\u1797\u17d2\u179b\u17b6\u1798 \u178a\u17be\u1798\u17d2\u1794\u17b8\u1791\u1791\u17bd\u179b\u1794\u17b6\u1793\u1780\u17b6\u179a\u1794\u1780\u179f\u17d2\u179a\u17b6\u1799\u1785\u17c6\u1796\u17c4\u17c7\u179f\u17c6\u178e\u17bd\u179a\u179a\u1794\u179f\u17cb\u179b\u17c4\u1780\u17a2\u17d2\u1793\u1780!<\/strong><\/p>\n<p><strong>C\u00f4ng ty TNHH DVTM Nh\u1eadp kh\u1ea9u Thang m\u00e1y Italy<\/strong><\/p>\n<p><strong>\u17a2\u17b6\u179f\u1799\u178a\u17d2\u178b\u17b6\u1793\u17d6<\/strong> 104\/17 \u0110\u01b0\u1eddng 10, P.B\u00ecnh H\u01b0ng H\u00f2a B, Q.B\u00ecnh T\u00e2n, TP.H\u1ed3 Ch\u00ed Minh.<\/p>\n<p><strong>\u1781\u17d2\u179f\u17c2\u1791\u17bc\u179a\u179f\u17d0\u1796\u17d2\u1791\u1794\u1793\u17d2\u1791\u17b6\u1793\u17cb\u17d6<\/strong> 0984.20.23.29 \u2013 0982.88.11.19<\/p>\n<p><strong>\u17a2\u17ca\u17b8\u1798\u17c2\u179b:<\/strong> thangmayitalyvn@gmail.com<\/p>\n<p><strong>\u1782\u17c1\u17a0\u1791\u17c6\u1796\u17d0\u179a\u17d6<\/strong> italyelevator.com \u2013 thangmayitaly.com \u2013 thangmayy.com \u2013 elevatoritaly.com<\/p>","protected":false},"excerpt":{"rendered":"\u0110\u1ed8NG C\u01a0 M\u00c1Y K\u00c9O THANG M\u00c1Y SICOR MK-SGS7C-400-0.5\n\n-T\u1ea3i tr\u1ecdng: 400 kg;\n\n-T\u1ed1c \u0111\u1ed9: 0.5m\/s;\n\n-C\u00f4ng su\u1ea5t: 5.4 kw;\n\n-\u0110\u01b0\u1eddng k\u00ednh pulley: 210 mm;\n\n-Lo\u1ea1i c\u00e1p: 7x\u00d86.5&#215;12;\n\n-T\u1ec9 s\u1ed1 truy\u1ec1n: 2:1;\n\n-T\u1ea3i tr\u1ecdng t\u0129nh \u2013 2000kg;\n\n-Tr\u1ecdng l\u01b0\u1ee3ng m\u00e1y \u2013 104kg;","protected":false},"featured_media":1713,"comment_status":"open","ping_status":"open","template":"","meta":{"_acf_changed":false},"product_brand":[],"product_cat":[97],"product_tag":[99],"class_list":{"0":"post-1722","1":"product","2":"type-product","3":"status-publish","4":"has-post-thumbnail","6":"product_cat-may-keo-thang-may","7":"product_tag-dong-co-may-keo-thang-may","9":"first","10":"instock","11":"shipping-taxable","12":"purchasable","13":"product-type-simple"},"acf":[],"rankmath_keywords":{"primary":"","secondary":[""]},"yoast_keywords":{"primary":"","secondary":[]},"yoast_focuskw":"","rankmath_focuskw":"","seo_keywords":{"primary":"","secondary":[""]},"_links":{"self":[{"href":"https:\/\/thangmayitaly.com\/km\/wp-json\/wp\/v2\/product\/1722","targetHints":{"allow":["GET"]}}],"collection":[{"href":"https:\/\/thangmayitaly.com\/km\/wp-json\/wp\/v2\/product"}],"about":[{"href":"https:\/\/thangmayitaly.com\/km\/wp-json\/wp\/v2\/types\/product"}],"replies":[{"embeddable":true,"href":"https:\/\/thangmayitaly.com\/km\/wp-json\/wp\/v2\/comments?post=1722"}],"wp:featuredmedia":[{"embeddable":true,"href":"https:\/\/thangmayitaly.com\/km\/wp-json\/wp\/v2\/media\/1713"}],"wp:attachment":[{"href":"https:\/\/thangmayitaly.com\/km\/wp-json\/wp\/v2\/media?parent=1722"}],"wp:term":[{"taxonomy":"product_brand","embeddable":true,"href":"https:\/\/thangmayitaly.com\/km\/wp-json\/wp\/v2\/product_brand?post=1722"},{"taxonomy":"product_cat","embeddable":true,"href":"https:\/\/thangmayitaly.com\/km\/wp-json\/wp\/v2\/product_cat?post=1722"},{"taxonomy":"product_tag","embeddable":true,"href":"https:\/\/thangmayitaly.com\/km\/wp-json\/wp\/v2\/product_tag?post=1722"}],"curies":[{"name":"wp","href":"https:\/\/api.w.org\/{rel}","templated":true}]}}