{"id":1711,"date":"2025-01-07T18:27:44","date_gmt":"2025-01-07T18:27:44","guid":{"rendered":"https:\/\/thangmayitaly.com\/\/index.php\/product\/may-keo-thang-may-mk-sgs6c-320-0-5\/"},"modified":"2026-03-26T10:03:12","modified_gmt":"2026-03-26T10:03:12","slug":"may-keo-thang-may-mk-sgs6c-320-0-5","status":"publish","type":"product","link":"https:\/\/thangmayitaly.com\/km\/may-keo-thang-may-mk-sgs6c-320-0-5\/","title":{"rendered":"\u1798\u17c9\u17bc\u1791\u17d0\u179a\u1798\u17c9\u17b6\u179f\u17ca\u17b8\u1793\u17a2\u17bc\u179f\u1787\u178e\u17d2\u178f\u17be\u179a\u1799\u1793\u17d2\u178f SICOR MK-SGS6C-320-0.5"},"content":{"rendered":"<h2 data-sourcepos=\"1:1-1:86\">\u1798\u17c9\u17bc\u1791\u17d0\u179a\u1798\u17c9\u17b6\u179f\u17ca\u17b8\u1793\u17a2\u17bc\u179f\u1787\u178e\u17d2\u178f\u17be\u179a\u1799\u1793\u17d2\u178f Sicor MK-SGS6C-320-0.5: \u1780\u17c1\u179a\u17d2\u178f\u17b7\u17cd\u1788\u17d2\u1798\u17c4\u17c7 \u2013 \u1782\u17bb\u178e\u1797\u17b6\u1796 \u2013 \u179f\u17bb\u179c\u178f\u17d2\u1790\u17b7\u1797\u17b6\u1796<\/h2>\n<p data-sourcepos=\"3:1-3:345\"><strong>\u1780\u17d2\u179a\u17bb\u1798\u17a0\u17ca\u17bb\u1793 TNHH DVTM \u1793\u17b6\u17c6\u1785\u17bc\u179b\u1787\u178e\u17d2\u178f\u17be\u179a\u1799\u1793\u17d2\u178f Italy<\/strong> \u1798\u17b6\u1793\u1798\u17c4\u1791\u1793\u1797\u17b6\u1796\u1787\u17b6\u17a2\u1784\u17d2\u1782\u1797\u17b6\u1796\u1795\u17d2\u1782\u178f\u17cb\u1795\u17d2\u1782\u1784\u17cb <strong>\u1798\u17c9\u17bc\u1791\u17d0\u179a\u1798\u17c9\u17b6\u179f\u17ca\u17b8\u1793\u17a2\u17bc\u179f\u1787\u178e\u17d2\u178f\u17be\u179a\u1799\u1793\u17d2\u178f Sicor MK-SGS6C-320-0.5<\/strong> \u1796\u17b7\u178f\u1794\u17d2\u179a\u17b6\u1780\u178a \u1782\u17bb\u178e\u1797\u17b6\u1796\u1781\u17d2\u1796\u179f\u17cb \u1786\u17d2\u179b\u17be\u1799\u178f\u1794\u1782\u17d2\u179a\u1794\u17cb\u178f\u1798\u17d2\u179a\u17bc\u179c\u1780\u17b6\u179a\u179a\u1794\u179f\u17cb\u17a2\u178f\u17b7\u1790\u17b7\u1787\u1793\u17d4 \u1787\u17b6\u1798\u17bd\u1799\u1794\u17b6\u179c\u1785\u1793\u17b6 \u201c<strong>\u179f\u17c1\u179c\u17b6\u1780\u1798\u17d2\u1798\u179f\u17bb\u179c\u178f\u17d2\u1790\u17b7\u1797\u17b6\u1796 \u2013 \u1795\u179b\u17b7\u178f\u1795\u179b\u1798\u17b6\u1793\u1782\u17bb\u178e\u1797\u17b6\u1796 \u2013 \u179f\u17c6\u178e\u1784\u17cb\u1780\u1798\u17d2\u179a\u17b7\u178f\u1781\u17d2\u1796\u179f\u17cb<\/strong>\u201c, \u1799\u17be\u1784\u1781\u17d2\u1789\u17bb\u17c6\u1794\u17d2\u178f\u17c1\u1787\u17d2\u1789\u17b6\u1793\u17b6\u17c6\u1798\u1780\u1787\u17bc\u1793\u179b\u17c4\u1780\u17a2\u17d2\u1793\u1780\u1793\u17bc\u179c\u1780\u17b6\u179a\u1796\u17c1\u1789\u1785\u17b7\u178f\u17d2\u178f\u1799\u17c9\u17b6\u1784\u1781\u17d2\u179b\u17b6\u17c6\u1784\u1794\u17c6\u1795\u17bb\u178f\u17d4.<\/p>\n<h3 data-sourcepos=\"5:1-5:70\">\u1780\u17b6\u179a\u178e\u17c2\u1793\u17b6\u17c6\u17a2\u17c6\u1796\u17b8\u1798\u17c9\u17bc\u1791\u17d0\u179a\u1798\u17c9\u17b6\u179f\u17ca\u17b8\u1793\u17a2\u17bc\u179f\u1787\u178e\u17d2\u178f\u17be\u179a\u1799\u1793\u17d2\u178f Sicor MK-SGS6C-320-0.5<\/h3>\n<p data-sourcepos=\"7:1-7:283\"><strong>\u1798\u17c9\u17bc\u1791\u17d0\u179a\u1798\u17c9\u17b6\u179f\u17ca\u17b8\u1793\u17a2\u17bc\u179f\u1787\u178e\u17d2\u178f\u17be\u179a\u1799\u1793\u17d2\u178f Sicor MK-SGS6C-320-0.5<\/strong> \u1782\u17ba\u1787\u17b6\u1795\u179b\u17b7\u178f\u1795\u179b\u179a\u1794\u179f\u17cb\u1798\u17c9\u17b6\u1780\u179f\u1789\u17d2\u1789\u17b6 Sicor \u2013 \u178a\u17c2\u179b\u1787\u17b6\u1780\u17d2\u179a\u17bb\u1798\u17a0\u17ca\u17bb\u1793\u1795\u179b\u17b7\u178f\u1798\u17c9\u17b6\u179f\u17ca\u17b8\u1793\u1787\u178e\u17d2\u178f\u17be\u179a\u1799\u1793\u17d2\u178f\u1788\u17b6\u1793\u1798\u17bb\u1781\u1782\u17c1\u1798\u17bd\u1799\u1780\u17d2\u1793\u17bb\u1784\u1796\u17b7\u1797\u1796\u179b\u17c4\u1780\u17d4 \u1795\u179b\u17b7\u178f\u1795\u179b\u178f\u17d2\u179a\u17bc\u179c\u1794\u17b6\u1793\u179a\u1785\u1793\u17b6 \u1793\u17b7\u1784\u1795\u179b\u17b7\u178f\u178f\u17b6\u1798\u179f\u17d2\u178f\u1784\u17cb\u178a\u17b6\u179a\u17a2\u17ba\u179a\u17c9\u17bb\u1794 \u1792\u17b6\u1793\u17b6\u1794\u17b6\u1793\u1793\u17bc\u179c\u1797\u17b6\u1796\u1792\u1793\u17cb \u1794\u17d2\u179a\u179f\u17b7\u1791\u17d2\u1792\u1797\u17b6\u1796\u1794\u17d2\u179a\u178f\u17b7\u1794\u178f\u17d2\u178f\u17b7\u1780\u17b6\u179a\u1781\u17d2\u1796\u179f\u17cb \u1793\u17b7\u1784\u179f\u17bb\u179c\u178f\u17d2\u1790\u17b7\u1797\u17b6\u1796\u178a\u17b6\u1785\u17cb\u1781\u17b6\u178f\u17d4.<\/p>\n<h3 data-sourcepos=\"19:1-19:76\">\u1782\u17bb\u178e\u179f\u1798\u17d2\u1794\u178f\u17d2\u178f\u17b7\u179b\u17c1\u1785\u1792\u17d2\u179b\u17c4\u1793\u17c3\u1798\u17c9\u17bc\u1791\u17d0\u179a\u1798\u17c9\u17b6\u179f\u17ca\u17b8\u1793\u17a2\u17bc\u179f\u1787\u178e\u17d2\u178f\u17be\u179a\u1799\u1793\u17d2\u178f Sicor MK-SGS6C-320-0.5<\/h3>\n<ul data-sourcepos=\"21:1-26:0\">\n<li data-sourcepos=\"21:1-21:188\"><strong>\u1794\u17d2\u179a\u179f\u17b7\u1791\u17d2\u1792\u1797\u17b6\u1796\u1794\u17d2\u179a\u178f\u17b7\u1794\u178f\u17d2\u178f\u17b7\u1780\u17b6\u179a\u179b\u17d2\u17a2\u179b\u17be\u179f\u1782\u17c1:<\/strong> \u1798\u17c9\u17bc\u1791\u17d0\u179a Sicor MK-SGS6C-320-0.5 \u1787\u17bd\u1799\u1794\u1784\u17d2\u1780\u17be\u1793\u1794\u17d2\u179a\u179f\u17b7\u1791\u17d2\u1792\u1797\u17b6\u1796\u1794\u17d2\u179a\u178f\u17b7\u1794\u178f\u17d2\u178f\u17b7\u1780\u17b6\u179a\u17d4 \u179f\u1793\u17d2\u179f\u17c6\u179f\u17c6\u1785\u17c3\u1790\u17b6\u1798\u1796\u179b \u1793\u17b7\u1784\u1780\u17b6\u178f\u17cb\u1794\u1793\u17d2\u1790\u1799\u179f\u17c6\u17a1\u17c1\u1784\u179a\u17c6\u1781\u17b6\u1793\u17d4.<\/li>\n<li data-sourcepos=\"22:1-22:135\"><strong>\u1797\u17b6\u1796\u1792\u1793\u17cb\u1781\u17d2\u1796\u179f\u17cb:<\/strong> \u17a2\u17b6\u1785\u1791\u17d2\u179a\u1791\u17d2\u179a\u1784\u17cb\u1794\u1793\u17d2\u1791\u17bb\u1780\u1792\u17c6 \u1793\u17b7\u1784\u178a\u17c6\u178e\u17be\u179a\u1780\u17b6\u179a\u1794\u17d2\u179a\u1780\u1794\u178a\u17c4\u1799\u179f\u17d2\u1790\u17c1\u179a\u1797\u17b6\u1796\u1780\u17d2\u1793\u17bb\u1784\u179a\u1799\u17c8\u1796\u17c1\u179b\u1799\u17bc\u179a\u17d4.<\/li>\n<li data-sourcepos=\"23:1-23:129\"><strong>\u179f\u17bb\u179c\u178f\u17d2\u1790\u17b7\u1797\u17b6\u1796\u178a\u17b6\u1785\u17cb\u1781\u17b6\u178f\u17d6<\/strong> \u1798\u17c9\u17b6\u179f\u17ca\u17b8\u1793\u178f\u17d2\u179a\u17bc\u179c\u1794\u17b6\u1793\u1794\u17c6\u1796\u17b6\u1780\u17cb\u178a\u17c4\u1799\u1794\u17d2\u179a\u1796\u17d0\u1793\u17d2\u1792\u1780\u17b6\u179a\u1796\u17b6\u179a\u179b\u17be\u179f\u1785\u17c6\u178e\u17bb\u17c7 \u1793\u17b7\u1784\u179b\u17be\u179f\u1780\u17c6\u178a\u17c5\u17d4 \u1792\u17b6\u1793\u17b6\u179f\u17bb\u179c\u178f\u17d2\u1790\u17b7\u1797\u17b6\u1796\u179f\u1798\u17d2\u179a\u17b6\u1794\u17cb\u17a2\u17d2\u1793\u1780\u1794\u17d2\u179a\u17be\u1794\u17d2\u179a\u17b6\u179f\u17cb \u1793\u17b7\u1784\u17a7\u1794\u1780\u179a\u178e\u17cd\u17d4.<\/li>\n<li data-sourcepos=\"24:1-24:110\"><strong>\u1784\u17b6\u1799\u179f\u17d2\u179a\u17bd\u179b\u178a\u17c6\u17a1\u17be\u1784 \u1793\u17b7\u1784\u1790\u17c2\u1791\u17b6\u17c6:<\/strong> \u1780\u17b6\u179a\u179a\u1785\u1793\u17b6\u1794\u1784\u17d2\u179a\u17bd\u1798\u178f\u17bc\u1785 \u179f\u17b6\u1798\u1789\u17d2\u1789 \u1787\u17bd\u1799\u17b1\u17d2\u1799\u1780\u17b6\u179a\u178a\u17c6\u17a1\u17be\u1784 \u1793\u17b7\u1784\u1780\u17b6\u179a\u1790\u17c2\u1791\u17b6\u17c6\u1780\u17b6\u1793\u17cb\u178f\u17c2\u1784\u17b6\u1799\u179f\u17d2\u179a\u17bd\u179b\u17d4.<\/li>\n<li data-sourcepos=\"25:1-26:0\"><strong>\u17a2\u17b6\u1799\u17bb\u1780\u17b6\u179b\u1794\u17d2\u179a\u17be\u1794\u17d2\u179a\u17b6\u179f\u17cb\u179c\u17c2\u1784\u17d6<\/strong> \u1787\u17b6\u1798\u17bd\u1799\u1793\u17b9\u1784\u1782\u17bb\u178e\u1797\u17b6\u1796\u1781\u17d2\u1796\u179f\u17cb \u1798\u17c9\u17bc\u1791\u17d0\u179a Sicor MK-SGS6C-320-0.5 \u1798\u17b6\u1793\u17a2\u17b6\u1799\u17bb\u1780\u17b6\u179b\u1794\u17d2\u179a\u17be\u1794\u17d2\u179a\u17b6\u179f\u17cb\u1799\u17bc\u179a \u1780\u17b6\u178f\u17cb\u1794\u1793\u17d2\u1790\u1799\u1780\u17b6\u179a\u1785\u17c6\u178e\u17b6\u1799\u179b\u17be\u1780\u17b6\u179a\u1790\u17c2\u1791\u17b6\u17c6 \u1793\u17b7\u1784\u1780\u17b6\u179a\u1787\u17bd\u179f\u1787\u17bb\u179b\u17d4.<\/li>\n<\/ul>\n<h3 data-sourcepos=\"27:1-27:69\">\u1780\u17b6\u179a\u1794\u17d2\u179a\u17be\u1794\u17d2\u179a\u17b6\u179f\u17cb\u1793\u17c3\u1798\u17c9\u17bc\u1791\u17d0\u179a\u1798\u17c9\u17b6\u179f\u17ca\u17b8\u1793\u17a2\u17bc\u179f\u1787\u178e\u17d2\u178f\u17be\u179a\u1799\u1793\u17d2\u178f Sicor MK-SGS6C-320-0.5<\/h3>\n<p data-sourcepos=\"29:1-29:138\"><strong>\u1798\u17c9\u17bc\u1791\u17d0\u179a\u1798\u17c9\u17b6\u179f\u17ca\u17b8\u1793\u17a2\u17bc\u179f\u1787\u178e\u17d2\u178f\u17be\u179a\u1799\u1793\u17d2\u178f Sicor MK-SGS6C-320-0.5<\/strong> \u178f\u17d2\u179a\u17bc\u179c\u1794\u17b6\u1793\u1794\u17d2\u179a\u17be\u1794\u17d2\u179a\u17b6\u179f\u17cb\u1799\u17c9\u17b6\u1784\u1791\u17bc\u179b\u17c6\u1791\u17bc\u179b\u17b6\u1799\u1793\u17c5\u1780\u17d2\u1793\u17bb\u1784\u179f\u17c6\u178e\u1784\u17cb\u179f\u17ca\u17b8\u179c\u17b7\u179b \u1793\u17b7\u1784\u17a7\u179f\u17d2\u179f\u17b6\u17a0\u1780\u1798\u17d2\u1798\u178a\u17bc\u1785\u1787\u17b6:<\/p>\n<ul data-sourcepos=\"31:1-36:0\">\n<li data-sourcepos=\"31:1-31:20\">\u1787\u178e\u17d2\u178f\u17be\u179a\u1799\u1793\u17d2\u178f\u179f\u1798\u17d2\u179a\u17b6\u1794\u17cb\u1782\u17d2\u179a\u17bd\u179f\u17b6\u179a<\/li>\n<li data-sourcepos=\"32:1-32:21\">\u1787\u178e\u17d2\u178a\u17be\u179a\u1799\u1793\u17d2\u178f\u178a\u17b9\u1780\u17a2\u17d2\u1793\u1780\u178a\u17c6\u178e\u17be\u179a<\/li>\n<li data-sourcepos=\"33:1-33:20\">\u1787\u178e\u17d2\u178f\u17be\u179a\u1799\u1793\u17d2\u178f\u178a\u17b9\u1780\u1791\u17c6\u1793\u17b7\u1789<\/li>\n<li data-sourcepos=\"34:1-34:21\">\u1787\u178e\u17d2\u178f\u17be\u179a\u1799\u1793\u17d2\u178f\u1798\u1793\u17d2\u1791\u17b8\u179a\u1796\u17c1\u1791\u17d2\u1799<\/li>\n<li data-sourcepos=\"35:1-36:0\">\u2026<\/li>\n<\/ul>\n<h3 data-sourcepos=\"37:1-37:94\">\u17a0\u17c1\u178f\u17bb\u17a2\u17d2\u179c\u17b8\u1782\u17bd\u179a\u1787\u17d2\u179a\u17be\u179f\u179a\u17be\u179f\u1798\u17c9\u17bc\u1791\u17d0\u179a\u1798\u17c9\u17b6\u179f\u17ca\u17b8\u1793\u17a2\u17bc\u179f\u1787\u178e\u17d2\u178f\u17be\u179a\u1799\u1793\u17d2\u178f Sicor MK-SGS6C-320-0.5 \u1793\u17c5 Thang May Italy?<\/h3>\n<p data-sourcepos=\"39:1-39:163\"><strong>\u1787\u178e\u17d2\u178f\u17be\u179a\u1799\u1793\u17d2\u178f Italy<\/strong> \u1782\u17ba\u1787\u17b6\u17a2\u1784\u17d2\u1782\u1797\u17b6\u1796\u1793\u17b6\u17c6\u1785\u17bc\u179b \u1793\u17b7\u1784\u1785\u17c2\u1780\u1785\u17b6\u1799 <strong>\u1798\u17c9\u17bc\u1791\u17d0\u179a\u1798\u17c9\u17b6\u179f\u17ca\u17b8\u1793\u17a2\u17bc\u179f\u1787\u178e\u17d2\u178f\u17be\u179a\u1799\u1793\u17d2\u178f Sicor MK-SGS6C-320-0.5<\/strong> \u1796\u17b7\u178f\u1794\u17d2\u179a\u17b6\u1780\u178a\u17d4 \u1799\u17be\u1784\u1781\u17d2\u1789\u17bb\u17c6\u1794\u17d2\u178f\u17c1\u1787\u17d2\u1789\u17b6\u1793\u17b6\u17c6\u1798\u1780\u1787\u17bc\u1793\u179b\u17c4\u1780\u17a2\u17d2\u1793\u1780\u1793\u17bc\u179c:<\/p>\n<ul data-sourcepos=\"41:1-45:0\">\n<li data-sourcepos=\"41:1-41:101\"><strong>\u1795\u179b\u17b7\u178f\u1795\u179b\u1782\u17bb\u178e\u1797\u17b6\u1796\u17d6<\/strong> \u1795\u179b\u17b7\u178f\u1795\u179b\u1796\u17b7\u178f 100% \u1798\u17b6\u1793\u17af\u1780\u179f\u17b6\u179a\u1794\u1789\u17d2\u1787\u17b6\u1780\u17cb\u1796\u17b8\u1794\u17d2\u179a\u1797\u1796\u178a\u17be\u1798\u1796\u17c1\u1789\u179b\u17c1\u1789\u17d4.<\/li>\n<li data-sourcepos=\"42:1-42:95\"><strong>\u178f\u1798\u17d2\u179b\u17c3\u1794\u17d2\u179a\u1780\u17bd\u178f\u1794\u17d2\u179a\u1787\u17c2\u1784\u17d6<\/strong> \u178f\u1798\u17d2\u179b\u17c3\u179b\u17d2\u17a2\u1794\u17c6\u1795\u17bb\u178f\u1793\u17c5\u179b\u17be\u1791\u17b8\u1795\u17d2\u179f\u17b6\u179a \u1780\u17b6\u179a\u1794\u1789\u17d2\u1785\u17bb\u17c7\u178f\u1798\u17d2\u179b\u17c3\u178a\u17cf\u1782\u17bd\u179a\u17b1\u17d2\u1799\u1791\u17b6\u1780\u17cb\u1791\u17b6\u1789\u179f\u1798\u17d2\u179a\u17b6\u1794\u17cb\u1780\u17b6\u179a\u1794\u1789\u17d2\u1787\u17b6\u1791\u17b7\u1789\u1792\u17c6\u17d7\u17d4.<\/li>\n<li data-sourcepos=\"43:1-43:126\"><strong>\u179f\u17c1\u179c\u17b6\u1780\u1798\u17d2\u1798\u1794\u17d2\u179a\u1780\u1794\u178a\u17c4\u1799\u179c\u17b7\u1787\u17d2\u1787\u17b6\u1787\u17b8\u179c\u17c8:<\/strong> \u1780\u17d2\u179a\u17bb\u1798\u1794\u1785\u17d2\u1785\u17c1\u1780\u1791\u17c1\u179f\u178a\u17c2\u179b\u1798\u17b6\u1793\u1794\u1791\u1796\u17b7\u179f\u17c4\u1792\u1793\u17cd \u1785\u17c6\u1793\u17c1\u17c7\u178a\u17b9\u1784\u1787\u17d2\u179a\u17c5\u1787\u17d2\u179a\u17c7 \u1794\u17d2\u179a\u17b9\u1780\u17d2\u179f\u17b6\u1799\u17c4\u1794\u179b\u17cb\u178a\u17c4\u1799\u1799\u1780\u1785\u17b7\u178f\u17d2\u178f\u1791\u17bb\u1780\u178a\u17b6\u1780\u17cb \u1782\u17b6\u17c6\u1791\u17d2\u179a\u1780\u17b6\u179a\u178a\u17c6\u17a1\u17be\u1784 \u1793\u17b7\u1784\u1780\u17b6\u179a\u1790\u17c2\u1791\u17b6\u17c6\u1794\u17d2\u179a\u1780\u1794\u178a\u17c4\u1799\u179c\u17b7\u1787\u17d2\u1787\u17b6\u1787\u17b8\u179c\u17c8\u17d4.<\/li>\n<li data-sourcepos=\"44:1-45:0\"><strong>\u179a\u1794\u1794\u1792\u17b6\u1793\u17b6\u178a\u17c2\u179b\u1798\u17b6\u1793\u1780\u17b7\u178f\u17d2\u1799\u17b6\u1793\u17bb\u1797\u17b6\u1796:<\/strong> \u179a\u1794\u1794\u1792\u17b6\u1793\u17b6\u179a\u1799\u17c8\u1796\u17c1\u179b\u1799\u17bc\u179a\u178f\u17b6\u1798\u179f\u17d2\u178f\u1784\u17cb\u178a\u17b6\u179a\u1780\u17d2\u179a\u17bb\u1798\u17a0\u17ca\u17bb\u1793\u1795\u179b\u17b7\u178f\u17d4.<\/li>\n<\/ul>\n<h3 data-sourcepos=\"46:1-46:31\">\u1780\u17b6\u179a\u1794\u17d2\u178f\u17c1\u1787\u17d2\u1789\u17b6\u1785\u17b7\u178f\u17d2\u178f\u179a\u1794\u179f\u17cb Thang M\u00e1y Italy<\/h3>\n<p data-sourcepos=\"48:1-48:108\">\u1787\u17b6\u1798\u17bd\u1799\u1793\u17b9\u1784\u179b\u1780\u17d2\u1781\u178e\u17c8\u179c\u17b7\u1793\u17b7\u1785\u17d2\u1786\u17d0\u1799 \u201c<strong>\u179f\u17c1\u179c\u17b6\u1780\u1798\u17d2\u1798\u179f\u17bb\u179c\u178f\u17d2\u1790\u17b7\u1797\u17b6\u1796 \u2013 \u1795\u179b\u17b7\u178f\u1795\u179b\u1798\u17b6\u1793\u1782\u17bb\u178e\u1797\u17b6\u1796 \u2013 \u179f\u17c6\u178e\u1784\u17cb\u1780\u1798\u17d2\u179a\u17b7\u178f\u1781\u17d2\u1796\u179f\u17cb<\/strong>\u201c, <strong>\u1787\u178e\u17d2\u178f\u17be\u179a\u1799\u1793\u17d2\u178f Italy<\/strong> \u1794\u17d2\u178f\u17c1\u1787\u17d2\u1789\u17b6:<\/p>\n<ul data-sourcepos=\"50:1-54:0\">\n<li data-sourcepos=\"50:1-50:47\">\u1795\u17d2\u178f\u179b\u17cb\u1787\u17bc\u1793\u1795\u179b\u17b7\u178f\u1795\u179b\u179f\u17bb\u1791\u17d2\u1792 \u1782\u17bb\u178e\u1797\u17b6\u1796\u1781\u17d2\u1796\u179f\u17cb\u17d4.<\/li>\n<li data-sourcepos=\"51:1-51:42\">\u178f\u1798\u17d2\u179b\u17c3\u179f\u1798\u179a\u1798\u17d2\u1799 \u1787\u17b6\u1798\u17bd\u1799\u1793\u17b9\u1784\u1780\u17b6\u179a\u1795\u17d2\u178f\u179b\u17cb\u1787\u17bc\u1793\u178a\u17cf\u1791\u17b6\u1780\u17cb\u1791\u17b6\u1789\u1787\u17b6\u1785\u17d2\u179a\u17be\u1793\u17d4.<\/li>\n<li data-sourcepos=\"52:1-52:49\">\u179f\u17c1\u179c\u17b6\u1780\u1798\u17d2\u1798\u1794\u17d2\u179a\u17b9\u1780\u17d2\u179f\u17b6\u1799\u17c4\u1794\u179b\u17cb \u1780\u17b6\u179a\u178a\u17c6\u17a1\u17be\u1784 \u1793\u17b7\u1784\u1780\u17b6\u179a\u1790\u17c2\u1791\u17b6\u17c6\u1794\u17d2\u179a\u1780\u1794\u178a\u17c4\u1799\u179c\u17b7\u1787\u17d2\u1787\u17b6\u1787\u17b8\u179c\u17c8\u17d4.<\/li>\n<li data-sourcepos=\"53:1-54:0\">\u179a\u1794\u1794\u1792\u17b6\u1793\u17b6\u178a\u17c2\u179b\u17a2\u17b6\u1785\u1791\u17bb\u1780\u1785\u17b7\u178f\u17d2\u178f\u1794\u17b6\u1793 \u1793\u17b7\u1784\u1799\u17bc\u179a\u17a2\u1784\u17d2\u179c\u17c2\u1784\u17d4.<\/li>\n<\/ul>\n<h3><strong>\u179b\u1780\u17d2\u1781\u178e\u17c8\u1794\u1785\u17d2\u1785\u17c1\u1780\u1791\u17c1\u179f\u1786\u17d2\u179b\u17be\u1799\u178f\u1794\u1791\u17c5\u1793\u17b9\u1784\u178f\u1798\u17d2\u179a\u17bc\u179c\u1780\u17b6\u179a\u1785\u1798\u17d2\u179a\u17bb\u17c7<\/strong><\/h3>\n<p>\u1787\u17b6\u1798\u17bd\u1799\u1793\u17b9\u1784\u1791\u1798\u17d2\u1784\u1793\u17cb\u1795\u17d2\u1791\u17bb\u1780 320kg \u1793\u17b7\u1784\u179b\u17d2\u1794\u17bf\u1793 0.5m\/s\u17d4 \u1798\u17c9\u17bc\u1791\u17d0\u179a\u1798\u17c9\u17b6\u179f\u17ca\u17b8\u1793\u17a2\u17bc\u179f\u1787\u178e\u17d2\u178f\u17be\u179a\u1799\u1793\u17d2\u178f SICOR MK-SGS6C-320-0.5 \u1786\u17d2\u179b\u17be\u1799\u178f\u1794\u1793\u17b9\u1784\u178f\u1798\u17d2\u179a\u17bc\u179c\u1780\u17b6\u179a\u1785\u1798\u17d2\u179a\u17bb\u17c7\u1793\u17c3\u179f\u17c6\u178e\u1784\u17cb\u179b\u17c6\u1793\u17c5\u178a\u17d2\u178b\u17b6\u1793 \u1793\u17b7\u1784\u1796\u17b6\u178e\u17b7\u1787\u17d2\u1787\u1780\u1798\u17d2\u1798\u17d4.<\/p>\n<p>\u179f\u17bc\u1798\u17a2\u179a\u1782\u17bb\u178e\u179f\u1798\u17d2\u179a\u17b6\u1794\u17cb\u1780\u17b6\u179a\u1785\u17c6\u178e\u17b6\u1799\u1796\u17c1\u179b\u179c\u17c1\u179b\u17b6\u178a\u17cf\u1798\u17b6\u1793\u178f\u1798\u17d2\u179b\u17c3\u179a\u1794\u179f\u17cb\u17a2\u17d2\u1793\u1780\u1780\u17d2\u1793\u17bb\u1784\u1780\u17b6\u179a\u17a2\u17b6\u1793\u17a2\u178f\u17d2\u1790\u1794\u1791\u179a\u1794\u179f\u17cb\u1799\u17be\u1784\u1781\u17d2\u1789\u17bb\u17c6\u17d4.<\/p>\n<p>\u1791\u17b6\u1780\u17cb\u1791\u1784\u1798\u1780\u1799\u17be\u1784\u1781\u17d2\u1789\u17bb\u17c6\u1797\u17d2\u179b\u17b6\u1798\u17d7 \u178a\u17be\u1798\u17d2\u1794\u17b8\u1791\u1791\u17bd\u179b\u1794\u17b6\u1793\u1780\u17b6\u179a\u1794\u1780\u179f\u17d2\u179a\u17b6\u1799\u179f\u1798\u17d2\u179a\u17b6\u1794\u17cb\u179f\u17c6\u178e\u17bd\u179a\u179a\u1794\u179f\u17cb\u179b\u17c4\u1780\u17a2\u17d2\u1793\u1780\u17d4.<\/p>\n<p>\u1799\u17be\u1784\u1781\u17d2\u1789\u17bb\u17c6\u178f\u17c2\u1784\u178f\u17c2\u178f\u17d2\u179a\u17c0\u1798\u1781\u17d2\u179b\u17bd\u1793\u1787\u17b6\u179f\u17d2\u179a\u17c1\u1785\u178a\u17be\u1798\u17d2\u1794\u17b8\u179a\u17bd\u1798\u178a\u17c6\u178e\u17be\u179a\u1787\u17b6\u1798\u17bd\u1799\u17a2\u178f\u17b7\u1790\u17b7\u1787\u1793 \u1793\u17b6\u17c6\u1798\u1780\u1793\u17bc\u179c\u178a\u17c6\u178e\u17c4\u17c7\u179f\u17d2\u179a\u17b6\u1799\u1787\u178e\u17d2\u178f\u17be\u179a\u1799\u1793\u17d2\u178f\u178a\u17cf\u1794\u17d2\u179a\u179f\u17be\u179a\u1794\u17c6\u1795\u17bb\u178f!<\/p>\n<h3><strong>\u1796\u17d0\u178f\u17cc\u1798\u17b6\u1793\u1791\u17c6\u1793\u17b6\u1780\u17cb\u1791\u17c6\u1793\u1784<\/strong> \u2013 <strong>C\u00f4ng ty TNHH DVTM Nh\u1eadp kh\u1ea9u Thang m\u00e1y Italy<\/strong><\/h3>\n<p><strong>\u17a2\u17b6\u179f\u1799\u178a\u17d2\u178b\u17b6\u1793\u17d6<\/strong> 104\/17 \u0110\u01b0\u1eddng 10, P.B\u00ecnh H\u01b0ng H\u00f2a B, Q.B\u00ecnh T\u00e2n, TP.H\u1ed3 Ch\u00ed Minh.<\/p>\n<p><strong>\u1781\u17d2\u179f\u17c2\u1791\u17bc\u179a\u179f\u17d0\u1796\u17d2\u1791\u1794\u1793\u17d2\u1791\u17b6\u1793\u17cb\u17d6<\/strong> 0984.20.23.29 \u2013 0982.88.11.19<\/p>\n<p><strong>\u17a2\u17ca\u17b8\u1798\u17c2\u179b:<\/strong> thangmayitalyvn@gmail.com<\/p>\n<p data-sourcepos=\"5:1-5:209\"><strong>\u1782\u17c1\u17a0\u1791\u17c6\u1796\u17d0\u179a\u17d6<\/strong> italyelevator.com \u2013 thangmayitaly.com \u2013 thangmayy.com \u2013 elevatoritaly.com<\/p>\n<h2 data-sourcepos=\"1:1-1:83\"><img fetchpriority=\"high\" decoding=\"async\" class=\"alignnone size-medium wp-image-859\" src=\"https:\/\/thangmayitaly.com\/wp-content\/uploads\/2026\/03\/12345-SGS6C-7c-1-300x300.jpg\" alt=\"\" width=\"300\" height=\"300\" title=\"\"><\/h2>","protected":false},"excerpt":{"rendered":"\u0110\u1ed8NG C\u01a0 M\u00c1Y K\u00c9O T\u1ea2I THANG M\u00c1Y SICOR MK-SGS6C-320-0.5\n\n-T\u1ea3i tr\u1ecdng: 320 kg;\n\n-T\u1ed1c \u0111\u1ed9: 0.5m\/s;\n\n-C\u00f4ng su\u1ea5t: 4.8 kw;\n\n-\u0110\u01b0\u1eddng k\u00ednh pulley: 160 mm;\n\n-Lo\u1ea1i c\u00e1p: 5x\u00d86.5&#215;12;\n\n-T\u1ec9 s\u1ed1 truy\u1ec1n: 2:1;\n\n-T\u1ea3i tr\u1ecdng t\u0129nh \u2013 2000kg;\n\n-Tr\u1ecdng l\u01b0\u1ee3ng m\u00e1y \u2013 100kg;","protected":false},"featured_media":1713,"comment_status":"open","ping_status":"open","template":"","meta":{"_acf_changed":false},"product_brand":[],"product_cat":[97],"product_tag":[98],"class_list":{"0":"post-1711","1":"product","2":"type-product","3":"status-publish","4":"has-post-thumbnail","6":"product_cat-may-keo-thang-may","7":"product_tag-dong-co-may-keo-tai-thang-may","9":"first","10":"instock","11":"shipping-taxable","12":"purchasable","13":"product-type-simple"},"acf":[],"rankmath_keywords":{"primary":"","secondary":[""]},"yoast_keywords":{"primary":"","secondary":[]},"yoast_focuskw":"","rankmath_focuskw":"","seo_keywords":{"primary":"","secondary":[""]},"_links":{"self":[{"href":"https:\/\/thangmayitaly.com\/km\/wp-json\/wp\/v2\/product\/1711","targetHints":{"allow":["GET"]}}],"collection":[{"href":"https:\/\/thangmayitaly.com\/km\/wp-json\/wp\/v2\/product"}],"about":[{"href":"https:\/\/thangmayitaly.com\/km\/wp-json\/wp\/v2\/types\/product"}],"replies":[{"embeddable":true,"href":"https:\/\/thangmayitaly.com\/km\/wp-json\/wp\/v2\/comments?post=1711"}],"wp:featuredmedia":[{"embeddable":true,"href":"https:\/\/thangmayitaly.com\/km\/wp-json\/wp\/v2\/media\/1713"}],"wp:attachment":[{"href":"https:\/\/thangmayitaly.com\/km\/wp-json\/wp\/v2\/media?parent=1711"}],"wp:term":[{"taxonomy":"product_brand","embeddable":true,"href":"https:\/\/thangmayitaly.com\/km\/wp-json\/wp\/v2\/product_brand?post=1711"},{"taxonomy":"product_cat","embeddable":true,"href":"https:\/\/thangmayitaly.com\/km\/wp-json\/wp\/v2\/product_cat?post=1711"},{"taxonomy":"product_tag","embeddable":true,"href":"https:\/\/thangmayitaly.com\/km\/wp-json\/wp\/v2\/product_tag?post=1711"}],"curies":[{"name":"wp","href":"https:\/\/api.w.org\/{rel}","templated":true}]}}