{"id":2929,"date":"2026-04-01T03:06:20","date_gmt":"2026-04-01T03:06:20","guid":{"rendered":"https:\/\/thangmayitaly.com\/\/?post_type=product&#038;p=2929"},"modified":"2026-04-11T19:02:45","modified_gmt":"2026-04-11T12:02:45","slug":"thang-may-gia-dinh-fuji-mode-o","status":"publish","type":"product","link":"http:\/\/thangmayitaly.com\/km\/san-pham\/thang-may-gia-dinh-fuji-mode-o\/","title":{"rendered":"\u1787\u178e\u17d2\u178f\u17be\u179a\u1799\u1793\u17d2\u178f\u1782\u17d2\u179a\u17bd\u179f\u17b6\u179a FUJI \u2013 MODE O"},"content":{"rendered":"<h2 style=\"text-align: center;\" data-start=\"389\" data-end=\"466\"><strong data-start=\"389\" data-end=\"466\">\u178a\u17c6\u178e\u17c4\u17c7\u179f\u17d2\u179a\u17b6\u1799\u1780\u17b6\u179a\u1795\u17d2\u179b\u17b6\u179f\u17cb\u1791\u17b8\u178a\u17cf\u179b\u17d2\u17a2\u17a5\u178f\u1781\u17d2\u1785\u17c4\u17c7\u179f\u1798\u17d2\u179a\u17b6\u1794\u17cb\u1795\u17d2\u1791\u17c7 \u17e1 \u1787\u17b6\u1793\u17cb\u1795\u17d2\u1791\u17b6\u179b\u17cb\u178a\u17b8 \u2013 \u17e1 \u1787\u17b6\u1793\u17cb\u17a1\u17c5\u178f\u17bf \u2013 \u17e2 \u1787\u17b6\u1793\u17cb \u2013 \u17e1 \u1787\u17b6\u1793\u17cb\u178a\u17c6\u1794\u17bc\u179b<\/strong><\/h2>\n<p data-start=\"468\" data-end=\"883\">\u1780\u17d2\u1793\u17bb\u1784\u179b\u17c6\u17a0\u179a\u179f\u17cb\u1793\u17c5\u1791\u17c6\u1793\u17be\u1794 \u1787\u178e\u17d2\u178f\u17be\u179a\u1799\u1793\u17d2\u178f\u1782\u17d2\u179a\u17bd\u179f\u17b6\u179a\u1798\u17b7\u1793\u178f\u17d2\u179a\u17b9\u1798\u178f\u17c2\u1787\u17b6\u1798\u1792\u17d2\u1799\u17c4\u1794\u17b6\u1799\u1792\u17d2\u179c\u17be\u178a\u17c6\u178e\u17be\u179a\u178a\u17cf\u1798\u17b6\u1793\u1797\u17b6\u1796\u1784\u17b6\u1799\u179f\u17d2\u179a\u17bd\u179b\u1794\u17c9\u17bb\u178e\u17d2\u178e\u17c4\u17c7\u1791\u17c1 \u1794\u17c9\u17bb\u1793\u17d2\u178f\u17c2\u1790\u17c2\u1798\u1791\u17b6\u17c6\u1784\u1787\u17b6 <strong data-start=\"574\" data-end=\"598\">\u1785\u17c6\u178e\u17bb\u1785\u179b\u17c1\u1785\u1792\u17d2\u179b\u17c4\u178a\u17cf\u1794\u17d2\u179a\u178e\u17b8\u178f<\/strong> \u1794\u1784\u17d2\u17a0\u17b6\u1789\u1796\u17b8\u179f\u17d2\u1791\u17b8\u179b\u179a\u179f\u17cb\u1793\u17c5\u178a\u17cf\u179f\u17ca\u17b8\u179c\u17b7\u179b\u17d0\u1799\u179a\u1794\u179f\u17cb\u1798\u17d2\u1785\u17b6\u179f\u17cb\u1795\u17d2\u1791\u17c7\u17d4.<br data-start=\"644\" data-end=\"647\" \/><strong data-start=\"647\" data-end=\"663\">FUJI Model O<\/strong> \u2013 \u1787\u17bd\u179a\u1787\u178e\u17d2\u178f\u17be\u179a\u1799\u1793\u17d2\u178f\u1782\u17d2\u179a\u17bd\u179f\u17b6\u179a\u1780\u1798\u17d2\u179a\u17b7\u178f\u1781\u17d2\u1796\u179f\u17cb\u178a\u17c2\u179b\u17a2\u1793\u17bb\u179c\u178f\u17d2\u178f\u1794\u1785\u17d2\u1785\u17c1\u1780\u179c\u17b7\u1791\u17d2\u1799\u17b6\u1787\u1794\u17c9\u17bb\u1793 \u2013 \u178f\u17d2\u179a\u17bc\u179c\u1794\u17b6\u1793\u179a\u1785\u1793\u17b6\u17a1\u17be\u1784\u1799\u17c9\u17b6\u1784\u1796\u17b7\u179f\u17c1\u179f\u179f\u1798\u17d2\u179a\u17b6\u1794\u17cb\u179f\u17c6\u178e\u1784\u17cb <strong data-start=\"767\" data-end=\"815\">\u1785\u17d2\u179a\u17be\u1793\u1787\u17b6\u1793\u17cb\u178a\u17bc\u1785\u1787\u17b6\u1795\u17d2\u1791\u17c7 \u17e1 \u1787\u17b6\u1793\u17cb\u1795\u17d2\u1791\u17b6\u179b\u17cb\u178a\u17b8 \u17e1 \u1787\u17b6\u1793\u17cb\u17a1\u17c5\u178f\u17bf \u17e2 \u1787\u17b6\u1793\u17cb \u17e1 \u1787\u17b6\u1793\u17cb\u178a\u17c6\u1794\u17bc\u179b<\/strong>, \u1786\u17d2\u179b\u17be\u1799\u178f\u1794\u1799\u17c9\u17b6\u1784\u1796\u17c1\u1789\u179b\u17c1\u1789\u1793\u17bc\u179c\u179b\u1780\u17d2\u1781\u178e\u17c8\u179c\u17b7\u1793\u17b7\u1785\u17d2\u1786\u17d0\u1799 <strong data-start=\"843\" data-end=\"883\">\u179a\u179b\u17bc\u1793 \u179f\u17bb\u179c\u178f\u17d2\u1790\u17b7\u1797\u17b6\u1796 \u1793\u17b7\u1784\u179f\u17c4\u1797\u17d0\u178e\u1797\u17b6\u1796\u179b\u17c1\u1785\u1792\u17d2\u179b\u17c4\u17d4.<\/strong><\/p>\n<h3 data-start=\"1382\" data-end=\"1421\"><strong data-start=\"1389\" data-end=\"1421\">1. \u1780\u17b6\u179a\u179a\u1785\u1793\u17b6 \u1793\u17b7\u1784\u1795\u17d2\u1793\u17c2\u1780\u1781\u17b6\u1784\u1780\u17d2\u1793\u17bb\u1784\u1780\u17b6\u1794\u17ca\u17b8\u1793<\/strong><\/h3>\n<p data-start=\"1422\" data-end=\"1530\">\u1787\u178e\u17d2\u178f\u17be\u179a\u1799\u1793\u17d2\u178f FUJI Model O \u1793\u17b6\u17c6\u1798\u1780\u1793\u17bc\u179c\u179f\u17d2\u1791\u17b8\u179b <strong data-start=\"1461\" data-end=\"1494\">\u179f\u17b6\u1798\u1789\u17d2\u1789 \u2013 \u1791\u17c6\u1793\u17be\u1794 \u2013 \u179f\u17ca\u17b8\u179c\u17b7\u179b\u17d0\u1799<\/strong>, \u179f\u1798\u179f\u17d2\u179a\u1794\u1793\u17b9\u1784\u1782\u17d2\u179a\u1794\u17cb\u179b\u17c6\u17a0\u179a\u1785\u1793\u17b6\u1795\u17d2\u1791\u17c3\u1780\u17d2\u1793\u17bb\u1784\u17d6<\/p>\n<ul data-start=\"1531\" data-end=\"2014\">\n<li data-start=\"1531\" data-end=\"1609\">\n<p data-start=\"1533\" data-end=\"1609\"><strong data-start=\"1533\" data-end=\"1548\">\u1787\u1789\u17d2\u1787\u17b6\u17c6\u1784\u1780\u17b6\u1794\u17ca\u17b8\u1793:<\/strong> Inox \u1780\u1789\u17d2\u1785\u1780\u17cb\u1786\u17d2\u1793\u17bc\u178f\u179b\u17d2\u17a2\u17b7\u178f \u179a\u17bd\u1798\u1794\u1789\u17d2\u1785\u17bc\u179b\u1782\u17d2\u1793\u17b6\u1787\u17b6\u1798\u17bd\u1799\u1780\u1789\u17d2\u1785\u1780\u17cb \u17ac\u1788\u17be veneer \u1780\u1798\u17d2\u179a\u17b7\u178f\u1781\u17d2\u1796\u179f\u17cb\u17d4.<\/p>\n<\/li>\n<li data-start=\"1610\" data-end=\"1716\">\n<p data-start=\"1612\" data-end=\"1716\"><strong data-start=\"1612\" data-end=\"1627\">\u1796\u17b7\u178a\u17b6\u1793\u1780\u17b6\u1794\u17ca\u17b8\u1793:<\/strong> \u17a2\u17c6\u1796\u17bc\u179b LED \u1796\u17b7\u178a\u17b6\u1793 \u1796\u1793\u17d2\u179b\u17ba\u1796\u178e\u17cc\u1798\u17b6\u179f\u178a\u17cf\u1794\u17d2\u179a\u178e\u17b8\u178f \u1785\u17b6\u17c6\u1784\u1786\u17d2\u179b\u17bb\u17c7\u1799\u17c9\u17b6\u1784\u179f\u17d2\u179a\u179f\u17cb\u179f\u17d2\u17a2\u17b6\u178f\u178f\u17b6\u1798\u179a\u1799\u17c8\u179f\u17d2\u179a\u1791\u17b6\u1794\u17cb inox \u1780\u1789\u17d2\u1785\u1780\u17cb\u17d4.<\/p>\n<\/li>\n<li data-start=\"1717\" data-end=\"1811\">\n<p data-start=\"1719\" data-end=\"1811\"><strong data-start=\"1719\" data-end=\"1733\">\u17a5\u178a\u17d2\u178b\u1780\u17b6\u1794\u17ca\u17b8\u1793:<\/strong> \u1790\u17d2\u1798 Granite \u1792\u1798\u17d2\u1798\u1787\u17b6\u178f\u17b7\u1794\u17d2\u179a\u1786\u17b6\u17c6\u1784\u1780\u17b6\u179a\u179a\u17a2\u17b7\u179b \u1796\u178e\u17cc\u1798\u1792\u17d2\u1799\u1798 \u179f\u17bb\u1781\u178a\u17bb\u1798\u1787\u17b6\u1798\u17bd\u1799\u179f\u17b6\u179b\u1787\u17b6\u1793\u17cb\u17d4.<\/p>\n<\/li>\n<li data-start=\"1812\" data-end=\"1919\">\n<p data-start=\"1814\" data-end=\"1919\"><strong data-start=\"1814\" data-end=\"1834\">\u1795\u17d2\u1791\u17b6\u17c6\u1784\u1794\u1789\u17d2\u1787\u17b6:<\/strong> \u1780\u17b6\u179a\u1794\u1789\u17d2\u1787\u17b6\u178a\u17c4\u1799\u1794\u17c9\u17c7\u1791\u17c6\u1793\u17be\u1794 \u1794\u1784\u17d2\u17a0\u17b6\u1789\u1787\u17b6\u1793\u17cb\u178a\u17c4\u1799 LED \u1798\u17b6\u1793\u179f\u17c6\u17a1\u17c1\u1784 \u1793\u17b7\u1784\u179f\u1789\u17d2\u1789\u17b6\u1794\u1784\u17d2\u17a0\u17b6\u1789\u1791\u17b7\u179f\u178a\u17c5\u1795\u17d2\u179b\u17b6\u179f\u17cb\u1791\u17b8\u17d4.<\/p>\n<\/li>\n<li data-start=\"1920\" data-end=\"2014\">\n<p data-start=\"1922\" data-end=\"2014\"><strong data-start=\"1922\" data-end=\"1935\">\u1791\u17d2\u179c\u17b6\u179a\u1787\u17b6\u1793\u17cb:<\/strong> Inox 304 \u179a\u179b\u17c4\u1784\u179f\u17d2\u179a\u17a2\u17b6\u1794\u17cb \u179f\u17ca\u17b8\u1785\u1784\u17d2\u179c\u17b6\u1780\u17cb\u1787\u17b6\u1798\u17bd\u1799\u1780\u17b6\u179a\u179a\u1785\u1793\u17b6\u1780\u17b6\u1794\u17ca\u17b8\u1793 \u179f\u17ca\u17b8\u179c\u17b7\u179b\u17d0\u1799 \u1793\u17b7\u1784\u1787\u17b6\u1794\u17cb\u1794\u17b6\u1793\u1799\u17bc\u179a\u178f\u17b6\u1798\u1796\u17c1\u179b\u179c\u17c1\u179b\u17b6\u17d4.<\/p>\n<\/li>\n<\/ul>\n<p data-start=\"2016\" data-end=\"2167\">\u1787\u178e\u17d2\u178f\u17be\u179a\u1799\u1793\u17d2\u178f\u17a2\u17b6\u1785\u179a\u17c0\u1794\u1785\u17c6\u1794\u17b6\u1793 <strong data-start=\"2040\" data-end=\"2093\">\u1780\u17d2\u1793\u17bb\u1784\u1785\u1793\u17d2\u179b\u17c4\u17c7\u1780\u1789\u17d2\u1785\u1780\u17cb\u1780\u178e\u17d2\u178f\u17b6\u179b\u1795\u17d2\u1791\u17c7 \u17ac\u1793\u17c5\u1785\u17c6\u17a0\u17c0\u1784\u1787\u178e\u17d2\u178f\u17be\u179a\u1787\u17be\u1784<\/strong>, \u1791\u17b6\u17c6\u1784\u179f\u1793\u17d2\u179f\u17c6\u179f\u17c6\u1785\u17c3\u1795\u17d2\u1791\u17c3\u1780\u17d2\u179a\u17a1\u17b6 \u1793\u17b7\u1784\u1792\u17d2\u179c\u17be\u17b1\u17d2\u1799\u179b\u17c1\u1785\u1792\u17d2\u179b\u17c4\u179f\u17d2\u1790\u17b6\u1794\u178f\u17d2\u1799\u1780\u1798\u17d2\u1798\u179a\u17bd\u1798\u1793\u17c3\u1795\u17d2\u1791\u17c7\u17d4.<\/p>\n<h3 data-start=\"2174\" data-end=\"2208\"><strong data-start=\"2181\" data-end=\"2208\">2. \u1794\u1785\u17d2\u1785\u17c1\u1780\u179c\u17b7\u1791\u17d2\u1799\u17b6 \u1793\u17b7\u1784\u1780\u17b6\u179a\u1794\u17d2\u179a\u178f\u17b7\u1794\u178f\u17d2\u178f\u17b7<\/strong><\/h3>\n<ul data-start=\"2209\" data-end=\"2709\">\n<li data-start=\"2209\" data-end=\"2339\">\n<p data-start=\"2211\" data-end=\"2339\"><strong data-start=\"2211\" data-end=\"2259\">\u1794\u17d2\u179a\u1796\u17d0\u1793\u17d2\u1792\u1782\u17d2\u179a\u1794\u17cb\u1782\u17d2\u179a\u1784 VVVF Inverter (\u1787\u1794\u17c9\u17bb\u1793)<\/strong> \u2013 \u1787\u17bd\u1799\u17b1\u17d2\u1799\u1780\u17b6\u179a\u1794\u17d2\u179a\u178f\u17b7\u1794\u178f\u17d2\u178f\u17b7\u179a\u179b\u17bc\u1793 \u179f\u1793\u17d2\u179f\u17c6\u179f\u17c6\u1785\u17c3\u17a2\u1782\u17d2\u1782\u17b7\u179f\u1793\u17b8 \u1785\u17b6\u1794\u17cb\u1795\u17d2\u178f\u17be\u1798 \u1793\u17b7\u1784\u1794\u1789\u17d2\u1788\u1794\u17cb\u1793\u17c5\u1787\u17b6\u1793\u17cb\u178a\u17c4\u1799\u1797\u17b6\u1796\u1791\u1793\u17cb\u1797\u17d2\u179b\u1793\u17cb\u17d4.<\/p>\n<\/li>\n<li data-start=\"2340\" data-end=\"2440\">\n<p data-start=\"2342\" data-end=\"2440\"><strong data-start=\"2342\" data-end=\"2374\">\u179f\u17c1\u1793\u179f\u17d0\u179a\u1791\u17d2\u179c\u17b6\u179a\u17a2\u17bb\u1794\u1791\u17b7\u1780\u1796\u17c1\u1789\u179b\u17c1\u1789<\/strong>\u17d6 \u1794\u1789\u17d2\u1788\u1794\u17cb\u178a\u17c4\u1799\u179f\u17d2\u179c\u17d0\u1799\u1794\u17d2\u179a\u179c\u178f\u17d2\u178f\u17b7\u1793\u17c5\u1796\u17c1\u179b\u179a\u1780\u1783\u17be\u1789\u17a7\u1794\u179f\u1782\u17d2\u1782 \u1792\u17b6\u1793\u17b6\u179f\u17bb\u179c\u178f\u17d2\u1790\u17b7\u1797\u17b6\u1796\u178a\u17b6\u1785\u17cb\u1781\u17b6\u178f\u17d4.<\/p>\n<\/li>\n<li data-start=\"2441\" data-end=\"2547\">\n<p data-start=\"2443\" data-end=\"2547\"><strong data-start=\"2443\" data-end=\"2471\">\u17a7\u1794\u1780\u179a\u178e\u17cd\u179f\u1784\u17d2\u1782\u17d2\u179a\u17c4\u17c7\u1794\u1793\u17d2\u1791\u17b6\u1793\u17cb\u178a\u17c4\u1799\u179f\u17d2\u179c\u17d0\u1799\u1794\u17d2\u179a\u179c\u178f\u17d2\u178f\u17b7 (ARD)\u17d6<\/strong> \u1793\u17c5\u1796\u17c1\u179b\u178a\u17b6\u1785\u17cb\u1797\u17d2\u179b\u17be\u1784 \u1787\u178e\u17d2\u178f\u17be\u179a\u1799\u1793\u17d2\u178f\u1793\u17b9\u1784\u1795\u17d2\u179b\u17b6\u179f\u17cb\u1791\u17b8\u1791\u17c5\u1787\u17b6\u1793\u17cb\u178a\u17c2\u179b\u1793\u17c5\u1787\u17b7\u178f\u1794\u17c6\u1795\u17bb\u178f\u178a\u17c4\u1799\u179f\u17d2\u179c\u17d0\u1799\u1794\u17d2\u179a\u179c\u178f\u17d2\u178f\u17b7 \u1793\u17b7\u1784\u1794\u17be\u1780\u1791\u17d2\u179c\u17b6\u179a\u178a\u17c4\u1799\u179f\u17bb\u179c\u178f\u17d2\u1790\u17b7\u1797\u17b6\u1796\u17d4.<\/p>\n<\/li>\n<li data-start=\"2548\" data-end=\"2638\">\n<p data-start=\"2550\" data-end=\"2638\"><strong data-start=\"2550\" data-end=\"2590\">\u17a0\u17d2\u179c\u17d2\u179a\u17b6\u17c6\u1784\u179f\u17bb\u179c\u178f\u17d2\u1790\u17b7\u1797\u17b6\u1796\u1791\u17d2\u179c\u17c1 \u1793\u17b7\u1784\u179f\u17c1\u1793\u179f\u17d0\u179a\u179b\u17d2\u1794\u17bf\u1793\u17d6<\/strong> \u1787\u17bd\u1799\u17b1\u17d2\u1799\u1780\u17b6\u1794\u17ca\u17b8\u1793\u1798\u17b6\u1793\u179f\u17d2\u1790\u17c1\u179a\u1797\u17b6\u1796\u1787\u17b6\u1793\u17b7\u1785\u17d2\u1785\u1780\u17d2\u1793\u17bb\u1784\u1782\u17d2\u179a\u1794\u17cb\u179f\u17d2\u1790\u17b6\u1793\u1797\u17b6\u1796\u17d4.<\/p>\n<\/li>\n<li data-start=\"2639\" data-end=\"2709\">\n<p data-start=\"2641\" data-end=\"2709\"><strong data-start=\"2641\" data-end=\"2663\">\u1780\u1798\u17d2\u179a\u17b7\u178f\u179f\u17c6\u17a1\u17c1\u1784\u179a\u17c6\u1781\u17b6\u1793\u1791\u17b6\u1794\u1794\u17c6\u1795\u17bb\u178f<\/strong>, \u179f\u1798\u179f\u17d2\u179a\u1794\u179f\u1798\u17d2\u179a\u17b6\u1794\u17cb\u179b\u17c6\u17a0\u179a\u179f\u17cb\u1793\u17c5\u179a\u1794\u179f\u17cb\u1782\u17d2\u179a\u17bd\u179f\u17b6\u179a\u17d4.<\/p>\n<\/li>\n<\/ul>\n<h3 data-start=\"2716\" data-end=\"2749\"><strong data-start=\"2724\" data-end=\"2749\">3. \u179f\u17bb\u179c\u178f\u17d2\u1790\u17b7\u1797\u17b6\u1796 \u1793\u17b7\u1784\u1780\u17b6\u179a\u1792\u17b6\u1793\u17b6<\/strong><\/h3>\n<ul data-start=\"2750\" data-end=\"3028\">\n<li data-start=\"2750\" data-end=\"2800\">\n<p data-start=\"2752\" data-end=\"2800\">\u178f\u17d2\u179a\u17bd\u178f\u1796\u17b7\u1793\u17b7\u178f\u17d2\u1799\u1794\u1785\u17d2\u1785\u17c1\u1780\u1791\u17c1\u179f\u179f\u17bb\u179c\u178f\u17d2\u1790\u17b7\u1797\u17b6\u1796\u1798\u17bb\u1793\u1796\u17c1\u179b\u1794\u17d2\u179a\u1782\u179b\u17cb\u1787\u17bc\u1793\u17d4.<\/p>\n<\/li>\n<li data-start=\"2801\" data-end=\"2880\">\n<p data-start=\"2803\" data-end=\"2880\">\u1794\u17d2\u179a\u1796\u17d0\u1793\u17d2\u1792\u17a2\u1782\u17d2\u1782\u17b7\u179f\u1793\u17b8 \u2013 \u1798\u17c1\u1780\u17b6\u1793\u17b7\u1785 \u2013 \u1780\u17b6\u179a\u1782\u17d2\u179a\u1794\u17cb\u1782\u17d2\u179a\u1784\u179f\u17ca\u17b8\u1785\u1784\u17d2\u179c\u17b6\u1780\u17cb\u1782\u17d2\u1793\u17b6\u178f\u17b6\u1798\u179f\u17d2\u178f\u1784\u17cb\u178a\u17b6\u179a <strong data-start=\"2859\" data-end=\"2877\">EN81 (\u17a2\u17ba\u179a\u17c9\u17bb\u1794)<\/strong>.<\/p>\n<\/li>\n<li data-start=\"2881\" data-end=\"2979\">\n<p data-start=\"2883\" data-end=\"2979\"><strong data-start=\"2883\" data-end=\"2904\">\u1792\u17b6\u1793\u17b6 \u17e2\u17e4 \u1781\u17c2<\/strong>, <strong data-start=\"2906\" data-end=\"2936\">\u1790\u17c2\u1791\u17b6\u17c6\u178f\u17b6\u1798\u1780\u17b6\u179b\u1780\u17c6\u178e\u178f\u17cb\u179a\u17c0\u1784\u179a\u17b6\u179b\u17cb\u1781\u17c2<\/strong> \u178a\u17c4\u1799\u1780\u17d2\u179a\u17bb\u1798\u1794\u1785\u17d2\u1785\u17c1\u1780\u1791\u17c1\u179f FUJI \u17a2\u17b6\u1787\u17b8\u1796\u17d4.<\/p>\n<\/li>\n<li data-start=\"2980\" data-end=\"3028\">\n<p data-start=\"2982\" data-end=\"3028\">\u179f\u17c1\u179c\u17b6\u1780\u1798\u17d2\u1798\u1780\u17d2\u179a\u17c4\u1799\u1780\u17b6\u179a\u179b\u1780\u17cb\u1799\u17c9\u17b6\u1784\u1799\u1780\u1785\u17b7\u178f\u17d2\u178f\u1791\u17bb\u1780\u178a\u17b6\u1780\u17cb \u1782\u17b6\u17c6\u1791\u17d2\u179a\u1794\u1785\u17d2\u1785\u17c1\u1780\u1791\u17c1\u179f \u17e2\u17e4\/\u17e7\u17d4.<\/p>\n<\/li>\n<\/ul>\n<h3 data-start=\"3035\" data-end=\"3066\"><strong data-start=\"3042\" data-end=\"3066\">4. \u178f\u1798\u17d2\u179b\u17c3 \u1793\u17b7\u1784\u179f\u17c4\u1797\u17d0\u178e\u1797\u17b6\u1796<\/strong><\/h3>\n<p data-start=\"3067\" data-end=\"3166\">\u1787\u178e\u17d2\u178f\u17be\u179a\u1799\u1793\u17d2\u178f FUJI Model O \u1798\u17b7\u1793\u178f\u17d2\u179a\u17b9\u1798\u178f\u17c2\u1787\u17bd\u1799\u17b1\u17d2\u1799 <strong data-start=\"3105\" data-end=\"3142\">\u1780\u17b6\u179a\u1795\u17d2\u179b\u17b6\u179f\u17cb\u1791\u17b8\u179a\u17a0\u17d0\u179f \u1793\u17b7\u1784\u1784\u17b6\u1799\u179f\u17d2\u179a\u17bd\u179b<\/strong> \u179a\u179c\u17b6\u1784\u1787\u17b6\u1793\u17cb\u1793\u17b6\u1793\u17b6\u1794\u17c9\u17bb\u178e\u17d2\u178e\u17c4\u17c7\u1791\u17c1 \u1794\u17c9\u17bb\u1793\u17d2\u178f\u17c2\u1790\u17c2\u1798\u1791\u17b6\u17c6\u1784\u17d6<\/p>\n<ul data-start=\"3167\" data-end=\"3392\">\n<li data-start=\"3167\" data-end=\"3227\">\n<p data-start=\"3169\" data-end=\"3227\">\u1794\u1784\u17d2\u1780\u17be\u1793\u179b\u1780\u17d2\u1781\u178e\u17c8 <strong data-start=\"3179\" data-end=\"3211\">\u179f\u17c4\u1797\u17d0\u178e\u1797\u17b6\u1796 \u1793\u17b7\u1784\u178f\u1798\u17d2\u179b\u17c3\u179f\u17d2\u1790\u17b6\u1794\u178f\u17d2\u1799\u1780\u1798\u17d2\u1798<\/strong> \u179f\u1798\u17d2\u179a\u17b6\u1794\u17cb\u1782\u17c1\u17a0\u178a\u17d2\u178b\u17b6\u1793\u17d4.<\/p>\n<\/li>\n<li data-start=\"3228\" data-end=\"3310\">\n<p data-start=\"3230\" data-end=\"3310\">\u1787\u17b6 <strong data-start=\"3233\" data-end=\"3267\">\u178a\u17c6\u178e\u17c4\u17c7\u179f\u17d2\u179a\u17b6\u1799\u179f\u17bb\u179c\u178f\u17d2\u1790\u17b7\u1797\u17b6\u1796 \u1793\u17b7\u1784\u1797\u17b6\u1796\u1784\u17b6\u1799\u179f\u17d2\u179a\u17bd\u179b<\/strong> \u179f\u1798\u17d2\u179a\u17b6\u1794\u17cb\u1782\u17d2\u179a\u17bd\u179f\u17b6\u179a\u178a\u17c2\u179b\u1798\u17b6\u1793\u1798\u1793\u17bb\u179f\u17d2\u179f\u1785\u17b6\u179f\u17cb \u1793\u17b7\u1784\u1780\u17bb\u1798\u17b6\u179a\u17d4.<\/p>\n<\/li>\n<li data-start=\"3311\" data-end=\"3392\">\n<p data-start=\"3313\" data-end=\"3392\">\u1793\u17b6\u17c6\u1798\u1780\u1793\u17bc\u179c\u17a2\u17b6\u179a\u1798\u17d2\u1798\u178e\u17cd <strong data-start=\"3331\" data-end=\"3366\">\u179b\u17c6\u178a\u17b6\u1794\u17cb\u1781\u17d2\u1796\u179f\u17cb \u1794\u17d2\u179a\u178e\u17b8\u178f \u1793\u17b7\u1784\u179f\u17ca\u17b8\u179c\u17b7\u179b\u17d0\u1799<\/strong> trong t\u1eebng chuy\u1ec3n \u0111\u1ed9ng.<\/p>\n<\/li>\n<\/ul>\n<h3 data-start=\"3399\" data-end=\"3458\"><strong data-start=\"3406\" data-end=\"3456\">FUJI MODEL O \u2013 \u179b\u17d2\u17a2\u17a5\u178f\u1781\u17d2\u1785\u17c4\u17c7\u1780\u17d2\u1793\u17bb\u1784\u1782\u17d2\u179a\u1794\u17cb\u1785\u179b\u1793\u17b6<\/strong><\/h3>\n<p data-start=\"3459\" data-end=\"3580\"><strong data-start=\"3459\" data-end=\"3521\">\u1794\u1785\u17d2\u1785\u17c1\u1780\u179c\u17b7\u1791\u17d2\u1799\u17b6\u1787\u1794\u17c9\u17bb\u1793 \u2013 \u1780\u17b6\u179a\u179a\u1785\u1793\u17b6\u179f\u17ca\u17b8\u179c\u17b7\u179b\u17d0\u1799 \u2013 \u179f\u17bb\u179c\u178f\u17d2\u1790\u17b7\u1797\u17b6\u1796\u178a\u17b6\u1785\u17cb\u1781\u17b6\u178f\u17d4.<\/strong><br data-start=\"3521\" data-end=\"3524\" \/>\u1793\u17b6\u17c6\u1798\u1780\u1793\u17bc\u179c\u179f\u17d2\u1791\u17b8\u179b\u179a\u179f\u17cb\u1793\u17c5\u1791\u17c6\u1793\u17be\u1794\u178a\u179b\u17cb\u1782\u17d2\u179a\u1794\u17cb\u1782\u17c1\u17a0\u178a\u17d2\u178b\u17b6\u1793\u179c\u17c0\u178f\u178e\u17b6\u1798<\/p>","protected":false},"excerpt":{"rendered":"<ul>\r\n \t<li><strong>Lo\u1ea1i thang<\/strong>: Thang m\u00e1y gia \u0111\u00ecnh FUJI \u2013 Model O<\/li>\r\n \t<li><strong>C\u1ea5u tr\u00fac c\u00f4ng tr\u00ecnh:<\/strong> 1 tr\u1ec7t \u2013 1 l\u1eedng \u2013 2 l\u1ea7u \u2013 1 tum (t\u1ed5ng 5 \u0111i\u1ec3m d\u1eebng)<\/li>\r\n \t<li><strong>\u1795\u17d2\u1791\u17bb\u1780<\/strong>: 600 kg (ph\u1ee5c v\u1ee5 5\u20136 ng\u01b0\u1eddi)<\/li>\r\n \t<li><strong>\u179b\u17d2\u1794\u17bf\u1793\u1795\u17d2\u179b\u17b6\u179f\u17cb\u1791\u17b8\u17d6<\/strong> 60 m\u00e9t\/ph\u00fat<\/li>\r\n \t<li><strong>H\u1ed1 thang:<\/strong> 1500mm (r\u1ed9ng) x 1500mm (s\u00e2u) (tu\u1ef3 ch\u1ec9nh theo th\u1ef1c t\u1ebf c\u00f4ng tr\u00ecnh)<\/li>\r\n \t<li><strong>C\u1eeda m\u1edf:<\/strong> T\u1ef1 \u0111\u1ed9ng 2 c\u00e1nh, v\u1eadt li\u1ec7u Inox 304 s\u1ecdc nhuy\u1ec5n ho\u1eb7c g\u01b0\u01a1ng s\u00e1ng<\/li>\r\n \t<li><strong>Lo\u1ea1i l\u1eafp \u0111\u1eb7t:<\/strong> Kh\u00f4ng ph\u00f2ng m\u00e1y (MRL), ti\u1ebft ki\u1ec7m chi\u1ec1u cao t\u1ea7ng tum<\/li>\r\n<\/ul>","protected":false},"featured_media":4224,"comment_status":"open","ping_status":"closed","template":"","meta":{"_acf_changed":false},"product_brand":[],"product_cat":[199],"product_tag":[],"class_list":{"0":"post-2929","1":"product","2":"type-product","3":"status-publish","4":"has-post-thumbnail","6":"product_cat-thang-may-gia-dinh","8":"first","9":"instock","10":"shipping-taxable","11":"product-type-simple"},"acf":[],"_links":{"self":[{"href":"http:\/\/thangmayitaly.com\/km\/wp-json\/wp\/v2\/product\/2929","targetHints":{"allow":["GET"]}}],"collection":[{"href":"http:\/\/thangmayitaly.com\/km\/wp-json\/wp\/v2\/product"}],"about":[{"href":"http:\/\/thangmayitaly.com\/km\/wp-json\/wp\/v2\/types\/product"}],"replies":[{"embeddable":true,"href":"http:\/\/thangmayitaly.com\/km\/wp-json\/wp\/v2\/comments?post=2929"}],"wp:featuredmedia":[{"embeddable":true,"href":"http:\/\/thangmayitaly.com\/km\/wp-json\/wp\/v2\/media\/4224"}],"wp:attachment":[{"href":"http:\/\/thangmayitaly.com\/km\/wp-json\/wp\/v2\/media?parent=2929"}],"wp:term":[{"taxonomy":"product_brand","embeddable":true,"href":"http:\/\/thangmayitaly.com\/km\/wp-json\/wp\/v2\/product_brand?post=2929"},{"taxonomy":"product_cat","embeddable":true,"href":"http:\/\/thangmayitaly.com\/km\/wp-json\/wp\/v2\/product_cat?post=2929"},{"taxonomy":"product_tag","embeddable":true,"href":"http:\/\/thangmayitaly.com\/km\/wp-json\/wp\/v2\/product_tag?post=2929"}],"curies":[{"name":"wp","href":"https:\/\/api.w.org\/{rel}","templated":true}]}}